{"id":503603,"date":"2023-07-14T06:33:19","date_gmt":"2023-07-14T03:33:19","guid":{"rendered":"http:\/\/devrri.freshlemon.ro\/%d8%a7%d9%84%d8%a7%d8%aa%d8%b5%d8%a7%d9%84"},"modified":"2024-04-01T11:56:04","modified_gmt":"2024-04-01T08:56:04","slug":"%d8%a7%d9%84%d8%a7%d8%aa%d8%b5%d8%a7%d9%84","status":"publish","type":"page","link":"https:\/\/www.rri.ro\/ar\/%d8%a7%d9%84%d8%a7%d8%aa%d8%b5%d8%a7%d9%84","title":{"rendered":"\u062a\u0648\u0627\u0635\u0644 \u0645\u0639\u0646\u0627"},"content":{"rendered":"\r\n<p style=\"text-align: right;\">.\u062a\u0635\u0644 \u0628\u0646\u0627:<\/p>\r\n\r\n\r\n\r\n<h2 class=\"wp-block-heading\" style=\"text-align: right;\">\u0625\u0630\u0627\u0639\u0629 \u0635\u0648\u062a \u0631\u0648\u0645\u0627\u0646\u064a\u0627 \u0627\u0644\u0639\u0627\u0644\u0645\u064a<\/h2>\r\n\r\n\r\n\r\n<p style=\"text-align: right;\"><strong>\u00a0\u0634\u0627\u0631\u0639 \u0627\u0644\u062c\u0646\u0631\u0627\u0644 \u0628\u064a\u0631\u062a\u064a\u0644\u0648 60-64\u060c \u0642\u0637\u0627\u0639 1\u060c<\/strong><\/p>\r\n<p style=\"text-align: right;\"><strong> \u0628\u0648\u062e\u0627\u0631\u0633\u062a\u060c \u0631\u0648\u0645\u0627\u0646\u064a\u0627 <\/strong><\/p>\r\n<p style=\"text-align: right;\"><strong>\u00a0\u0627\u0644\u0631\u0645\u0632 \u0627\u0644\u0628\u0631\u064a\u062f\u064a 010165<\/strong><strong>\u00a0<\/strong><\/p>\r\n<p style=\"text-align: right;\">\u00a0<a href=\"mailto:rri@rri.ro\" target=\"_blank\" rel=\"noreferrer noopener\">rri@rri.ro<\/a>:\u0627\u0644\u0628\u0631\u064a\u062f \u0627\u0644\u0625\u0644\u0643\u062a\u0631\u0648\u0646\u064a:<\/p>\r\n","protected":false},"excerpt":{"rendered":"<p>.\u062a\u0635\u0644 \u0628\u0646\u0627: \u0625\u0630\u0627\u0639\u0629 \u0635\u0648\u062a \u0631\u0648\u0645\u0627\u0646\u064a\u0627 \u0627\u0644\u0639\u0627\u0644\u0645\u064a \u00a0\u0634\u0627\u0631\u0639 \u0627\u0644\u062c\u0646\u0631\u0627\u0644 \u0628\u064a\u0631\u062a\u064a\u0644\u0648 60-64\u060c \u0642\u0637\u0627\u0639 1\u060c \u0628\u0648\u062e\u0627\u0631\u0633\u062a\u060c \u0631\u0648\u0645\u0627\u0646\u064a\u0627 \u00a0\u0627\u0644\u0631\u0645\u0632 \u0627\u0644\u0628\u0631\u064a\u062f\u064a 010165\u00a0 \u00a0rri@rri.ro:\u0627\u0644\u0628\u0631\u064a\u062f \u0627\u0644\u0625\u0644\u0643\u062a\u0631\u0648\u0646\u064a:<\/p>\n","protected":false},"author":1,"featured_media":0,"parent":0,"menu_order":0,"comment_status":"closed","ping_status":"closed","template":"","meta":{"_acf_changed":false,"footnotes":""},"coauthors":[113312],"class_list":["post-503603","page","type-page","status-publish","hentry"],"acf":[],"yoast_head":"<!-- This site is optimized with the Yoast SEO plugin v27.3 - https:\/\/yoast.com\/product\/yoast-seo-wordpress\/ -->\n<title>\u062a\u0648\u0627\u0635\u0644 \u0645\u0639\u0646\u0627 - \u0635\u0648\u062a \u0631\u0648\u0645\u0627\u0646\u064a\u0627 \u0627\u0644\u0639\u0627\u0644\u0645\u064a<\/title>\n<meta name=\"robots\" content=\"index, follow, max-snippet:-1, max-image-preview:large, max-video-preview:-1\" \/>\n<link rel=\"canonical\" href=\"https:\/\/www.rri.ro\/ar\/\u0627\u0644\u0627\u062a\u0635\u0627\u0644\" \/>\n<meta property=\"og:locale\" content=\"ar_AR\" \/>\n<meta property=\"og:type\" content=\"article\" \/>\n<meta property=\"og:title\" content=\"\u062a\u0648\u0627\u0635\u0644 \u0645\u0639\u0646\u0627 - \u0635\u0648\u062a \u0631\u0648\u0645\u0627\u0646\u064a\u0627 \u0627\u0644\u0639\u0627\u0644\u0645\u064a\" \/>\n<meta property=\"og:description\" content=\".\u062a\u0635\u0644 \u0628\u0646\u0627: \u0625\u0630\u0627\u0639\u0629 \u0635\u0648\u062a \u0631\u0648\u0645\u0627\u0646\u064a\u0627 \u0627\u0644\u0639\u0627\u0644\u0645\u064a \u00a0\u0634\u0627\u0631\u0639 \u0627\u0644\u062c\u0646\u0631\u0627\u0644 \u0628\u064a\u0631\u062a\u064a\u0644\u0648 60-64\u060c \u0642\u0637\u0627\u0639 1\u060c \u0628\u0648\u062e\u0627\u0631\u0633\u062a\u060c \u0631\u0648\u0645\u0627\u0646\u064a\u0627 \u00a0\u0627\u0644\u0631\u0645\u0632 \u0627\u0644\u0628\u0631\u064a\u062f\u064a 010165\u00a0 \u00a0rri@rri.ro:\u0627\u0644\u0628\u0631\u064a\u062f \u0627\u0644\u0625\u0644\u0643\u062a\u0631\u0648\u0646\u064a:\" \/>\n<meta property=\"og:url\" content=\"https:\/\/www.rri.ro\/ar\/\u0627\u0644\u0627\u062a\u0635\u0627\u0644\" \/>\n<meta property=\"og:site_name\" content=\"\u0635\u0648\u062a \u0631\u0648\u0645\u0627\u0646\u064a\u0627 \u0627\u0644\u0639\u0627\u0644\u0645\u064a\" \/>\n<meta property=\"article:modified_time\" content=\"2024-04-01T08:56:04+00:00\" \/>\n<meta name=\"twitter:card\" content=\"summary_large_image\" \/>\n<meta name=\"twitter:label1\" content=\"Written by\" \/>\n\t<meta name=\"twitter:data1\" content=\"admin\" \/>\n<script type=\"application\/ld+json\" class=\"yoast-schema-graph\">{\"@context\":\"https:\\\/\\\/schema.org\",\"@graph\":[{\"@type\":\"WebPage\",\"@id\":\"https:\\\/\\\/www.rri.ro\\\/ar\\\/%d8%a7%d9%84%d8%a7%d8%aa%d8%b5%d8%a7%d9%84\",\"url\":\"https:\\\/\\\/www.rri.ro\\\/ar\\\/%d8%a7%d9%84%d8%a7%d8%aa%d8%b5%d8%a7%d9%84\",\"name\":\"\u062a\u0648\u0627\u0635\u0644 \u0645\u0639\u0646\u0627 - \u0635\u0648\u062a \u0631\u0648\u0645\u0627\u0646\u064a\u0627 \u0627\u0644\u0639\u0627\u0644\u0645\u064a\",\"isPartOf\":{\"@id\":\"https:\\\/\\\/www.rri.ro\\\/#website\"},\"datePublished\":\"2023-07-14T03:33:19+00:00\",\"dateModified\":\"2024-04-01T08:56:04+00:00\",\"breadcrumb\":{\"@id\":\"https:\\\/\\\/www.rri.ro\\\/ar\\\/%d8%a7%d9%84%d8%a7%d8%aa%d8%b5%d8%a7%d9%84#breadcrumb\"},\"inLanguage\":\"ar\",\"potentialAction\":[{\"@type\":\"ReadAction\",\"target\":[\"https:\\\/\\\/www.rri.ro\\\/ar\\\/%d8%a7%d9%84%d8%a7%d8%aa%d8%b5%d8%a7%d9%84\"]}]},{\"@type\":\"BreadcrumbList\",\"@id\":\"https:\\\/\\\/www.rri.ro\\\/ar\\\/%d8%a7%d9%84%d8%a7%d8%aa%d8%b5%d8%a7%d9%84#breadcrumb\",\"itemListElement\":[{\"@type\":\"ListItem\",\"position\":1,\"name\":\"\u0627\u0644\u0635\u0641\u062d\u0629 \u0627\u0644\u0631\u0626\u064a\u0633\u064a\u0629\",\"item\":\"https:\\\/\\\/www.rri.ro\\\/ar\"},{\"@type\":\"ListItem\",\"position\":2,\"name\":\"\u062a\u0648\u0627\u0635\u0644 \u0645\u0639\u0646\u0627\"}]},{\"@type\":\"WebSite\",\"@id\":\"https:\\\/\\\/www.rri.ro\\\/#website\",\"url\":\"https:\\\/\\\/www.rri.ro\\\/\",\"name\":\"\u0635\u0648\u062a \u0631\u0648\u0645\u0627\u0646\u064a\u0627 \u0627\u0644\u0639\u0627\u0644\u0645\u064a\",\"description\":\"Totul despre Rom\u00e2nia \u015fi rom\u00e2ni, \u00een 13 limbi\\\/dialecte!\",\"inLanguage\":\"ar\"}]}<\/script>\n<!-- \/ Yoast SEO plugin. -->","yoast_head_json":{"title":"\u062a\u0648\u0627\u0635\u0644 \u0645\u0639\u0646\u0627 - \u0635\u0648\u062a \u0631\u0648\u0645\u0627\u0646\u064a\u0627 \u0627\u0644\u0639\u0627\u0644\u0645\u064a","robots":{"index":"index","follow":"follow","max-snippet":"max-snippet:-1","max-image-preview":"max-image-preview:large","max-video-preview":"max-video-preview:-1"},"canonical":"https:\/\/www.rri.ro\/ar\/\u0627\u0644\u0627\u062a\u0635\u0627\u0644","og_locale":"ar_AR","og_type":"article","og_title":"\u062a\u0648\u0627\u0635\u0644 \u0645\u0639\u0646\u0627 - \u0635\u0648\u062a \u0631\u0648\u0645\u0627\u0646\u064a\u0627 \u0627\u0644\u0639\u0627\u0644\u0645\u064a","og_description":".\u062a\u0635\u0644 \u0628\u0646\u0627: \u0625\u0630\u0627\u0639\u0629 \u0635\u0648\u062a \u0631\u0648\u0645\u0627\u0646\u064a\u0627 \u0627\u0644\u0639\u0627\u0644\u0645\u064a \u00a0\u0634\u0627\u0631\u0639 \u0627\u0644\u062c\u0646\u0631\u0627\u0644 \u0628\u064a\u0631\u062a\u064a\u0644\u0648 60-64\u060c \u0642\u0637\u0627\u0639 1\u060c \u0628\u0648\u062e\u0627\u0631\u0633\u062a\u060c \u0631\u0648\u0645\u0627\u0646\u064a\u0627 \u00a0\u0627\u0644\u0631\u0645\u0632 \u0627\u0644\u0628\u0631\u064a\u062f\u064a 010165\u00a0 \u00a0rri@rri.ro:\u0627\u0644\u0628\u0631\u064a\u062f \u0627\u0644\u0625\u0644\u0643\u062a\u0631\u0648\u0646\u064a:","og_url":"https:\/\/www.rri.ro\/ar\/\u0627\u0644\u0627\u062a\u0635\u0627\u0644","og_site_name":"\u0635\u0648\u062a \u0631\u0648\u0645\u0627\u0646\u064a\u0627 \u0627\u0644\u0639\u0627\u0644\u0645\u064a","article_modified_time":"2024-04-01T08:56:04+00:00","twitter_card":"summary_large_image","twitter_misc":{"Written by":"admin"},"schema":{"@context":"https:\/\/schema.org","@graph":[{"@type":"WebPage","@id":"https:\/\/www.rri.ro\/ar\/%d8%a7%d9%84%d8%a7%d8%aa%d8%b5%d8%a7%d9%84","url":"https:\/\/www.rri.ro\/ar\/%d8%a7%d9%84%d8%a7%d8%aa%d8%b5%d8%a7%d9%84","name":"\u062a\u0648\u0627\u0635\u0644 \u0645\u0639\u0646\u0627 - \u0635\u0648\u062a \u0631\u0648\u0645\u0627\u0646\u064a\u0627 \u0627\u0644\u0639\u0627\u0644\u0645\u064a","isPartOf":{"@id":"https:\/\/www.rri.ro\/#website"},"datePublished":"2023-07-14T03:33:19+00:00","dateModified":"2024-04-01T08:56:04+00:00","breadcrumb":{"@id":"https:\/\/www.rri.ro\/ar\/%d8%a7%d9%84%d8%a7%d8%aa%d8%b5%d8%a7%d9%84#breadcrumb"},"inLanguage":"ar","potentialAction":[{"@type":"ReadAction","target":["https:\/\/www.rri.ro\/ar\/%d8%a7%d9%84%d8%a7%d8%aa%d8%b5%d8%a7%d9%84"]}]},{"@type":"BreadcrumbList","@id":"https:\/\/www.rri.ro\/ar\/%d8%a7%d9%84%d8%a7%d8%aa%d8%b5%d8%a7%d9%84#breadcrumb","itemListElement":[{"@type":"ListItem","position":1,"name":"\u0627\u0644\u0635\u0641\u062d\u0629 \u0627\u0644\u0631\u0626\u064a\u0633\u064a\u0629","item":"https:\/\/www.rri.ro\/ar"},{"@type":"ListItem","position":2,"name":"\u062a\u0648\u0627\u0635\u0644 \u0645\u0639\u0646\u0627"}]},{"@type":"WebSite","@id":"https:\/\/www.rri.ro\/#website","url":"https:\/\/www.rri.ro\/","name":"\u0635\u0648\u062a \u0631\u0648\u0645\u0627\u0646\u064a\u0627 \u0627\u0644\u0639\u0627\u0644\u0645\u064a","description":"Totul despre Rom\u00e2nia \u015fi rom\u00e2ni, \u00een 13 limbi\/dialecte!","inLanguage":"ar"}]}},"_links":{"self":[{"href":"https:\/\/www.rri.ro\/ar\/wp-json\/wp\/v2\/pages\/503603","targetHints":{"allow":["GET"]}}],"collection":[{"href":"https:\/\/www.rri.ro\/ar\/wp-json\/wp\/v2\/pages"}],"about":[{"href":"https:\/\/www.rri.ro\/ar\/wp-json\/wp\/v2\/types\/page"}],"author":[{"embeddable":true,"href":"https:\/\/www.rri.ro\/ar\/wp-json\/wp\/v2\/users\/1"}],"replies":[{"embeddable":true,"href":"https:\/\/www.rri.ro\/ar\/wp-json\/wp\/v2\/comments?post=503603"}],"version-history":[{"count":0,"href":"https:\/\/www.rri.ro\/ar\/wp-json\/wp\/v2\/pages\/503603\/revisions"}],"wp:attachment":[{"href":"https:\/\/www.rri.ro\/ar\/wp-json\/wp\/v2\/media?parent=503603"}],"wp:term":[{"taxonomy":"author","embeddable":true,"href":"https:\/\/www.rri.ro\/ar\/wp-json\/wp\/v2\/coauthors?post=503603"}],"curies":[{"name":"wp","href":"https:\/\/api.w.org\/{rel}","templated":true}]}}