{"id":562821,"date":"2024-01-25T11:40:56","date_gmt":"2024-01-25T09:40:56","guid":{"rendered":"http:\/\/devrri.freshlemon.ro\/%d8%aa%d9%83%d8%b1%d8%a7%d8%b1"},"modified":"2026-03-29T14:10:15","modified_gmt":"2026-03-29T11:10:15","slug":"%d8%a7%d9%84%d8%aa%d8%b1%d8%af%d8%af%d8%a7%d8%aa","status":"publish","type":"page","link":"https:\/\/www.rri.ro\/ar\/%d8%a7%d9%84%d8%aa%d8%b1%d8%af%d8%af%d8%a7%d8%aa","title":{"rendered":"\u0627\u0644\u062a\u0631\u062f\u062f\u0627\u062a"},"content":{"rendered":"<h1 class=\"view\" style=\"direction: ltr; text-align: right;\">\u062a\u0631\u062f\u062f\u0627\u062a \u0627\u0644\u0628\u062b \u062e\u0644\u0627\u0644 \u0627\u0644\u062a\u0648\u0642\u064a\u062a \u0627\u0644\u0635\u064a\u0641\u064a 2026<\/h1>\n<p style=\"direction: ltr; text-align: right;\"><strong>\u0645\u0648\u0627\u0639\u064a\u062f \u0648\u062a\u0631\u062f\u062f\u0627\u062a \u0628\u062b \u0625\u0630\u0627\u0639\u0629 \u0635\u0648\u062a \u0631\u0648\u0645\u0627\u0646\u064a\u0627 \u0627\u0644\u0639\u0627\u0644\u0645\u064a \u062e\u0644\u0627\u0644 \u0641\u062a\u0631\u0629 \u0627\u0644\u062a\u0648\u0642\u064a\u062a \u0627\u0644\u0635\u064a\u0641\u064a<\/strong><\/p>\n<ul>\n<li style=\"direction: ltr; text-align: right;\">\u0645\u0648\u0627\u0639\u064a\u062f \u0648\u062a\u0631\u062f\u0627\u062f\u0627\u062a \u0627\u0644\u0628\u062b \u0627\u0644\u0625\u0630\u0627\u0639\u064a \u0644\u0635\u0648\u062a \u0631\u0648\u0645\u0627\u0646\u064a\u0627 \u0627\u0644\u0639\u0627\u0644\u0645\u064a \u062e\u0644\u0627\u0644 \u0627\u0644\u0641\u062a\u0631\u0629 \u0645\u0646 29 \u0645\u0627\u0631\u0633\/\u0622\u0630\u0627\u0631 &#8211; 24 \u0623\u0643\u062a\u0648\u0628\u0631\/ \u062a\u0634\u0631\u064a\u0646 \u0627\u0644\u0623\u0648\u0644 2026<\/li>\n<\/ul>\n<table class=\" alignright\" style=\"direction: ltr; border-collapse: collapse; width: 98.5595%; height: 162px;\">\n<tbody>\n<tr style=\"height: 79px;\">\n<td style=\"width: 20.8333%; text-align: center; height: 10px;\"><span style=\"font-size: 12pt;\"><strong>\u0627\u0644\u0645\u0646\u0637\u0642\u0629 \u0627\u0644\u062c\u063a\u0631\u0627\u0641\u064a\u0629<\/strong><\/span><\/td>\n<td style=\"direction: rtl; width: 8.92855%; text-align: center;\"><span style=\"font-size: 12pt;\"><strong>\u0627\u0644\u062a\u0631\u062f\u062f \u0627\u0644\u0628\u062f\u064a\u0644<\/strong><\/span><\/td>\n<td style=\"direction: rtl; width: 8.92855%; text-align: center;\"><span style=\"font-size: 12pt;\"><strong>\u0627\u0644\u062a\u0631\u062f\u062f<\/strong><\/span><\/td>\n<td style=\"width: 21.3435%; text-align: center; height: 10px;\"><span style=\"font-size: 12pt;\"><strong>\u0627\u0644\u062a\u0648\u0642\u064a\u062a \u0627\u0644\u0639\u0627\u0644\u0645\u064a \u0627\u0644\u0645\u0646\u0633\u0642<\/strong><\/span><\/td>\n<td style=\"width: 19.898%; text-align: center; height: 10px;\"><span style=\"font-size: 12pt;\"><strong>\u0627\u0644\u062a\u0648\u0642\u064a\u062a \u0627\u0644\u0639\u0627\u0644\u0645\u064a \u0627\u0644\u0645\u0646\u0633\u0642<\/strong><\/span><\/td>\n<\/tr>\n<tr style=\"height: 24px;\">\n<td style=\"width: 20.8333%; text-align: center; height: 24px;\"><span style=\"font-size: 12pt;\"><strong>Zone<\/strong><\/span><\/td>\n<td style=\"width: 8.92855%; text-align: center;\"><span style=\"font-size: 12pt;\"><strong>Alternative Frequency (MHz)<\/strong><\/span><\/td>\n<td style=\"width: 8.92855%; text-align: center;\"><span style=\"font-size: 12pt;\"><strong> Frequency (MHz)<\/strong><\/span><\/td>\n<td style=\"width: 21.3435%; text-align: center; height: 24px;\"><span style=\"font-size: 12pt;\"><strong>Romania<\/strong><\/span><\/td>\n<td style=\"width: 19.898%; text-align: center; height: 24px;\"><span style=\"font-size: 12pt;\"><strong>UTC<\/strong><\/span><\/td>\n<\/tr>\n<tr style=\"height: 24px;\">\n<td style=\"width: 20.8333%; text-align: center; height: 24px;\"><span style=\"font-size: 12pt;\">Mashreq &#8211; \u0627\u0644\u0645\u0634\u0631\u0642 \u0627\u0644\u0639\u0631\u0628\u064a<\/span><\/td>\n<td style=\"width: 8.92855%; text-align: center;\"><span style=\"font-size: 12pt;\">15,710<\/span><\/td>\n<td style=\"width: 8.92855%; text-align: center;\"><span style=\"font-size: 12pt;\">15,200<\/span><\/td>\n<td style=\"direction: rtl; width: 21.3435%; text-align: center; height: 24px;\"><span style=\"font-size: 12pt;\">09:30 &#8211; 10:00<\/span><\/td>\n<td style=\"width: 19.898%; height: 24px; text-align: center;\"><span style=\"font-size: 12pt;\">07:00 \u2013 06:30<\/span><\/td>\n<\/tr>\n<tr style=\"height: 24px;\">\n<td style=\"width: 20.8333%; text-align: center; height: 24px;\"><span style=\"font-size: 12pt;\">Maghreb &#8211; \u0627\u0644\u0645\u063a\u0631\u0628 \u0627\u0644\u0639\u0631\u0628\u064a<\/span><\/td>\n<td style=\"width: 8.92855%; text-align: center;\"><span style=\"font-size: 12pt;\">15,410<\/span><\/td>\n<td style=\"width: 8.92855%; text-align: center;\"><span style=\"font-size: 12pt;\">15,130<\/span><\/td>\n<td style=\"direction: rtl; width: 21.3435%; text-align: center; height: 24px;\"><span style=\"font-size: 12pt;\">09:30 &#8211; 10:00<\/span><\/td>\n<td style=\"width: 19.898%; height: 24px; text-align: center;\"><span style=\"font-size: 12pt;\">07:00 \u2013 06:30<\/span><\/td>\n<\/tr>\n<tr style=\"height: 10px;\">\n<td style=\"width: 20.8333%; text-align: center; height: 10px;\"><span style=\"font-size: 12pt;\">Mashreq &#8211; \u0627\u0644\u0645\u0634\u0631\u0642 \u0627\u0644\u0639\u0631\u0628\u064a<\/span><\/td>\n<td style=\"width: 8.92855%; text-align: center;\"><span style=\"font-size: 12pt;\">11,700<\/span><\/td>\n<td style=\"width: 8.92855%; text-align: center;\"><span style=\"font-size: 12pt;\">15,130<\/span><\/td>\n<td style=\"direction: rtl; width: 21.3435%; height: 10px; text-align: center;\"><span style=\"font-size: 12pt;\">15:00 &#8211; 15:30<\/span><\/td>\n<td style=\"direction: rtl; width: 19.898%; height: 10px; text-align: center;\"><span style=\"font-size: 12pt;\">12:00 \u2013 12:30<\/span><\/td>\n<\/tr>\n<tr style=\"height: 24px;\">\n<td style=\"width: 20.8333%; text-align: center; height: 24px;\"><span style=\"font-size: 12pt;\">Maghreb &#8211; \u0627\u0644\u0645\u063a\u0631\u0628 \u0627\u0644\u0639\u0631\u0628\u064a<\/span><\/td>\n<td style=\"width: 8.92855%; text-align: center;\"><span style=\"font-size: 12pt;\">17,780<\/span><\/td>\n<td style=\"width: 8.92855%; text-align: center;\"><span style=\"font-size: 12pt;\">15,320<\/span><\/td>\n<td style=\"direction: rtl; width: 21.3435%; text-align: center; height: 24px;\"><span style=\"font-size: 12pt;\">15:00 &#8211; 15:30<\/span><\/td>\n<td style=\"direction: rtl; width: 19.898%; height: 24px; text-align: center;\"><span style=\"font-size: 12pt;\">12:00 \u2013 12:30<\/span><\/td>\n<\/tr>\n<tr style=\"height: 22px;\">\n<td style=\"width: 20.8333%; text-align: center; height: 22px;\"><span style=\"font-size: 12pt;\">Mashreq &#8211; \u0627\u0644\u0645\u0634\u0631\u0642 \u0627\u0644\u0639\u0631\u0628\u064a<\/span><\/td>\n<td style=\"width: 8.92855%; text-align: center;\"><span style=\"font-size: 12pt;\">15,360<\/span><\/td>\n<td style=\"width: 8.92855%; text-align: center;\"><span style=\"font-size: 12pt;\">15,160<\/span><\/td>\n<td style=\"direction: rtl; width: 21.3435%; text-align: center; height: 22px;\"><span style=\"font-size: 12pt;\">18:30 &#8211; 19:00<\/span><\/td>\n<td style=\"direction: rtl; width: 19.898%; height: 22px; text-align: center;\"><span style=\"font-size: 12pt;\">15:30- 16:00<\/span><\/td>\n<\/tr>\n<tr style=\"height: 24px;\">\n<td style=\"width: 20.8333%; text-align: center; height: 24px;\"><span style=\"font-size: 12pt;\">Maghreb &#8211; \u0627\u0644\u0645\u063a\u0631\u0628 \u0627\u0644\u0639\u0631\u0628\u064a<\/span><\/td>\n<td style=\"width: 8.92855%; text-align: center;\"><span style=\"font-size: 12pt;\">15,280<\/span><\/td>\n<td style=\"width: 8.92855%; text-align: center;\"><span style=\"font-size: 12pt;\">15,130<\/span><\/td>\n<td style=\"direction: rtl; width: 21.3435%; text-align: center; height: 24px;\"><span style=\"font-size: 12pt;\">18:30 &#8211; 19:00<\/span><\/td>\n<td style=\"direction: rtl; width: 19.898%; height: 24px; text-align: center;\"><span style=\"font-size: 12pt;\">15:30- 16:00<\/span><\/td>\n<\/tr>\n<\/tbody>\n<\/table>\n","protected":false},"excerpt":{"rendered":"<p>\u062a\u0631\u062f\u062f\u0627\u062a \u0627\u0644\u0628\u062b \u062e\u0644\u0627\u0644 \u0627\u0644\u062a\u0648\u0642\u064a\u062a \u0627\u0644\u0635\u064a\u0641\u064a 2026 \u0645\u0648\u0627\u0639\u064a\u062f \u0648\u062a\u0631\u062f\u062f\u0627\u062a \u0628\u062b \u0625\u0630\u0627\u0639\u0629 \u0635\u0648\u062a \u0631\u0648\u0645\u0627\u0646\u064a\u0627 \u0627\u0644\u0639\u0627\u0644\u0645\u064a \u062e\u0644\u0627\u0644 \u0641\u062a\u0631\u0629 \u0627\u0644\u062a\u0648\u0642\u064a\u062a \u0627\u0644\u0635\u064a\u0641\u064a \u0645\u0648\u0627\u0639\u064a\u062f \u0648\u062a\u0631\u062f\u0627\u062f\u0627\u062a \u0627\u0644\u0628\u062b \u0627\u0644\u0625\u0630\u0627\u0639\u064a \u0644\u0635\u0648\u062a \u0631\u0648\u0645\u0627\u0646\u064a\u0627 \u0627\u0644\u0639\u0627\u0644\u0645\u064a \u062e\u0644\u0627\u0644 \u0627\u0644\u0641\u062a\u0631\u0629 \u0645\u0646 29 \u0645\u0627\u0631\u0633\/\u0622\u0630\u0627\u0631 &#8211; 24 \u0623\u0643\u062a\u0648\u0628\u0631\/ \u062a\u0634\u0631\u064a\u0646 \u0627\u0644\u0623\u0648\u0644 2026 \u0627\u0644\u0645\u0646\u0637\u0642\u0629 \u0627\u0644\u062c\u063a\u0631\u0627\u0641\u064a\u0629 \u0627\u0644\u062a\u0631\u062f\u062f \u0627\u0644\u0628\u062f\u064a\u0644 \u0627\u0644\u062a\u0631\u062f\u062f \u0627\u0644\u062a\u0648\u0642\u064a\u062a \u0627\u0644\u0639\u0627\u0644\u0645\u064a \u0627\u0644\u0645\u0646\u0633\u0642 \u0627\u0644\u062a\u0648\u0642\u064a\u062a \u0627\u0644\u0639\u0627\u0644\u0645\u064a \u0627\u0644\u0645\u0646\u0633\u0642 Zone Alternative Frequency (MHz) Frequency (MHz) Romania UTC Mashreq [&hellip;]<\/p>\n","protected":false},"author":34,"featured_media":1000009,"parent":0,"menu_order":0,"comment_status":"closed","ping_status":"closed","template":"","meta":{"_acf_changed":false,"footnotes":""},"coauthors":[132162],"class_list":["post-562821","page","type-page","status-publish","has-post-thumbnail","hentry"],"acf":[],"yoast_head":"<!-- This site is optimized with the Yoast SEO plugin v27.6 - https:\/\/yoast.com\/product\/yoast-seo-wordpress\/ -->\n<title>\u0627\u0644\u062a\u0631\u062f\u062f\u0627\u062a - \u0635\u0648\u062a \u0631\u0648\u0645\u0627\u0646\u064a\u0627 \u0627\u0644\u0639\u0627\u0644\u0645\u064a<\/title>\n<meta name=\"robots\" content=\"index, follow, max-snippet:-1, max-image-preview:large, max-video-preview:-1\" \/>\n<link rel=\"canonical\" href=\"https:\/\/www.rri.ro\/ar\/\u0627\u0644\u062a\u0631\u062f\u062f\u0627\u062a\" \/>\n<meta property=\"og:locale\" content=\"ar_AR\" \/>\n<meta property=\"og:type\" content=\"article\" \/>\n<meta property=\"og:title\" content=\"\u0627\u0644\u062a\u0631\u062f\u062f\u0627\u062a - \u0635\u0648\u062a \u0631\u0648\u0645\u0627\u0646\u064a\u0627 \u0627\u0644\u0639\u0627\u0644\u0645\u064a\" \/>\n<meta property=\"og:description\" content=\"\u062a\u0631\u062f\u062f\u0627\u062a \u0627\u0644\u0628\u062b \u062e\u0644\u0627\u0644 \u0627\u0644\u062a\u0648\u0642\u064a\u062a \u0627\u0644\u0635\u064a\u0641\u064a 2026 \u0645\u0648\u0627\u0639\u064a\u062f \u0648\u062a\u0631\u062f\u062f\u0627\u062a \u0628\u062b \u0625\u0630\u0627\u0639\u0629 \u0635\u0648\u062a \u0631\u0648\u0645\u0627\u0646\u064a\u0627 \u0627\u0644\u0639\u0627\u0644\u0645\u064a \u062e\u0644\u0627\u0644 \u0641\u062a\u0631\u0629 \u0627\u0644\u062a\u0648\u0642\u064a\u062a \u0627\u0644\u0635\u064a\u0641\u064a \u0645\u0648\u0627\u0639\u064a\u062f \u0648\u062a\u0631\u062f\u0627\u062f\u0627\u062a \u0627\u0644\u0628\u062b \u0627\u0644\u0625\u0630\u0627\u0639\u064a \u0644\u0635\u0648\u062a \u0631\u0648\u0645\u0627\u0646\u064a\u0627 \u0627\u0644\u0639\u0627\u0644\u0645\u064a \u062e\u0644\u0627\u0644 \u0627\u0644\u0641\u062a\u0631\u0629 \u0645\u0646 29 \u0645\u0627\u0631\u0633\/\u0622\u0630\u0627\u0631 &#8211; 24 \u0623\u0643\u062a\u0648\u0628\u0631\/ \u062a\u0634\u0631\u064a\u0646 \u0627\u0644\u0623\u0648\u0644 2026 \u0627\u0644\u0645\u0646\u0637\u0642\u0629 \u0627\u0644\u062c\u063a\u0631\u0627\u0641\u064a\u0629 \u0627\u0644\u062a\u0631\u062f\u062f \u0627\u0644\u0628\u062f\u064a\u0644 \u0627\u0644\u062a\u0631\u062f\u062f \u0627\u0644\u062a\u0648\u0642\u064a\u062a \u0627\u0644\u0639\u0627\u0644\u0645\u064a \u0627\u0644\u0645\u0646\u0633\u0642 \u0627\u0644\u062a\u0648\u0642\u064a\u062a \u0627\u0644\u0639\u0627\u0644\u0645\u064a \u0627\u0644\u0645\u0646\u0633\u0642 Zone Alternative Frequency (MHz) Frequency (MHz) Romania UTC Mashreq [&hellip;]\" \/>\n<meta property=\"og:url\" content=\"https:\/\/www.rri.ro\/ar\/\u0627\u0644\u062a\u0631\u062f\u062f\u0627\u062a\" \/>\n<meta property=\"og:site_name\" content=\"\u0635\u0648\u062a \u0631\u0648\u0645\u0627\u0646\u064a\u0627 \u0627\u0644\u0639\u0627\u0644\u0645\u064a\" \/>\n<meta property=\"article:modified_time\" content=\"2026-03-29T11:10:15+00:00\" \/>\n<meta property=\"og:image\" content=\"https:\/\/www.rri.ro\/wp-content\/uploads\/2026\/03\/PLIANT-RRI-INTERIOR-2026-JPG-mic.jpg\" \/>\n\t<meta property=\"og:image:width\" content=\"1624\" \/>\n\t<meta property=\"og:image:height\" content=\"2400\" \/>\n\t<meta property=\"og:image:type\" content=\"image\/jpeg\" \/>\n<meta name=\"twitter:card\" content=\"summary_large_image\" \/>\n<meta name=\"twitter:label1\" content=\"Written by\" \/>\n\t<meta name=\"twitter:data1\" content=\"Bashar Kishawi (\u0628\u0634\u0627\u0631 \u0627\u0644\u0642\u064a\u0634\u0627\u0648\u064a)\" \/>\n<script type=\"application\/ld+json\" class=\"yoast-schema-graph\">{\"@context\":\"https:\\\/\\\/schema.org\",\"@graph\":[{\"@type\":\"WebPage\",\"@id\":\"https:\\\/\\\/www.rri.ro\\\/ar\\\/%d8%a7%d9%84%d8%aa%d8%b1%d8%af%d8%af%d8%a7%d8%aa\",\"url\":\"https:\\\/\\\/www.rri.ro\\\/ar\\\/%d8%a7%d9%84%d8%aa%d8%b1%d8%af%d8%af%d8%a7%d8%aa\",\"name\":\"\u0627\u0644\u062a\u0631\u062f\u062f\u0627\u062a - \u0635\u0648\u062a \u0631\u0648\u0645\u0627\u0646\u064a\u0627 \u0627\u0644\u0639\u0627\u0644\u0645\u064a\",\"isPartOf\":{\"@id\":\"https:\\\/\\\/www.rri.ro\\\/#website\"},\"primaryImageOfPage\":{\"@id\":\"https:\\\/\\\/www.rri.ro\\\/ar\\\/%d8%a7%d9%84%d8%aa%d8%b1%d8%af%d8%af%d8%a7%d8%aa#primaryimage\"},\"image\":{\"@id\":\"https:\\\/\\\/www.rri.ro\\\/ar\\\/%d8%a7%d9%84%d8%aa%d8%b1%d8%af%d8%af%d8%a7%d8%aa#primaryimage\"},\"thumbnailUrl\":\"https:\\\/\\\/www.rri.ro\\\/wp-content\\\/uploads\\\/2026\\\/03\\\/PLIANT-RRI-INTERIOR-2026-JPG-mic.jpg\",\"datePublished\":\"2024-01-25T09:40:56+00:00\",\"dateModified\":\"2026-03-29T11:10:15+00:00\",\"breadcrumb\":{\"@id\":\"https:\\\/\\\/www.rri.ro\\\/ar\\\/%d8%a7%d9%84%d8%aa%d8%b1%d8%af%d8%af%d8%a7%d8%aa#breadcrumb\"},\"inLanguage\":\"ar\",\"potentialAction\":[{\"@type\":\"ReadAction\",\"target\":[\"https:\\\/\\\/www.rri.ro\\\/ar\\\/%d8%a7%d9%84%d8%aa%d8%b1%d8%af%d8%af%d8%a7%d8%aa\"]}]},{\"@type\":\"ImageObject\",\"inLanguage\":\"ar\",\"@id\":\"https:\\\/\\\/www.rri.ro\\\/ar\\\/%d8%a7%d9%84%d8%aa%d8%b1%d8%af%d8%af%d8%a7%d8%aa#primaryimage\",\"url\":\"https:\\\/\\\/www.rri.ro\\\/wp-content\\\/uploads\\\/2026\\\/03\\\/PLIANT-RRI-INTERIOR-2026-JPG-mic.jpg\",\"contentUrl\":\"https:\\\/\\\/www.rri.ro\\\/wp-content\\\/uploads\\\/2026\\\/03\\\/PLIANT-RRI-INTERIOR-2026-JPG-mic.jpg\",\"width\":1624,\"height\":2400,\"caption\":\"RRI Summer 2026 leaflet\"},{\"@type\":\"BreadcrumbList\",\"@id\":\"https:\\\/\\\/www.rri.ro\\\/ar\\\/%d8%a7%d9%84%d8%aa%d8%b1%d8%af%d8%af%d8%a7%d8%aa#breadcrumb\",\"itemListElement\":[{\"@type\":\"ListItem\",\"position\":1,\"name\":\"\u0627\u0644\u0635\u0641\u062d\u0629 \u0627\u0644\u0631\u0626\u064a\u0633\u064a\u0629\",\"item\":\"https:\\\/\\\/www.rri.ro\\\/ar\"},{\"@type\":\"ListItem\",\"position\":2,\"name\":\"\u0627\u0644\u062a\u0631\u062f\u062f\u0627\u062a\"}]},{\"@type\":\"WebSite\",\"@id\":\"https:\\\/\\\/www.rri.ro\\\/#website\",\"url\":\"https:\\\/\\\/www.rri.ro\\\/\",\"name\":\"\u0635\u0648\u062a \u0631\u0648\u0645\u0627\u0646\u064a\u0627 \u0627\u0644\u0639\u0627\u0644\u0645\u064a\",\"description\":\"Totul despre Rom\u00e2nia \u015fi rom\u00e2ni, \u00een 13 limbi\\\/dialecte!\",\"inLanguage\":\"ar\"}]}<\/script>\n<!-- \/ Yoast SEO plugin. -->","yoast_head_json":{"title":"\u0627\u0644\u062a\u0631\u062f\u062f\u0627\u062a - \u0635\u0648\u062a \u0631\u0648\u0645\u0627\u0646\u064a\u0627 \u0627\u0644\u0639\u0627\u0644\u0645\u064a","robots":{"index":"index","follow":"follow","max-snippet":"max-snippet:-1","max-image-preview":"max-image-preview:large","max-video-preview":"max-video-preview:-1"},"canonical":"https:\/\/www.rri.ro\/ar\/\u0627\u0644\u062a\u0631\u062f\u062f\u0627\u062a","og_locale":"ar_AR","og_type":"article","og_title":"\u0627\u0644\u062a\u0631\u062f\u062f\u0627\u062a - \u0635\u0648\u062a \u0631\u0648\u0645\u0627\u0646\u064a\u0627 \u0627\u0644\u0639\u0627\u0644\u0645\u064a","og_description":"\u062a\u0631\u062f\u062f\u0627\u062a \u0627\u0644\u0628\u062b \u062e\u0644\u0627\u0644 \u0627\u0644\u062a\u0648\u0642\u064a\u062a \u0627\u0644\u0635\u064a\u0641\u064a 2026 \u0645\u0648\u0627\u0639\u064a\u062f \u0648\u062a\u0631\u062f\u062f\u0627\u062a \u0628\u062b \u0625\u0630\u0627\u0639\u0629 \u0635\u0648\u062a \u0631\u0648\u0645\u0627\u0646\u064a\u0627 \u0627\u0644\u0639\u0627\u0644\u0645\u064a \u062e\u0644\u0627\u0644 \u0641\u062a\u0631\u0629 \u0627\u0644\u062a\u0648\u0642\u064a\u062a \u0627\u0644\u0635\u064a\u0641\u064a \u0645\u0648\u0627\u0639\u064a\u062f \u0648\u062a\u0631\u062f\u0627\u062f\u0627\u062a \u0627\u0644\u0628\u062b \u0627\u0644\u0625\u0630\u0627\u0639\u064a \u0644\u0635\u0648\u062a \u0631\u0648\u0645\u0627\u0646\u064a\u0627 \u0627\u0644\u0639\u0627\u0644\u0645\u064a \u062e\u0644\u0627\u0644 \u0627\u0644\u0641\u062a\u0631\u0629 \u0645\u0646 29 \u0645\u0627\u0631\u0633\/\u0622\u0630\u0627\u0631 &#8211; 24 \u0623\u0643\u062a\u0648\u0628\u0631\/ \u062a\u0634\u0631\u064a\u0646 \u0627\u0644\u0623\u0648\u0644 2026 \u0627\u0644\u0645\u0646\u0637\u0642\u0629 \u0627\u0644\u062c\u063a\u0631\u0627\u0641\u064a\u0629 \u0627\u0644\u062a\u0631\u062f\u062f \u0627\u0644\u0628\u062f\u064a\u0644 \u0627\u0644\u062a\u0631\u062f\u062f \u0627\u0644\u062a\u0648\u0642\u064a\u062a \u0627\u0644\u0639\u0627\u0644\u0645\u064a \u0627\u0644\u0645\u0646\u0633\u0642 \u0627\u0644\u062a\u0648\u0642\u064a\u062a \u0627\u0644\u0639\u0627\u0644\u0645\u064a \u0627\u0644\u0645\u0646\u0633\u0642 Zone Alternative Frequency (MHz) Frequency (MHz) Romania UTC Mashreq [&hellip;]","og_url":"https:\/\/www.rri.ro\/ar\/\u0627\u0644\u062a\u0631\u062f\u062f\u0627\u062a","og_site_name":"\u0635\u0648\u062a \u0631\u0648\u0645\u0627\u0646\u064a\u0627 \u0627\u0644\u0639\u0627\u0644\u0645\u064a","article_modified_time":"2026-03-29T11:10:15+00:00","og_image":[{"width":1624,"height":2400,"url":"https:\/\/www.rri.ro\/wp-content\/uploads\/2026\/03\/PLIANT-RRI-INTERIOR-2026-JPG-mic.jpg","type":"image\/jpeg"}],"twitter_card":"summary_large_image","twitter_misc":{"Written by":"Bashar Kishawi (\u0628\u0634\u0627\u0631 \u0627\u0644\u0642\u064a\u0634\u0627\u0648\u064a)"},"schema":{"@context":"https:\/\/schema.org","@graph":[{"@type":"WebPage","@id":"https:\/\/www.rri.ro\/ar\/%d8%a7%d9%84%d8%aa%d8%b1%d8%af%d8%af%d8%a7%d8%aa","url":"https:\/\/www.rri.ro\/ar\/%d8%a7%d9%84%d8%aa%d8%b1%d8%af%d8%af%d8%a7%d8%aa","name":"\u0627\u0644\u062a\u0631\u062f\u062f\u0627\u062a - \u0635\u0648\u062a \u0631\u0648\u0645\u0627\u0646\u064a\u0627 \u0627\u0644\u0639\u0627\u0644\u0645\u064a","isPartOf":{"@id":"https:\/\/www.rri.ro\/#website"},"primaryImageOfPage":{"@id":"https:\/\/www.rri.ro\/ar\/%d8%a7%d9%84%d8%aa%d8%b1%d8%af%d8%af%d8%a7%d8%aa#primaryimage"},"image":{"@id":"https:\/\/www.rri.ro\/ar\/%d8%a7%d9%84%d8%aa%d8%b1%d8%af%d8%af%d8%a7%d8%aa#primaryimage"},"thumbnailUrl":"https:\/\/www.rri.ro\/wp-content\/uploads\/2026\/03\/PLIANT-RRI-INTERIOR-2026-JPG-mic.jpg","datePublished":"2024-01-25T09:40:56+00:00","dateModified":"2026-03-29T11:10:15+00:00","breadcrumb":{"@id":"https:\/\/www.rri.ro\/ar\/%d8%a7%d9%84%d8%aa%d8%b1%d8%af%d8%af%d8%a7%d8%aa#breadcrumb"},"inLanguage":"ar","potentialAction":[{"@type":"ReadAction","target":["https:\/\/www.rri.ro\/ar\/%d8%a7%d9%84%d8%aa%d8%b1%d8%af%d8%af%d8%a7%d8%aa"]}]},{"@type":"ImageObject","inLanguage":"ar","@id":"https:\/\/www.rri.ro\/ar\/%d8%a7%d9%84%d8%aa%d8%b1%d8%af%d8%af%d8%a7%d8%aa#primaryimage","url":"https:\/\/www.rri.ro\/wp-content\/uploads\/2026\/03\/PLIANT-RRI-INTERIOR-2026-JPG-mic.jpg","contentUrl":"https:\/\/www.rri.ro\/wp-content\/uploads\/2026\/03\/PLIANT-RRI-INTERIOR-2026-JPG-mic.jpg","width":1624,"height":2400,"caption":"RRI Summer 2026 leaflet"},{"@type":"BreadcrumbList","@id":"https:\/\/www.rri.ro\/ar\/%d8%a7%d9%84%d8%aa%d8%b1%d8%af%d8%af%d8%a7%d8%aa#breadcrumb","itemListElement":[{"@type":"ListItem","position":1,"name":"\u0627\u0644\u0635\u0641\u062d\u0629 \u0627\u0644\u0631\u0626\u064a\u0633\u064a\u0629","item":"https:\/\/www.rri.ro\/ar"},{"@type":"ListItem","position":2,"name":"\u0627\u0644\u062a\u0631\u062f\u062f\u0627\u062a"}]},{"@type":"WebSite","@id":"https:\/\/www.rri.ro\/#website","url":"https:\/\/www.rri.ro\/","name":"\u0635\u0648\u062a \u0631\u0648\u0645\u0627\u0646\u064a\u0627 \u0627\u0644\u0639\u0627\u0644\u0645\u064a","description":"Totul despre Rom\u00e2nia \u015fi rom\u00e2ni, \u00een 13 limbi\/dialecte!","inLanguage":"ar"}]}},"_links":{"self":[{"href":"https:\/\/www.rri.ro\/ar\/wp-json\/wp\/v2\/pages\/562821","targetHints":{"allow":["GET"]}}],"collection":[{"href":"https:\/\/www.rri.ro\/ar\/wp-json\/wp\/v2\/pages"}],"about":[{"href":"https:\/\/www.rri.ro\/ar\/wp-json\/wp\/v2\/types\/page"}],"author":[{"embeddable":true,"href":"https:\/\/www.rri.ro\/ar\/wp-json\/wp\/v2\/users\/34"}],"replies":[{"embeddable":true,"href":"https:\/\/www.rri.ro\/ar\/wp-json\/wp\/v2\/comments?post=562821"}],"version-history":[{"count":0,"href":"https:\/\/www.rri.ro\/ar\/wp-json\/wp\/v2\/pages\/562821\/revisions"}],"wp:featuredmedia":[{"embeddable":true,"href":"https:\/\/www.rri.ro\/ar\/wp-json\/wp\/v2\/media\/1000009"}],"wp:attachment":[{"href":"https:\/\/www.rri.ro\/ar\/wp-json\/wp\/v2\/media?parent=562821"}],"wp:term":[{"taxonomy":"author","embeddable":true,"href":"https:\/\/www.rri.ro\/ar\/wp-json\/wp\/v2\/coauthors?post=562821"}],"curies":[{"name":"wp","href":"https:\/\/api.w.org\/{rel}","templated":true}]}}