{"id":621451,"date":"2024-01-25T11:40:36","date_gmt":"2024-01-25T09:40:36","guid":{"rendered":"http:\/\/devrri.freshlemon.ro\/%d9%85%d8%b5%d8%a8%d8%ba%d8%a9"},"modified":"2024-04-01T11:41:51","modified_gmt":"2024-04-01T08:41:51","slug":"%d9%85%d8%b5%d8%a8%d8%ba%d8%a9","status":"publish","type":"page","link":"https:\/\/www.rri.ro\/ar\/%d9%85%d8%b5%d8%a8%d8%ba%d8%a9","title":{"rendered":"\u062c\u062f\u0648\u0644 \u0627\u0644\u0628\u0631\u0627\u0645\u062c"},"content":{"rendered":"","protected":false},"excerpt":{"rendered":"","protected":false},"author":1,"featured_media":0,"parent":0,"menu_order":0,"comment_status":"closed","ping_status":"closed","template":"","meta":{"_acf_changed":false,"footnotes":""},"coauthors":[113312],"class_list":["post-621451","page","type-page","status-publish","hentry"],"acf":[],"yoast_head":"<!-- This site is optimized with the Yoast SEO plugin v27.3 - https:\/\/yoast.com\/product\/yoast-seo-wordpress\/ -->\n<title>\u062c\u062f\u0648\u0644 \u0627\u0644\u0628\u0631\u0627\u0645\u062c - \u0635\u0648\u062a \u0631\u0648\u0645\u0627\u0646\u064a\u0627 \u0627\u0644\u0639\u0627\u0644\u0645\u064a<\/title>\n<meta name=\"robots\" content=\"index, follow, max-snippet:-1, max-image-preview:large, max-video-preview:-1\" \/>\n<link rel=\"canonical\" href=\"https:\/\/www.rri.ro\/ar\/\u0645\u0635\u0628\u063a\u0629\" \/>\n<meta property=\"og:locale\" content=\"ar_AR\" \/>\n<meta property=\"og:type\" content=\"article\" \/>\n<meta property=\"og:title\" content=\"\u062c\u062f\u0648\u0644 \u0627\u0644\u0628\u0631\u0627\u0645\u062c - \u0635\u0648\u062a \u0631\u0648\u0645\u0627\u0646\u064a\u0627 \u0627\u0644\u0639\u0627\u0644\u0645\u064a\" \/>\n<meta property=\"og:url\" content=\"https:\/\/www.rri.ro\/ar\/\u0645\u0635\u0628\u063a\u0629\" \/>\n<meta property=\"og:site_name\" content=\"\u0635\u0648\u062a \u0631\u0648\u0645\u0627\u0646\u064a\u0627 \u0627\u0644\u0639\u0627\u0644\u0645\u064a\" \/>\n<meta property=\"article:modified_time\" content=\"2024-04-01T08:41:51+00:00\" \/>\n<meta name=\"twitter:card\" content=\"summary_large_image\" \/>\n<meta name=\"twitter:label1\" content=\"Written by\" \/>\n\t<meta name=\"twitter:data1\" content=\"admin\" \/>\n<script type=\"application\/ld+json\" class=\"yoast-schema-graph\">{\"@context\":\"https:\\\/\\\/schema.org\",\"@graph\":[{\"@type\":\"WebPage\",\"@id\":\"https:\\\/\\\/www.rri.ro\\\/ar\\\/%d9%85%d8%b5%d8%a8%d8%ba%d8%a9\",\"url\":\"https:\\\/\\\/www.rri.ro\\\/ar\\\/%d9%85%d8%b5%d8%a8%d8%ba%d8%a9\",\"name\":\"\u062c\u062f\u0648\u0644 \u0627\u0644\u0628\u0631\u0627\u0645\u062c - \u0635\u0648\u062a \u0631\u0648\u0645\u0627\u0646\u064a\u0627 \u0627\u0644\u0639\u0627\u0644\u0645\u064a\",\"isPartOf\":{\"@id\":\"https:\\\/\\\/www.rri.ro\\\/#website\"},\"datePublished\":\"2024-01-25T09:40:36+00:00\",\"dateModified\":\"2024-04-01T08:41:51+00:00\",\"breadcrumb\":{\"@id\":\"https:\\\/\\\/www.rri.ro\\\/ar\\\/%d9%85%d8%b5%d8%a8%d8%ba%d8%a9#breadcrumb\"},\"inLanguage\":\"ar\",\"potentialAction\":[{\"@type\":\"ReadAction\",\"target\":[\"https:\\\/\\\/www.rri.ro\\\/ar\\\/%d9%85%d8%b5%d8%a8%d8%ba%d8%a9\"]}]},{\"@type\":\"BreadcrumbList\",\"@id\":\"https:\\\/\\\/www.rri.ro\\\/ar\\\/%d9%85%d8%b5%d8%a8%d8%ba%d8%a9#breadcrumb\",\"itemListElement\":[{\"@type\":\"ListItem\",\"position\":1,\"name\":\"\u0627\u0644\u0635\u0641\u062d\u0629 \u0627\u0644\u0631\u0626\u064a\u0633\u064a\u0629\",\"item\":\"https:\\\/\\\/www.rri.ro\\\/ar\"},{\"@type\":\"ListItem\",\"position\":2,\"name\":\"\u062c\u062f\u0648\u0644 \u0627\u0644\u0628\u0631\u0627\u0645\u062c\"}]},{\"@type\":\"WebSite\",\"@id\":\"https:\\\/\\\/www.rri.ro\\\/#website\",\"url\":\"https:\\\/\\\/www.rri.ro\\\/\",\"name\":\"\u0635\u0648\u062a \u0631\u0648\u0645\u0627\u0646\u064a\u0627 \u0627\u0644\u0639\u0627\u0644\u0645\u064a\",\"description\":\"Totul despre Rom\u00e2nia \u015fi rom\u00e2ni, \u00een 13 limbi\\\/dialecte!\",\"inLanguage\":\"ar\"}]}<\/script>\n<!-- \/ Yoast SEO plugin. -->","yoast_head_json":{"title":"\u062c\u062f\u0648\u0644 \u0627\u0644\u0628\u0631\u0627\u0645\u062c - \u0635\u0648\u062a \u0631\u0648\u0645\u0627\u0646\u064a\u0627 \u0627\u0644\u0639\u0627\u0644\u0645\u064a","robots":{"index":"index","follow":"follow","max-snippet":"max-snippet:-1","max-image-preview":"max-image-preview:large","max-video-preview":"max-video-preview:-1"},"canonical":"https:\/\/www.rri.ro\/ar\/\u0645\u0635\u0628\u063a\u0629","og_locale":"ar_AR","og_type":"article","og_title":"\u062c\u062f\u0648\u0644 \u0627\u0644\u0628\u0631\u0627\u0645\u062c - \u0635\u0648\u062a \u0631\u0648\u0645\u0627\u0646\u064a\u0627 \u0627\u0644\u0639\u0627\u0644\u0645\u064a","og_url":"https:\/\/www.rri.ro\/ar\/\u0645\u0635\u0628\u063a\u0629","og_site_name":"\u0635\u0648\u062a \u0631\u0648\u0645\u0627\u0646\u064a\u0627 \u0627\u0644\u0639\u0627\u0644\u0645\u064a","article_modified_time":"2024-04-01T08:41:51+00:00","twitter_card":"summary_large_image","twitter_misc":{"Written by":"admin"},"schema":{"@context":"https:\/\/schema.org","@graph":[{"@type":"WebPage","@id":"https:\/\/www.rri.ro\/ar\/%d9%85%d8%b5%d8%a8%d8%ba%d8%a9","url":"https:\/\/www.rri.ro\/ar\/%d9%85%d8%b5%d8%a8%d8%ba%d8%a9","name":"\u062c\u062f\u0648\u0644 \u0627\u0644\u0628\u0631\u0627\u0645\u062c - \u0635\u0648\u062a \u0631\u0648\u0645\u0627\u0646\u064a\u0627 \u0627\u0644\u0639\u0627\u0644\u0645\u064a","isPartOf":{"@id":"https:\/\/www.rri.ro\/#website"},"datePublished":"2024-01-25T09:40:36+00:00","dateModified":"2024-04-01T08:41:51+00:00","breadcrumb":{"@id":"https:\/\/www.rri.ro\/ar\/%d9%85%d8%b5%d8%a8%d8%ba%d8%a9#breadcrumb"},"inLanguage":"ar","potentialAction":[{"@type":"ReadAction","target":["https:\/\/www.rri.ro\/ar\/%d9%85%d8%b5%d8%a8%d8%ba%d8%a9"]}]},{"@type":"BreadcrumbList","@id":"https:\/\/www.rri.ro\/ar\/%d9%85%d8%b5%d8%a8%d8%ba%d8%a9#breadcrumb","itemListElement":[{"@type":"ListItem","position":1,"name":"\u0627\u0644\u0635\u0641\u062d\u0629 \u0627\u0644\u0631\u0626\u064a\u0633\u064a\u0629","item":"https:\/\/www.rri.ro\/ar"},{"@type":"ListItem","position":2,"name":"\u062c\u062f\u0648\u0644 \u0627\u0644\u0628\u0631\u0627\u0645\u062c"}]},{"@type":"WebSite","@id":"https:\/\/www.rri.ro\/#website","url":"https:\/\/www.rri.ro\/","name":"\u0635\u0648\u062a \u0631\u0648\u0645\u0627\u0646\u064a\u0627 \u0627\u0644\u0639\u0627\u0644\u0645\u064a","description":"Totul despre Rom\u00e2nia \u015fi rom\u00e2ni, \u00een 13 limbi\/dialecte!","inLanguage":"ar"}]}},"_links":{"self":[{"href":"https:\/\/www.rri.ro\/ar\/wp-json\/wp\/v2\/pages\/621451","targetHints":{"allow":["GET"]}}],"collection":[{"href":"https:\/\/www.rri.ro\/ar\/wp-json\/wp\/v2\/pages"}],"about":[{"href":"https:\/\/www.rri.ro\/ar\/wp-json\/wp\/v2\/types\/page"}],"author":[{"embeddable":true,"href":"https:\/\/www.rri.ro\/ar\/wp-json\/wp\/v2\/users\/1"}],"replies":[{"embeddable":true,"href":"https:\/\/www.rri.ro\/ar\/wp-json\/wp\/v2\/comments?post=621451"}],"version-history":[{"count":0,"href":"https:\/\/www.rri.ro\/ar\/wp-json\/wp\/v2\/pages\/621451\/revisions"}],"wp:attachment":[{"href":"https:\/\/www.rri.ro\/ar\/wp-json\/wp\/v2\/media?parent=621451"}],"wp:term":[{"taxonomy":"author","embeddable":true,"href":"https:\/\/www.rri.ro\/ar\/wp-json\/wp\/v2\/coauthors?post=621451"}],"curies":[{"name":"wp","href":"https:\/\/api.w.org\/{rel}","templated":true}]}}