{"id":655095,"date":"2024-02-21T21:20:21","date_gmt":"2024-02-21T19:20:21","guid":{"rendered":"http:\/\/devrri.freshlemon.ro\/%d8%a7%d8%b3%d8%aa%d9%85%d8%a7%d8%b1%d8%a9-%d8%a7%d9%84%d8%a7%d8%b3%d8%aa%d9%82%d8%a8%d8%a7%d9%84"},"modified":"2024-03-06T13:12:16","modified_gmt":"2024-03-06T11:12:16","slug":"%d8%a7%d8%b3%d8%aa%d9%85%d8%a7%d8%b1%d8%a9-%d8%a7%d9%84%d8%a7%d8%b3%d8%aa%d9%82%d8%a8%d8%a7%d9%84","status":"publish","type":"page","link":"https:\/\/www.rri.ro\/ar\/%d8%a7%d8%b3%d8%aa%d9%85%d8%a7%d8%b1%d8%a9-%d8%a7%d9%84%d8%a7%d8%b3%d8%aa%d9%82%d8%a8%d8%a7%d9%84","title":{"rendered":"\u0627\u0633\u062a\u0645\u0627\u0631\u0629 \u0627\u0644\u0627\u0633\u062a\u0642\u0628\u0627\u0644"},"content":{"rendered":"\n<div class=\"wpcf7 no-js\" id=\"wpcf7-f708500-o1\" lang=\"ar\" dir=\"rtl\" data-wpcf7-id=\"708500\">\n<div class=\"screen-reader-response\"><p role=\"status\" aria-live=\"polite\" aria-atomic=\"true\"><\/p> <ul><\/ul><\/div>\n<form action=\"\/ar\/wp-json\/wp\/v2\/pages\/655095#wpcf7-f708500-o1\" method=\"post\" class=\"wpcf7-form init user-zone\" aria-label=\"\u0646\u0645\u0648\u0630\u062c \u0627\u0644\u0627\u062a\u0635\u0627\u0644\" novalidate=\"novalidate\" data-status=\"init\">\n<fieldset class=\"hidden-fields-container\"><input type=\"hidden\" name=\"_wpcf7\" value=\"708500\" \/><input type=\"hidden\" name=\"_wpcf7_version\" value=\"6.1.5\" \/><input type=\"hidden\" name=\"_wpcf7_locale\" value=\"ar\" \/><input type=\"hidden\" name=\"_wpcf7_unit_tag\" value=\"wpcf7-f708500-o1\" \/><input type=\"hidden\" name=\"_wpcf7_container_post\" value=\"0\" \/><input type=\"hidden\" name=\"_wpcf7_posted_data_hash\" value=\"\" \/>\n<\/fieldset>\n<h1 class=\"user-zone__title\">\u0627\u0633\u062a\u0645\u0627\u0631\u0629 \u0627\u0644\u0627\u0633\u062a\u0642\u0628\u0627\u0644\n<\/h1>\n<p class=\"user-zone__message\">\u064a\u0631\u062c\u0649 \u062a\u0639\u0628\u0626\u0629 \u062c\u0645\u064a\u0639 \u0627\u0644\u062d\u0642\u0648\u0644.\n<\/p>\n<p><label>\u0627\u0633\u0645 \u0648\u0644\u0642\u0628: <\/label><br \/>\n<span class=\"wpcf7-form-control-wrap\" data-name=\"nume\"><input size=\"40\" maxlength=\"400\" class=\"wpcf7-form-control wpcf7-text wpcf7-validates-as-required\" aria-required=\"true\" aria-invalid=\"false\" value=\"\" type=\"text\" name=\"nume\" \/><\/span><br \/>\n<label>\u0639\u0645\u0631: <\/label><br \/>\n<span class=\"wpcf7-form-control-wrap\" data-name=\"varsta\"><input size=\"40\" maxlength=\"400\" class=\"wpcf7-form-control wpcf7-text wpcf7-validates-as-required\" aria-required=\"true\" aria-invalid=\"false\" value=\"\" type=\"text\" name=\"varsta\" \/><\/span><br \/>\n<label>\u0627\u0644\u062c\u0646\u0633: <\/label><br \/>\n<span class=\"wpcf7-form-control-wrap\" data-name=\"sex\"><select class=\"wpcf7-form-control wpcf7-select wpcf7-validates-as-required\" aria-required=\"true\" aria-invalid=\"false\" name=\"sex\"><option value=\"\">&#8212; \u0627\u0644\u0631\u062c\u0627\u0621 \u062a\u062d\u062f\u064a\u062f \u0627\u062e\u062a\u064a\u0627\u0631 &#8212;<\/option><option value=\"\u0623\u0646\u062b\u0649\">\u0623\u0646\u062b\u0649<\/option><option value=\"\u0630\u0643\u0631\">\u0630\u0643\u0631<\/option><option value=\"\u0634\u064a\u0621 \u0622\u062e\u0631\">\u0634\u064a\u0621 \u0622\u062e\u0631<\/option><\/select><\/span><br \/>\n<label>\u0625\u0634\u063a\u0627\u0644: <\/label><br \/>\n<span class=\"wpcf7-form-control-wrap\" data-name=\"ocupatie\"><input size=\"40\" maxlength=\"400\" class=\"wpcf7-form-control wpcf7-text wpcf7-validates-as-required\" aria-required=\"true\" aria-invalid=\"false\" value=\"\" type=\"text\" name=\"ocupatie\" \/><\/span><br \/>\n<label>\u0645\u0646\u0630 \u0623\u064a \u0639\u0627\u0645 \u0648\u0623\u0646\u062a \u062a\u0633\u062a\u0645\u0639 \u0625\u0644\u0649 RRI\u061f <\/label><br \/>\n<span class=\"wpcf7-form-control-wrap\" data-name=\"date-rri\"><input class=\"wpcf7-form-control wpcf7-date wpcf7-validates-as-required wpcf7-validates-as-date\" aria-required=\"true\" aria-invalid=\"false\" value=\"\" type=\"date\" name=\"date-rri\" \/><\/span><br \/>\n<label>\u0639\u0646\u0648\u0627\u0646: <\/label><br \/>\n<span class=\"wpcf7-form-control-wrap\" data-name=\"adresa\"><input size=\"40\" maxlength=\"400\" class=\"wpcf7-form-control wpcf7-text wpcf7-validates-as-required\" aria-required=\"true\" aria-invalid=\"false\" value=\"\" type=\"text\" name=\"adresa\" \/><\/span><br \/>\n<label>\u0645\u062f\u064a\u0646\u0629: <\/label><br \/>\n<span class=\"wpcf7-form-control-wrap\" data-name=\"localitate\"><input size=\"40\" maxlength=\"400\" class=\"wpcf7-form-control wpcf7-text wpcf7-validates-as-required\" aria-required=\"true\" aria-invalid=\"false\" value=\"\" type=\"text\" name=\"localitate\" \/><\/span><br \/>\n<label>\u0631\u0645\u0632 \u0628\u0631\u064a\u062f\u064a: <\/label><br \/>\n<span class=\"wpcf7-form-control-wrap\" data-name=\"cod-postal\"><input size=\"40\" maxlength=\"400\" class=\"wpcf7-form-control wpcf7-text wpcf7-validates-as-required\" aria-required=\"true\" aria-invalid=\"false\" value=\"\" type=\"text\" name=\"cod-postal\" \/><\/span><br \/>\n<label>\u0627\u0644\u0628\u0644\u062f: <\/label><br \/>\n<span class=\"wpcf7-form-control-wrap\" data-name=\"tara\"><input size=\"40\" maxlength=\"400\" class=\"wpcf7-form-control wpcf7-text wpcf7-validates-as-required\" aria-required=\"true\" aria-invalid=\"false\" value=\"\" type=\"text\" name=\"tara\" \/><\/span><br \/>\n<label>\u0628\u0631\u064a\u062f \u0625\u0644\u0643\u062a\u0631\u0648\u0646\u064a: <\/label><br \/>\n<span class=\"wpcf7-form-control-wrap\" data-name=\"email\"><input size=\"40\" maxlength=\"400\" class=\"wpcf7-form-control wpcf7-email wpcf7-validates-as-required wpcf7-text wpcf7-validates-as-email\" aria-required=\"true\" aria-invalid=\"false\" value=\"\" type=\"email\" name=\"email\" \/><\/span>\n<\/p>\n<p class=\"user-zone__message\">\u0627\u0644\u0645\u0639\u062f\u0627\u062a \u0627\u0644\u062a\u064a \u062a\u0633\u062a\u0642\u0628\u0644\u0646\u0627 \u0628\u0647\u0627\n<\/p>\n<p><label>\u0627\u0644\u0645\u062a\u0644\u0642\u064a: <\/label><br \/>\n<span class=\"wpcf7-form-control-wrap\" data-name=\"aparatul\"><input size=\"40\" maxlength=\"400\" class=\"wpcf7-form-control wpcf7-text wpcf7-validates-as-required\" aria-required=\"true\" aria-invalid=\"false\" value=\"\" type=\"text\" name=\"aparatul\" \/><\/span><br \/>\n<label>\u0647\u0648\u0627\u0626\u064a: <\/label><br \/>\n<span class=\"wpcf7-form-control-wrap\" data-name=\"antena\"><input size=\"40\" maxlength=\"400\" class=\"wpcf7-form-control wpcf7-text wpcf7-validates-as-required\" aria-required=\"true\" aria-invalid=\"false\" value=\"\" type=\"text\" name=\"antena\" \/><\/span><br \/>\n<label>\u0645\u0648\u0642\u0639 \u0627\u0644\u0627\u0633\u062a\u0642\u0628\u0627\u0644: <\/label><br \/>\n<span class=\"wpcf7-form-control-wrap\" data-name=\"locul-receptiei\"><input size=\"40\" maxlength=\"400\" class=\"wpcf7-form-control wpcf7-text wpcf7-validates-as-required\" aria-required=\"true\" aria-invalid=\"false\" value=\"\" type=\"text\" name=\"locul-receptiei\" \/><\/span>\n<\/p>\n<p class=\"user-zone__message\">\u0627\u0633\u062a\u0642\u0628\u0627\u0644\n<\/p>\n<p><label>\u062a\u0627\u0631\u064a\u062e: <\/label><br \/>\n<span class=\"wpcf7-form-control-wrap\" data-name=\"data-receptiei\"><input class=\"wpcf7-form-control wpcf7-date wpcf7-validates-as-required wpcf7-validates-as-date\" aria-required=\"true\" aria-invalid=\"false\" value=\"\" type=\"date\" name=\"data-receptiei\" \/><\/span><br \/>\n<label>\u0645\u0646\u0630 \u0645\u062a\u0649\u061f (\u062a\u0646\u0633\u064a\u0642 UTC oo:mm): <\/label><br \/>\n<span class=\"wpcf7-form-control-wrap\" data-name=\"de-la-ce-ora\"><input size=\"40\" maxlength=\"400\" class=\"wpcf7-form-control wpcf7-text wpcf7-validates-as-required\" aria-required=\"true\" aria-invalid=\"false\" value=\"\" type=\"text\" name=\"de-la-ce-ora\" \/><\/span><br \/>\n<label>\u0625\u0644\u0649 \u0645\u062a\u0649 \u061f (\u062a\u0646\u0633\u064a\u0642 UTC oo:mm): <\/label><br \/>\n<span class=\"wpcf7-form-control-wrap\" data-name=\"pana-la-ce-ora\"><input size=\"40\" maxlength=\"400\" class=\"wpcf7-form-control wpcf7-text wpcf7-validates-as-required\" aria-required=\"true\" aria-invalid=\"false\" value=\"\" type=\"text\" name=\"pana-la-ce-ora\" \/><\/span><br \/>\n<label>\u0627\u0644\u062a\u0631\u062f\u062f (\u0643\u064a\u0644\u0648 \u0647\u0631\u062a\u0632):<\/label><br \/>\n<span class=\"wpcf7-form-control-wrap\" data-name=\"frecventa-receptiei\"><input size=\"40\" maxlength=\"400\" class=\"wpcf7-form-control wpcf7-text wpcf7-validates-as-required\" aria-required=\"true\" aria-invalid=\"false\" value=\"\" type=\"text\" name=\"frecventa-receptiei\" \/><\/span>\n<\/p>\n<p class=\"user-zone__message\">\u0628\u0631\u0646\u0627\u0645\u062c \u0645\u0641\u0635\u0644\n<\/p>\n<p><label>\u0644\u063a\u0629:<\/label><br \/>\n<span class=\"wpcf7-form-control-wrap\" data-name=\"limba\"><input size=\"40\" maxlength=\"400\" class=\"wpcf7-form-control wpcf7-text wpcf7-validates-as-required\" aria-required=\"true\" aria-invalid=\"false\" value=\"\" type=\"text\" name=\"limba\" \/><\/span><br \/>\n<label>\u062a\u0641\u0627\u0635\u064a\u0644 \u0627\u0644\u0628\u0631\u0646\u0627\u0645\u062c:<\/label><br \/>\n<span class=\"wpcf7-form-control-wrap\" data-name=\"detalii-despre-program\"><textarea cols=\"40\" rows=\"10\" maxlength=\"2000\" class=\"wpcf7-form-control wpcf7-textarea wpcf7-validates-as-required\" aria-required=\"true\" aria-invalid=\"false\" name=\"detalii-despre-program\"><\/textarea><\/span>\n<\/p>\n<p class=\"user-zone__message\">\u062c\u0648\u062f\u0629 \u0627\u0644\u0627\u0633\u062a\u0642\u0628\u0627\u0644\n<\/p>\n<p><label>\u0642\u0648\u0629 \u0627\u0644\u0625\u0634\u0627\u0631\u0629 (S):<\/label><br \/>\n<span class=\"wpcf7-form-control-wrap\" data-name=\"puterea-semnalului\"><select class=\"wpcf7-form-control wpcf7-select wpcf7-validates-as-required\" aria-required=\"true\" aria-invalid=\"false\" name=\"puterea-semnalului\"><option value=\"\">&#8212; \u0627\u0644\u0631\u062c\u0627\u0621 \u062a\u062d\u062f\u064a\u062f \u0627\u062e\u062a\u064a\u0627\u0631 &#8212;<\/option><option value=\"\u0633\u0639\u0627\u062f\u0629\">\u0633\u0639\u0627\u062f\u0629<\/option><option value=\"\u0623\u0647\u0644\u0627\u064b\">\u0623\u0647\u0644\u0627\u064b<\/option><option value=\"\u0645\u0631\u0636\u064a\u0647\">\u0645\u0631\u0636\u064a\u0647<\/option><option value=\"\u0642\u0644\u064a\u0644\">\u0642\u0644\u064a\u0644<\/option><option value=\"\u0646\u062d\u064a\u0641 \u062c\u062f\u0627\">\u0646\u062d\u064a\u0641 \u062c\u062f\u0627<\/option><\/select><\/span><br \/>\n<label>\u0627\u0644\u062a\u062f\u062e\u0644 (\u0623\u0646\u0627):<\/label><br \/>\n<span class=\"wpcf7-form-control-wrap\" data-name=\"interferenta\"><select class=\"wpcf7-form-control wpcf7-select wpcf7-validates-as-required\" aria-required=\"true\" aria-invalid=\"false\" name=\"interferenta\"><option value=\"\">&#8212; \u0627\u0644\u0631\u062c\u0627\u0621 \u062a\u062d\u062f\u064a\u062f \u0627\u062e\u062a\u064a\u0627\u0631 &#8212;<\/option><option value=\"\u0644\u0627 \u0623\u062d\u062f\">\u0644\u0627 \u0623\u062d\u062f<\/option><option value=\"\u0642\u0644\u064a\u0644\">\u0642\u0644\u064a\u0644<\/option><option value=\"\u0645\u062a\u0648\u0633\u0637\">\u0645\u062a\u0648\u0633\u0637<\/option><option value=\"\u0642\u0648\u064a\">\u0642\u0648\u064a<\/option><option value=\"\u0642\u0648\u064a \u062c\u062f\u0627\">\u0642\u0648\u064a \u062c\u062f\u0627<\/option><\/select><\/span><br \/>\n<label>\u0627\u0644\u0636\u0648\u0636\u0627\u0621 (\u0646):<\/label><br \/>\n<span class=\"wpcf7-form-control-wrap\" data-name=\"zgomotul\"><select class=\"wpcf7-form-control wpcf7-select wpcf7-validates-as-required\" aria-required=\"true\" aria-invalid=\"false\" name=\"zgomotul\"><option value=\"\">&#8212; \u0627\u0644\u0631\u062c\u0627\u0621 \u062a\u062d\u062f\u064a\u062f \u0627\u062e\u062a\u064a\u0627\u0631 &#8212;<\/option><option value=\"\u0644\u0627 \u0627\u062d\u062f\">\u0644\u0627 \u0627\u062d\u062f<\/option><option value=\"\u0636\u0639\u064a\u0641\">\u0636\u0639\u064a\u0641<\/option><option value=\"\u0628\u064a\u0626\u0629\">\u0628\u064a\u0626\u0629<\/option><option value=\"\u0642\u0648\u064a\">\u0642\u0648\u064a<\/option><option value=\"\u0642\u0648\u064a \u062c\u062f\u0627\">\u0642\u0648\u064a \u062c\u062f\u0627<\/option><\/select><\/span><br \/>\n<label>\u0627\u0636\u0637\u0631\u0627\u0628\u0627\u062a \u0627\u0644\u0627\u0646\u062a\u0634\u0627\u0631 (P):<\/label><br \/>\n<span class=\"wpcf7-form-control-wrap\" data-name=\"perturbari\"><select class=\"wpcf7-form-control wpcf7-select wpcf7-validates-as-required\" aria-required=\"true\" aria-invalid=\"false\" name=\"perturbari\"><option value=\"\">&#8212; \u0627\u0644\u0631\u062c\u0627\u0621 \u062a\u062d\u062f\u064a\u062f \u0627\u062e\u062a\u064a\u0627\u0631 &#8212;<\/option><option value=\"\u0644\u0627 \u0627\u062d\u062f\">\u0644\u0627 \u0627\u062d\u062f<\/option><option value=\"\u0636\u0639\u064a\u0641\">\u0636\u0639\u064a\u0641<\/option><option value=\"\u0628\u064a\u0626\u0629\">\u0628\u064a\u0626\u0629<\/option><option value=\"\u0642\u0648\u064a\">\u0642\u0648\u064a<\/option><option value=\"\u0642\u0648\u064a \u062c\u062f\u0627\">\u0642\u0648\u064a \u062c\u062f\u0627<\/option><\/select><\/span><br \/>\n<label>\u0627\u0644\u062f\u0631\u062c\u0629 \u0627\u0644\u0639\u0627\u0645\u0629 (O):<\/label><br \/>\n<span class=\"wpcf7-form-control-wrap\" data-name=\"nota-generala\"><select class=\"wpcf7-form-control wpcf7-select wpcf7-validates-as-required\" aria-required=\"true\" aria-invalid=\"false\" name=\"nota-generala\"><option value=\"\">&#8212; \u0627\u0644\u0631\u062c\u0627\u0621 \u062a\u062d\u062f\u064a\u062f \u0627\u062e\u062a\u064a\u0627\u0631 &#8212;<\/option><option value=\"1\">1<\/option><option value=\"2\">2<\/option><option value=\"3\">3<\/option><option value=\"4\">4<\/option><option value=\"5\">5<\/option><\/select><\/span>\n<\/p>\n<p class=\"user-zone__message\">\u0645\u0639\u0644\u0648\u0645\u0627\u062a \u0623\u062e\u0631\u0649\n<\/p>\n<p><label>\u0627\u0644\u062a\u0639\u0644\u064a\u0642\u0627\u062a (\u0645\u0644\u0627\u062d\u0638\u0627\u062a\u060c \u062a\u0639\u0644\u064a\u0642\u0627\u062a\u060c \u0645\u0639\u0644\u0648\u0645\u0627\u062a\u060c \u0627\u0642\u062a\u0631\u0627\u062d\u0627\u062a...):<\/label><br \/>\n<span class=\"wpcf7-form-control-wrap\" data-name=\"comentarii\"><textarea cols=\"40\" rows=\"10\" maxlength=\"2000\" class=\"wpcf7-form-control wpcf7-textarea wpcf7-validates-as-required\" aria-required=\"true\" aria-invalid=\"false\" name=\"comentarii\"><\/textarea><\/span>\n<\/p>\n<p><span class=\"wpcf7-form-control-wrap\" data-name=\"acceptare-gdpr\"><span class=\"wpcf7-form-control wpcf7-acceptance\"><span class=\"wpcf7-list-item\"><label><input type=\"checkbox\" name=\"acceptare-gdpr\" value=\"1\" aria-invalid=\"false\" \/><span class=\"wpcf7-list-item-label\">\u0645\u0646 \u062e\u0644\u0627\u0644 \u0627\u0633\u062a\u0643\u0645\u0627\u0644 \u0647\u0630\u0627 \u0627\u0644\u0646\u0645\u0648\u0630\u062c \u0627\u0644\u062e\u0627\u0635 \u0628\u0640 RRI\u060c \u0641\u0625\u0646\u0646\u0627 \u0646\u0639\u062a\u0628\u0631 \u0623\u0646\u0643 \u062a\u0648\u0627\u0641\u0642 \u0639\u0644\u0649 \u0625\u062f\u062e\u0627\u0644 \u0628\u064a\u0627\u0646\u0627\u062a\u0643 \u0627\u0644\u0634\u062e\u0635\u064a\u0629 \u0627\u0644\u0645\u0637\u0644\u0648\u0628\u0629 \u0625\u0644\u0649 \u0642\u0627\u0639\u062f\u0629 \u0628\u064a\u0627\u0646\u0627\u062a RRI \u0644\u0644\u0645\u0639\u0627\u0644\u062c\u0629 \u0644\u0623\u063a\u0631\u0627\u0636 \u0627\u0644\u0645\u0639\u0644\u0648\u0645\u0627\u062a \u0648\u0627\u0644\u062a\u0633\u0648\u064a\u0642 \u0648\u0627\u0644\u0625\u0639\u0644\u0627\u0646. \u062a\u062a\u0639\u0647\u062f RRI \u0628\u0627\u0644\u0627\u0645\u062a\u062b\u0627\u0644 \u0644\u0623\u062d\u0643\u0627\u0645 \u0627\u0644\u0644\u0627\u0626\u062d\u0629 (\u0627\u0644\u0627\u062a\u062d\u0627\u062f \u0627\u0644\u0623\u0648\u0631\u0648\u0628\u064a) 2016\/679 \u0628\u0634\u0623\u0646 \u062d\u0645\u0627\u064a\u0629 \u0627\u0644\u0628\u064a\u0627\u0646\u0627\u062a \u0627\u0644\u0634\u062e\u0635\u064a\u0629. \u0628\u0646\u0627\u0621\u064b \u0639\u0644\u0649 \u0637\u0644\u0628\u0643 \u0627\u0644\u0635\u0631\u064a\u062d\u060c \u0639\u0628\u0631 \u0627\u0644\u0628\u0631\u064a\u062f \u0627\u0644\u0625\u0644\u0643\u062a\u0631\u0648\u0646\u064a\u060c \u0644\u0646 \u062a\u0642\u0648\u0645 RRI \u0628\u0639\u062f \u0627\u0644\u0622\u0646 \u0628\u062a\u062e\u0632\u064a\u0646 \u0628\u064a\u0627\u0646\u0627\u062a\u0643 \u0627\u0644\u0634\u062e\u0635\u064a\u0629 \u0648\u0627\u0633\u062a\u062e\u062f\u0627\u0645\u0647\u0627.<\/span><\/label><\/span><\/span><\/span>\n<\/p>\n<p><input class=\"wpcf7-form-control wpcf7-submit has-spinner\" type=\"submit\" value=\"\u0625\u0631\u0633\u0627\u0644 \u0646\u0645\u0648\u0630\u062c \u0627\u0644\u0627\u0633\u062a\u0644\u0627\u0645\" \/>\n<\/p><p style=\"display: none !important;\" class=\"akismet-fields-container\" data-prefix=\"_wpcf7_ak_\"><label>&#916;<textarea name=\"_wpcf7_ak_hp_textarea\" cols=\"45\" rows=\"8\" maxlength=\"100\"><\/textarea><\/label><input type=\"hidden\" id=\"ak_js_1\" name=\"_wpcf7_ak_js\" value=\"119\"\/><script>document.getElementById( \"ak_js_1\" ).setAttribute( \"value\", ( new Date() ).getTime() );<\/script><\/p><div class=\"wpcf7-response-output\" aria-hidden=\"true\"><\/div>\n<\/form>\n<\/div>\n\n","protected":false},"excerpt":{"rendered":"","protected":false},"author":1,"featured_media":0,"parent":0,"menu_order":0,"comment_status":"closed","ping_status":"closed","template":"template-formular.php","meta":{"_acf_changed":false,"footnotes":""},"coauthors":[113312],"class_list":["post-655095","page","type-page","status-publish","hentry"],"acf":[],"yoast_head":"<!-- This site is optimized with the Yoast SEO plugin v27.3 - https:\/\/yoast.com\/product\/yoast-seo-wordpress\/ -->\n<title>\u0627\u0633\u062a\u0645\u0627\u0631\u0629 \u0627\u0644\u0627\u0633\u062a\u0642\u0628\u0627\u0644 - \u0635\u0648\u062a \u0631\u0648\u0645\u0627\u0646\u064a\u0627 \u0627\u0644\u0639\u0627\u0644\u0645\u064a<\/title>\n<meta name=\"robots\" content=\"index, follow, max-snippet:-1, max-image-preview:large, max-video-preview:-1\" \/>\n<link rel=\"canonical\" href=\"https:\/\/www.rri.ro\/ar\/\u0627\u0633\u062a\u0645\u0627\u0631\u0629-\u0627\u0644\u0627\u0633\u062a\u0642\u0628\u0627\u0644\" \/>\n<meta property=\"og:locale\" content=\"ar_AR\" \/>\n<meta property=\"og:type\" content=\"article\" \/>\n<meta property=\"og:title\" content=\"\u0627\u0633\u062a\u0645\u0627\u0631\u0629 \u0627\u0644\u0627\u0633\u062a\u0642\u0628\u0627\u0644 - \u0635\u0648\u062a \u0631\u0648\u0645\u0627\u0646\u064a\u0627 \u0627\u0644\u0639\u0627\u0644\u0645\u064a\" \/>\n<meta property=\"og:url\" content=\"https:\/\/www.rri.ro\/ar\/\u0627\u0633\u062a\u0645\u0627\u0631\u0629-\u0627\u0644\u0627\u0633\u062a\u0642\u0628\u0627\u0644\" \/>\n<meta property=\"og:site_name\" content=\"\u0635\u0648\u062a \u0631\u0648\u0645\u0627\u0646\u064a\u0627 \u0627\u0644\u0639\u0627\u0644\u0645\u064a\" \/>\n<meta property=\"article:modified_time\" content=\"2024-03-06T11:12:16+00:00\" \/>\n<meta name=\"twitter:card\" content=\"summary_large_image\" \/>\n<meta name=\"twitter:label1\" content=\"Written by\" \/>\n\t<meta name=\"twitter:data1\" content=\"admin\" \/>\n<script type=\"application\/ld+json\" class=\"yoast-schema-graph\">{\"@context\":\"https:\\\/\\\/schema.org\",\"@graph\":[{\"@type\":\"WebPage\",\"@id\":\"https:\\\/\\\/www.rri.ro\\\/ar\\\/%d8%a7%d8%b3%d8%aa%d9%85%d8%a7%d8%b1%d8%a9-%d8%a7%d9%84%d8%a7%d8%b3%d8%aa%d9%82%d8%a8%d8%a7%d9%84\",\"url\":\"https:\\\/\\\/www.rri.ro\\\/ar\\\/%d8%a7%d8%b3%d8%aa%d9%85%d8%a7%d8%b1%d8%a9-%d8%a7%d9%84%d8%a7%d8%b3%d8%aa%d9%82%d8%a8%d8%a7%d9%84\",\"name\":\"\u0627\u0633\u062a\u0645\u0627\u0631\u0629 \u0627\u0644\u0627\u0633\u062a\u0642\u0628\u0627\u0644 - \u0635\u0648\u062a \u0631\u0648\u0645\u0627\u0646\u064a\u0627 \u0627\u0644\u0639\u0627\u0644\u0645\u064a\",\"isPartOf\":{\"@id\":\"https:\\\/\\\/www.rri.ro\\\/#website\"},\"datePublished\":\"2024-02-21T19:20:21+00:00\",\"dateModified\":\"2024-03-06T11:12:16+00:00\",\"breadcrumb\":{\"@id\":\"https:\\\/\\\/www.rri.ro\\\/ar\\\/%d8%a7%d8%b3%d8%aa%d9%85%d8%a7%d8%b1%d8%a9-%d8%a7%d9%84%d8%a7%d8%b3%d8%aa%d9%82%d8%a8%d8%a7%d9%84#breadcrumb\"},\"inLanguage\":\"ar\",\"potentialAction\":[{\"@type\":\"ReadAction\",\"target\":[\"https:\\\/\\\/www.rri.ro\\\/ar\\\/%d8%a7%d8%b3%d8%aa%d9%85%d8%a7%d8%b1%d8%a9-%d8%a7%d9%84%d8%a7%d8%b3%d8%aa%d9%82%d8%a8%d8%a7%d9%84\"]}]},{\"@type\":\"BreadcrumbList\",\"@id\":\"https:\\\/\\\/www.rri.ro\\\/ar\\\/%d8%a7%d8%b3%d8%aa%d9%85%d8%a7%d8%b1%d8%a9-%d8%a7%d9%84%d8%a7%d8%b3%d8%aa%d9%82%d8%a8%d8%a7%d9%84#breadcrumb\",\"itemListElement\":[{\"@type\":\"ListItem\",\"position\":1,\"name\":\"\u0627\u0644\u0635\u0641\u062d\u0629 \u0627\u0644\u0631\u0626\u064a\u0633\u064a\u0629\",\"item\":\"https:\\\/\\\/www.rri.ro\\\/ar\"},{\"@type\":\"ListItem\",\"position\":2,\"name\":\"\u0627\u0633\u062a\u0645\u0627\u0631\u0629 \u0627\u0644\u0627\u0633\u062a\u0642\u0628\u0627\u0644\"}]},{\"@type\":\"WebSite\",\"@id\":\"https:\\\/\\\/www.rri.ro\\\/#website\",\"url\":\"https:\\\/\\\/www.rri.ro\\\/\",\"name\":\"\u0635\u0648\u062a \u0631\u0648\u0645\u0627\u0646\u064a\u0627 \u0627\u0644\u0639\u0627\u0644\u0645\u064a\",\"description\":\"Totul despre Rom\u00e2nia \u015fi rom\u00e2ni, \u00een 13 limbi\\\/dialecte!\",\"inLanguage\":\"ar\"}]}<\/script>\n<!-- \/ Yoast SEO plugin. -->","yoast_head_json":{"title":"\u0627\u0633\u062a\u0645\u0627\u0631\u0629 \u0627\u0644\u0627\u0633\u062a\u0642\u0628\u0627\u0644 - \u0635\u0648\u062a \u0631\u0648\u0645\u0627\u0646\u064a\u0627 \u0627\u0644\u0639\u0627\u0644\u0645\u064a","robots":{"index":"index","follow":"follow","max-snippet":"max-snippet:-1","max-image-preview":"max-image-preview:large","max-video-preview":"max-video-preview:-1"},"canonical":"https:\/\/www.rri.ro\/ar\/\u0627\u0633\u062a\u0645\u0627\u0631\u0629-\u0627\u0644\u0627\u0633\u062a\u0642\u0628\u0627\u0644","og_locale":"ar_AR","og_type":"article","og_title":"\u0627\u0633\u062a\u0645\u0627\u0631\u0629 \u0627\u0644\u0627\u0633\u062a\u0642\u0628\u0627\u0644 - \u0635\u0648\u062a \u0631\u0648\u0645\u0627\u0646\u064a\u0627 \u0627\u0644\u0639\u0627\u0644\u0645\u064a","og_url":"https:\/\/www.rri.ro\/ar\/\u0627\u0633\u062a\u0645\u0627\u0631\u0629-\u0627\u0644\u0627\u0633\u062a\u0642\u0628\u0627\u0644","og_site_name":"\u0635\u0648\u062a \u0631\u0648\u0645\u0627\u0646\u064a\u0627 \u0627\u0644\u0639\u0627\u0644\u0645\u064a","article_modified_time":"2024-03-06T11:12:16+00:00","twitter_card":"summary_large_image","twitter_misc":{"Written by":"admin"},"schema":{"@context":"https:\/\/schema.org","@graph":[{"@type":"WebPage","@id":"https:\/\/www.rri.ro\/ar\/%d8%a7%d8%b3%d8%aa%d9%85%d8%a7%d8%b1%d8%a9-%d8%a7%d9%84%d8%a7%d8%b3%d8%aa%d9%82%d8%a8%d8%a7%d9%84","url":"https:\/\/www.rri.ro\/ar\/%d8%a7%d8%b3%d8%aa%d9%85%d8%a7%d8%b1%d8%a9-%d8%a7%d9%84%d8%a7%d8%b3%d8%aa%d9%82%d8%a8%d8%a7%d9%84","name":"\u0627\u0633\u062a\u0645\u0627\u0631\u0629 \u0627\u0644\u0627\u0633\u062a\u0642\u0628\u0627\u0644 - \u0635\u0648\u062a \u0631\u0648\u0645\u0627\u0646\u064a\u0627 \u0627\u0644\u0639\u0627\u0644\u0645\u064a","isPartOf":{"@id":"https:\/\/www.rri.ro\/#website"},"datePublished":"2024-02-21T19:20:21+00:00","dateModified":"2024-03-06T11:12:16+00:00","breadcrumb":{"@id":"https:\/\/www.rri.ro\/ar\/%d8%a7%d8%b3%d8%aa%d9%85%d8%a7%d8%b1%d8%a9-%d8%a7%d9%84%d8%a7%d8%b3%d8%aa%d9%82%d8%a8%d8%a7%d9%84#breadcrumb"},"inLanguage":"ar","potentialAction":[{"@type":"ReadAction","target":["https:\/\/www.rri.ro\/ar\/%d8%a7%d8%b3%d8%aa%d9%85%d8%a7%d8%b1%d8%a9-%d8%a7%d9%84%d8%a7%d8%b3%d8%aa%d9%82%d8%a8%d8%a7%d9%84"]}]},{"@type":"BreadcrumbList","@id":"https:\/\/www.rri.ro\/ar\/%d8%a7%d8%b3%d8%aa%d9%85%d8%a7%d8%b1%d8%a9-%d8%a7%d9%84%d8%a7%d8%b3%d8%aa%d9%82%d8%a8%d8%a7%d9%84#breadcrumb","itemListElement":[{"@type":"ListItem","position":1,"name":"\u0627\u0644\u0635\u0641\u062d\u0629 \u0627\u0644\u0631\u0626\u064a\u0633\u064a\u0629","item":"https:\/\/www.rri.ro\/ar"},{"@type":"ListItem","position":2,"name":"\u0627\u0633\u062a\u0645\u0627\u0631\u0629 \u0627\u0644\u0627\u0633\u062a\u0642\u0628\u0627\u0644"}]},{"@type":"WebSite","@id":"https:\/\/www.rri.ro\/#website","url":"https:\/\/www.rri.ro\/","name":"\u0635\u0648\u062a \u0631\u0648\u0645\u0627\u0646\u064a\u0627 \u0627\u0644\u0639\u0627\u0644\u0645\u064a","description":"Totul despre Rom\u00e2nia \u015fi rom\u00e2ni, \u00een 13 limbi\/dialecte!","inLanguage":"ar"}]}},"_links":{"self":[{"href":"https:\/\/www.rri.ro\/ar\/wp-json\/wp\/v2\/pages\/655095","targetHints":{"allow":["GET"]}}],"collection":[{"href":"https:\/\/www.rri.ro\/ar\/wp-json\/wp\/v2\/pages"}],"about":[{"href":"https:\/\/www.rri.ro\/ar\/wp-json\/wp\/v2\/types\/page"}],"author":[{"embeddable":true,"href":"https:\/\/www.rri.ro\/ar\/wp-json\/wp\/v2\/users\/1"}],"replies":[{"embeddable":true,"href":"https:\/\/www.rri.ro\/ar\/wp-json\/wp\/v2\/comments?post=655095"}],"version-history":[{"count":0,"href":"https:\/\/www.rri.ro\/ar\/wp-json\/wp\/v2\/pages\/655095\/revisions"}],"wp:attachment":[{"href":"https:\/\/www.rri.ro\/ar\/wp-json\/wp\/v2\/media?parent=655095"}],"wp:term":[{"taxonomy":"author","embeddable":true,"href":"https:\/\/www.rri.ro\/ar\/wp-json\/wp\/v2\/coauthors?post=655095"}],"curies":[{"name":"wp","href":"https:\/\/api.w.org\/{rel}","templated":true}]}}