{"id":621347,"date":"2024-01-25T11:40:56","date_gmt":"2024-01-25T09:40:56","guid":{"rendered":"http:\/\/devrri.freshlemon.ro\/frequenzen"},"modified":"2026-03-26T16:36:56","modified_gmt":"2026-03-26T14:36:56","slug":"frequenzen","status":"publish","type":"page","link":"https:\/\/www.rri.ro\/de\/frequenzen","title":{"rendered":"Frequenzen"},"content":{"rendered":"<div>\n<p>&nbsp;<\/p>\n<\/div>\n<p><span style=\"font-size: 14pt;\">Rum\u00e4nien stellt am 29. M\u00e4rz auf Sommerzeit um und wechselt auch die Frequenzen der Auslandsprogramme seines \u00d6ffentlich-Rechtlichen Rundfunksenders.<\/span><\/p>\n<div align=\"left\">\n<p>&nbsp;<\/p>\n<p><span style=\"font-size: 14pt;\">Ab nun k\u00f6nnen Sie die deutschsprachigen Programme von RRI auf folgenden Wellenl\u00e4ngen \u00fcber analoge Kurzwelle und via DRM empfangen. Sollte der Empfang auf der Stammfrequenz aufgrund der immer \u00f6fter auftretenden Ausf\u00e4lle einmal nicht funktionieren, probieren Sie es bitte auch auf der alternativen Frequenz.<br \/>\n<\/span><\/p>\n<\/div>\n<p>&nbsp;<\/p>\n<div align=\"left\">\n<table class=\"aligncenter\" style=\"width: 78.7215%; height: 222px;\" border=\"2\">\n<tbody>\n<tr>\n<td style=\"text-align: left; width: 22.082%;\"><span style=\"font-size: 14pt;\"><strong>Uhrzeit (UTC)<\/strong><\/span><\/td>\n<td style=\"width: 24.4479%;\"><span style=\"font-size: 14pt;\"><strong>Frequenz (kHz)<\/strong><\/span><\/td>\n<td style=\"width: 35.801%;\"><span style=\"font-size: 14pt;\"><strong>Reservefrequenz (kHz)<\/strong><\/span><\/td>\n<td style=\"text-align: center; width: 15.7763%;\"><span style=\"font-size: 14pt;\"><strong>Zielgebiet<\/strong><\/span><\/td>\n<\/tr>\n<tr>\n<td style=\"text-align: center; width: 22.082%;\"><span style=\"font-size: 14pt;\">06.00 \u2013 06.30<\/span><\/td>\n<td style=\"text-align: center; width: 24.4479%;\">9700<\/td>\n<td style=\"text-align: center; width: 35.801%;\">9650<\/td>\n<td style=\"width: 15.7763%;\"><span style=\"font-size: 14pt;\">Mittel- und Westeuropa<\/span><\/td>\n<\/tr>\n<tr>\n<td style=\"text-align: center; width: 22.082%;\"><span style=\"font-size: 14pt;\">14.00 \u2013 15.00<\/span><\/td>\n<td style=\"text-align: center; width: 24.4479%;\">11880<\/td>\n<td style=\"text-align: center; width: 35.801%;\">11730<\/td>\n<td style=\"width: 15.7763%;\"><span style=\"font-size: 14pt;\">Mittel- und Westeuropa<\/span><\/td>\n<\/tr>\n<tr>\n<td style=\"text-align: center; width: 22.082%;\"><span style=\"font-size: 14pt;\">18.00 \u2013 19.00<\/span><\/td>\n<td style=\"text-align: center; width: 24.4479%;\"><span style=\"font-size: 14pt; color: #ff0000;\">7 235 DRM<\/span><\/td>\n<td style=\"text-align: center; width: 35.801%;\">11750<\/td>\n<td style=\"width: 15.7763%;\"><span style=\"font-size: 14pt;\">Mittel- und Westeuropa<\/span><\/td>\n<\/tr>\n<\/tbody>\n<\/table>\n<\/div>\n<div align=\"left\"><\/div>\n<div align=\"left\"><span style=\"font-size: 14pt;\">Wir sind auch wieder per Satellit empfangbar, und zwar auf Eutelsat 16A, 16\u00b0 Ost, vertikale Polarisierung, Frequenz 11512 MHz, Symbolrate: 29,950 MSym\/s im DVB-S2-Standard, Modulation 8PSK, Audio PID510.<\/span><\/div>\n","protected":false},"excerpt":{"rendered":"<p>&nbsp; Rum\u00e4nien stellt am 29. M\u00e4rz auf Sommerzeit um und wechselt auch die Frequenzen der Auslandsprogramme seines \u00d6ffentlich-Rechtlichen Rundfunksenders. &nbsp; Ab nun k\u00f6nnen Sie die deutschsprachigen Programme von RRI auf folgenden Wellenl\u00e4ngen \u00fcber analoge Kurzwelle und via DRM empfangen. Sollte der Empfang auf der Stammfrequenz aufgrund der immer \u00f6fter auftretenden Ausf\u00e4lle einmal nicht funktionieren, probieren [&hellip;]<\/p>\n","protected":false},"author":1,"featured_media":1000014,"parent":0,"menu_order":0,"comment_status":"closed","ping_status":"closed","template":"","meta":{"_acf_changed":false,"footnotes":""},"coauthors":[113312],"class_list":["post-621347","page","type-page","status-publish","has-post-thumbnail","hentry"],"acf":[],"yoast_head":"<!-- This site is optimized with the Yoast SEO plugin v27.5 - https:\/\/yoast.com\/product\/yoast-seo-wordpress\/ -->\n<title>Frequenzen - Radio Rum\u00e4nien International<\/title>\n<meta name=\"robots\" content=\"index, follow, max-snippet:-1, max-image-preview:large, max-video-preview:-1\" \/>\n<link rel=\"canonical\" href=\"https:\/\/www.rri.ro\/de\/frequenzen\" \/>\n<meta property=\"og:locale\" content=\"de_DE\" \/>\n<meta property=\"og:type\" content=\"article\" \/>\n<meta property=\"og:title\" content=\"Frequenzen - Radio Rum\u00e4nien International\" \/>\n<meta property=\"og:description\" content=\"&nbsp; Rum\u00e4nien stellt am 29. M\u00e4rz auf Sommerzeit um und wechselt auch die Frequenzen der Auslandsprogramme seines \u00d6ffentlich-Rechtlichen Rundfunksenders. &nbsp; Ab nun k\u00f6nnen Sie die deutschsprachigen Programme von RRI auf folgenden Wellenl\u00e4ngen \u00fcber analoge Kurzwelle und via DRM empfangen. Sollte der Empfang auf der Stammfrequenz aufgrund der immer \u00f6fter auftretenden Ausf\u00e4lle einmal nicht funktionieren, probieren [&hellip;]\" \/>\n<meta property=\"og:url\" content=\"https:\/\/www.rri.ro\/de\/frequenzen\" \/>\n<meta property=\"og:site_name\" content=\"Radio Rum\u00e4nien International\" \/>\n<meta property=\"article:modified_time\" content=\"2026-03-26T14:36:56+00:00\" \/>\n<meta name=\"twitter:card\" content=\"summary_large_image\" \/>\n<meta name=\"twitter:label1\" content=\"Gesch\u00e4tzte Lesezeit\" \/>\n\t<meta name=\"twitter:data1\" content=\"1\u00a0Minute\" \/>\n\t<meta name=\"twitter:label2\" content=\"Written by\" \/>\n\t<meta name=\"twitter:data2\" content=\"admin\" \/>\n<script type=\"application\/ld+json\" class=\"yoast-schema-graph\">{\"@context\":\"https:\\\/\\\/schema.org\",\"@graph\":[{\"@type\":\"WebPage\",\"@id\":\"https:\\\/\\\/www.rri.ro\\\/de\\\/frequenzen\",\"url\":\"https:\\\/\\\/www.rri.ro\\\/de\\\/frequenzen\",\"name\":\"Frequenzen - Radio Rum\u00e4nien International\",\"isPartOf\":{\"@id\":\"https:\\\/\\\/www.rri.ro\\\/#website\"},\"primaryImageOfPage\":{\"@id\":\"https:\\\/\\\/www.rri.ro\\\/de\\\/frequenzen#primaryimage\"},\"image\":{\"@id\":\"https:\\\/\\\/www.rri.ro\\\/de\\\/frequenzen#primaryimage\"},\"thumbnailUrl\":\"https:\\\/\\\/www.rri.ro\\\/wp-content\\\/uploads\\\/2026\\\/03\\\/PLIANT-RRI-INTERIOR-2026-JPG-mic.jpg\",\"datePublished\":\"2024-01-25T09:40:56+00:00\",\"dateModified\":\"2026-03-26T14:36:56+00:00\",\"breadcrumb\":{\"@id\":\"https:\\\/\\\/www.rri.ro\\\/de\\\/frequenzen#breadcrumb\"},\"inLanguage\":\"de\",\"potentialAction\":[{\"@type\":\"ReadAction\",\"target\":[\"https:\\\/\\\/www.rri.ro\\\/de\\\/frequenzen\"]}]},{\"@type\":\"ImageObject\",\"inLanguage\":\"de\",\"@id\":\"https:\\\/\\\/www.rri.ro\\\/de\\\/frequenzen#primaryimage\",\"url\":\"https:\\\/\\\/www.rri.ro\\\/wp-content\\\/uploads\\\/2026\\\/03\\\/PLIANT-RRI-INTERIOR-2026-JPG-mic.jpg\",\"contentUrl\":\"https:\\\/\\\/www.rri.ro\\\/wp-content\\\/uploads\\\/2026\\\/03\\\/PLIANT-RRI-INTERIOR-2026-JPG-mic.jpg\",\"width\":1624,\"height\":2400,\"caption\":\"RRI Summer 2026 leaflet\"},{\"@type\":\"BreadcrumbList\",\"@id\":\"https:\\\/\\\/www.rri.ro\\\/de\\\/frequenzen#breadcrumb\",\"itemListElement\":[{\"@type\":\"ListItem\",\"position\":1,\"name\":\"Startseite\",\"item\":\"https:\\\/\\\/www.rri.ro\\\/de\"},{\"@type\":\"ListItem\",\"position\":2,\"name\":\"Frequenzen\"}]},{\"@type\":\"WebSite\",\"@id\":\"https:\\\/\\\/www.rri.ro\\\/#website\",\"url\":\"https:\\\/\\\/www.rri.ro\\\/\",\"name\":\"Radio Rum\u00e4nien International\",\"description\":\"Totul despre Rom\u00e2nia \u015fi rom\u00e2ni, \u00een 13 limbi\\\/dialecte!\",\"inLanguage\":\"de\"}]}<\/script>\n<!-- \/ Yoast SEO plugin. -->","yoast_head_json":{"title":"Frequenzen - Radio Rum\u00e4nien International","robots":{"index":"index","follow":"follow","max-snippet":"max-snippet:-1","max-image-preview":"max-image-preview:large","max-video-preview":"max-video-preview:-1"},"canonical":"https:\/\/www.rri.ro\/de\/frequenzen","og_locale":"de_DE","og_type":"article","og_title":"Frequenzen - Radio Rum\u00e4nien International","og_description":"&nbsp; Rum\u00e4nien stellt am 29. M\u00e4rz auf Sommerzeit um und wechselt auch die Frequenzen der Auslandsprogramme seines \u00d6ffentlich-Rechtlichen Rundfunksenders. &nbsp; Ab nun k\u00f6nnen Sie die deutschsprachigen Programme von RRI auf folgenden Wellenl\u00e4ngen \u00fcber analoge Kurzwelle und via DRM empfangen. Sollte der Empfang auf der Stammfrequenz aufgrund der immer \u00f6fter auftretenden Ausf\u00e4lle einmal nicht funktionieren, probieren [&hellip;]","og_url":"https:\/\/www.rri.ro\/de\/frequenzen","og_site_name":"Radio Rum\u00e4nien International","article_modified_time":"2026-03-26T14:36:56+00:00","twitter_card":"summary_large_image","twitter_misc":{"Gesch\u00e4tzte Lesezeit":"1\u00a0Minute","Written by":"admin"},"schema":{"@context":"https:\/\/schema.org","@graph":[{"@type":"WebPage","@id":"https:\/\/www.rri.ro\/de\/frequenzen","url":"https:\/\/www.rri.ro\/de\/frequenzen","name":"Frequenzen - Radio Rum\u00e4nien International","isPartOf":{"@id":"https:\/\/www.rri.ro\/#website"},"primaryImageOfPage":{"@id":"https:\/\/www.rri.ro\/de\/frequenzen#primaryimage"},"image":{"@id":"https:\/\/www.rri.ro\/de\/frequenzen#primaryimage"},"thumbnailUrl":"https:\/\/www.rri.ro\/wp-content\/uploads\/2026\/03\/PLIANT-RRI-INTERIOR-2026-JPG-mic.jpg","datePublished":"2024-01-25T09:40:56+00:00","dateModified":"2026-03-26T14:36:56+00:00","breadcrumb":{"@id":"https:\/\/www.rri.ro\/de\/frequenzen#breadcrumb"},"inLanguage":"de","potentialAction":[{"@type":"ReadAction","target":["https:\/\/www.rri.ro\/de\/frequenzen"]}]},{"@type":"ImageObject","inLanguage":"de","@id":"https:\/\/www.rri.ro\/de\/frequenzen#primaryimage","url":"https:\/\/www.rri.ro\/wp-content\/uploads\/2026\/03\/PLIANT-RRI-INTERIOR-2026-JPG-mic.jpg","contentUrl":"https:\/\/www.rri.ro\/wp-content\/uploads\/2026\/03\/PLIANT-RRI-INTERIOR-2026-JPG-mic.jpg","width":1624,"height":2400,"caption":"RRI Summer 2026 leaflet"},{"@type":"BreadcrumbList","@id":"https:\/\/www.rri.ro\/de\/frequenzen#breadcrumb","itemListElement":[{"@type":"ListItem","position":1,"name":"Startseite","item":"https:\/\/www.rri.ro\/de"},{"@type":"ListItem","position":2,"name":"Frequenzen"}]},{"@type":"WebSite","@id":"https:\/\/www.rri.ro\/#website","url":"https:\/\/www.rri.ro\/","name":"Radio Rum\u00e4nien International","description":"Totul despre Rom\u00e2nia \u015fi rom\u00e2ni, \u00een 13 limbi\/dialecte!","inLanguage":"de"}]}},"_links":{"self":[{"href":"https:\/\/www.rri.ro\/de\/wp-json\/wp\/v2\/pages\/621347","targetHints":{"allow":["GET"]}}],"collection":[{"href":"https:\/\/www.rri.ro\/de\/wp-json\/wp\/v2\/pages"}],"about":[{"href":"https:\/\/www.rri.ro\/de\/wp-json\/wp\/v2\/types\/page"}],"author":[{"embeddable":true,"href":"https:\/\/www.rri.ro\/de\/wp-json\/wp\/v2\/users\/1"}],"replies":[{"embeddable":true,"href":"https:\/\/www.rri.ro\/de\/wp-json\/wp\/v2\/comments?post=621347"}],"version-history":[{"count":0,"href":"https:\/\/www.rri.ro\/de\/wp-json\/wp\/v2\/pages\/621347\/revisions"}],"wp:featuredmedia":[{"embeddable":true,"href":"https:\/\/www.rri.ro\/de\/wp-json\/wp\/v2\/media\/1000014"}],"wp:attachment":[{"href":"https:\/\/www.rri.ro\/de\/wp-json\/wp\/v2\/media?parent=621347"}],"wp:term":[{"taxonomy":"author","embeddable":true,"href":"https:\/\/www.rri.ro\/de\/wp-json\/wp\/v2\/coauthors?post=621347"}],"curies":[{"name":"wp","href":"https:\/\/api.w.org\/{rel}","templated":true}]}}