{"id":621424,"date":"2024-01-25T11:40:36","date_gmt":"2024-01-25T09:40:36","guid":{"rendered":"http:\/\/devrri.freshlemon.ro\/raster"},"modified":"2024-11-22T11:57:36","modified_gmt":"2024-11-22T09:57:36","slug":"raster","status":"publish","type":"page","link":"https:\/\/www.rri.ro\/de\/raster","title":{"rendered":"Programm"},"content":{"rendered":"<p><strong>Montag:<\/strong><br \/>\nFunkjournal \/ Feature: Pro Memoria \/ Rubrik: Schwerpunkt Umwelt\/ Musik; Rock&amp;Pop \/ Schlusspunk: Sport<\/p>\n<p><strong>Dienstag:<\/strong><br \/>\nFunkjournal \/ Feature: Enzyklop\u00e4die \/ Rubrik: Reiseland Rum\u00e4nien\/ Musik; Klassik \/ Schlusspunk: Deutsche Minderheit<\/p>\n<p><strong>Mittwoch:<\/strong><br \/>\nFunkjournal \/ Feature: Sozialreport \/ Rubrik: Rum\u00e4nien in der NATO \/ Musik; Volksmusik \/ Schlusspunk: Freizeit &amp; Kultur<\/p>\n<p><strong>Donnerstag:<\/strong><br \/>\nFunkjournal \/ Feature: Rum\u00e4nien einmal anders \/ Rubrik: Expat-Profile \/ Musik; Jazz \/ Schlusspunk: Wirtschaft<\/p>\n<p><strong>Freitag;<\/strong><br \/>\nFunkjournal \/ Feature: Das globale Dorf \/ Musik; Volksmusik \/ Schlusspunk: Rum\u00e4nische Pers\u00f6nlichkeiten<\/p>\n<p><strong>Samstag:<\/strong><br \/>\nFunkjournal (mit Wochenspiegel) \/ Feature: Kulturchronik \/ Musik: Rock&amp;Pop \/ Schlusspunkt: Highlights der Woche, 1. Teil<\/p>\n<p><strong>Sonntag:\u00a0<\/strong><br \/>\nFunkjournal \/ Feature: Radiotour \/ Funkbriefkasten \/ Musik: Jazz \/ Schlusspunkt: Highlights der Woche, 2. Teil<\/p>\n<p>&nbsp;<\/p>\n<p>&nbsp;<\/p>\n<p>&nbsp;<\/p>\n","protected":false},"excerpt":{"rendered":"<p>Montag: Funkjournal \/ Feature: Pro Memoria \/ Rubrik: Schwerpunkt Umwelt\/ Musik; Rock&amp;Pop \/ Schlusspunk: Sport Dienstag: Funkjournal \/ Feature: Enzyklop\u00e4die \/ Rubrik: Reiseland Rum\u00e4nien\/ Musik; Klassik \/ Schlusspunk: Deutsche Minderheit Mittwoch: Funkjournal \/ Feature: Sozialreport \/ Rubrik: Rum\u00e4nien in der NATO \/ Musik; Volksmusik \/ Schlusspunk: Freizeit &amp; Kultur Donnerstag: Funkjournal \/ Feature: Rum\u00e4nien einmal [&hellip;]<\/p>\n","protected":false},"author":1,"featured_media":0,"parent":0,"menu_order":0,"comment_status":"closed","ping_status":"closed","template":"","meta":{"_acf_changed":false,"footnotes":""},"coauthors":[113312],"class_list":["post-621424","page","type-page","status-publish","hentry"],"acf":[],"yoast_head":"<!-- This site is optimized with the Yoast SEO plugin v27.3 - https:\/\/yoast.com\/product\/yoast-seo-wordpress\/ -->\n<title>Programm - Radio Rum\u00e4nien International<\/title>\n<meta name=\"robots\" content=\"index, follow, max-snippet:-1, max-image-preview:large, max-video-preview:-1\" \/>\n<link rel=\"canonical\" href=\"https:\/\/www.rri.ro\/de\/raster\" \/>\n<meta property=\"og:locale\" content=\"de_DE\" \/>\n<meta property=\"og:type\" content=\"article\" \/>\n<meta property=\"og:title\" content=\"Programm - Radio Rum\u00e4nien International\" \/>\n<meta property=\"og:description\" content=\"Montag: Funkjournal \/ Feature: Pro Memoria \/ Rubrik: Schwerpunkt Umwelt\/ Musik; Rock&amp;Pop \/ Schlusspunk: Sport Dienstag: Funkjournal \/ Feature: Enzyklop\u00e4die \/ Rubrik: Reiseland Rum\u00e4nien\/ Musik; Klassik \/ Schlusspunk: Deutsche Minderheit Mittwoch: Funkjournal \/ Feature: Sozialreport \/ Rubrik: Rum\u00e4nien in der NATO \/ Musik; Volksmusik \/ Schlusspunk: Freizeit &amp; Kultur Donnerstag: Funkjournal \/ Feature: Rum\u00e4nien einmal [&hellip;]\" \/>\n<meta property=\"og:url\" content=\"https:\/\/www.rri.ro\/de\/raster\" \/>\n<meta property=\"og:site_name\" content=\"Radio Rum\u00e4nien International\" \/>\n<meta property=\"article:modified_time\" content=\"2024-11-22T09:57:36+00:00\" \/>\n<meta name=\"twitter:card\" content=\"summary_large_image\" \/>\n<meta name=\"twitter:label1\" content=\"Gesch\u00e4tzte Lesezeit\" \/>\n\t<meta name=\"twitter:data1\" content=\"1\u00a0Minute\" \/>\n\t<meta name=\"twitter:label2\" content=\"Written by\" \/>\n\t<meta name=\"twitter:data2\" content=\"admin\" \/>\n<script type=\"application\/ld+json\" class=\"yoast-schema-graph\">{\"@context\":\"https:\\\/\\\/schema.org\",\"@graph\":[{\"@type\":\"WebPage\",\"@id\":\"https:\\\/\\\/www.rri.ro\\\/de\\\/raster\",\"url\":\"https:\\\/\\\/www.rri.ro\\\/de\\\/raster\",\"name\":\"Programm - Radio Rum\u00e4nien International\",\"isPartOf\":{\"@id\":\"https:\\\/\\\/www.rri.ro\\\/#website\"},\"datePublished\":\"2024-01-25T09:40:36+00:00\",\"dateModified\":\"2024-11-22T09:57:36+00:00\",\"breadcrumb\":{\"@id\":\"https:\\\/\\\/www.rri.ro\\\/de\\\/raster#breadcrumb\"},\"inLanguage\":\"de\",\"potentialAction\":[{\"@type\":\"ReadAction\",\"target\":[\"https:\\\/\\\/www.rri.ro\\\/de\\\/raster\"]}]},{\"@type\":\"BreadcrumbList\",\"@id\":\"https:\\\/\\\/www.rri.ro\\\/de\\\/raster#breadcrumb\",\"itemListElement\":[{\"@type\":\"ListItem\",\"position\":1,\"name\":\"Startseite\",\"item\":\"https:\\\/\\\/www.rri.ro\\\/de\"},{\"@type\":\"ListItem\",\"position\":2,\"name\":\"Programm\"}]},{\"@type\":\"WebSite\",\"@id\":\"https:\\\/\\\/www.rri.ro\\\/#website\",\"url\":\"https:\\\/\\\/www.rri.ro\\\/\",\"name\":\"Radio Rum\u00e4nien International\",\"description\":\"Totul despre Rom\u00e2nia \u015fi rom\u00e2ni, \u00een 13 limbi\\\/dialecte!\",\"inLanguage\":\"de\"}]}<\/script>\n<!-- \/ Yoast SEO plugin. -->","yoast_head_json":{"title":"Programm - Radio Rum\u00e4nien International","robots":{"index":"index","follow":"follow","max-snippet":"max-snippet:-1","max-image-preview":"max-image-preview:large","max-video-preview":"max-video-preview:-1"},"canonical":"https:\/\/www.rri.ro\/de\/raster","og_locale":"de_DE","og_type":"article","og_title":"Programm - Radio Rum\u00e4nien International","og_description":"Montag: Funkjournal \/ Feature: Pro Memoria \/ Rubrik: Schwerpunkt Umwelt\/ Musik; Rock&amp;Pop \/ Schlusspunk: Sport Dienstag: Funkjournal \/ Feature: Enzyklop\u00e4die \/ Rubrik: Reiseland Rum\u00e4nien\/ Musik; Klassik \/ Schlusspunk: Deutsche Minderheit Mittwoch: Funkjournal \/ Feature: Sozialreport \/ Rubrik: Rum\u00e4nien in der NATO \/ Musik; Volksmusik \/ Schlusspunk: Freizeit &amp; Kultur Donnerstag: Funkjournal \/ Feature: Rum\u00e4nien einmal [&hellip;]","og_url":"https:\/\/www.rri.ro\/de\/raster","og_site_name":"Radio Rum\u00e4nien International","article_modified_time":"2024-11-22T09:57:36+00:00","twitter_card":"summary_large_image","twitter_misc":{"Gesch\u00e4tzte Lesezeit":"1\u00a0Minute","Written by":"admin"},"schema":{"@context":"https:\/\/schema.org","@graph":[{"@type":"WebPage","@id":"https:\/\/www.rri.ro\/de\/raster","url":"https:\/\/www.rri.ro\/de\/raster","name":"Programm - Radio Rum\u00e4nien International","isPartOf":{"@id":"https:\/\/www.rri.ro\/#website"},"datePublished":"2024-01-25T09:40:36+00:00","dateModified":"2024-11-22T09:57:36+00:00","breadcrumb":{"@id":"https:\/\/www.rri.ro\/de\/raster#breadcrumb"},"inLanguage":"de","potentialAction":[{"@type":"ReadAction","target":["https:\/\/www.rri.ro\/de\/raster"]}]},{"@type":"BreadcrumbList","@id":"https:\/\/www.rri.ro\/de\/raster#breadcrumb","itemListElement":[{"@type":"ListItem","position":1,"name":"Startseite","item":"https:\/\/www.rri.ro\/de"},{"@type":"ListItem","position":2,"name":"Programm"}]},{"@type":"WebSite","@id":"https:\/\/www.rri.ro\/#website","url":"https:\/\/www.rri.ro\/","name":"Radio Rum\u00e4nien International","description":"Totul despre Rom\u00e2nia \u015fi rom\u00e2ni, \u00een 13 limbi\/dialecte!","inLanguage":"de"}]}},"_links":{"self":[{"href":"https:\/\/www.rri.ro\/de\/wp-json\/wp\/v2\/pages\/621424","targetHints":{"allow":["GET"]}}],"collection":[{"href":"https:\/\/www.rri.ro\/de\/wp-json\/wp\/v2\/pages"}],"about":[{"href":"https:\/\/www.rri.ro\/de\/wp-json\/wp\/v2\/types\/page"}],"author":[{"embeddable":true,"href":"https:\/\/www.rri.ro\/de\/wp-json\/wp\/v2\/users\/1"}],"replies":[{"embeddable":true,"href":"https:\/\/www.rri.ro\/de\/wp-json\/wp\/v2\/comments?post=621424"}],"version-history":[{"count":0,"href":"https:\/\/www.rri.ro\/de\/wp-json\/wp\/v2\/pages\/621424\/revisions"}],"wp:attachment":[{"href":"https:\/\/www.rri.ro\/de\/wp-json\/wp\/v2\/media?parent=621424"}],"wp:term":[{"taxonomy":"author","embeddable":true,"href":"https:\/\/www.rri.ro\/de\/wp-json\/wp\/v2\/coauthors?post=621424"}],"curies":[{"name":"wp","href":"https:\/\/api.w.org\/{rel}","templated":true}]}}