{"id":711277,"date":"2023-05-16T13:48:35","date_gmt":"2023-05-16T10:48:35","guid":{"rendered":"http:\/\/devrri.freshlemon.ro\/termeni-de-utilizare"},"modified":"2024-03-14T14:42:55","modified_gmt":"2024-03-14T12:42:55","slug":"nutzungsbedingungen","status":"publish","type":"page","link":"https:\/\/www.rri.ro\/de\/nutzungsbedingungen","title":{"rendered":"Nutzungsbedingungen"},"content":{"rendered":"\r\n<p class=\"sumar\">Diese Website ist \u00f6ffentlich unter der Anschrift http:\/www.rri.ro zug\u00e4nglich und ist Eigentum des \u00d6ffentlich-Rechtlichen Rundfunks Rum\u00e4niens (SRR), mit dem Sitz in Bukarest, General Berthelot Str. Nr. 60-64, Bukarest\/Rum\u00e4nien.<\/p>\r\n<div class=\"bx-wrapper\">\r\n<div class=\"bx-viewport\" aria-live=\"polite\">\r\n<p><a class=\"articleMainImage\" href=\"https:\/\/www.rri.ro\/files\/Foto%20Germana\/Diverse\/Paragraph.jpg\"><img decoding=\"async\" class=\"aligncenter\" src=\"https:\/\/www.rri.ro\/files\/Foto%20Germana\/Diverse\/Paragraph.jpg\" alt=\"nutzungsbedingungen\" \/><\/a><\/p>\r\n<h3 id=\"fototext\">\u00a0<\/h3>\r\n<\/div>\r\n<div class=\"bx-controls bx-has-controls-direction bx-has-pager\">\r\n<div class=\"bx-pager bx-default-pager\">\r\n<div class=\"bx-pager-item\"><a class=\"bx-pager-link active\" href=\"https:\/\/www.rri.ro\/de_de\/terms-255\" data-slide-index=\"0\">1<\/a><\/div>\r\n<\/div>\r\n<\/div>\r\n<\/div>\r\n<div class=\"body_text speciallinks\">\r\n<p><i>Diese Website ist \u00f6ffentlich unter der Anschrift http:\/www.rri.ro zug\u00e4nglich und geh\u00f6rt der Rum\u00e4nischen H\u00f6rfunkgesellschaft (SRR), mit dem Sitz in Bukarest, General Berthelot Str. Nr. 60-64, Rum\u00e4nien.<br \/><br \/>Radio Rum\u00e4nien International ist als Teil der Rum\u00e4nischen H\u00f6rfunkgesellschaft ein \u00f6ffentlich-rechtlicher Dienst, der sich in seiner T\u00e4tigkeit auf das Gesetz 411994 mit den anschlie\u00dfenden \u00c4nderungen und Vervollst\u00e4ndigungen sowie das Gesetz f\u00fcr Audiovisulles Nr. 5042002 mit den anschlie\u00dfenden \u00c4nderungen und Vervollst\u00e4ndigungen beruft.<br \/><br \/>Ziel der Seite www.rri.ro ist es, den Nutzern Zugang zu journalistischen Informationen und Inhalten \u00fcber Rum\u00e4nien oder solchen, die mit Rum\u00e4nien in Verbindung stehen, \u00fcber seine Innen- und Au\u00dfenpolitik, \u00fcber RRI, zu erm\u00f6glichen, sowie eine Online-Gemeinschaft des internationalen Senders der \u00f6ffentlich-rechtlichen rum\u00e4nischen H\u00f6rfunkgesellschaft aufzubauen.<br \/><br \/>Jedwede Nutzung dieser Seite oder der Dienste dieser Seite gilt als Zustimmung zu den Nutzungsbedingungen des vorliegenden Dokuments in seiner Gesamtheit.<br \/><br \/>RRI beh\u00e4lt sich das Recht vor, jederzeit und in jedwelcher Art \u00c4nderung an diesem Dokument vorzunehmen. Die \u00c4nderungen treten zum Zeitpunkt der Ver\u00f6ffentlichung in Kraft, daher bitten wir Sie, die Nutzungserkl\u00e4rung nachzulesen. Bitte besuchen Sie diese Seite nicht mehr, wenn Sie zu jedwedem Zeitpunkt die Nutzungsbedingungen als Ganzes nicht mehr akzeptieren.<br \/><br \/>F\u00fcr jedweden Zwischenfall, der aus der Nutzung oder Auslegung des Inhalts der Seite hervorgehen, kann die Rum\u00e4nische H\u00f6rfunkgesellschaft nicht zur Verantwortung gezogen werden. Haftungsanspr\u00fcche gegen die Rum\u00e4nische H\u00f6rfunkgesellschaft, die sich auf Sch\u00e4den beziehen, welche durch die fehlerhafte Nutzung oder Nichtnutzung der Seite, Einstellung von Diensten, fehlerhafte Inhalte, \u00dcbertragungsgeschwindigkeit der Seite oder Einstellung des Onlineangebots verursacht wurden, sind grunds\u00e4tzlich ausgeschlossen.<br \/><br \/>Die Inhalte unserer Seite wurden mit gr\u00f6\u00dfter Sorgfalt erstellt. F\u00fcr die Richtigkeit, Vollst\u00e4ndigkeit und Aktualit\u00e4t der Inhalte k\u00f6nnen wir jedoch keine Gew\u00e4hr \u00fcbernehmen. Die Informationen k\u00f6nnen nicht als professionelle Ratschl\u00e4ge verstanden werden und sind keine endg\u00fcltigen Empfehlungen.<br \/><br \/>Die durch den Betreiber erstellten Inhalte und Werke auf diesen Seiten, die Texte, Fotos, Audiodateien, Videos, Streaming, Banner, Animationen, grafische Darstellungen und das Design der Seite umfassen, geh\u00f6ren der Rum\u00e4nischen H\u00f6rfunkgesellschaft und unterliegen dem rum\u00e4nischen Urheberrecht und den Gesetzen zum Schutz des geistigen Eigentums. Alle Vervielf\u00e4ltigung-, Bearbeitung- und Verbreitungsrechte und jede Art der Verwertung sind vorbehalten und geh\u00f6ren der Rum\u00e4nischen H\u00f6rfunkgesellschaft\u00a0Radio Rum\u00e4nien International, gem\u00e4\u00df dem g\u00fcltigen Gesetz.<br \/><br \/>Die Inhalte der Seite d\u00fcrfen nicht kopiert, wiedergegeben, wiederver\u00f6ffentlicht, kompiliert, dupliziert, ver\u00e4ndert, heruntergeladen, gestellt, verkauft, wiederverkauft, verwertet oder auf irgendwelche Art, weder als Ganzes noch Teile davon, gesendet werden. Diese d\u00fcrfen nur f\u00fcr eigene, private Zwecke genutzt werden. Es ist untersagt, von dieser Seite ausgehend, TeileProdukte oder Dienstleistungen zu schaffen.<br \/><br \/>Die \u00dcbernahme von Informationen durch andere Massenmedien darf nur unter Quellenangabe und Verlinkung (in der Form: &#8222;Quelle: RRI \u2013 \u00ab www.rri.ro \u00bb&#8220;) erfolgen. Die Verwendung der Inhalte der Internetseite bedarf jederzeit der schriftlichen Zustimmung. Die Missachtung dieser Bestimmung f\u00fchrt zu einer Konfliktsituation, die die Rum\u00e4nische H\u00f6rfunkgesellschaft zu erst in einvernehmlicher Weise zu l\u00f6sen versuchen wird und erst danach mittels Klageerhebung in Rum\u00e4nien. Unser Angebot enth\u00e4lt Links zu externen Webseiten Dritter, auf deren Inhalte wir keinen Einfluss haben. Aus diesem Grund k\u00f6nnen wir f\u00fcr diese fremden Inhalte auch keine Gew\u00e4hr \u00fcbernehmen. F\u00fcr die Inhalte der verlinkten Seiten ist stets der jeweilige Anbieter oder Betreiber der Seiten verantwortlich.<br \/><br \/>Die Verantwortung f\u00fcr die auf der Seite gestellten Kommentare liegt bei deren Verfasser. Kommentare, die sich nicht auf den geposteten Artikel beziehen, werden nicht ver\u00f6ffentlicht. RRI wird keine Antworten oder Kommentare ver\u00f6ffentlichen, welche das Recht einer Person ber\u00fchren oder das Gesetz missachten. RRI wird keine Kommentare ver\u00f6ffentlichen, die f\u00fcr etwas werben oder weiterverlinken. Kommentare mit Telefonnummern oder E-Mail-Adressen werden nicht ver\u00f6ffentlicht, da ihre Echtheit nicht gepr\u00fcft werden kann.<br \/><br \/>Es ist untersagt, diese Webseite zu benutzen, um jegliche Art von Inhalte zu ver\u00f6ffentlichen, die einen drohenden, falschen, irref\u00fchrenden, bel\u00e4stigenden, z\u00fcgellosen, verleumdenden, vulg\u00e4ren, obsz\u00f6nen, skandal\u00f6sen, anstiftenden, diskriminatorischen, rassistischen, extremistischen, pornografischen oder frevelhaften Charakter haben oder jedwede andere Inhalte, die zu gesetzrdwidrigem Verhalten anleiten oder zu zivilrechtlicher Verantwortung f\u00fchren oder in irgend einer anderen Weise das Gesetz missachten. Der Rum\u00e4nische H\u00f6rfunk wird mit jedweder Beh\u00f6rde zusammenarbeiten, die das Gesetz umsetzt und jedwedes gerichtliche Urteil anerkennen, das die Offenlegung der Identit\u00e4t einer jedweden Person beschlie\u00dft, die Inhalte dieser Art mittels dieser Webseite ver\u00f6ffentlicht oder weiter gibt.<br \/><br \/>Wenn Sie sich mit Bezug auf den Inhalt dieser Webseite oder auf jedwedes andere Thema an die Redaktion wenden m\u00f6chten, schreiben Sie uns an die Adresse: rri@rri.ro. Alle Nachrichten werden ausgewertet und auf eine m\u00f6gliche Antwort gepr\u00fcft.<br \/><br \/>Nutzer, die Informationen oder Inhalte an die Webseite www.rri.ro schicken, verpflichten sich, in keiner Weise das Urheberrecht eines Dritten oder einer Institution, die rum\u00e4nische und die internationale Gesetzgebung, das intellektuelle Eigentumsrecht, Patente oder Marken zu verletzen, in dem Bewusstsein, dass sie die volle Verantwortung f\u00fcr die Missachtung dieser Vorschrift tragen. Durch das Posten, Hochladen, Eingeben, Bereitstellen oder \u00dcbermitteln Ihrer Beitr\u00e4ge gew\u00e4hren Sie die Erlaubnis, Ihren Beitrag zu kopieren, zu vertreiben, zu \u00fcbermitteln, \u00f6ffentlich abzuspielen, \u00f6ffentlich vorzuf\u00fchren, zu vervielf\u00e4ltigen, zu bearbeiten, zu \u00fcbersetzen und neu zu formatieren, Ihren Namen in Verbindung mit Ihrem Beitrag zu ver\u00f6ffentlichen.<br \/><br \/>Die Nutzer der Webseite www.rri.ro stimmen der Forderung der Rum\u00e4nischen H\u00f6rfunkgesellschaft zu, www.rri.ro von jeglicher juristischernichtjuristischer Verantwortung zu befreien und alle gerichtlichen oder andere Kosten zu \u00fcbernehmen, die aus der Missachtung der Klauseln des vorliegenden Dokuments hervorgehen k\u00f6nnten.<br \/><br \/>Pers\u00f6nliche Daten werden von den Nutzern im Falle der Teilnahme an Aktionen oder Umfragen von www.rri.ro, der Verwendung der Feedbackformulare oder bei der Anmeldung f\u00fcr das Newsletter angegeben.<br \/><br \/>Um die Seite www.rri.ro zu nutzen, m\u00fcssen Sie im Registrierungsverfahren aktuelle, vollst\u00e4ndige und korrekte Angaben zu dem im Registrierungsformular abgefragten Daten machen; sollten die von Ihnen angegebenen Informationen nicht der Realit\u00e4t entsprechen, ist RRI berechtigt, Ihren Account zu l\u00f6schen und Ihnen den Zugang zur Seite zu verwehren. Sollten Sie einen anderen Namen oder eine fremde E-Mail-Adresse benutzen, wird der Eintrag gel\u00f6scht, der Zugang gesperrt und im Falle von Sch\u00e4den, die RRISRR oder einer anderen Partei daraus entstehen, besteht die M\u00f6glichkeit, dass Sie f\u00fcr Verluste haftbar gemacht werden.<br \/><br \/>Die Nutzer der Webseite k\u00f6nnen keine Information \u00fcber andere Nutzer entnehmen.<br \/><br \/>Laut dem Gesetz Nr. 6772001 zum Schutz personenbezogener Daten und dem freien Verkehr der Daten, mit den etwaigen \u00c4nderungen und Vervollst\u00e4ndigungen sowie dem Gesetz Nr. 5062004 zur Verwendung personenbezogener Daten und dem Schutz des privaten Bereichs, wird www.rri.ro die angegebenen Daten nur unter Sicherheitsbestimmungen und zu den genannten Zwecken verwenden. RRI wird alle technischen Sicherheitsma\u00dfnahmen treffen, um Ihre pers\u00f6nlichen Daten vor Zerst\u00f6rung, Verlust, Ab\u00e4nderungen, Weitergabe und unbefugten Zugang zu sch\u00fctzen.<br \/><br \/>Laut dem Gesetz Nr. 6772001 haben Sie eine Zugangsberechtigung und Bearbeitungsrechte, das Recht, keiner individuellen Entscheidung ausgesetzt zu sein, das Recht, sich an ein Gericht zu wenden. Gleichzeitig sind Sie berechtigt, die Verarbeitung der pers\u00f6nlichen Daten abzulehnen und die L\u00f6schung dieser zu beantragen. Wenn Sie nicht m\u00f6chten, dass Ihre Daten erhoben werden, schicken Sie bitte keine Daten an uns.<br \/><br \/>Sie k\u00f6nnen sich per E-Mail an rri@rri.ro mit uns in Kontakt treten oder per Post an folgende Adresse wenden: Radio Rum\u00e4nien International, General Berthelot Str. Nr. 60-64, Sektor 1, Bukarest, PLZ 010165, Rum\u00e4nien.<br \/><br \/>RRI verpflichtet sich, keine Spam-Botschaften zu senden.<br \/><br \/>Diese Webseite benutzt Google Analytics, einen Webanalysedienst der Google Inc. (&#8222;Google&#8220;). Google Analytics verwendet sog. &#8222;Cookies&#8220;, Textdateien, die auf Ihrem Computer gespeichert werden und die eine Analyse der Benutzung der Website durch Sie erm\u00f6glichen. Die durch den Cookie erzeugten Informationen \u00fcber Ihre Benutzung dieser Website werden in der Regel an einen in den USA befindlichen Server von Google \u00fcbertragen und dort gespeichert. Im Auftrag des Betreibers dieser Website wird Google diese Informationen benutzen, um Ihre Nutzung der Website auszuwerten, um Reports \u00fcber die Webseitenaktivit\u00e4ten zusammenzustellen und um weitere mit der Webseitennutzung und der Internetnutzung verbundene Dienstleistungen gegen\u00fcber dem Webseitenbetreiber zu erbringen.<br \/><br \/><br \/>Sie k\u00f6nnen die Speicherung der Cookies durch eine entsprechende Einstellung Ihrer Browser-Software verhindern; wir weisen Sie jedoch darauf hin, dass Sie in diesem Fall u.U. nicht s\u00e4mtliche Funktionen dieser Webseite vollumf\u00e4nglich werden nutzen k\u00f6nnen.<\/i><\/p>\r\n<\/div>\r\n","protected":false},"excerpt":{"rendered":"<p>Diese Website ist \u00f6ffentlich unter der Anschrift http:\/www.rri.ro zug\u00e4nglich und ist Eigentum des \u00d6ffentlich-Rechtlichen Rundfunks Rum\u00e4niens (SRR), mit dem Sitz in Bukarest, General Berthelot Str. Nr. 60-64, Bukarest\/Rum\u00e4nien. \u00a0 1 Diese Website ist \u00f6ffentlich unter der Anschrift http:\/www.rri.ro zug\u00e4nglich und geh\u00f6rt der Rum\u00e4nischen H\u00f6rfunkgesellschaft (SRR), mit dem Sitz in Bukarest, General Berthelot Str. Nr. 60-64, [&hellip;]<\/p>\n","protected":false},"author":1,"featured_media":0,"parent":0,"menu_order":0,"comment_status":"closed","ping_status":"closed","template":"","meta":{"_acf_changed":false,"footnotes":""},"coauthors":[113312],"class_list":["post-711277","page","type-page","status-publish","hentry"],"acf":[],"yoast_head":"<!-- This site is optimized with the Yoast SEO plugin v27.3 - https:\/\/yoast.com\/product\/yoast-seo-wordpress\/ -->\n<title>Nutzungsbedingungen - Radio Rum\u00e4nien International<\/title>\n<meta name=\"robots\" content=\"index, follow, max-snippet:-1, max-image-preview:large, max-video-preview:-1\" \/>\n<link rel=\"canonical\" href=\"https:\/\/www.rri.ro\/termeni-de-utilizare\" \/>\n<meta property=\"og:locale\" content=\"de_DE\" \/>\n<meta property=\"og:type\" content=\"article\" \/>\n<meta property=\"og:title\" content=\"Nutzungsbedingungen - Radio Rum\u00e4nien International\" \/>\n<meta property=\"og:description\" content=\"Diese Website ist \u00f6ffentlich unter der Anschrift http:\/www.rri.ro zug\u00e4nglich und ist Eigentum des \u00d6ffentlich-Rechtlichen Rundfunks Rum\u00e4niens (SRR), mit dem Sitz in Bukarest, General Berthelot Str. Nr. 60-64, Bukarest\/Rum\u00e4nien. \u00a0 1 Diese Website ist \u00f6ffentlich unter der Anschrift http:\/www.rri.ro zug\u00e4nglich und geh\u00f6rt der Rum\u00e4nischen H\u00f6rfunkgesellschaft (SRR), mit dem Sitz in Bukarest, General Berthelot Str. Nr. 60-64, [&hellip;]\" \/>\n<meta property=\"og:url\" content=\"https:\/\/www.rri.ro\/termeni-de-utilizare\" \/>\n<meta property=\"og:site_name\" content=\"Radio Rum\u00e4nien International\" \/>\n<meta property=\"article:modified_time\" content=\"2024-03-14T12:42:55+00:00\" \/>\n<meta property=\"og:image\" content=\"https:\/\/www.rri.ro\/files\/Foto%20Germana\/Diverse\/Paragraph.jpg\" \/>\n<meta name=\"twitter:card\" content=\"summary_large_image\" \/>\n<meta name=\"twitter:label1\" content=\"Gesch\u00e4tzte Lesezeit\" \/>\n\t<meta name=\"twitter:data1\" content=\"7\u00a0Minuten\" \/>\n\t<meta name=\"twitter:label2\" content=\"Written by\" \/>\n\t<meta name=\"twitter:data2\" content=\"admin\" \/>\n<script type=\"application\/ld+json\" class=\"yoast-schema-graph\">{\"@context\":\"https:\\\/\\\/schema.org\",\"@graph\":[{\"@type\":\"WebPage\",\"@id\":\"https:\\\/\\\/www.rri.ro\\\/termeni-de-utilizare\",\"url\":\"https:\\\/\\\/www.rri.ro\\\/termeni-de-utilizare\",\"name\":\"Nutzungsbedingungen - Radio Rum\u00e4nien International\",\"isPartOf\":{\"@id\":\"https:\\\/\\\/www.rri.ro\\\/#website\"},\"primaryImageOfPage\":{\"@id\":\"https:\\\/\\\/www.rri.ro\\\/termeni-de-utilizare#primaryimage\"},\"image\":{\"@id\":\"https:\\\/\\\/www.rri.ro\\\/termeni-de-utilizare#primaryimage\"},\"thumbnailUrl\":\"https:\\\/\\\/www.rri.ro\\\/files\\\/Foto%20Germana\\\/Diverse\\\/Paragraph.jpg\",\"datePublished\":\"2023-05-16T10:48:35+00:00\",\"dateModified\":\"2024-03-14T12:42:55+00:00\",\"breadcrumb\":{\"@id\":\"https:\\\/\\\/www.rri.ro\\\/termeni-de-utilizare#breadcrumb\"},\"inLanguage\":\"de\",\"potentialAction\":[{\"@type\":\"ReadAction\",\"target\":[\"https:\\\/\\\/www.rri.ro\\\/termeni-de-utilizare\"]}]},{\"@type\":\"ImageObject\",\"inLanguage\":\"de\",\"@id\":\"https:\\\/\\\/www.rri.ro\\\/termeni-de-utilizare#primaryimage\",\"url\":\"https:\\\/\\\/www.rri.ro\\\/files\\\/Foto%20Germana\\\/Diverse\\\/Paragraph.jpg\",\"contentUrl\":\"https:\\\/\\\/www.rri.ro\\\/files\\\/Foto%20Germana\\\/Diverse\\\/Paragraph.jpg\"},{\"@type\":\"BreadcrumbList\",\"@id\":\"https:\\\/\\\/www.rri.ro\\\/termeni-de-utilizare#breadcrumb\",\"itemListElement\":[{\"@type\":\"ListItem\",\"position\":1,\"name\":\"Startseite\",\"item\":\"https:\\\/\\\/www.rri.ro\\\/de\"},{\"@type\":\"ListItem\",\"position\":2,\"name\":\"Nutzungsbedingungen\"}]},{\"@type\":\"WebSite\",\"@id\":\"https:\\\/\\\/www.rri.ro\\\/#website\",\"url\":\"https:\\\/\\\/www.rri.ro\\\/\",\"name\":\"Radio Rum\u00e4nien International\",\"description\":\"Totul despre Rom\u00e2nia \u015fi rom\u00e2ni, \u00een 13 limbi\\\/dialecte!\",\"inLanguage\":\"de\"}]}<\/script>\n<!-- \/ Yoast SEO plugin. -->","yoast_head_json":{"title":"Nutzungsbedingungen - Radio Rum\u00e4nien International","robots":{"index":"index","follow":"follow","max-snippet":"max-snippet:-1","max-image-preview":"max-image-preview:large","max-video-preview":"max-video-preview:-1"},"canonical":"https:\/\/www.rri.ro\/termeni-de-utilizare","og_locale":"de_DE","og_type":"article","og_title":"Nutzungsbedingungen - Radio Rum\u00e4nien International","og_description":"Diese Website ist \u00f6ffentlich unter der Anschrift http:\/www.rri.ro zug\u00e4nglich und ist Eigentum des \u00d6ffentlich-Rechtlichen Rundfunks Rum\u00e4niens (SRR), mit dem Sitz in Bukarest, General Berthelot Str. Nr. 60-64, Bukarest\/Rum\u00e4nien. \u00a0 1 Diese Website ist \u00f6ffentlich unter der Anschrift http:\/www.rri.ro zug\u00e4nglich und geh\u00f6rt der Rum\u00e4nischen H\u00f6rfunkgesellschaft (SRR), mit dem Sitz in Bukarest, General Berthelot Str. Nr. 60-64, [&hellip;]","og_url":"https:\/\/www.rri.ro\/termeni-de-utilizare","og_site_name":"Radio Rum\u00e4nien International","article_modified_time":"2024-03-14T12:42:55+00:00","og_image":[{"url":"https:\/\/www.rri.ro\/files\/Foto%20Germana\/Diverse\/Paragraph.jpg","type":"","width":"","height":""}],"twitter_card":"summary_large_image","twitter_misc":{"Gesch\u00e4tzte Lesezeit":"7\u00a0Minuten","Written by":"admin"},"schema":{"@context":"https:\/\/schema.org","@graph":[{"@type":"WebPage","@id":"https:\/\/www.rri.ro\/termeni-de-utilizare","url":"https:\/\/www.rri.ro\/termeni-de-utilizare","name":"Nutzungsbedingungen - Radio Rum\u00e4nien International","isPartOf":{"@id":"https:\/\/www.rri.ro\/#website"},"primaryImageOfPage":{"@id":"https:\/\/www.rri.ro\/termeni-de-utilizare#primaryimage"},"image":{"@id":"https:\/\/www.rri.ro\/termeni-de-utilizare#primaryimage"},"thumbnailUrl":"https:\/\/www.rri.ro\/files\/Foto%20Germana\/Diverse\/Paragraph.jpg","datePublished":"2023-05-16T10:48:35+00:00","dateModified":"2024-03-14T12:42:55+00:00","breadcrumb":{"@id":"https:\/\/www.rri.ro\/termeni-de-utilizare#breadcrumb"},"inLanguage":"de","potentialAction":[{"@type":"ReadAction","target":["https:\/\/www.rri.ro\/termeni-de-utilizare"]}]},{"@type":"ImageObject","inLanguage":"de","@id":"https:\/\/www.rri.ro\/termeni-de-utilizare#primaryimage","url":"https:\/\/www.rri.ro\/files\/Foto%20Germana\/Diverse\/Paragraph.jpg","contentUrl":"https:\/\/www.rri.ro\/files\/Foto%20Germana\/Diverse\/Paragraph.jpg"},{"@type":"BreadcrumbList","@id":"https:\/\/www.rri.ro\/termeni-de-utilizare#breadcrumb","itemListElement":[{"@type":"ListItem","position":1,"name":"Startseite","item":"https:\/\/www.rri.ro\/de"},{"@type":"ListItem","position":2,"name":"Nutzungsbedingungen"}]},{"@type":"WebSite","@id":"https:\/\/www.rri.ro\/#website","url":"https:\/\/www.rri.ro\/","name":"Radio Rum\u00e4nien International","description":"Totul despre Rom\u00e2nia \u015fi rom\u00e2ni, \u00een 13 limbi\/dialecte!","inLanguage":"de"}]}},"_links":{"self":[{"href":"https:\/\/www.rri.ro\/de\/wp-json\/wp\/v2\/pages\/711277","targetHints":{"allow":["GET"]}}],"collection":[{"href":"https:\/\/www.rri.ro\/de\/wp-json\/wp\/v2\/pages"}],"about":[{"href":"https:\/\/www.rri.ro\/de\/wp-json\/wp\/v2\/types\/page"}],"author":[{"embeddable":true,"href":"https:\/\/www.rri.ro\/de\/wp-json\/wp\/v2\/users\/1"}],"replies":[{"embeddable":true,"href":"https:\/\/www.rri.ro\/de\/wp-json\/wp\/v2\/comments?post=711277"}],"version-history":[{"count":0,"href":"https:\/\/www.rri.ro\/de\/wp-json\/wp\/v2\/pages\/711277\/revisions"}],"wp:attachment":[{"href":"https:\/\/www.rri.ro\/de\/wp-json\/wp\/v2\/media?parent=711277"}],"wp:term":[{"taxonomy":"author","embeddable":true,"href":"https:\/\/www.rri.ro\/de\/wp-json\/wp\/v2\/coauthors?post=711277"}],"curies":[{"name":"wp","href":"https:\/\/api.w.org\/{rel}","templated":true}]}}