{"id":503640,"date":"2023-07-14T06:33:19","date_gmt":"2023-07-14T03:33:19","guid":{"rendered":"http:\/\/devrri.freshlemon.ro\/contact"},"modified":"2024-04-01T10:14:57","modified_gmt":"2024-04-01T07:14:57","slug":"contact","status":"publish","type":"page","link":"https:\/\/www.rri.ro\/en\/contact","title":{"rendered":"Contact"},"content":{"rendered":"\r\n<h2><strong>Radio Romania International-<\/strong><strong>The English Section<\/strong><\/h2>\r\n<p>Your comments and suggestions on our programmes are extremely valuable to us, so we are waiting for them.<\/p>\r\n<p><strong>Tel:<\/strong> 0040 21 303 13 57, 0040 21 303 14 65<br \/><br \/><strong>Fax:<\/strong> 0040 21 319 05 62<br \/><br \/><strong>E-mail:<\/strong>\u00a0<strong><a href=\"mailto:eng@rri.ro\">eng@rri.ro<\/a><\/strong>\u00a0,\u00a0<strong><a href=\"mailto:engl@rri.ro\">engl@rri.ro<\/a>\u00a0<\/strong>or\u00a0<strong><a href=\"mailto:engl.rri@gmail.com\">rritheenglishservice@gmail.com\u00a0<\/a><\/strong><br \/><br \/><strong>Mail Address:<\/strong><br \/>Radio Romania International<br \/>60-64 General Berthelot Street<br \/>P.O. Box 111<br \/>Bucharest<br \/>ROMANIA<\/p>\r\n","protected":false},"excerpt":{"rendered":"<p>Radio Romania International-The English Section Your comments and suggestions on our programmes are extremely valuable to us, so we are waiting for them. Tel: 0040 21 303 13 57, 0040 21 303 14 65Fax: 0040 21 319 05 62E-mail:\u00a0eng@rri.ro\u00a0,\u00a0engl@rri.ro\u00a0or\u00a0rritheenglishservice@gmail.com\u00a0Mail Address:Radio Romania International60-64 General Berthelot StreetP.O. Box 111BucharestROMANIA<\/p>\n","protected":false},"author":1,"featured_media":0,"parent":0,"menu_order":0,"comment_status":"closed","ping_status":"closed","template":"","meta":{"_acf_changed":false,"footnotes":""},"coauthors":[113312],"class_list":["post-503640","page","type-page","status-publish","hentry"],"acf":[],"yoast_head":"<!-- This site is optimized with the Yoast SEO plugin v27.3 - https:\/\/yoast.com\/product\/yoast-seo-wordpress\/ -->\n<title>Contact - Radio Romania International<\/title>\n<meta name=\"robots\" content=\"index, follow, max-snippet:-1, max-image-preview:large, max-video-preview:-1\" \/>\n<link rel=\"canonical\" href=\"https:\/\/www.rri.ro\/en\/contact\" \/>\n<meta property=\"og:locale\" content=\"en_US\" \/>\n<meta property=\"og:type\" content=\"article\" \/>\n<meta property=\"og:title\" content=\"Contact - Radio Romania International\" \/>\n<meta property=\"og:description\" content=\"Radio Romania International-The English Section Your comments and suggestions on our programmes are extremely valuable to us, so we are waiting for them. Tel: 0040 21 303 13 57, 0040 21 303 14 65Fax: 0040 21 319 05 62E-mail:\u00a0eng@rri.ro\u00a0,\u00a0engl@rri.ro\u00a0or\u00a0rritheenglishservice@gmail.com\u00a0Mail Address:Radio Romania International60-64 General Berthelot StreetP.O. Box 111BucharestROMANIA\" \/>\n<meta property=\"og:url\" content=\"https:\/\/www.rri.ro\/en\/contact\" \/>\n<meta property=\"og:site_name\" content=\"Radio Romania International\" \/>\n<meta property=\"article:modified_time\" content=\"2024-04-01T07:14:57+00:00\" \/>\n<meta name=\"twitter:card\" content=\"summary_large_image\" \/>\n<meta name=\"twitter:label1\" content=\"Written by\" \/>\n\t<meta name=\"twitter:data1\" content=\"admin\" \/>\n<script type=\"application\/ld+json\" class=\"yoast-schema-graph\">{\"@context\":\"https:\\\/\\\/schema.org\",\"@graph\":[{\"@type\":\"WebPage\",\"@id\":\"https:\\\/\\\/www.rri.ro\\\/en\\\/contact\",\"url\":\"https:\\\/\\\/www.rri.ro\\\/en\\\/contact\",\"name\":\"Contact - Radio Romania International\",\"isPartOf\":{\"@id\":\"https:\\\/\\\/www.rri.ro\\\/#website\"},\"datePublished\":\"2023-07-14T03:33:19+00:00\",\"dateModified\":\"2024-04-01T07:14:57+00:00\",\"breadcrumb\":{\"@id\":\"https:\\\/\\\/www.rri.ro\\\/en\\\/contact#breadcrumb\"},\"inLanguage\":\"en-US\",\"potentialAction\":[{\"@type\":\"ReadAction\",\"target\":[\"https:\\\/\\\/www.rri.ro\\\/en\\\/contact\"]}]},{\"@type\":\"BreadcrumbList\",\"@id\":\"https:\\\/\\\/www.rri.ro\\\/en\\\/contact#breadcrumb\",\"itemListElement\":[{\"@type\":\"ListItem\",\"position\":1,\"name\":\"Homepage\",\"item\":\"https:\\\/\\\/www.rri.ro\\\/en\"},{\"@type\":\"ListItem\",\"position\":2,\"name\":\"Contact\"}]},{\"@type\":\"WebSite\",\"@id\":\"https:\\\/\\\/www.rri.ro\\\/#website\",\"url\":\"https:\\\/\\\/www.rri.ro\\\/\",\"name\":\"Radio Romania International\",\"description\":\"Totul despre Rom\u00e2nia \u015fi rom\u00e2ni, \u00een 13 limbi\\\/dialecte!\",\"inLanguage\":\"en-US\"}]}<\/script>\n<!-- \/ Yoast SEO plugin. -->","yoast_head_json":{"title":"Contact - Radio Romania International","robots":{"index":"index","follow":"follow","max-snippet":"max-snippet:-1","max-image-preview":"max-image-preview:large","max-video-preview":"max-video-preview:-1"},"canonical":"https:\/\/www.rri.ro\/en\/contact","og_locale":"en_US","og_type":"article","og_title":"Contact - Radio Romania International","og_description":"Radio Romania International-The English Section Your comments and suggestions on our programmes are extremely valuable to us, so we are waiting for them. Tel: 0040 21 303 13 57, 0040 21 303 14 65Fax: 0040 21 319 05 62E-mail:\u00a0eng@rri.ro\u00a0,\u00a0engl@rri.ro\u00a0or\u00a0rritheenglishservice@gmail.com\u00a0Mail Address:Radio Romania International60-64 General Berthelot StreetP.O. Box 111BucharestROMANIA","og_url":"https:\/\/www.rri.ro\/en\/contact","og_site_name":"Radio Romania International","article_modified_time":"2024-04-01T07:14:57+00:00","twitter_card":"summary_large_image","twitter_misc":{"Written by":"admin"},"schema":{"@context":"https:\/\/schema.org","@graph":[{"@type":"WebPage","@id":"https:\/\/www.rri.ro\/en\/contact","url":"https:\/\/www.rri.ro\/en\/contact","name":"Contact - Radio Romania International","isPartOf":{"@id":"https:\/\/www.rri.ro\/#website"},"datePublished":"2023-07-14T03:33:19+00:00","dateModified":"2024-04-01T07:14:57+00:00","breadcrumb":{"@id":"https:\/\/www.rri.ro\/en\/contact#breadcrumb"},"inLanguage":"en-US","potentialAction":[{"@type":"ReadAction","target":["https:\/\/www.rri.ro\/en\/contact"]}]},{"@type":"BreadcrumbList","@id":"https:\/\/www.rri.ro\/en\/contact#breadcrumb","itemListElement":[{"@type":"ListItem","position":1,"name":"Homepage","item":"https:\/\/www.rri.ro\/en"},{"@type":"ListItem","position":2,"name":"Contact"}]},{"@type":"WebSite","@id":"https:\/\/www.rri.ro\/#website","url":"https:\/\/www.rri.ro\/","name":"Radio Romania International","description":"Totul despre Rom\u00e2nia \u015fi rom\u00e2ni, \u00een 13 limbi\/dialecte!","inLanguage":"en-US"}]}},"_links":{"self":[{"href":"https:\/\/www.rri.ro\/en\/wp-json\/wp\/v2\/pages\/503640","targetHints":{"allow":["GET"]}}],"collection":[{"href":"https:\/\/www.rri.ro\/en\/wp-json\/wp\/v2\/pages"}],"about":[{"href":"https:\/\/www.rri.ro\/en\/wp-json\/wp\/v2\/types\/page"}],"author":[{"embeddable":true,"href":"https:\/\/www.rri.ro\/en\/wp-json\/wp\/v2\/users\/1"}],"replies":[{"embeddable":true,"href":"https:\/\/www.rri.ro\/en\/wp-json\/wp\/v2\/comments?post=503640"}],"version-history":[{"count":0,"href":"https:\/\/www.rri.ro\/en\/wp-json\/wp\/v2\/pages\/503640\/revisions"}],"wp:attachment":[{"href":"https:\/\/www.rri.ro\/en\/wp-json\/wp\/v2\/media?parent=503640"}],"wp:term":[{"taxonomy":"author","embeddable":true,"href":"https:\/\/www.rri.ro\/en\/wp-json\/wp\/v2\/coauthors?post=503640"}],"curies":[{"name":"wp","href":"https:\/\/api.w.org\/{rel}","templated":true}]}}