{"id":655016,"date":"2024-02-21T21:20:21","date_gmt":"2024-02-21T19:20:21","guid":{"rendered":"http:\/\/devrri.freshlemon.ro\/reception-form"},"modified":"2024-03-06T16:02:15","modified_gmt":"2024-03-06T14:02:15","slug":"reception-form","status":"publish","type":"page","link":"https:\/\/www.rri.ro\/en\/reception-form","title":{"rendered":"Reception form"},"content":{"rendered":"\n<div class=\"wpcf7 no-js\" id=\"wpcf7-f688300-o1\" lang=\"en-US\" dir=\"ltr\" data-wpcf7-id=\"688300\">\n<div class=\"screen-reader-response\"><p role=\"status\" aria-live=\"polite\" aria-atomic=\"true\"><\/p> <ul><\/ul><\/div>\n<form action=\"\/en\/wp-json\/wp\/v2\/pages\/655016#wpcf7-f688300-o1\" method=\"post\" class=\"wpcf7-form init user-zone\" aria-label=\"Contact form\" novalidate=\"novalidate\" data-status=\"init\">\n<fieldset class=\"hidden-fields-container\"><input type=\"hidden\" name=\"_wpcf7\" value=\"688300\" \/><input type=\"hidden\" name=\"_wpcf7_version\" value=\"6.1.5\" \/><input type=\"hidden\" name=\"_wpcf7_locale\" value=\"en_US\" \/><input type=\"hidden\" name=\"_wpcf7_unit_tag\" value=\"wpcf7-f688300-o1\" \/><input type=\"hidden\" name=\"_wpcf7_container_post\" value=\"0\" \/><input type=\"hidden\" name=\"_wpcf7_posted_data_hash\" value=\"\" \/>\n<\/fieldset>\n<h1 class=\"user-zone__title\">Reception form\n<\/h1>\n<p class=\"user-zone__message\">Please complete all fields.\n<\/p>\n<p><label>Name: <\/label><br \/>\n<span class=\"wpcf7-form-control-wrap\" data-name=\"nume\"><input size=\"40\" maxlength=\"400\" class=\"wpcf7-form-control wpcf7-text wpcf7-validates-as-required\" aria-required=\"true\" aria-invalid=\"false\" value=\"\" type=\"text\" name=\"nume\" \/><\/span><br \/>\n<label>Gender: <\/label><br \/>\n<span class=\"wpcf7-form-control-wrap\" data-name=\"sex\"><select class=\"wpcf7-form-control wpcf7-select wpcf7-validates-as-required\" aria-required=\"true\" aria-invalid=\"false\" name=\"sex\"><option value=\"\">&#8212;Please choose an option&#8212;<\/option><option value=\"Female\">Female<\/option><option value=\"Male\">Male<\/option><\/select><\/span><br \/>\n<label>Age: <\/label><br \/>\n<span class=\"wpcf7-form-control-wrap\" data-name=\"varsta\"><input size=\"40\" maxlength=\"400\" class=\"wpcf7-form-control wpcf7-text wpcf7-validates-as-required\" aria-required=\"true\" aria-invalid=\"false\" value=\"\" type=\"text\" name=\"varsta\" \/><\/span><br \/>\n<label>Profession: <\/label><br \/>\n<span class=\"wpcf7-form-control-wrap\" data-name=\"ocupatie\"><input size=\"40\" maxlength=\"400\" class=\"wpcf7-form-control wpcf7-text wpcf7-validates-as-required\" aria-required=\"true\" aria-invalid=\"false\" value=\"\" type=\"text\" name=\"ocupatie\" \/><\/span><br \/>\n<label>RRI listener since: <\/label><br \/>\n<span class=\"wpcf7-form-control-wrap\" data-name=\"date-rri\"><input class=\"wpcf7-form-control wpcf7-date wpcf7-validates-as-required wpcf7-validates-as-date\" aria-required=\"true\" aria-invalid=\"false\" value=\"\" type=\"date\" name=\"date-rri\" \/><\/span><br \/>\n<label>Address: <\/label><br \/>\n<span class=\"wpcf7-form-control-wrap\" data-name=\"adresa\"><input size=\"40\" maxlength=\"400\" class=\"wpcf7-form-control wpcf7-text wpcf7-validates-as-required\" aria-required=\"true\" aria-invalid=\"false\" value=\"\" type=\"text\" name=\"adresa\" \/><\/span><br \/>\n<label>City: <\/label><br \/>\n<span class=\"wpcf7-form-control-wrap\" data-name=\"localitate\"><input size=\"40\" maxlength=\"400\" class=\"wpcf7-form-control wpcf7-text wpcf7-validates-as-required\" aria-required=\"true\" aria-invalid=\"false\" value=\"\" type=\"text\" name=\"localitate\" \/><\/span><br \/>\n<label>ZIP code: <\/label><br \/>\n<span class=\"wpcf7-form-control-wrap\" data-name=\"cod-postal\"><input size=\"40\" maxlength=\"400\" class=\"wpcf7-form-control wpcf7-text wpcf7-validates-as-required\" aria-required=\"true\" aria-invalid=\"false\" value=\"\" type=\"text\" name=\"cod-postal\" \/><\/span><br \/>\n<label>Country: <\/label><br \/>\n<span class=\"wpcf7-form-control-wrap\" data-name=\"tara\"><input size=\"40\" maxlength=\"400\" class=\"wpcf7-form-control wpcf7-text wpcf7-validates-as-required\" aria-required=\"true\" aria-invalid=\"false\" value=\"\" type=\"text\" name=\"tara\" \/><\/span><br \/>\n<label>E-mail: <\/label><br \/>\n<span class=\"wpcf7-form-control-wrap\" data-name=\"email\"><input size=\"40\" maxlength=\"400\" class=\"wpcf7-form-control wpcf7-email wpcf7-validates-as-required wpcf7-text wpcf7-validates-as-email\" aria-required=\"true\" aria-invalid=\"false\" value=\"\" type=\"email\" name=\"email\" \/><\/span>\n<\/p>\n<p class=\"user-zone__message\">RECEPTION EQUIPMENT\n<\/p>\n<p><label>Receiver: <\/label><br \/>\n<span class=\"wpcf7-form-control-wrap\" data-name=\"aparatul\"><input size=\"40\" maxlength=\"400\" class=\"wpcf7-form-control wpcf7-text wpcf7-validates-as-required\" aria-required=\"true\" aria-invalid=\"false\" value=\"\" type=\"text\" name=\"aparatul\" \/><\/span><br \/>\n<label>Antenna: <\/label><br \/>\n<span class=\"wpcf7-form-control-wrap\" data-name=\"antena\"><input size=\"40\" maxlength=\"400\" class=\"wpcf7-form-control wpcf7-text wpcf7-validates-as-required\" aria-required=\"true\" aria-invalid=\"false\" value=\"\" type=\"text\" name=\"antena\" \/><\/span><br \/>\n<label>Place of reception: <\/label><br \/>\n<span class=\"wpcf7-form-control-wrap\" data-name=\"locul-receptiei\"><input size=\"40\" maxlength=\"400\" class=\"wpcf7-form-control wpcf7-text wpcf7-validates-as-required\" aria-required=\"true\" aria-invalid=\"false\" value=\"\" type=\"text\" name=\"locul-receptiei\" \/><\/span>\n<\/p>\n<p class=\"user-zone__message\">RECEPTION\n<\/p>\n<p><label>Date: <\/label><br \/>\n<span class=\"wpcf7-form-control-wrap\" data-name=\"data-receptiei\"><input class=\"wpcf7-form-control wpcf7-date wpcf7-validates-as-required wpcf7-validates-as-date\" aria-required=\"true\" aria-invalid=\"false\" value=\"\" type=\"date\" name=\"data-receptiei\" \/><\/span><br \/>\n<label>Time (start): <\/label><br \/>\n<span class=\"wpcf7-form-control-wrap\" data-name=\"de-la-ce-ora\"><input size=\"40\" maxlength=\"400\" class=\"wpcf7-form-control wpcf7-text wpcf7-validates-as-required\" aria-required=\"true\" aria-invalid=\"false\" value=\"\" type=\"text\" name=\"de-la-ce-ora\" \/><\/span><br \/>\n<label>Time (end): <\/label><br \/>\n<span class=\"wpcf7-form-control-wrap\" data-name=\"pana-la-ce-ora\"><input size=\"40\" maxlength=\"400\" class=\"wpcf7-form-control wpcf7-text wpcf7-validates-as-required\" aria-required=\"true\" aria-invalid=\"false\" value=\"\" type=\"text\" name=\"pana-la-ce-ora\" \/><\/span><br \/>\n<label>Frequency (kHz):<\/label><br \/>\n<span class=\"wpcf7-form-control-wrap\" data-name=\"frecventa-receptiei\"><input size=\"40\" maxlength=\"400\" class=\"wpcf7-form-control wpcf7-text wpcf7-validates-as-required\" aria-required=\"true\" aria-invalid=\"false\" value=\"\" type=\"text\" name=\"frecventa-receptiei\" \/><\/span>\n<\/p>\n<p class=\"user-zone__message\">PROGRAM\n<\/p>\n<p><label>Language:<\/label><br \/>\n<span class=\"wpcf7-form-control-wrap\" data-name=\"limba\"><input size=\"40\" maxlength=\"400\" class=\"wpcf7-form-control wpcf7-text wpcf7-validates-as-required\" aria-required=\"true\" aria-invalid=\"false\" value=\"\" type=\"text\" name=\"limba\" \/><\/span><br \/>\n<label>Program details:<\/label><br \/>\n<span class=\"wpcf7-form-control-wrap\" data-name=\"detalii-despre-program\"><textarea cols=\"40\" rows=\"10\" maxlength=\"2000\" class=\"wpcf7-form-control wpcf7-textarea wpcf7-validates-as-required\" aria-required=\"true\" aria-invalid=\"false\" name=\"detalii-despre-program\"><\/textarea><\/span>\n<\/p>\n<p class=\"user-zone__message\">RECEPTION QUALITY\n<\/p>\n<p><label>Signal strength:<\/label><br \/>\n<span class=\"wpcf7-form-control-wrap\" data-name=\"puterea-semnalului\"><select class=\"wpcf7-form-control wpcf7-select wpcf7-validates-as-required\" aria-required=\"true\" aria-invalid=\"false\" name=\"puterea-semnalului\"><option value=\"\">&#8212;Please choose an option&#8212;<\/option><option value=\"Excellent\">Excellent<\/option><option value=\"Good\">Good<\/option><option value=\"Satisfactory\">Satisfactory<\/option><option value=\"Poor\">Poor<\/option><option value=\"Barely audible\">Barely audible<\/option><\/select><\/span><br \/>\n<label>Interference:<\/label><br \/>\n<span class=\"wpcf7-form-control-wrap\" data-name=\"interferenta\"><select class=\"wpcf7-form-control wpcf7-select wpcf7-validates-as-required\" aria-required=\"true\" aria-invalid=\"false\" name=\"interferenta\"><option value=\"\">&#8212;Please choose an option&#8212;<\/option><option value=\"None\">None<\/option><option value=\"Weak\">Weak<\/option><option value=\"Medium\">Medium<\/option><option value=\"Strong\">Strong<\/option><option value=\"Very strong\">Very strong<\/option><\/select><\/span><br \/>\n<label>Noise:<\/label><br \/>\n<span class=\"wpcf7-form-control-wrap\" data-name=\"zgomotul\"><select class=\"wpcf7-form-control wpcf7-select wpcf7-validates-as-required\" aria-required=\"true\" aria-invalid=\"false\" name=\"zgomotul\"><option value=\"\">&#8212;Please choose an option&#8212;<\/option><option value=\"None\">None<\/option><option value=\"Weak\">Weak<\/option><option value=\"Medium\">Medium<\/option><option value=\"Strong\">Strong<\/option><option value=\"Very strong\">Very strong<\/option><\/select><\/span><br \/>\n<label>Propagation disturbance:<\/label><br \/>\n<span class=\"wpcf7-form-control-wrap\" data-name=\"perturbari\"><select class=\"wpcf7-form-control wpcf7-select wpcf7-validates-as-required\" aria-required=\"true\" aria-invalid=\"false\" name=\"perturbari\"><option value=\"\">&#8212;Please choose an option&#8212;<\/option><option value=\"None\">None<\/option><option value=\"Weak\">Weak<\/option><option value=\"Medium\">Medium<\/option><option value=\"Strong\">Strong<\/option><option value=\"Very strong\">Very strong<\/option><\/select><\/span><br \/>\n<label>Overall rating:<\/label><br \/>\n<span class=\"wpcf7-form-control-wrap\" data-name=\"nota-generala\"><select class=\"wpcf7-form-control wpcf7-select wpcf7-validates-as-required\" aria-required=\"true\" aria-invalid=\"false\" name=\"nota-generala\"><option value=\"\">&#8212;Please choose an option&#8212;<\/option><option value=\"1\">1<\/option><option value=\"2\">2<\/option><option value=\"3\">3<\/option><option value=\"4\">4<\/option><option value=\"5\">5<\/option><\/select><\/span>\n<\/p>\n<p class=\"user-zone__message\">MORE INFORMATION\n<\/p>\n<p><label>Comments (remarks, comments, information, suggestions...):<\/label><br \/>\n<span class=\"wpcf7-form-control-wrap\" data-name=\"comentarii\"><textarea cols=\"40\" rows=\"10\" maxlength=\"2000\" class=\"wpcf7-form-control wpcf7-textarea wpcf7-validates-as-required\" aria-required=\"true\" aria-invalid=\"false\" name=\"comentarii\"><\/textarea><\/span>\n<\/p>\n<p><span class=\"wpcf7-form-control-wrap\" data-name=\"acceptare-gdpr\"><span class=\"wpcf7-form-control wpcf7-acceptance\"><span class=\"wpcf7-list-item\"><label><input type=\"checkbox\" name=\"acceptare-gdpr\" value=\"1\" aria-invalid=\"false\" \/><span class=\"wpcf7-list-item-label\">By filling in this form belonging to RRI you consent to the storage of your personal data in the RRI database and to its processing for information, marketing and advertising purposes. RRI complies with the provisions of the General Data Protection Regulation (EU) 2016\/679 on personal data protection. RRI will no longer store and use your personal data, upon your specific request, by e-mail.<\/span><\/label><\/span><\/span><\/span>\n<\/p>\n<p><input class=\"wpcf7-form-control wpcf7-submit has-spinner\" type=\"submit\" value=\"SEND\" \/>\n<\/p><p style=\"display: none !important;\" class=\"akismet-fields-container\" data-prefix=\"_wpcf7_ak_\"><label>&#916;<textarea name=\"_wpcf7_ak_hp_textarea\" cols=\"45\" rows=\"8\" maxlength=\"100\"><\/textarea><\/label><input type=\"hidden\" id=\"ak_js_1\" name=\"_wpcf7_ak_js\" value=\"234\"\/><script>document.getElementById( \"ak_js_1\" ).setAttribute( \"value\", ( new Date() ).getTime() );<\/script><\/p><div class=\"wpcf7-response-output\" aria-hidden=\"true\"><\/div>\n<\/form>\n<\/div>\n\n","protected":false},"excerpt":{"rendered":"","protected":false},"author":1,"featured_media":0,"parent":0,"menu_order":0,"comment_status":"closed","ping_status":"closed","template":"template-formular.php","meta":{"_acf_changed":false,"footnotes":""},"coauthors":[113312],"class_list":["post-655016","page","type-page","status-publish","hentry"],"acf":[],"yoast_head":"<!-- This site is optimized with the Yoast SEO plugin v27.3 - https:\/\/yoast.com\/product\/yoast-seo-wordpress\/ -->\n<title>Reception form - Radio Romania International<\/title>\n<meta name=\"robots\" content=\"index, follow, max-snippet:-1, max-image-preview:large, max-video-preview:-1\" \/>\n<link rel=\"canonical\" href=\"https:\/\/www.rri.ro\/en\/reception-form\" \/>\n<meta property=\"og:locale\" content=\"en_US\" \/>\n<meta property=\"og:type\" content=\"article\" \/>\n<meta property=\"og:title\" content=\"Reception form - Radio Romania International\" \/>\n<meta property=\"og:url\" content=\"https:\/\/www.rri.ro\/en\/reception-form\" \/>\n<meta property=\"og:site_name\" content=\"Radio Romania International\" \/>\n<meta property=\"article:modified_time\" content=\"2024-03-06T14:02:15+00:00\" \/>\n<meta name=\"twitter:card\" content=\"summary_large_image\" \/>\n<meta name=\"twitter:label1\" content=\"Written by\" \/>\n\t<meta name=\"twitter:data1\" content=\"admin\" \/>\n<script type=\"application\/ld+json\" class=\"yoast-schema-graph\">{\"@context\":\"https:\\\/\\\/schema.org\",\"@graph\":[{\"@type\":\"WebPage\",\"@id\":\"https:\\\/\\\/www.rri.ro\\\/en\\\/reception-form\",\"url\":\"https:\\\/\\\/www.rri.ro\\\/en\\\/reception-form\",\"name\":\"Reception form - Radio Romania International\",\"isPartOf\":{\"@id\":\"https:\\\/\\\/www.rri.ro\\\/#website\"},\"datePublished\":\"2024-02-21T19:20:21+00:00\",\"dateModified\":\"2024-03-06T14:02:15+00:00\",\"breadcrumb\":{\"@id\":\"https:\\\/\\\/www.rri.ro\\\/en\\\/reception-form#breadcrumb\"},\"inLanguage\":\"en-US\",\"potentialAction\":[{\"@type\":\"ReadAction\",\"target\":[\"https:\\\/\\\/www.rri.ro\\\/en\\\/reception-form\"]}]},{\"@type\":\"BreadcrumbList\",\"@id\":\"https:\\\/\\\/www.rri.ro\\\/en\\\/reception-form#breadcrumb\",\"itemListElement\":[{\"@type\":\"ListItem\",\"position\":1,\"name\":\"Homepage\",\"item\":\"https:\\\/\\\/www.rri.ro\\\/en\"},{\"@type\":\"ListItem\",\"position\":2,\"name\":\"Reception form\"}]},{\"@type\":\"WebSite\",\"@id\":\"https:\\\/\\\/www.rri.ro\\\/#website\",\"url\":\"https:\\\/\\\/www.rri.ro\\\/\",\"name\":\"Radio Romania International\",\"description\":\"Totul despre Rom\u00e2nia \u015fi rom\u00e2ni, \u00een 13 limbi\\\/dialecte!\",\"inLanguage\":\"en-US\"}]}<\/script>\n<!-- \/ Yoast SEO plugin. -->","yoast_head_json":{"title":"Reception form - Radio Romania International","robots":{"index":"index","follow":"follow","max-snippet":"max-snippet:-1","max-image-preview":"max-image-preview:large","max-video-preview":"max-video-preview:-1"},"canonical":"https:\/\/www.rri.ro\/en\/reception-form","og_locale":"en_US","og_type":"article","og_title":"Reception form - Radio Romania International","og_url":"https:\/\/www.rri.ro\/en\/reception-form","og_site_name":"Radio Romania International","article_modified_time":"2024-03-06T14:02:15+00:00","twitter_card":"summary_large_image","twitter_misc":{"Written by":"admin"},"schema":{"@context":"https:\/\/schema.org","@graph":[{"@type":"WebPage","@id":"https:\/\/www.rri.ro\/en\/reception-form","url":"https:\/\/www.rri.ro\/en\/reception-form","name":"Reception form - Radio Romania International","isPartOf":{"@id":"https:\/\/www.rri.ro\/#website"},"datePublished":"2024-02-21T19:20:21+00:00","dateModified":"2024-03-06T14:02:15+00:00","breadcrumb":{"@id":"https:\/\/www.rri.ro\/en\/reception-form#breadcrumb"},"inLanguage":"en-US","potentialAction":[{"@type":"ReadAction","target":["https:\/\/www.rri.ro\/en\/reception-form"]}]},{"@type":"BreadcrumbList","@id":"https:\/\/www.rri.ro\/en\/reception-form#breadcrumb","itemListElement":[{"@type":"ListItem","position":1,"name":"Homepage","item":"https:\/\/www.rri.ro\/en"},{"@type":"ListItem","position":2,"name":"Reception form"}]},{"@type":"WebSite","@id":"https:\/\/www.rri.ro\/#website","url":"https:\/\/www.rri.ro\/","name":"Radio Romania International","description":"Totul despre Rom\u00e2nia \u015fi rom\u00e2ni, \u00een 13 limbi\/dialecte!","inLanguage":"en-US"}]}},"_links":{"self":[{"href":"https:\/\/www.rri.ro\/en\/wp-json\/wp\/v2\/pages\/655016","targetHints":{"allow":["GET"]}}],"collection":[{"href":"https:\/\/www.rri.ro\/en\/wp-json\/wp\/v2\/pages"}],"about":[{"href":"https:\/\/www.rri.ro\/en\/wp-json\/wp\/v2\/types\/page"}],"author":[{"embeddable":true,"href":"https:\/\/www.rri.ro\/en\/wp-json\/wp\/v2\/users\/1"}],"replies":[{"embeddable":true,"href":"https:\/\/www.rri.ro\/en\/wp-json\/wp\/v2\/comments?post=655016"}],"version-history":[{"count":0,"href":"https:\/\/www.rri.ro\/en\/wp-json\/wp\/v2\/pages\/655016\/revisions"}],"wp:attachment":[{"href":"https:\/\/www.rri.ro\/en\/wp-json\/wp\/v2\/media?parent=655016"}],"wp:term":[{"taxonomy":"author","embeddable":true,"href":"https:\/\/www.rri.ro\/en\/wp-json\/wp\/v2\/coauthors?post=655016"}],"curies":[{"name":"wp","href":"https:\/\/api.w.org\/{rel}","templated":true}]}}