{"id":703519,"date":"2023-05-16T13:49:16","date_gmt":"2023-05-16T10:49:16","guid":{"rendered":"http:\/\/devrri.freshlemon.ro\/about-radio-romania-international"},"modified":"2025-12-12T14:02:12","modified_gmt":"2025-12-12T12:02:12","slug":"about-radio-romania-international","status":"publish","type":"page","link":"https:\/\/www.rri.ro\/en\/about-radio-romania-international","title":{"rendered":"About Radio Romania International"},"content":{"rendered":"\r\n<p>In accordance with CNA Decision No 286 of 2011, we present the following data and information about Radio Romania International (RRI):<\/p>\r\n\r\n\r\n\r\n<ul class=\"wp-block-list\">\r\n<li><strong>Name:<\/strong> Radio Romania International, part of the Romanian Broadcasting Corporation (SRR)<\/li>\r\n\r\n\r\n\r\n<li><strong>Social status:<\/strong> public service<br \/><strong>Registered office (postal address):<\/strong> 60-64 General Berthelot Street, code 010165, sector 1, Bucharest, Romania<\/li>\r\n\r\n\r\n\r\n<li><strong>Name of the head of the company:<\/strong> Robert Cristian Schwartz, Chairman and CEO<\/li>\r\n\r\n\r\n\r\n<li><strong>Name of editorial responsible: <\/strong>Marius C\u0103t\u0103lin Furdui, Director of Programmes Directorate<\/li>\r\n\r\n\r\n\r\n<li><strong>Name of legal representative:<\/strong> Eugen Cojocariu, Secretary-General<\/li>\r\n\r\n\r\n\r\n<li><strong>E-mail:<\/strong> <a href=\"mailto:ecojocariu@rri.ro\">ecojocariu@rri.ro<\/a> or <a href=\"mailto:rri@rri.ro\">rri@rri.ro<\/a><\/li>\r\n\r\n\r\n\r\n<li><strong>Site:<\/strong> <a href=\"http:\/\/www.rri.ro\">www.rri.ro<\/a><\/li>\r\n<li><strong>Podcasts:<\/strong> <a href=\"http:\/\/www.romaniainternational.radio\">www.romaniainternational.radio<\/a><\/li>\r\n<\/ul>\r\n\r\n\r\n\r\n<p><strong>Programme services provided:<\/strong> daily broadcasts in Romanian, the Aromanian dialect and 10 foreign languages (English, French, German, Russian, Spanish, Arabic, Chinese, Italian, Ukrainian and Serbian), weekly broadcasts in Hebrew<\/p>\r\n","protected":false},"excerpt":{"rendered":"<p>In accordance with CNA Decision No 286 of 2011, we present the following data and information about Radio Romania International (RRI): Programme services provided: daily broadcasts in Romanian, the Aromanian dialect and 10 foreign languages (English, French, German, Russian, Spanish, Arabic, Chinese, Italian, Ukrainian and Serbian), weekly broadcasts in Hebrew<\/p>\n","protected":false},"author":1,"featured_media":0,"parent":0,"menu_order":0,"comment_status":"closed","ping_status":"closed","template":"","meta":{"_acf_changed":false,"footnotes":""},"coauthors":[113312],"class_list":["post-703519","page","type-page","status-publish","hentry"],"acf":[],"yoast_head":"<!-- This site is optimized with the Yoast SEO plugin v27.5 - https:\/\/yoast.com\/product\/yoast-seo-wordpress\/ -->\n<title>About Radio Romania International - Radio Romania International<\/title>\n<meta name=\"robots\" content=\"index, follow, max-snippet:-1, max-image-preview:large, max-video-preview:-1\" \/>\n<link rel=\"canonical\" href=\"https:\/\/www.rri.ro\/en\/about-radio-romania-international\" \/>\n<meta property=\"og:locale\" content=\"en_US\" \/>\n<meta property=\"og:type\" content=\"article\" \/>\n<meta property=\"og:title\" content=\"About Radio Romania International - Radio Romania International\" \/>\n<meta property=\"og:description\" content=\"In accordance with CNA Decision No 286 of 2011, we present the following data and information about Radio Romania International (RRI): Programme services provided: daily broadcasts in Romanian, the Aromanian dialect and 10 foreign languages (English, French, German, Russian, Spanish, Arabic, Chinese, Italian, Ukrainian and Serbian), weekly broadcasts in Hebrew\" \/>\n<meta property=\"og:url\" content=\"https:\/\/www.rri.ro\/en\/about-radio-romania-international\" \/>\n<meta property=\"og:site_name\" content=\"Radio Romania International\" \/>\n<meta property=\"article:modified_time\" content=\"2025-12-12T12:02:12+00:00\" \/>\n<meta name=\"twitter:card\" content=\"summary_large_image\" \/>\n<meta name=\"twitter:label1\" content=\"Est. reading time\" \/>\n\t<meta name=\"twitter:data1\" content=\"1 minute\" \/>\n\t<meta name=\"twitter:label2\" content=\"Written by\" \/>\n\t<meta name=\"twitter:data2\" content=\"admin\" \/>\n<script type=\"application\/ld+json\" class=\"yoast-schema-graph\">{\"@context\":\"https:\\\/\\\/schema.org\",\"@graph\":[{\"@type\":\"WebPage\",\"@id\":\"https:\\\/\\\/www.rri.ro\\\/en\\\/about-radio-romania-international\",\"url\":\"https:\\\/\\\/www.rri.ro\\\/en\\\/about-radio-romania-international\",\"name\":\"About Radio Romania International - Radio Romania International\",\"isPartOf\":{\"@id\":\"https:\\\/\\\/www.rri.ro\\\/#website\"},\"datePublished\":\"2023-05-16T10:49:16+00:00\",\"dateModified\":\"2025-12-12T12:02:12+00:00\",\"breadcrumb\":{\"@id\":\"https:\\\/\\\/www.rri.ro\\\/en\\\/about-radio-romania-international#breadcrumb\"},\"inLanguage\":\"en-US\",\"potentialAction\":[{\"@type\":\"ReadAction\",\"target\":[\"https:\\\/\\\/www.rri.ro\\\/en\\\/about-radio-romania-international\"]}]},{\"@type\":\"BreadcrumbList\",\"@id\":\"https:\\\/\\\/www.rri.ro\\\/en\\\/about-radio-romania-international#breadcrumb\",\"itemListElement\":[{\"@type\":\"ListItem\",\"position\":1,\"name\":\"Homepage\",\"item\":\"https:\\\/\\\/www.rri.ro\\\/en\"},{\"@type\":\"ListItem\",\"position\":2,\"name\":\"About Radio Romania International\"}]},{\"@type\":\"WebSite\",\"@id\":\"https:\\\/\\\/www.rri.ro\\\/#website\",\"url\":\"https:\\\/\\\/www.rri.ro\\\/\",\"name\":\"Radio Romania International\",\"description\":\"Totul despre Rom\u00e2nia \u015fi rom\u00e2ni, \u00een 13 limbi\\\/dialecte!\",\"inLanguage\":\"en-US\"}]}<\/script>\n<!-- \/ Yoast SEO plugin. -->","yoast_head_json":{"title":"About Radio Romania International - Radio Romania International","robots":{"index":"index","follow":"follow","max-snippet":"max-snippet:-1","max-image-preview":"max-image-preview:large","max-video-preview":"max-video-preview:-1"},"canonical":"https:\/\/www.rri.ro\/en\/about-radio-romania-international","og_locale":"en_US","og_type":"article","og_title":"About Radio Romania International - Radio Romania International","og_description":"In accordance with CNA Decision No 286 of 2011, we present the following data and information about Radio Romania International (RRI): Programme services provided: daily broadcasts in Romanian, the Aromanian dialect and 10 foreign languages (English, French, German, Russian, Spanish, Arabic, Chinese, Italian, Ukrainian and Serbian), weekly broadcasts in Hebrew","og_url":"https:\/\/www.rri.ro\/en\/about-radio-romania-international","og_site_name":"Radio Romania International","article_modified_time":"2025-12-12T12:02:12+00:00","twitter_card":"summary_large_image","twitter_misc":{"Est. reading time":"1 minute","Written by":"admin"},"schema":{"@context":"https:\/\/schema.org","@graph":[{"@type":"WebPage","@id":"https:\/\/www.rri.ro\/en\/about-radio-romania-international","url":"https:\/\/www.rri.ro\/en\/about-radio-romania-international","name":"About Radio Romania International - Radio Romania International","isPartOf":{"@id":"https:\/\/www.rri.ro\/#website"},"datePublished":"2023-05-16T10:49:16+00:00","dateModified":"2025-12-12T12:02:12+00:00","breadcrumb":{"@id":"https:\/\/www.rri.ro\/en\/about-radio-romania-international#breadcrumb"},"inLanguage":"en-US","potentialAction":[{"@type":"ReadAction","target":["https:\/\/www.rri.ro\/en\/about-radio-romania-international"]}]},{"@type":"BreadcrumbList","@id":"https:\/\/www.rri.ro\/en\/about-radio-romania-international#breadcrumb","itemListElement":[{"@type":"ListItem","position":1,"name":"Homepage","item":"https:\/\/www.rri.ro\/en"},{"@type":"ListItem","position":2,"name":"About Radio Romania International"}]},{"@type":"WebSite","@id":"https:\/\/www.rri.ro\/#website","url":"https:\/\/www.rri.ro\/","name":"Radio Romania International","description":"Totul despre Rom\u00e2nia \u015fi rom\u00e2ni, \u00een 13 limbi\/dialecte!","inLanguage":"en-US"}]}},"_links":{"self":[{"href":"https:\/\/www.rri.ro\/en\/wp-json\/wp\/v2\/pages\/703519","targetHints":{"allow":["GET"]}}],"collection":[{"href":"https:\/\/www.rri.ro\/en\/wp-json\/wp\/v2\/pages"}],"about":[{"href":"https:\/\/www.rri.ro\/en\/wp-json\/wp\/v2\/types\/page"}],"author":[{"embeddable":true,"href":"https:\/\/www.rri.ro\/en\/wp-json\/wp\/v2\/users\/1"}],"replies":[{"embeddable":true,"href":"https:\/\/www.rri.ro\/en\/wp-json\/wp\/v2\/comments?post=703519"}],"version-history":[{"count":0,"href":"https:\/\/www.rri.ro\/en\/wp-json\/wp\/v2\/pages\/703519\/revisions"}],"wp:attachment":[{"href":"https:\/\/www.rri.ro\/en\/wp-json\/wp\/v2\/media?parent=703519"}],"wp:term":[{"taxonomy":"author","embeddable":true,"href":"https:\/\/www.rri.ro\/en\/wp-json\/wp\/v2\/coauthors?post=703519"}],"curies":[{"name":"wp","href":"https:\/\/api.w.org\/{rel}","templated":true}]}}