{"id":503674,"date":"2023-07-14T06:33:19","date_gmt":"2023-07-14T03:33:19","guid":{"rendered":"http:\/\/devrri.freshlemon.ro\/pongase-en-contacto-con"},"modified":"2023-10-26T11:58:08","modified_gmt":"2023-10-26T08:58:08","slug":"pongase-en-contacto-con","status":"publish","type":"page","link":"https:\/\/www.rri.ro\/es\/pongase-en-contacto-con","title":{"rendered":"P\u00f3ngase en contacto con"},"content":{"rendered":"\n<p>Contacte con nosotros: <a href=\"mailto:rri@rri.ro\" target=\"_blank\" rel=\"noreferrer noopener\">rri@rri.ro<\/a><\/p>\n\n<h2 class=\"wp-block-heading\">Radio Ruman\u00eda Internacional<\/h2>\n\n<p><strong>Calle General Berthelot, 60-64, Bucarest, secc. 1, c\u00f3digo 010165<\/strong>,<strong> Ruman\u00eda<\/strong><\/p>\n\n<ul class=\"wp-block-list\">\n<li>Tel\u00e9fono: 021-319.05.16<\/li>\n\n\n\n<li>Fax: 021-319.05.62<\/li>\n<\/ul>\n","protected":false},"excerpt":{"rendered":"<p>Contacte con nosotros: rri@rri.ro Radio Ruman\u00eda Internacional Calle General Berthelot, 60-64, Bucarest, secc. 1, c\u00f3digo 010165, Ruman\u00eda<\/p>\n","protected":false},"author":1,"featured_media":0,"parent":0,"menu_order":0,"comment_status":"closed","ping_status":"closed","template":"","meta":{"_acf_changed":false,"footnotes":""},"coauthors":[],"class_list":["post-503674","page","type-page","status-publish","hentry"],"acf":[],"yoast_head":"<!-- This site is optimized with the Yoast SEO plugin v27.3 - https:\/\/yoast.com\/product\/yoast-seo-wordpress\/ -->\n<title>P\u00f3ngase en contacto con - Radio Ruman\u00eda Internacional<\/title>\n<meta name=\"robots\" content=\"index, follow, max-snippet:-1, max-image-preview:large, max-video-preview:-1\" \/>\n<link rel=\"canonical\" href=\"https:\/\/www.rri.ro\/es\/pongase-en-contacto-con\" \/>\n<meta property=\"og:locale\" content=\"es_ES\" \/>\n<meta property=\"og:type\" content=\"article\" \/>\n<meta property=\"og:title\" content=\"P\u00f3ngase en contacto con - Radio Ruman\u00eda Internacional\" \/>\n<meta property=\"og:description\" content=\"Contacte con nosotros: rri@rri.ro Radio Ruman\u00eda Internacional Calle General Berthelot, 60-64, Bucarest, secc. 1, c\u00f3digo 010165, Ruman\u00eda\" \/>\n<meta property=\"og:url\" content=\"https:\/\/www.rri.ro\/es\/pongase-en-contacto-con\" \/>\n<meta property=\"og:site_name\" content=\"Radio Ruman\u00eda Internacional\" \/>\n<meta property=\"article:modified_time\" content=\"2023-10-26T08:58:08+00:00\" \/>\n<meta name=\"twitter:card\" content=\"summary_large_image\" \/>\n<meta name=\"twitter:label1\" content=\"Written by\" \/>\n\t<meta name=\"twitter:data1\" content=\"admin\" \/>\n<script type=\"application\/ld+json\" class=\"yoast-schema-graph\">{\"@context\":\"https:\\\/\\\/schema.org\",\"@graph\":[{\"@type\":\"WebPage\",\"@id\":\"https:\\\/\\\/www.rri.ro\\\/es\\\/pongase-en-contacto-con\",\"url\":\"https:\\\/\\\/www.rri.ro\\\/es\\\/pongase-en-contacto-con\",\"name\":\"P\u00f3ngase en contacto con - Radio Ruman\u00eda Internacional\",\"isPartOf\":{\"@id\":\"https:\\\/\\\/www.rri.ro\\\/#website\"},\"datePublished\":\"2023-07-14T03:33:19+00:00\",\"dateModified\":\"2023-10-26T08:58:08+00:00\",\"breadcrumb\":{\"@id\":\"https:\\\/\\\/www.rri.ro\\\/es\\\/pongase-en-contacto-con#breadcrumb\"},\"inLanguage\":\"es\",\"potentialAction\":[{\"@type\":\"ReadAction\",\"target\":[\"https:\\\/\\\/www.rri.ro\\\/es\\\/pongase-en-contacto-con\"]}]},{\"@type\":\"BreadcrumbList\",\"@id\":\"https:\\\/\\\/www.rri.ro\\\/es\\\/pongase-en-contacto-con#breadcrumb\",\"itemListElement\":[{\"@type\":\"ListItem\",\"position\":1,\"name\":\"P\u00e1gina de inicio\",\"item\":\"https:\\\/\\\/www.rri.ro\\\/es\"},{\"@type\":\"ListItem\",\"position\":2,\"name\":\"P\u00f3ngase en contacto con\"}]},{\"@type\":\"WebSite\",\"@id\":\"https:\\\/\\\/www.rri.ro\\\/#website\",\"url\":\"https:\\\/\\\/www.rri.ro\\\/\",\"name\":\"Radio Ruman\u00eda Internacional\",\"description\":\"Totul despre Rom\u00e2nia \u015fi rom\u00e2ni, \u00een 13 limbi\\\/dialecte!\",\"inLanguage\":\"es\"}]}<\/script>\n<!-- \/ Yoast SEO plugin. -->","yoast_head_json":{"title":"P\u00f3ngase en contacto con - Radio Ruman\u00eda Internacional","robots":{"index":"index","follow":"follow","max-snippet":"max-snippet:-1","max-image-preview":"max-image-preview:large","max-video-preview":"max-video-preview:-1"},"canonical":"https:\/\/www.rri.ro\/es\/pongase-en-contacto-con","og_locale":"es_ES","og_type":"article","og_title":"P\u00f3ngase en contacto con - Radio Ruman\u00eda Internacional","og_description":"Contacte con nosotros: rri@rri.ro Radio Ruman\u00eda Internacional Calle General Berthelot, 60-64, Bucarest, secc. 1, c\u00f3digo 010165, Ruman\u00eda","og_url":"https:\/\/www.rri.ro\/es\/pongase-en-contacto-con","og_site_name":"Radio Ruman\u00eda Internacional","article_modified_time":"2023-10-26T08:58:08+00:00","twitter_card":"summary_large_image","twitter_misc":{"Written by":"admin"},"schema":{"@context":"https:\/\/schema.org","@graph":[{"@type":"WebPage","@id":"https:\/\/www.rri.ro\/es\/pongase-en-contacto-con","url":"https:\/\/www.rri.ro\/es\/pongase-en-contacto-con","name":"P\u00f3ngase en contacto con - Radio Ruman\u00eda Internacional","isPartOf":{"@id":"https:\/\/www.rri.ro\/#website"},"datePublished":"2023-07-14T03:33:19+00:00","dateModified":"2023-10-26T08:58:08+00:00","breadcrumb":{"@id":"https:\/\/www.rri.ro\/es\/pongase-en-contacto-con#breadcrumb"},"inLanguage":"es","potentialAction":[{"@type":"ReadAction","target":["https:\/\/www.rri.ro\/es\/pongase-en-contacto-con"]}]},{"@type":"BreadcrumbList","@id":"https:\/\/www.rri.ro\/es\/pongase-en-contacto-con#breadcrumb","itemListElement":[{"@type":"ListItem","position":1,"name":"P\u00e1gina de inicio","item":"https:\/\/www.rri.ro\/es"},{"@type":"ListItem","position":2,"name":"P\u00f3ngase en contacto con"}]},{"@type":"WebSite","@id":"https:\/\/www.rri.ro\/#website","url":"https:\/\/www.rri.ro\/","name":"Radio Ruman\u00eda Internacional","description":"Totul despre Rom\u00e2nia \u015fi rom\u00e2ni, \u00een 13 limbi\/dialecte!","inLanguage":"es"}]}},"_links":{"self":[{"href":"https:\/\/www.rri.ro\/es\/wp-json\/wp\/v2\/pages\/503674","targetHints":{"allow":["GET"]}}],"collection":[{"href":"https:\/\/www.rri.ro\/es\/wp-json\/wp\/v2\/pages"}],"about":[{"href":"https:\/\/www.rri.ro\/es\/wp-json\/wp\/v2\/types\/page"}],"author":[{"embeddable":true,"href":"https:\/\/www.rri.ro\/es\/wp-json\/wp\/v2\/users\/1"}],"replies":[{"embeddable":true,"href":"https:\/\/www.rri.ro\/es\/wp-json\/wp\/v2\/comments?post=503674"}],"version-history":[{"count":0,"href":"https:\/\/www.rri.ro\/es\/wp-json\/wp\/v2\/pages\/503674\/revisions"}],"wp:attachment":[{"href":"https:\/\/www.rri.ro\/es\/wp-json\/wp\/v2\/media?parent=503674"}],"wp:term":[{"taxonomy":"author","embeddable":true,"href":"https:\/\/www.rri.ro\/es\/wp-json\/wp\/v2\/coauthors?post=503674"}],"curies":[{"name":"wp","href":"https:\/\/api.w.org\/{rel}","templated":true}]}}