{"id":621435,"date":"2024-01-25T11:40:56","date_gmt":"2024-01-25T09:40:56","guid":{"rendered":"http:\/\/devrri.freshlemon.ro\/frecuencias"},"modified":"2024-06-29T14:17:57","modified_gmt":"2024-06-29T11:17:57","slug":"frecuencias","status":"publish","type":"page","link":"https:\/\/www.rri.ro\/es\/frecuencias","title":{"rendered":"Frecuencias"},"content":{"rendered":"<p>A partir del 31 de marzo de 2024 y hasta el 27 de octubre de 2024, las emisiones en espa\u00f1ol, por onda corta, de Radio Ruman\u00eda Internacional se pueden sintonizar de este modo:<\/p>\n<p>A las 19.00 horas, UTC, por 13.860 kilohercios, en Espa\u00f1a;<\/p>\n<p>A las 21.00 horas, UTC, por 15.170 DRM en Argentina y Brasil;<\/p>\n<p>A las 23.00 horas, UTC, por 21.550 kilohercios, en Sudam\u00e9rica, y por 15. 300 kilohercios, en Centroam\u00e9rica;<\/p>\n<p>A las 02.00 horas de la madrugada, UTC, por 17.760 kilohercios, en Sudam\u00e9rica, y por 9.700 kilohercios, en Centroam\u00e9rica;<\/p>\n<p>Tambi\u00e9n se pueden sintonizar v\u00eda sat\u00e9lite -Eutelsat 16A- en 11.512 MHz, polarizaci\u00f3n vertical, acimut 16 grados este;<\/p>\n<p>Y tambi\u00e9n a trav\u00e9s de TuneIn y en su tel\u00e9fono m\u00f3vil o fijo, al precio de una llamada local, en las condiciones de su plan tarifario, llamando al n\u00famero 14253947082, en los Estados Unidos, y al 899.274.6668, en M\u00e9xico.<\/p>\n<p><img decoding=\"async\" class=\"alignnone wp-image-724173 size-full\" src=\"https:\/\/www.rri.ro\/wp-content\/uploads\/2024\/04\/Tiganesti-antene-US-NOU.jpg\" alt=\"\" width=\"1200\" height=\"800\" srcset=\"https:\/\/www.rri.ro\/wp-content\/uploads\/2024\/04\/Tiganesti-antene-US-NOU.jpg 1200w, https:\/\/www.rri.ro\/wp-content\/uploads\/2024\/04\/Tiganesti-antene-US-NOU-300x200.jpg 300w, https:\/\/www.rri.ro\/wp-content\/uploads\/2024\/04\/Tiganesti-antene-US-NOU-1024x683.jpg 1024w, https:\/\/www.rri.ro\/wp-content\/uploads\/2024\/04\/Tiganesti-antene-US-NOU-768x512.jpg 768w, https:\/\/www.rri.ro\/wp-content\/uploads\/2024\/04\/Tiganesti-antene-US-NOU-900x600.jpg 900w, https:\/\/www.rri.ro\/wp-content\/uploads\/2024\/04\/Tiganesti-antene-US-NOU-426x284.jpg 426w\" sizes=\"(max-width: 1200px) 100vw, 1200px\" \/><\/p>\n","protected":false},"excerpt":{"rendered":"<p>A partir del 31 de marzo de 2024 y hasta el 27 de octubre de 2024, las emisiones en espa\u00f1ol, por onda corta, de Radio Ruman\u00eda Internacional se pueden sintonizar de este modo: A las 19.00 horas, UTC, por 13.860 kilohercios, en Espa\u00f1a; A las 21.00 horas, UTC, por 15.170 DRM en Argentina y Brasil; [&hellip;]<\/p>\n","protected":false},"author":1,"featured_media":1000019,"parent":0,"menu_order":0,"comment_status":"closed","ping_status":"closed","template":"","meta":{"_acf_changed":false,"footnotes":""},"coauthors":[113312],"class_list":["post-621435","page","type-page","status-publish","has-post-thumbnail","hentry"],"acf":[],"yoast_head":"<!-- This site is optimized with the Yoast SEO plugin v27.3 - https:\/\/yoast.com\/product\/yoast-seo-wordpress\/ -->\n<title>Frecuencias - Radio Ruman\u00eda Internacional<\/title>\n<meta name=\"robots\" content=\"index, follow, max-snippet:-1, max-image-preview:large, max-video-preview:-1\" \/>\n<link rel=\"canonical\" href=\"https:\/\/www.rri.ro\/es\/frecuencias\" \/>\n<meta property=\"og:locale\" content=\"es_ES\" \/>\n<meta property=\"og:type\" content=\"article\" \/>\n<meta property=\"og:title\" content=\"Frecuencias - Radio Ruman\u00eda Internacional\" \/>\n<meta property=\"og:description\" content=\"A partir del 31 de marzo de 2024 y hasta el 27 de octubre de 2024, las emisiones en espa\u00f1ol, por onda corta, de Radio Ruman\u00eda Internacional se pueden sintonizar de este modo: A las 19.00 horas, UTC, por 13.860 kilohercios, en Espa\u00f1a; A las 21.00 horas, UTC, por 15.170 DRM en Argentina y Brasil; [&hellip;]\" \/>\n<meta property=\"og:url\" content=\"https:\/\/www.rri.ro\/es\/frecuencias\" \/>\n<meta property=\"og:site_name\" content=\"Radio Ruman\u00eda Internacional\" \/>\n<meta property=\"article:modified_time\" content=\"2024-06-29T11:17:57+00:00\" \/>\n<meta property=\"og:image\" content=\"https:\/\/www.rri.ro\/wp-content\/uploads\/2024\/04\/Tiganesti-antene-US-NOU.jpg\" \/>\n\t<meta property=\"og:image:width\" content=\"1200\" \/>\n\t<meta property=\"og:image:height\" content=\"800\" \/>\n\t<meta property=\"og:image:type\" content=\"image\/jpeg\" \/>\n<meta name=\"twitter:card\" content=\"summary_large_image\" \/>\n<meta name=\"twitter:label1\" content=\"Tiempo de lectura\" \/>\n\t<meta name=\"twitter:data1\" content=\"1 minuto\" \/>\n\t<meta name=\"twitter:label2\" content=\"Written by\" \/>\n\t<meta name=\"twitter:data2\" content=\"admin\" \/>\n<script type=\"application\/ld+json\" class=\"yoast-schema-graph\">{\"@context\":\"https:\\\/\\\/schema.org\",\"@graph\":[{\"@type\":\"WebPage\",\"@id\":\"https:\\\/\\\/www.rri.ro\\\/es\\\/frecuencias\",\"url\":\"https:\\\/\\\/www.rri.ro\\\/es\\\/frecuencias\",\"name\":\"Frecuencias - Radio Ruman\u00eda Internacional\",\"isPartOf\":{\"@id\":\"https:\\\/\\\/www.rri.ro\\\/#website\"},\"primaryImageOfPage\":{\"@id\":\"https:\\\/\\\/www.rri.ro\\\/es\\\/frecuencias#primaryimage\"},\"image\":{\"@id\":\"https:\\\/\\\/www.rri.ro\\\/es\\\/frecuencias#primaryimage\"},\"thumbnailUrl\":\"https:\\\/\\\/www.rri.ro\\\/wp-content\\\/uploads\\\/2026\\\/03\\\/PLIANT-RRI-INTERIOR-2026-JPG-mic.jpg\",\"datePublished\":\"2024-01-25T09:40:56+00:00\",\"dateModified\":\"2024-06-29T11:17:57+00:00\",\"breadcrumb\":{\"@id\":\"https:\\\/\\\/www.rri.ro\\\/es\\\/frecuencias#breadcrumb\"},\"inLanguage\":\"es\",\"potentialAction\":[{\"@type\":\"ReadAction\",\"target\":[\"https:\\\/\\\/www.rri.ro\\\/es\\\/frecuencias\"]}]},{\"@type\":\"ImageObject\",\"inLanguage\":\"es\",\"@id\":\"https:\\\/\\\/www.rri.ro\\\/es\\\/frecuencias#primaryimage\",\"url\":\"https:\\\/\\\/www.rri.ro\\\/wp-content\\\/uploads\\\/2026\\\/03\\\/PLIANT-RRI-INTERIOR-2026-JPG-mic.jpg\",\"contentUrl\":\"https:\\\/\\\/www.rri.ro\\\/wp-content\\\/uploads\\\/2026\\\/03\\\/PLIANT-RRI-INTERIOR-2026-JPG-mic.jpg\",\"width\":1624,\"height\":2400,\"caption\":\"RRI Summer 2026 leaflet\"},{\"@type\":\"BreadcrumbList\",\"@id\":\"https:\\\/\\\/www.rri.ro\\\/es\\\/frecuencias#breadcrumb\",\"itemListElement\":[{\"@type\":\"ListItem\",\"position\":1,\"name\":\"P\u00e1gina de inicio\",\"item\":\"https:\\\/\\\/www.rri.ro\\\/es\"},{\"@type\":\"ListItem\",\"position\":2,\"name\":\"Frecuencias\"}]},{\"@type\":\"WebSite\",\"@id\":\"https:\\\/\\\/www.rri.ro\\\/#website\",\"url\":\"https:\\\/\\\/www.rri.ro\\\/\",\"name\":\"Radio Ruman\u00eda Internacional\",\"description\":\"Totul despre Rom\u00e2nia \u015fi rom\u00e2ni, \u00een 13 limbi\\\/dialecte!\",\"inLanguage\":\"es\"}]}<\/script>\n<!-- \/ Yoast SEO plugin. -->","yoast_head_json":{"title":"Frecuencias - Radio Ruman\u00eda Internacional","robots":{"index":"index","follow":"follow","max-snippet":"max-snippet:-1","max-image-preview":"max-image-preview:large","max-video-preview":"max-video-preview:-1"},"canonical":"https:\/\/www.rri.ro\/es\/frecuencias","og_locale":"es_ES","og_type":"article","og_title":"Frecuencias - Radio Ruman\u00eda Internacional","og_description":"A partir del 31 de marzo de 2024 y hasta el 27 de octubre de 2024, las emisiones en espa\u00f1ol, por onda corta, de Radio Ruman\u00eda Internacional se pueden sintonizar de este modo: A las 19.00 horas, UTC, por 13.860 kilohercios, en Espa\u00f1a; A las 21.00 horas, UTC, por 15.170 DRM en Argentina y Brasil; [&hellip;]","og_url":"https:\/\/www.rri.ro\/es\/frecuencias","og_site_name":"Radio Ruman\u00eda Internacional","article_modified_time":"2024-06-29T11:17:57+00:00","og_image":[{"width":1200,"height":800,"url":"https:\/\/www.rri.ro\/wp-content\/uploads\/2024\/04\/Tiganesti-antene-US-NOU.jpg","type":"image\/jpeg"}],"twitter_card":"summary_large_image","twitter_misc":{"Tiempo de lectura":"1 minuto","Written by":"admin"},"schema":{"@context":"https:\/\/schema.org","@graph":[{"@type":"WebPage","@id":"https:\/\/www.rri.ro\/es\/frecuencias","url":"https:\/\/www.rri.ro\/es\/frecuencias","name":"Frecuencias - Radio Ruman\u00eda Internacional","isPartOf":{"@id":"https:\/\/www.rri.ro\/#website"},"primaryImageOfPage":{"@id":"https:\/\/www.rri.ro\/es\/frecuencias#primaryimage"},"image":{"@id":"https:\/\/www.rri.ro\/es\/frecuencias#primaryimage"},"thumbnailUrl":"https:\/\/www.rri.ro\/wp-content\/uploads\/2026\/03\/PLIANT-RRI-INTERIOR-2026-JPG-mic.jpg","datePublished":"2024-01-25T09:40:56+00:00","dateModified":"2024-06-29T11:17:57+00:00","breadcrumb":{"@id":"https:\/\/www.rri.ro\/es\/frecuencias#breadcrumb"},"inLanguage":"es","potentialAction":[{"@type":"ReadAction","target":["https:\/\/www.rri.ro\/es\/frecuencias"]}]},{"@type":"ImageObject","inLanguage":"es","@id":"https:\/\/www.rri.ro\/es\/frecuencias#primaryimage","url":"https:\/\/www.rri.ro\/wp-content\/uploads\/2026\/03\/PLIANT-RRI-INTERIOR-2026-JPG-mic.jpg","contentUrl":"https:\/\/www.rri.ro\/wp-content\/uploads\/2026\/03\/PLIANT-RRI-INTERIOR-2026-JPG-mic.jpg","width":1624,"height":2400,"caption":"RRI Summer 2026 leaflet"},{"@type":"BreadcrumbList","@id":"https:\/\/www.rri.ro\/es\/frecuencias#breadcrumb","itemListElement":[{"@type":"ListItem","position":1,"name":"P\u00e1gina de inicio","item":"https:\/\/www.rri.ro\/es"},{"@type":"ListItem","position":2,"name":"Frecuencias"}]},{"@type":"WebSite","@id":"https:\/\/www.rri.ro\/#website","url":"https:\/\/www.rri.ro\/","name":"Radio Ruman\u00eda Internacional","description":"Totul despre Rom\u00e2nia \u015fi rom\u00e2ni, \u00een 13 limbi\/dialecte!","inLanguage":"es"}]}},"_links":{"self":[{"href":"https:\/\/www.rri.ro\/es\/wp-json\/wp\/v2\/pages\/621435","targetHints":{"allow":["GET"]}}],"collection":[{"href":"https:\/\/www.rri.ro\/es\/wp-json\/wp\/v2\/pages"}],"about":[{"href":"https:\/\/www.rri.ro\/es\/wp-json\/wp\/v2\/types\/page"}],"author":[{"embeddable":true,"href":"https:\/\/www.rri.ro\/es\/wp-json\/wp\/v2\/users\/1"}],"replies":[{"embeddable":true,"href":"https:\/\/www.rri.ro\/es\/wp-json\/wp\/v2\/comments?post=621435"}],"version-history":[{"count":0,"href":"https:\/\/www.rri.ro\/es\/wp-json\/wp\/v2\/pages\/621435\/revisions"}],"wp:featuredmedia":[{"embeddable":true,"href":"https:\/\/www.rri.ro\/es\/wp-json\/wp\/v2\/media\/1000019"}],"wp:attachment":[{"href":"https:\/\/www.rri.ro\/es\/wp-json\/wp\/v2\/media?parent=621435"}],"wp:term":[{"taxonomy":"author","embeddable":true,"href":"https:\/\/www.rri.ro\/es\/wp-json\/wp\/v2\/coauthors?post=621435"}],"curies":[{"name":"wp","href":"https:\/\/api.w.org\/{rel}","templated":true}]}}