{"id":655285,"date":"2024-02-21T21:20:21","date_gmt":"2024-02-21T19:20:21","guid":{"rendered":"http:\/\/devrri.freshlemon.ro\/formulario-de-recepcion"},"modified":"2024-03-14T15:20:42","modified_gmt":"2024-03-14T13:20:42","slug":"informe-de-recepcion","status":"publish","type":"page","link":"https:\/\/www.rri.ro\/es\/informe-de-recepcion","title":{"rendered":"Informe de recepci\u00f3n"},"content":{"rendered":"\n<div class=\"wpcf7 no-js\" id=\"wpcf7-f711429-o1\" lang=\"es-ES\" dir=\"ltr\" data-wpcf7-id=\"711429\">\n<div class=\"screen-reader-response\"><p role=\"status\" aria-live=\"polite\" aria-atomic=\"true\"><\/p> <ul><\/ul><\/div>\n<form action=\"\/es\/wp-json\/wp\/v2\/pages\/655285#wpcf7-f711429-o1\" method=\"post\" class=\"wpcf7-form init user-zone\" aria-label=\"Formulario de contacto\" novalidate=\"novalidate\" data-status=\"init\">\n<fieldset class=\"hidden-fields-container\"><input type=\"hidden\" name=\"_wpcf7\" value=\"711429\" \/><input type=\"hidden\" name=\"_wpcf7_version\" value=\"6.1.5\" \/><input type=\"hidden\" name=\"_wpcf7_locale\" value=\"es_ES\" \/><input type=\"hidden\" name=\"_wpcf7_unit_tag\" value=\"wpcf7-f711429-o1\" \/><input type=\"hidden\" name=\"_wpcf7_container_post\" value=\"0\" \/><input type=\"hidden\" name=\"_wpcf7_posted_data_hash\" value=\"\" \/>\n<\/fieldset>\n<h1 class=\"user-zone__title\">Informe de recepci\u00f3n\n<\/h1>\n<p class=\"user-zone__message\">Todos los campos son obligatorios.\n<\/p>\n<p><label>Nombre: <\/label><br \/>\n<span class=\"wpcf7-form-control-wrap\" data-name=\"nume\"><input size=\"40\" maxlength=\"400\" class=\"wpcf7-form-control wpcf7-text wpcf7-validates-as-required\" aria-required=\"true\" aria-invalid=\"false\" value=\"\" type=\"text\" name=\"nume\" \/><\/span><br \/>\n<label>Edad: <\/label><br \/>\n<span class=\"wpcf7-form-control-wrap\" data-name=\"varsta\"><input size=\"40\" maxlength=\"400\" class=\"wpcf7-form-control wpcf7-text wpcf7-validates-as-required\" aria-required=\"true\" aria-invalid=\"false\" value=\"\" type=\"text\" name=\"varsta\" \/><\/span><br \/>\n<label>Sexo: <\/label><br \/>\n<span class=\"wpcf7-form-control-wrap\" data-name=\"sex\"><select class=\"wpcf7-form-control wpcf7-select wpcf7-validates-as-required\" aria-required=\"true\" aria-invalid=\"false\" name=\"sex\"><option value=\"\">&#8212;Por favor, elige una opci\u00f3n&#8212;<\/option><option value=\"femenino\">femenino<\/option><option value=\"masculino\">masculino<\/option><\/select><\/span><br \/>\n<label>Profesi\u00f3n: <\/label><br \/>\n<span class=\"wpcf7-form-control-wrap\" data-name=\"ocupatie\"><input size=\"40\" maxlength=\"400\" class=\"wpcf7-form-control wpcf7-text wpcf7-validates-as-required\" aria-required=\"true\" aria-invalid=\"false\" value=\"\" type=\"text\" name=\"ocupatie\" \/><\/span><br \/>\n<label>Escucho RRI desde: (el a\u00f1o) <\/label><br \/>\n<span class=\"wpcf7-form-control-wrap\" data-name=\"date-rri\"><input class=\"wpcf7-form-control wpcf7-date wpcf7-validates-as-required wpcf7-validates-as-date\" aria-required=\"true\" aria-invalid=\"false\" value=\"\" type=\"date\" name=\"date-rri\" \/><\/span><br \/>\n<label>Direcci\u00f3n: <\/label><br \/>\n<span class=\"wpcf7-form-control-wrap\" data-name=\"adresa\"><input size=\"40\" maxlength=\"400\" class=\"wpcf7-form-control wpcf7-text wpcf7-validates-as-required\" aria-required=\"true\" aria-invalid=\"false\" value=\"\" type=\"text\" name=\"adresa\" \/><\/span><br \/>\n<label>Localidad: <\/label><br \/>\n<span class=\"wpcf7-form-control-wrap\" data-name=\"localitate\"><input size=\"40\" maxlength=\"400\" class=\"wpcf7-form-control wpcf7-text wpcf7-validates-as-required\" aria-required=\"true\" aria-invalid=\"false\" value=\"\" type=\"text\" name=\"localitate\" \/><\/span><br \/>\n<label>C\u00f3digo Postal: <\/label><br \/>\n<span class=\"wpcf7-form-control-wrap\" data-name=\"cod-postal\"><input size=\"40\" maxlength=\"400\" class=\"wpcf7-form-control wpcf7-text wpcf7-validates-as-required\" aria-required=\"true\" aria-invalid=\"false\" value=\"\" type=\"text\" name=\"cod-postal\" \/><\/span><br \/>\n<label>El pa\u00eds: <\/label><br \/>\n<span class=\"wpcf7-form-control-wrap\" data-name=\"tara\"><input size=\"40\" maxlength=\"400\" class=\"wpcf7-form-control wpcf7-text wpcf7-validates-as-required\" aria-required=\"true\" aria-invalid=\"false\" value=\"\" type=\"text\" name=\"tara\" \/><\/span><br \/>\n<label>Correo electr\u00f3nico: <\/label><br \/>\n<span class=\"wpcf7-form-control-wrap\" data-name=\"email\"><input size=\"40\" maxlength=\"400\" class=\"wpcf7-form-control wpcf7-email wpcf7-validates-as-required wpcf7-text wpcf7-validates-as-email\" aria-required=\"true\" aria-invalid=\"false\" value=\"\" type=\"email\" name=\"email\" \/><\/span>\n<\/p>\n<p class=\"user-zone__message\">Equipo de recepci\u00f3n\n<\/p>\n<p><label>Receptor: <\/label><br \/>\n<span class=\"wpcf7-form-control-wrap\" data-name=\"aparatul\"><input size=\"40\" maxlength=\"400\" class=\"wpcf7-form-control wpcf7-text wpcf7-validates-as-required\" aria-required=\"true\" aria-invalid=\"false\" value=\"\" type=\"text\" name=\"aparatul\" \/><\/span><br \/>\n<label>Antena: <\/label><br \/>\n<span class=\"wpcf7-form-control-wrap\" data-name=\"antena\"><input size=\"40\" maxlength=\"400\" class=\"wpcf7-form-control wpcf7-text wpcf7-validates-as-required\" aria-required=\"true\" aria-invalid=\"false\" value=\"\" type=\"text\" name=\"antena\" \/><\/span><br \/>\n<label>Lugar de recepci\u00f3n: <\/label><br \/>\n<span class=\"wpcf7-form-control-wrap\" data-name=\"locul-receptiei\"><input size=\"40\" maxlength=\"400\" class=\"wpcf7-form-control wpcf7-text wpcf7-validates-as-required\" aria-required=\"true\" aria-invalid=\"false\" value=\"\" type=\"text\" name=\"locul-receptiei\" \/><\/span>\n<\/p>\n<p class=\"user-zone__message\">Recepci\u00f3n\n<\/p>\n<p><label>Fecha: <\/label><br \/>\n<span class=\"wpcf7-form-control-wrap\" data-name=\"data-receptiei\"><input class=\"wpcf7-form-control wpcf7-date wpcf7-validates-as-required wpcf7-validates-as-date\" aria-required=\"true\" aria-invalid=\"false\" value=\"\" type=\"date\" name=\"data-receptiei\" \/><\/span><br \/>\n<label>Desde qu\u00e9 hora (UTC): <\/label><br \/>\n<span class=\"wpcf7-form-control-wrap\" data-name=\"de-la-ce-ora\"><input size=\"40\" maxlength=\"400\" class=\"wpcf7-form-control wpcf7-text wpcf7-validates-as-required\" aria-required=\"true\" aria-invalid=\"false\" value=\"\" type=\"text\" name=\"de-la-ce-ora\" \/><\/span><br \/>\n<label>Hasta qu\u00e9 hora (UTC): <\/label><br \/>\n<span class=\"wpcf7-form-control-wrap\" data-name=\"pana-la-ce-ora\"><input size=\"40\" maxlength=\"400\" class=\"wpcf7-form-control wpcf7-text wpcf7-validates-as-required\" aria-required=\"true\" aria-invalid=\"false\" value=\"\" type=\"text\" name=\"pana-la-ce-ora\" \/><\/span><br \/>\n<label>Frecuencia (khz):<\/label><br \/>\n<span class=\"wpcf7-form-control-wrap\" data-name=\"frecventa-receptiei\"><input size=\"40\" maxlength=\"400\" class=\"wpcf7-form-control wpcf7-text wpcf7-validates-as-required\" aria-required=\"true\" aria-invalid=\"false\" value=\"\" type=\"text\" name=\"frecventa-receptiei\" \/><\/span>\n<\/p>\n<p class=\"user-zone__message\">Programa\n<\/p>\n<p><label>Idioma:<\/label><br \/>\n<span class=\"wpcf7-form-control-wrap\" data-name=\"limba\"><input size=\"40\" maxlength=\"400\" class=\"wpcf7-form-control wpcf7-text wpcf7-validates-as-required\" aria-required=\"true\" aria-invalid=\"false\" value=\"\" type=\"text\" name=\"limba\" \/><\/span><br \/>\n<label>Detalles sobre el programa escuchado:<\/label><br \/>\n<span class=\"wpcf7-form-control-wrap\" data-name=\"detalii-despre-program\"><textarea cols=\"40\" rows=\"10\" maxlength=\"2000\" class=\"wpcf7-form-control wpcf7-textarea wpcf7-validates-as-required\" aria-required=\"true\" aria-invalid=\"false\" name=\"detalii-despre-program\"><\/textarea><\/span>\n<\/p>\n<p class=\"user-zone__message\">Calidad de recepci\u00f3n\n<\/p>\n<p><label>S - Intensidad de la Se\u00f1al:<\/label><br \/>\n<span class=\"wpcf7-form-control-wrap\" data-name=\"puterea-semnalului\"><select class=\"wpcf7-form-control wpcf7-select wpcf7-validates-as-required\" aria-required=\"true\" aria-invalid=\"false\" name=\"puterea-semnalului\"><option value=\"\">&#8212;Por favor, elige una opci\u00f3n&#8212;<\/option><option value=\"Excelente\">Excelente<\/option><option value=\"Buena\">Buena<\/option><option value=\"Aceptable\">Aceptable<\/option><option value=\"Mediocre\">Mediocre<\/option><option value=\"Apenas audible\">Apenas audible<\/option><\/select><\/span><br \/>\n<label>I - Interferencia:<\/label><br \/>\n<span class=\"wpcf7-form-control-wrap\" data-name=\"interferenta\"><select class=\"wpcf7-form-control wpcf7-select wpcf7-validates-as-required\" aria-required=\"true\" aria-invalid=\"false\" name=\"interferenta\"><option value=\"\">&#8212;Por favor, elige una opci\u00f3n&#8212;<\/option><option value=\"Nula\">Nula<\/option><option value=\"Ligera\">Ligera<\/option><option value=\"Moderada\">Moderada<\/option><option value=\"Intensa\">Intensa<\/option><option value=\"Muy intensa\">Muy intensa<\/option><\/select><\/span><br \/>\n<label>N - Ruido:<\/label><br \/>\n<span class=\"wpcf7-form-control-wrap\" data-name=\"zgomotul\"><select class=\"wpcf7-form-control wpcf7-select wpcf7-validates-as-required\" aria-required=\"true\" aria-invalid=\"false\" name=\"zgomotul\"><option value=\"\">&#8212;Por favor, elige una opci\u00f3n&#8212;<\/option><option value=\"Nula\">Nula<\/option><option value=\"Ligera\">Ligera<\/option><option value=\"Moderada\">Moderada<\/option><option value=\"Intensa\">Intensa<\/option><option value=\"Muy intensa\">Muy intensa<\/option><\/select><\/span><br \/>\n<label>P - Perturbaci\u00f3n de la propagaci\u00f3n:<\/label><br \/>\n<span class=\"wpcf7-form-control-wrap\" data-name=\"perturbari\"><select class=\"wpcf7-form-control wpcf7-select wpcf7-validates-as-required\" aria-required=\"true\" aria-invalid=\"false\" name=\"perturbari\"><option value=\"\">&#8212;Por favor, elige una opci\u00f3n&#8212;<\/option><option value=\"Nula\">Nula<\/option><option value=\"Ligera\">Ligera<\/option><option value=\"Moderada\">Moderada<\/option><option value=\"Intensa\">Intensa<\/option><option value=\"Muy intensa\">Muy intensa<\/option><\/select><\/span><br \/>\n<label>O - Apreciaci\u00f3n general:<\/label><br \/>\n<span class=\"wpcf7-form-control-wrap\" data-name=\"nota-generala\"><select class=\"wpcf7-form-control wpcf7-select wpcf7-validates-as-required\" aria-required=\"true\" aria-invalid=\"false\" name=\"nota-generala\"><option value=\"\">&#8212;Por favor, elige una opci\u00f3n&#8212;<\/option><option value=\"Inutilizable - 1\">Inutilizable - 1<\/option><option value=\"Mediocre - 2\">Mediocre - 2<\/option><option value=\"Aceptable - 3\">Aceptable - 3<\/option><option value=\"Buena - 4\">Buena - 4<\/option><option value=\"Excelente - 5\">Excelente - 5<\/option><\/select><\/span>\n<\/p>\n<p class=\"user-zone__message\">M\u00e1s informaci\u00f3n\n<\/p>\n<p><label>Comentarios (observaciones, informaciones, sugerencias):<\/label><br \/>\n<span class=\"wpcf7-form-control-wrap\" data-name=\"comentarii\"><textarea cols=\"40\" rows=\"10\" maxlength=\"2000\" class=\"wpcf7-form-control wpcf7-textarea wpcf7-validates-as-required\" aria-required=\"true\" aria-invalid=\"false\" name=\"comentarii\"><\/textarea><\/span>\n<\/p>\n<p><span class=\"wpcf7-form-control-wrap\" data-name=\"acceptare-gdpr\"><span class=\"wpcf7-form-control wpcf7-acceptance\"><span class=\"wpcf7-list-item\"><label><input type=\"checkbox\" name=\"acceptare-gdpr\" value=\"1\" aria-invalid=\"false\" \/><span class=\"wpcf7-list-item-label\">Al rellenar este formulario de RRI, consideramos que Ud. autoriza que sus datos de car\u00e1cter personal proporcionados sean incluidos en su base de datos y sean tratados con fines comerciales, informativos y de promoci\u00f3n. RRI se obliga a cumplir con las previsiones del Reglamento (UE) 2016\/679 relativo a la protecci\u00f3n de datos personales. A su solicitud expresa, a trav\u00e9s de un mensaje enviado a nuestro correo electr\u00f3nico, RRI dejar\u00e1 de almacenar y tratar sus datos personales.<\/span><\/label><\/span><\/span><\/span>\n<\/p>\n<p><input class=\"wpcf7-form-control wpcf7-submit has-spinner\" type=\"submit\" value=\"Envia\" \/>\n<\/p><p style=\"display: none !important;\" class=\"akismet-fields-container\" data-prefix=\"_wpcf7_ak_\"><label>&#916;<textarea name=\"_wpcf7_ak_hp_textarea\" cols=\"45\" rows=\"8\" maxlength=\"100\"><\/textarea><\/label><input type=\"hidden\" id=\"ak_js_1\" name=\"_wpcf7_ak_js\" value=\"162\"\/><script>document.getElementById( \"ak_js_1\" ).setAttribute( \"value\", ( new Date() ).getTime() );<\/script><\/p><div class=\"wpcf7-response-output\" aria-hidden=\"true\"><\/div>\n<\/form>\n<\/div>\n\n","protected":false},"excerpt":{"rendered":"","protected":false},"author":1,"featured_media":0,"parent":0,"menu_order":0,"comment_status":"closed","ping_status":"closed","template":"template-formular.php","meta":{"_acf_changed":false,"footnotes":""},"coauthors":[113312],"class_list":["post-655285","page","type-page","status-publish","hentry"],"acf":[],"yoast_head":"<!-- This site is optimized with the Yoast SEO plugin v27.3 - https:\/\/yoast.com\/product\/yoast-seo-wordpress\/ -->\n<title>Informe de recepci\u00f3n - Radio Ruman\u00eda Internacional<\/title>\n<meta name=\"robots\" content=\"index, follow, max-snippet:-1, max-image-preview:large, max-video-preview:-1\" \/>\n<link rel=\"canonical\" href=\"https:\/\/www.rri.ro\/es\/informe-de-recepcion\" \/>\n<meta property=\"og:locale\" content=\"es_ES\" \/>\n<meta property=\"og:type\" content=\"article\" \/>\n<meta property=\"og:title\" content=\"Informe de recepci\u00f3n - Radio Ruman\u00eda Internacional\" \/>\n<meta property=\"og:url\" content=\"https:\/\/www.rri.ro\/es\/informe-de-recepcion\" \/>\n<meta property=\"og:site_name\" content=\"Radio Ruman\u00eda Internacional\" \/>\n<meta property=\"article:modified_time\" content=\"2024-03-14T13:20:42+00:00\" \/>\n<meta name=\"twitter:card\" content=\"summary_large_image\" \/>\n<meta name=\"twitter:label1\" content=\"Written by\" \/>\n\t<meta name=\"twitter:data1\" content=\"admin\" \/>\n<script type=\"application\/ld+json\" class=\"yoast-schema-graph\">{\"@context\":\"https:\\\/\\\/schema.org\",\"@graph\":[{\"@type\":\"WebPage\",\"@id\":\"https:\\\/\\\/www.rri.ro\\\/es\\\/informe-de-recepcion\",\"url\":\"https:\\\/\\\/www.rri.ro\\\/es\\\/informe-de-recepcion\",\"name\":\"Informe de recepci\u00f3n - Radio Ruman\u00eda Internacional\",\"isPartOf\":{\"@id\":\"https:\\\/\\\/www.rri.ro\\\/#website\"},\"datePublished\":\"2024-02-21T19:20:21+00:00\",\"dateModified\":\"2024-03-14T13:20:42+00:00\",\"breadcrumb\":{\"@id\":\"https:\\\/\\\/www.rri.ro\\\/es\\\/informe-de-recepcion#breadcrumb\"},\"inLanguage\":\"es\",\"potentialAction\":[{\"@type\":\"ReadAction\",\"target\":[\"https:\\\/\\\/www.rri.ro\\\/es\\\/informe-de-recepcion\"]}]},{\"@type\":\"BreadcrumbList\",\"@id\":\"https:\\\/\\\/www.rri.ro\\\/es\\\/informe-de-recepcion#breadcrumb\",\"itemListElement\":[{\"@type\":\"ListItem\",\"position\":1,\"name\":\"P\u00e1gina de inicio\",\"item\":\"https:\\\/\\\/www.rri.ro\\\/es\"},{\"@type\":\"ListItem\",\"position\":2,\"name\":\"Informe de recepci\u00f3n\"}]},{\"@type\":\"WebSite\",\"@id\":\"https:\\\/\\\/www.rri.ro\\\/#website\",\"url\":\"https:\\\/\\\/www.rri.ro\\\/\",\"name\":\"Radio Ruman\u00eda Internacional\",\"description\":\"Totul despre Rom\u00e2nia \u015fi rom\u00e2ni, \u00een 13 limbi\\\/dialecte!\",\"inLanguage\":\"es\"}]}<\/script>\n<!-- \/ Yoast SEO plugin. -->","yoast_head_json":{"title":"Informe de recepci\u00f3n - Radio Ruman\u00eda Internacional","robots":{"index":"index","follow":"follow","max-snippet":"max-snippet:-1","max-image-preview":"max-image-preview:large","max-video-preview":"max-video-preview:-1"},"canonical":"https:\/\/www.rri.ro\/es\/informe-de-recepcion","og_locale":"es_ES","og_type":"article","og_title":"Informe de recepci\u00f3n - Radio Ruman\u00eda Internacional","og_url":"https:\/\/www.rri.ro\/es\/informe-de-recepcion","og_site_name":"Radio Ruman\u00eda Internacional","article_modified_time":"2024-03-14T13:20:42+00:00","twitter_card":"summary_large_image","twitter_misc":{"Written by":"admin"},"schema":{"@context":"https:\/\/schema.org","@graph":[{"@type":"WebPage","@id":"https:\/\/www.rri.ro\/es\/informe-de-recepcion","url":"https:\/\/www.rri.ro\/es\/informe-de-recepcion","name":"Informe de recepci\u00f3n - Radio Ruman\u00eda Internacional","isPartOf":{"@id":"https:\/\/www.rri.ro\/#website"},"datePublished":"2024-02-21T19:20:21+00:00","dateModified":"2024-03-14T13:20:42+00:00","breadcrumb":{"@id":"https:\/\/www.rri.ro\/es\/informe-de-recepcion#breadcrumb"},"inLanguage":"es","potentialAction":[{"@type":"ReadAction","target":["https:\/\/www.rri.ro\/es\/informe-de-recepcion"]}]},{"@type":"BreadcrumbList","@id":"https:\/\/www.rri.ro\/es\/informe-de-recepcion#breadcrumb","itemListElement":[{"@type":"ListItem","position":1,"name":"P\u00e1gina de inicio","item":"https:\/\/www.rri.ro\/es"},{"@type":"ListItem","position":2,"name":"Informe de recepci\u00f3n"}]},{"@type":"WebSite","@id":"https:\/\/www.rri.ro\/#website","url":"https:\/\/www.rri.ro\/","name":"Radio Ruman\u00eda Internacional","description":"Totul despre Rom\u00e2nia \u015fi rom\u00e2ni, \u00een 13 limbi\/dialecte!","inLanguage":"es"}]}},"_links":{"self":[{"href":"https:\/\/www.rri.ro\/es\/wp-json\/wp\/v2\/pages\/655285","targetHints":{"allow":["GET"]}}],"collection":[{"href":"https:\/\/www.rri.ro\/es\/wp-json\/wp\/v2\/pages"}],"about":[{"href":"https:\/\/www.rri.ro\/es\/wp-json\/wp\/v2\/types\/page"}],"author":[{"embeddable":true,"href":"https:\/\/www.rri.ro\/es\/wp-json\/wp\/v2\/users\/1"}],"replies":[{"embeddable":true,"href":"https:\/\/www.rri.ro\/es\/wp-json\/wp\/v2\/comments?post=655285"}],"version-history":[{"count":0,"href":"https:\/\/www.rri.ro\/es\/wp-json\/wp\/v2\/pages\/655285\/revisions"}],"wp:attachment":[{"href":"https:\/\/www.rri.ro\/es\/wp-json\/wp\/v2\/media?parent=655285"}],"wp:term":[{"taxonomy":"author","embeddable":true,"href":"https:\/\/www.rri.ro\/es\/wp-json\/wp\/v2\/coauthors?post=655285"}],"curies":[{"name":"wp","href":"https:\/\/api.w.org\/{rel}","templated":true}]}}