{"id":711157,"date":"2023-05-16T13:48:35","date_gmt":"2023-05-16T10:48:35","guid":{"rendered":"http:\/\/devrri.freshlemon.ro\/termeni-de-utilizare"},"modified":"2024-03-14T14:00:15","modified_gmt":"2024-03-14T12:00:15","slug":"termeni-de-utilizare","status":"publish","type":"page","link":"https:\/\/www.rri.ro\/es\/termeni-de-utilizare","title":{"rendered":"T\u00e9rminos y condiciones"},"content":{"rendered":"\r\n<p style=\"font-weight: 400;\">Este sitio web (en lo sucesivo llamado \u201cSitio\u201d) est\u00e1 disponible en la direcci\u00f3n www.rri.ro y pertenece a la Sociedad Rumana de Radiodifusi\u00f3n (SRR), C. General Berthelot, n\u00b0 60-64, sector 1, Bucarest, Ruman\u00eda.<\/p>\r\n<p style=\"font-weight: 400;\">Radio Ruman\u00eda Internacional (RRI) es una emisora de la Sociedad Rumana de Radiodifusi\u00f3n, servicio p\u00fablico, y desarrolla su actividad conforme a la Ley 41 (1994) republicada, con las modificaciones y actualizaciones ulteriores, y a la Ley Audiovisual n\u00b0 504 (2002), con las modificaciones y actualizaciones ulteriores.<\/p>\r\n<p style=\"font-weight: 400;\">El objetivo de www.rri.ro es ofrecer a los usuarios acceso a informaci\u00f3n y contenidos period\u00edsticos relacionados con Ruman\u00eda, con su pol\u00edtica interior y exterior, con RRI, as\u00ed como crear una comunidad en l\u00ednea alrededor de la cadena internacional del servicio p\u00fablico de radiodifusi\u00f3n de Ruman\u00eda.<\/p>\r\n<p style=\"font-weight: 400;\">Tota utilizaci\u00f3n de este Sitio o de sus servicios se considerar\u00e1 una aceptaci\u00f3n integral de los t\u00e9rminos y condiciones del presente documento.<\/p>\r\n<p style=\"font-weight: 400;\">RRI se reserva el derecho de modificar este documento en cualquier momento y en cualquier forma. Las modificaciones entran en vigor en el momento de su publicaci\u00f3n. Por lo tanto, les invitamos a releer peri\u00f3dicamente los t\u00e9rminos y las condiciones. Si, en este momento, ustedes deciden no aceptar \u00edntegramente los t\u00e9rminos y condiciones, les rogamos que dejen de visitar este Sitio.<\/p>\r\n<p style=\"font-weight: 400;\">En caso de cualquier incidente que resulte del uso o de la interpretaci\u00f3n del contenido de este Sitio, la Sociedad Rumana de Radiodifusi\u00f3n no asume ning\u00fan tipo de responsabilidad. SRR no asume ning\u00fan tipo de responsabilidad ante usted o una tercera persona o instituci\u00f3n por ning\u00fan tipo de da\u00f1o o perjuicio ocasionado por el mal funcionamiento del Sitio, suspensi\u00f3n de algunos servicios, errores de contenido, velocidad de transferencia de datos o ausencia de emisi\u00f3n en l\u00ednea.<\/p>\r\n<p style=\"font-weight: 400;\">Aunque hagamos todos los esfuerzos para presentar contenido de m\u00e1xima precisi\u00f3n, no asumimos la responsabilidad por toda la informaci\u00f3n ofrecida. Las informaciones publicadas en el Sitio no se deben considerar consejos profesionales y no son recomendaciones finales.<\/p>\r\n<p style=\"font-weight: 400;\">El contenido del Sitio, inclusive textos, fotograf\u00edas, archivos audio, archivos v\u00eddeo, streaming, banners, animaciones, gr\u00e1ficos, as\u00ed como el dise\u00f1o del Sitio y la base de datos procedentes de usuarios pertenecen a SRR (RRI), conforme a la legislaci\u00f3n vigente.<\/p>\r\n<p style=\"font-weight: 400;\">El contenido de este Sitio no se puede copiar, reproducir, republicar, recompilar, duplicar, modificar, descargar, publicar en Internet, vender, revender, explotar, emitir en cualquier forma, parcial o totalmente, excepto para uso personal, no comercial.\u00a0Asimismo, est\u00e1 prohibido crear componentesproductos o servicios completos derivados.<\/p>\r\n<p style=\"font-weight: 400;\">La reproducci\u00f3n de informaci\u00f3n por parte de otros medios de comunicaci\u00f3n est\u00e1 permitida \u00fanicamente si se menciona de manera visible y se indica el enlace de Internet, seg\u00fan el modelo: \u201dFuente: RRI &#8211; www.rri.ro.\u201d Cualquier situaci\u00f3n que suponga utilizar el contenido del Sitio requiere la autorizaci\u00f3n previa de RRI. La violaci\u00f3n de esta condici\u00f3n causar\u00e1 un conflicto que SRR intentar\u00e1 resolver primero por medios amistosos y despu\u00e9s jur\u00eddicos, ante los tribunales de Ruman\u00eda.<\/p>\r\n<p style=\"font-weight: 400;\">Los enlaces a otros sitios se realizan para ofrecer a los usuarios una informaci\u00f3n m\u00e1s amplia. Este Sitio no asume ninguna responsabilidad por la informaci\u00f3n contenida en los sitios a los que enlaza.<\/p>\r\n<p style=\"font-weight: 400;\">La responsabilidad por los comentarios publicados en el Sitio pertenece exclusivamente a sus autores.\u00a0No se publicar\u00e1n los comentarios que no hagan referencia a dicho art\u00edculo.\u00a0RRI no publicar\u00e1 respuestas o comentarios que afecten a los derechos de las personas o infrinjan la ley. RRI no publicar\u00e1 comentarios que contengan publicidad o enlaces. No ser\u00e1n publicados los comentarios que contengan n\u00fameros de tel\u00e9fono o direcciones de correo electr\u00f3nico dado que no se puede verificar su autenticidad.<\/p>\r\n<p style=\"font-weight: 400;\">Est\u00e1 prohibido utilizar el Sitio para publicar o transmitir cualquier tipo de material con car\u00e1cter amenazador, falso, enga\u00f1ador, abusivo, acosador, licencioso, calumniador, vulgar, obsceno, escandaloso, instigador, discriminatorio, racista, extremista, pornogr\u00e1fico o profanador, o cualquier otro tipo de material que se pueda considerar o pueda fomentar un comportamiento constitutivo de delito, que pueda originar responsabilidad civil o que pueda violar la ley en cualquier otra forma. SRR (RRI cooperar\u00e1) con las autoridades responsables de aplicar la ley y se someter\u00e1 a cualquier decisi\u00f3n judicial a trav\u00e9s de la cual se solicite a SRR (RRI) revelar la identidad de cualquier persona que publique o transmita cualquier tipo de informaci\u00f3n o material de esta \u00edndole en o mediante este Sitio.<\/p>\r\n<p style=\"font-weight: 400;\">Si desea contactar con nosotros respecto al contenido de este Sitio o a otro tema, por favor escr\u00edbanos a rri@rri.ro. Todos los mensajes recibidos ser\u00e1n analizados y distribuidos para una posible respuesta por parte de RRI.<\/p>\r\n<p style=\"font-weight: 400;\">Los usuarios que env\u00eden informaci\u00f3n o contenidos al sitio www.rri.ro asumen la obligaci\u00f3n de no infringir, de ninguna forma, los derechos de autor de una tercera personainstituci\u00f3n, la legislaci\u00f3n rumana e internacional, los derechos de propiedad intelectual, las patentes y las marcas y asumen impl\u00edcitamente la total responsabilidad por su violaci\u00f3n. A trav\u00e9s de los contenidos que env\u00eda al sitio de RRI, usted acepta conceder a RRI el derecho de utilizar, reproducir, publicar, adaptar, traducir y poner a disposici\u00f3n del p\u00fablico estos contenidos.<\/p>\r\n<p style=\"font-weight: 400;\">Los usuarios de www.rri.ro aceptan, a petici\u00f3n de SRRRRI, exonerar a www.rri.ro y a SRRRRI de cualquier tipo de acciones judiciales (extrajudiciales) y cubrir los gastos judiciales y cualquier tipo de gastos derivados de la violaci\u00f3n por parte de respectivos usuarios de las cl\u00e1usulas del presente documento.<\/p>\r\n<p style=\"font-weight: 400;\">Los datos personales son facilitados por los usuarios al participar en campa\u00f1as o cuestionarios organizados por www.rri.ro, al rellenar los formularios de feedback o al subscribirse a nuestro bolet\u00edn.<\/p>\r\n<p style=\"font-weight: 400;\">Para utilizar los servicios ofrecidos por www.rri.ro, usted se compromete a facilitar o a actualizar, si es necesario, datos ver\u00eddicos, exactos y completos sobre usted, conforme al formulario (o formularios) de registro;\u00a0si usted facilita informaci\u00f3n no conforme a la realidad, inexacta o incompleta, RRI se reserva el derecho de suspender (desactivar) su cuenta y de negarle el acceso al Sitio. Si el usuario utiliza otro nombre o direcci\u00f3n de correo electr\u00f3nico, su registro ser\u00e1 borrado, su acceso bloqueado y, en caso de da\u00f1os causados a los miembros de la comunidad, a RRI (SRR) o al Sitio, los datos ser\u00e1n comunicados a la Polic\u00eda y a los \u00f3rganos de investigaci\u00f3n.\u00a0Los usuarios del Sitio no tomar\u00e1n ninguna informaci\u00f3n sobre ning\u00fan otro usuario del Sitio.<\/p>\r\n<p style=\"font-weight: 400;\">\u00a0<\/p>\r\n<p style=\"font-weight: 400;\">Conforme a la Ley n\u00b0 677 (2001) sobre la protecci\u00f3n de personas en el procesamiento de datos de car\u00e1cter personal y la libre circulaci\u00f3n de estos datos, modificada y completada, as\u00ed como a la Ley n\u00b0 506 (2004) sobre el procesamiento de datos de car\u00e1cter personal y la protecci\u00f3n de la vida privada en el sector de la comunicaci\u00f3n electr\u00f3nica, www.rri.ro administrar\u00e1 los datos facilitados por los usuarios exclusivamente en condiciones de seguridad y con los fines mencionados. RRI tomar\u00e1 las medidas t\u00e9cnicas adecuadas para proteger sus datos de car\u00e1cter personal contra la destrucci\u00f3n accidental o il\u00edcita, la p\u00e9rdida, la modificaci\u00f3n, la revelaci\u00f3n o el acceso no autorizado.<\/p>\r\n<p style=\"font-weight: 400;\">\u00a0<\/p>\r\n<p style=\"font-weight: 400;\">Conforme a la Ley n\u00b0 677 (2001), los usuarios tienen el derecho de consultar y de modificar datos, el derecho de no estar sometidos a una decisi\u00f3n individual y el derecho de acudir a la Justicia. Asimismo, los usuarios tienen el derecho de oponerse al procesamiento de sus datos personales y de solicitar que \u00e9stos sean borrados. Si desean que sus datos no sean recogidos, por favor, no nos los env\u00ede.<\/p>\r\n<p style=\"font-weight: 400;\">\u00a0<\/p>\r\n<p style=\"font-weight: 400;\">Para contactar con nosotros pueden enviar un correo electr\u00f3nico a rri@rri.ro o escribir a Radio Ruman\u00eda Internacional, C. General Berthelot, n\u00b0 60-64, sector 1, Bucarest, c\u00f3digo postal 010165, Ruman\u00eda.<\/p>\r\n<p style=\"font-weight: 400;\">\u00a0<\/p>\r\n<p style=\"font-weight: 400;\">RRI se compromete a no enviar mensajes de correo no deseado.<\/p>\r\n<p style=\"font-weight: 400;\">\u00a0<\/p>\r\n<p style=\"font-weight: 400;\">El sitio www.rri.ro utiliza Google Analytics, un servicio de an\u00e1lisis web de Google. Google Analytics utiliza cookies, archivos de texto ubicados en el ordenador, para ayudar al Sitio a analizar la manera en que los usuarios lo utilizan. La informaci\u00f3n generada por las cookies respecto a la forma en que ustedes utilizan el Sitio (inclusive su direcci\u00f3n IP), ser\u00e1 transmitida y guardada por Google en los servidores de EE.UU. y ser\u00e1 utilizada para evaluar su utilizaci\u00f3n del Sitio, para realizar los informes de investigaci\u00f3n del Sitio para los operadores del sitio y para proporcionar otros servicios relacionados con la actividad y la utilizaci\u00f3n de Internet en www.rri.ro. Google puede transferir esa informaci\u00f3n a terceras partes, si la ley lo requiere o si otras terceras partes afectan el proceso de informaci\u00f3n sobre el nombre de Google. Los usuarios tienen derecho a no aceptar la utilizaci\u00f3n de los cookies seleccionando la configuraci\u00f3n correspondiente en su navegador. Si usted elige esta opci\u00f3n, es posible que no tenga acceso a todas las funciones del Sitio. Al utilizar www.rri.ro, usted est\u00e1 de acuerdo con el procesamiento de datos personales por parte de Google bajo la forma y con los fines mencionados anteriormente.<\/p>\r\n","protected":false},"excerpt":{"rendered":"<p>Este sitio web (en lo sucesivo llamado \u201cSitio\u201d) est\u00e1 disponible en la direcci\u00f3n www.rri.ro y pertenece a la Sociedad Rumana de Radiodifusi\u00f3n (SRR), C. General Berthelot, n\u00b0 60-64, sector 1, Bucarest, Ruman\u00eda. Radio Ruman\u00eda Internacional (RRI) es una emisora de la Sociedad Rumana de Radiodifusi\u00f3n, servicio p\u00fablico, y desarrolla su actividad conforme a la Ley [&hellip;]<\/p>\n","protected":false},"author":1,"featured_media":0,"parent":0,"menu_order":0,"comment_status":"closed","ping_status":"closed","template":"","meta":{"_acf_changed":false,"footnotes":""},"coauthors":[113312],"class_list":["post-711157","page","type-page","status-publish","hentry"],"acf":[],"yoast_head":"<!-- This site is optimized with the Yoast SEO plugin v27.3 - https:\/\/yoast.com\/product\/yoast-seo-wordpress\/ -->\n<title>T\u00e9rminos y condiciones - Radio Ruman\u00eda Internacional<\/title>\n<meta name=\"robots\" content=\"index, follow, max-snippet:-1, max-image-preview:large, max-video-preview:-1\" \/>\n<link rel=\"canonical\" href=\"https:\/\/www.rri.ro\/termeni-de-utilizare\" \/>\n<meta property=\"og:locale\" content=\"es_ES\" \/>\n<meta property=\"og:type\" content=\"article\" \/>\n<meta property=\"og:title\" content=\"T\u00e9rminos y condiciones - Radio Ruman\u00eda Internacional\" \/>\n<meta property=\"og:description\" content=\"Este sitio web (en lo sucesivo llamado \u201cSitio\u201d) est\u00e1 disponible en la direcci\u00f3n www.rri.ro y pertenece a la Sociedad Rumana de Radiodifusi\u00f3n (SRR), C. General Berthelot, n\u00b0 60-64, sector 1, Bucarest, Ruman\u00eda. Radio Ruman\u00eda Internacional (RRI) es una emisora de la Sociedad Rumana de Radiodifusi\u00f3n, servicio p\u00fablico, y desarrolla su actividad conforme a la Ley [&hellip;]\" \/>\n<meta property=\"og:url\" content=\"https:\/\/www.rri.ro\/termeni-de-utilizare\" \/>\n<meta property=\"og:site_name\" content=\"Radio Ruman\u00eda Internacional\" \/>\n<meta property=\"article:modified_time\" content=\"2024-03-14T12:00:15+00:00\" \/>\n<meta name=\"twitter:card\" content=\"summary_large_image\" \/>\n<meta name=\"twitter:label1\" content=\"Tiempo de lectura\" \/>\n\t<meta name=\"twitter:data1\" content=\"8 minutos\" \/>\n\t<meta name=\"twitter:label2\" content=\"Written by\" \/>\n\t<meta name=\"twitter:data2\" content=\"admin\" \/>\n<script type=\"application\/ld+json\" class=\"yoast-schema-graph\">{\"@context\":\"https:\\\/\\\/schema.org\",\"@graph\":[{\"@type\":\"WebPage\",\"@id\":\"https:\\\/\\\/www.rri.ro\\\/termeni-de-utilizare\",\"url\":\"https:\\\/\\\/www.rri.ro\\\/termeni-de-utilizare\",\"name\":\"T\u00e9rminos y condiciones - Radio Ruman\u00eda Internacional\",\"isPartOf\":{\"@id\":\"https:\\\/\\\/www.rri.ro\\\/#website\"},\"datePublished\":\"2023-05-16T10:48:35+00:00\",\"dateModified\":\"2024-03-14T12:00:15+00:00\",\"breadcrumb\":{\"@id\":\"https:\\\/\\\/www.rri.ro\\\/termeni-de-utilizare#breadcrumb\"},\"inLanguage\":\"es\",\"potentialAction\":[{\"@type\":\"ReadAction\",\"target\":[\"https:\\\/\\\/www.rri.ro\\\/termeni-de-utilizare\"]}]},{\"@type\":\"BreadcrumbList\",\"@id\":\"https:\\\/\\\/www.rri.ro\\\/termeni-de-utilizare#breadcrumb\",\"itemListElement\":[{\"@type\":\"ListItem\",\"position\":1,\"name\":\"P\u00e1gina de inicio\",\"item\":\"https:\\\/\\\/www.rri.ro\\\/es\"},{\"@type\":\"ListItem\",\"position\":2,\"name\":\"T\u00e9rminos y condiciones\"}]},{\"@type\":\"WebSite\",\"@id\":\"https:\\\/\\\/www.rri.ro\\\/#website\",\"url\":\"https:\\\/\\\/www.rri.ro\\\/\",\"name\":\"Radio Ruman\u00eda Internacional\",\"description\":\"Totul despre Rom\u00e2nia \u015fi rom\u00e2ni, \u00een 13 limbi\\\/dialecte!\",\"inLanguage\":\"es\"}]}<\/script>\n<!-- \/ Yoast SEO plugin. -->","yoast_head_json":{"title":"T\u00e9rminos y condiciones - Radio Ruman\u00eda Internacional","robots":{"index":"index","follow":"follow","max-snippet":"max-snippet:-1","max-image-preview":"max-image-preview:large","max-video-preview":"max-video-preview:-1"},"canonical":"https:\/\/www.rri.ro\/termeni-de-utilizare","og_locale":"es_ES","og_type":"article","og_title":"T\u00e9rminos y condiciones - Radio Ruman\u00eda Internacional","og_description":"Este sitio web (en lo sucesivo llamado \u201cSitio\u201d) est\u00e1 disponible en la direcci\u00f3n www.rri.ro y pertenece a la Sociedad Rumana de Radiodifusi\u00f3n (SRR), C. General Berthelot, n\u00b0 60-64, sector 1, Bucarest, Ruman\u00eda. Radio Ruman\u00eda Internacional (RRI) es una emisora de la Sociedad Rumana de Radiodifusi\u00f3n, servicio p\u00fablico, y desarrolla su actividad conforme a la Ley [&hellip;]","og_url":"https:\/\/www.rri.ro\/termeni-de-utilizare","og_site_name":"Radio Ruman\u00eda Internacional","article_modified_time":"2024-03-14T12:00:15+00:00","twitter_card":"summary_large_image","twitter_misc":{"Tiempo de lectura":"8 minutos","Written by":"admin"},"schema":{"@context":"https:\/\/schema.org","@graph":[{"@type":"WebPage","@id":"https:\/\/www.rri.ro\/termeni-de-utilizare","url":"https:\/\/www.rri.ro\/termeni-de-utilizare","name":"T\u00e9rminos y condiciones - Radio Ruman\u00eda Internacional","isPartOf":{"@id":"https:\/\/www.rri.ro\/#website"},"datePublished":"2023-05-16T10:48:35+00:00","dateModified":"2024-03-14T12:00:15+00:00","breadcrumb":{"@id":"https:\/\/www.rri.ro\/termeni-de-utilizare#breadcrumb"},"inLanguage":"es","potentialAction":[{"@type":"ReadAction","target":["https:\/\/www.rri.ro\/termeni-de-utilizare"]}]},{"@type":"BreadcrumbList","@id":"https:\/\/www.rri.ro\/termeni-de-utilizare#breadcrumb","itemListElement":[{"@type":"ListItem","position":1,"name":"P\u00e1gina de inicio","item":"https:\/\/www.rri.ro\/es"},{"@type":"ListItem","position":2,"name":"T\u00e9rminos y condiciones"}]},{"@type":"WebSite","@id":"https:\/\/www.rri.ro\/#website","url":"https:\/\/www.rri.ro\/","name":"Radio Ruman\u00eda Internacional","description":"Totul despre Rom\u00e2nia \u015fi rom\u00e2ni, \u00een 13 limbi\/dialecte!","inLanguage":"es"}]}},"_links":{"self":[{"href":"https:\/\/www.rri.ro\/es\/wp-json\/wp\/v2\/pages\/711157","targetHints":{"allow":["GET"]}}],"collection":[{"href":"https:\/\/www.rri.ro\/es\/wp-json\/wp\/v2\/pages"}],"about":[{"href":"https:\/\/www.rri.ro\/es\/wp-json\/wp\/v2\/types\/page"}],"author":[{"embeddable":true,"href":"https:\/\/www.rri.ro\/es\/wp-json\/wp\/v2\/users\/1"}],"replies":[{"embeddable":true,"href":"https:\/\/www.rri.ro\/es\/wp-json\/wp\/v2\/comments?post=711157"}],"version-history":[{"count":0,"href":"https:\/\/www.rri.ro\/es\/wp-json\/wp\/v2\/pages\/711157\/revisions"}],"wp:attachment":[{"href":"https:\/\/www.rri.ro\/es\/wp-json\/wp\/v2\/media?parent=711157"}],"wp:term":[{"taxonomy":"author","embeddable":true,"href":"https:\/\/www.rri.ro\/es\/wp-json\/wp\/v2\/coauthors?post=711157"}],"curies":[{"name":"wp","href":"https:\/\/api.w.org\/{rel}","templated":true}]}}