{"id":503646,"date":"2023-07-14T06:33:19","date_gmt":"2023-07-14T03:33:19","guid":{"rendered":"http:\/\/devrri.freshlemon.ro\/contact"},"modified":"2024-02-18T20:31:03","modified_gmt":"2024-02-18T18:31:03","slug":"contact","status":"publish","type":"page","link":"https:\/\/www.rri.ro\/fr\/contact","title":{"rendered":"Contact"},"content":{"rendered":"\r\n<h3>Adresse: 60\u201364 Rue du G\u00e9n\u00e9ral Berthelot, BP 111, RO 010171 Bucarest, Roumanie<\/h3>\r\n<p>&nbsp;<\/p>\r\n<h3>T\u00e9l\u00e9phone: +40.21.303.11.60\/303.12.60, t\u00e9l\u00e9copie: +4021.319.05.62<\/h3>\r\n<p>&nbsp;<\/p>\r\n<h3>Vous pouvez nous envoyer vos messages \u00e0:<br \/><span style=\"color: #cc0000;\">fran@rri.ro ou service_francais_rri@yahoo.fr<\/span><\/h3>\r\n<ul><\/ul>\r\n<!-- \/wp:post-content -->","protected":false},"excerpt":{"rendered":"<p>Adresse: 60\u201364 Rue du G\u00e9n\u00e9ral Berthelot, BP 111, RO 010171 Bucarest, Roumanie &nbsp; T\u00e9l\u00e9phone: +40.21.303.11.60\/303.12.60, t\u00e9l\u00e9copie: +4021.319.05.62 &nbsp; Vous pouvez nous envoyer vos messages \u00e0:fran@rri.ro ou service_francais_rri@yahoo.fr<\/p>\n","protected":false},"author":1,"featured_media":0,"parent":0,"menu_order":0,"comment_status":"closed","ping_status":"closed","template":"","meta":{"_acf_changed":false,"footnotes":""},"coauthors":[113312],"class_list":["post-503646","page","type-page","status-publish","hentry"],"acf":[],"yoast_head":"<!-- This site is optimized with the Yoast SEO plugin v27.3 - https:\/\/yoast.com\/product\/yoast-seo-wordpress\/ -->\n<title>Contact - Radio Roumanie Internationale<\/title>\n<meta name=\"robots\" content=\"index, follow, max-snippet:-1, max-image-preview:large, max-video-preview:-1\" \/>\n<link rel=\"canonical\" href=\"https:\/\/www.rri.ro\/contact\" \/>\n<meta property=\"og:locale\" content=\"fr_FR\" \/>\n<meta property=\"og:type\" content=\"article\" \/>\n<meta property=\"og:title\" content=\"Contact - Radio Roumanie Internationale\" \/>\n<meta property=\"og:description\" content=\"Adresse: 60\u201364 Rue du G\u00e9n\u00e9ral Berthelot, BP 111, RO 010171 Bucarest, Roumanie &nbsp; T\u00e9l\u00e9phone: +40.21.303.11.60\/303.12.60, t\u00e9l\u00e9copie: +4021.319.05.62 &nbsp; Vous pouvez nous envoyer vos messages \u00e0:fran@rri.ro ou service_francais_rri@yahoo.fr\" \/>\n<meta property=\"og:url\" content=\"https:\/\/www.rri.ro\/contact\" \/>\n<meta property=\"og:site_name\" content=\"Radio Roumanie Internationale\" \/>\n<meta property=\"article:modified_time\" content=\"2024-02-18T18:31:03+00:00\" \/>\n<meta name=\"twitter:card\" content=\"summary_large_image\" \/>\n<meta name=\"twitter:label1\" content=\"Written by\" \/>\n\t<meta name=\"twitter:data1\" content=\"admin\" \/>\n<script type=\"application\/ld+json\" class=\"yoast-schema-graph\">{\"@context\":\"https:\\\/\\\/schema.org\",\"@graph\":[{\"@type\":\"WebPage\",\"@id\":\"https:\\\/\\\/www.rri.ro\\\/contact\",\"url\":\"https:\\\/\\\/www.rri.ro\\\/contact\",\"name\":\"Contact - Radio Roumanie Internationale\",\"isPartOf\":{\"@id\":\"https:\\\/\\\/www.rri.ro\\\/#website\"},\"datePublished\":\"2023-07-14T03:33:19+00:00\",\"dateModified\":\"2024-02-18T18:31:03+00:00\",\"breadcrumb\":{\"@id\":\"https:\\\/\\\/www.rri.ro\\\/contact#breadcrumb\"},\"inLanguage\":\"fr-FR\",\"potentialAction\":[{\"@type\":\"ReadAction\",\"target\":[\"https:\\\/\\\/www.rri.ro\\\/contact\"]}]},{\"@type\":\"BreadcrumbList\",\"@id\":\"https:\\\/\\\/www.rri.ro\\\/contact#breadcrumb\",\"itemListElement\":[{\"@type\":\"ListItem\",\"position\":1,\"name\":\"Page d'accueil\",\"item\":\"https:\\\/\\\/www.rri.ro\\\/fr\"},{\"@type\":\"ListItem\",\"position\":2,\"name\":\"Contact\"}]},{\"@type\":\"WebSite\",\"@id\":\"https:\\\/\\\/www.rri.ro\\\/#website\",\"url\":\"https:\\\/\\\/www.rri.ro\\\/\",\"name\":\"Radio Roumanie Internationale\",\"description\":\"Totul despre Rom\u00e2nia \u015fi rom\u00e2ni, \u00een 13 limbi\\\/dialecte!\",\"inLanguage\":\"fr-FR\"}]}<\/script>\n<!-- \/ Yoast SEO plugin. -->","yoast_head_json":{"title":"Contact - Radio Roumanie Internationale","robots":{"index":"index","follow":"follow","max-snippet":"max-snippet:-1","max-image-preview":"max-image-preview:large","max-video-preview":"max-video-preview:-1"},"canonical":"https:\/\/www.rri.ro\/contact","og_locale":"fr_FR","og_type":"article","og_title":"Contact - Radio Roumanie Internationale","og_description":"Adresse: 60\u201364 Rue du G\u00e9n\u00e9ral Berthelot, BP 111, RO 010171 Bucarest, Roumanie &nbsp; T\u00e9l\u00e9phone: +40.21.303.11.60\/303.12.60, t\u00e9l\u00e9copie: +4021.319.05.62 &nbsp; Vous pouvez nous envoyer vos messages \u00e0:fran@rri.ro ou service_francais_rri@yahoo.fr","og_url":"https:\/\/www.rri.ro\/contact","og_site_name":"Radio Roumanie Internationale","article_modified_time":"2024-02-18T18:31:03+00:00","twitter_card":"summary_large_image","twitter_misc":{"Written by":"admin"},"schema":{"@context":"https:\/\/schema.org","@graph":[{"@type":"WebPage","@id":"https:\/\/www.rri.ro\/contact","url":"https:\/\/www.rri.ro\/contact","name":"Contact - Radio Roumanie Internationale","isPartOf":{"@id":"https:\/\/www.rri.ro\/#website"},"datePublished":"2023-07-14T03:33:19+00:00","dateModified":"2024-02-18T18:31:03+00:00","breadcrumb":{"@id":"https:\/\/www.rri.ro\/contact#breadcrumb"},"inLanguage":"fr-FR","potentialAction":[{"@type":"ReadAction","target":["https:\/\/www.rri.ro\/contact"]}]},{"@type":"BreadcrumbList","@id":"https:\/\/www.rri.ro\/contact#breadcrumb","itemListElement":[{"@type":"ListItem","position":1,"name":"Page d'accueil","item":"https:\/\/www.rri.ro\/fr"},{"@type":"ListItem","position":2,"name":"Contact"}]},{"@type":"WebSite","@id":"https:\/\/www.rri.ro\/#website","url":"https:\/\/www.rri.ro\/","name":"Radio Roumanie Internationale","description":"Totul despre Rom\u00e2nia \u015fi rom\u00e2ni, \u00een 13 limbi\/dialecte!","inLanguage":"fr-FR"}]}},"_links":{"self":[{"href":"https:\/\/www.rri.ro\/fr\/wp-json\/wp\/v2\/pages\/503646","targetHints":{"allow":["GET"]}}],"collection":[{"href":"https:\/\/www.rri.ro\/fr\/wp-json\/wp\/v2\/pages"}],"about":[{"href":"https:\/\/www.rri.ro\/fr\/wp-json\/wp\/v2\/types\/page"}],"author":[{"embeddable":true,"href":"https:\/\/www.rri.ro\/fr\/wp-json\/wp\/v2\/users\/1"}],"replies":[{"embeddable":true,"href":"https:\/\/www.rri.ro\/fr\/wp-json\/wp\/v2\/comments?post=503646"}],"version-history":[{"count":0,"href":"https:\/\/www.rri.ro\/fr\/wp-json\/wp\/v2\/pages\/503646\/revisions"}],"wp:attachment":[{"href":"https:\/\/www.rri.ro\/fr\/wp-json\/wp\/v2\/media?parent=503646"}],"wp:term":[{"taxonomy":"author","embeddable":true,"href":"https:\/\/www.rri.ro\/fr\/wp-json\/wp\/v2\/coauthors?post=503646"}],"curies":[{"name":"wp","href":"https:\/\/api.w.org\/{rel}","templated":true}]}}