{"id":562826,"date":"2024-01-25T11:40:56","date_gmt":"2024-01-25T09:40:56","guid":{"rendered":"http:\/\/devrri.freshlemon.ro\/frequences"},"modified":"2024-04-01T10:32:46","modified_gmt":"2024-04-01T07:32:46","slug":"frequences","status":"publish","type":"page","link":"https:\/\/www.rri.ro\/fr\/frequences","title":{"rendered":"Fr\u00e9quences"},"content":{"rendered":"<h1 class=\"view\">Horaires et fr\u00e9quences de RRI<\/h1>\n<p>&nbsp;<\/p>\n<div id=\"attachment_615344\" style=\"width: 310px\" class=\"wp-caption aligncenter\"><img decoding=\"async\" aria-describedby=\"caption-attachment-615344\" class=\"size-medium wp-image-615344\" src=\"http:\/\/devrri.freshlemon.ro\/wp-content\/uploads\/2024\/02\/tiganesti-antene-us-foto-rri-1200-300x200.jpg\" alt=\"Le centre \u00e9metteur SW bas\u00e9 \u00e0 \u021aig\u0103ne\u0219ti\" width=\"300\" height=\"200\" srcset=\"https:\/\/www.rri.ro\/wp-content\/uploads\/2024\/02\/tiganesti-antene-us-foto-rri-1200-300x200.jpg 300w, https:\/\/www.rri.ro\/wp-content\/uploads\/2024\/02\/tiganesti-antene-us-foto-rri-1200-1024x683.jpg 1024w, https:\/\/www.rri.ro\/wp-content\/uploads\/2024\/02\/tiganesti-antene-us-foto-rri-1200-768x512.jpg 768w, https:\/\/www.rri.ro\/wp-content\/uploads\/2024\/02\/tiganesti-antene-us-foto-rri-1200-900x600.jpg 900w, https:\/\/www.rri.ro\/wp-content\/uploads\/2024\/02\/tiganesti-antene-us-foto-rri-1200-426x284.jpg 426w, https:\/\/www.rri.ro\/wp-content\/uploads\/2024\/02\/tiganesti-antene-us-foto-rri-1200.jpg 1200w\" sizes=\"(max-width: 300px) 100vw, 300px\" \/><p id=\"caption-attachment-615344\" class=\"wp-caption-text\">Le centre \u00e9metteur SW bas\u00e9 \u00e0 \u021aig\u0103ne\u0219ti<\/p><\/div>\n<p>&nbsp;<\/p>\n<p><strong>Valables du 31 mars au 26 octobre 2024<\/strong><\/p>\n<p>Voici les fr\u00e9quences de RRI, valables du 31 mars au 26 octobre 2024 :<\/p>\n<p>Nos auditeurs du\u00a0<strong class=\"cms-bold\">Canada\u00a0<\/strong>pourront suivre nos programmes en fran\u00e7ais entre 1 h et 2 h du matin en TU sur et 11 620 kHz.<\/p>\n<p>Nos auditeurs d&rsquo;<strong class=\"cms-bold\">Europe Occidentale<\/strong>\u00a0pourront nous \u00e9couter de 5 h \u00e0 5h30 TU sur 11 740 Khz\u00a0 et de 10 h \u00e0 11 h TU sur 11 650 kHz.<\/p>\n<p>Si vous pr\u00e9f\u00e9rez l&rsquo;apr\u00e8s-midi pour \u00e9couter la radio, nous vous invitons \u00e0 suivre notre \u00e9mission qui commence \u00e0 16 h et s&rsquo;ach\u00e8ve \u00e0 17 h TU sur 11 975 DRM.<\/p>\n<p>Au cas au vous auriez rat\u00e9 ce programme, rejoignez-nous sur les ondes de 20 h \u00e0 20h30 TU sur 11 975 Khz.<\/p>\n<p>Ensuite, nos auditeurs d&rsquo;<strong class=\"cms-bold\">Afrique Centrale<\/strong>\u00a0peuvent suivre les \u00e9missions en fran\u00e7ais de RRI de 5 h \u00e0 5h30 en TU sur 13 580 kHz.<\/p>\n<p>Enfin, nos amis du\u00a0<strong class=\"cms-bold\">Maghreb\u00a0<\/strong>peuvent nous retrouver tous les jours de 10 h \u00e0 11 h TU sur 17 630\u00a0 kHz.<\/p>\n<p>Bonne \u00e9coute !<\/p>\n","protected":false},"excerpt":{"rendered":"<p>Horaires et fr\u00e9quences de RRI &nbsp; &nbsp; Valables du 31 mars au 26 octobre 2024 Voici les fr\u00e9quences de RRI, valables du 31 mars au 26 octobre 2024 : Nos auditeurs du\u00a0Canada\u00a0pourront suivre nos programmes en fran\u00e7ais entre 1 h et 2 h du matin en TU sur et 11 620 kHz. Nos auditeurs d&rsquo;Europe [&hellip;]<\/p>\n","protected":false},"author":1,"featured_media":1000013,"parent":0,"menu_order":0,"comment_status":"closed","ping_status":"closed","template":"","meta":{"_acf_changed":false,"footnotes":""},"coauthors":[113312],"class_list":["post-562826","page","type-page","status-publish","has-post-thumbnail","hentry"],"acf":[],"yoast_head":"<!-- This site is optimized with the Yoast SEO plugin v27.3 - https:\/\/yoast.com\/product\/yoast-seo-wordpress\/ -->\n<title>Fr\u00e9quences - Radio Roumanie Internationale<\/title>\n<meta name=\"robots\" content=\"index, follow, max-snippet:-1, max-image-preview:large, max-video-preview:-1\" \/>\n<link rel=\"canonical\" href=\"https:\/\/www.rri.ro\/fr\/frequences\" \/>\n<meta property=\"og:locale\" content=\"fr_FR\" \/>\n<meta property=\"og:type\" content=\"article\" \/>\n<meta property=\"og:title\" content=\"Fr\u00e9quences - Radio Roumanie Internationale\" \/>\n<meta property=\"og:description\" content=\"Horaires et fr\u00e9quences de RRI &nbsp; &nbsp; Valables du 31 mars au 26 octobre 2024 Voici les fr\u00e9quences de RRI, valables du 31 mars au 26 octobre 2024 : Nos auditeurs du\u00a0Canada\u00a0pourront suivre nos programmes en fran\u00e7ais entre 1 h et 2 h du matin en TU sur et 11 620 kHz. Nos auditeurs d&rsquo;Europe [&hellip;]\" \/>\n<meta property=\"og:url\" content=\"https:\/\/www.rri.ro\/fr\/frequences\" \/>\n<meta property=\"og:site_name\" content=\"Radio Roumanie Internationale\" \/>\n<meta property=\"article:modified_time\" content=\"2024-04-01T07:32:46+00:00\" \/>\n<meta property=\"og:image\" content=\"https:\/\/www.rri.ro\/wp-content\/uploads\/2024\/02\/tiganesti-antene-us-foto-rri-1200.jpg\" \/>\n\t<meta property=\"og:image:width\" content=\"1200\" \/>\n\t<meta property=\"og:image:height\" content=\"800\" \/>\n\t<meta property=\"og:image:type\" content=\"image\/jpeg\" \/>\n<meta name=\"twitter:card\" content=\"summary_large_image\" \/>\n<meta name=\"twitter:label1\" content=\"Dur\u00e9e de lecture estim\u00e9e\" \/>\n\t<meta name=\"twitter:data1\" content=\"1 minute\" \/>\n\t<meta name=\"twitter:label2\" content=\"Written by\" \/>\n\t<meta name=\"twitter:data2\" content=\"admin\" \/>\n<script type=\"application\/ld+json\" class=\"yoast-schema-graph\">{\"@context\":\"https:\\\/\\\/schema.org\",\"@graph\":[{\"@type\":\"WebPage\",\"@id\":\"https:\\\/\\\/www.rri.ro\\\/fr\\\/frequences\",\"url\":\"https:\\\/\\\/www.rri.ro\\\/fr\\\/frequences\",\"name\":\"Fr\u00e9quences - Radio Roumanie Internationale\",\"isPartOf\":{\"@id\":\"https:\\\/\\\/www.rri.ro\\\/#website\"},\"primaryImageOfPage\":{\"@id\":\"https:\\\/\\\/www.rri.ro\\\/fr\\\/frequences#primaryimage\"},\"image\":{\"@id\":\"https:\\\/\\\/www.rri.ro\\\/fr\\\/frequences#primaryimage\"},\"thumbnailUrl\":\"https:\\\/\\\/www.rri.ro\\\/wp-content\\\/uploads\\\/2026\\\/03\\\/PLIANT-RRI-INTERIOR-2026-JPG-mic.jpg\",\"datePublished\":\"2024-01-25T09:40:56+00:00\",\"dateModified\":\"2024-04-01T07:32:46+00:00\",\"breadcrumb\":{\"@id\":\"https:\\\/\\\/www.rri.ro\\\/fr\\\/frequences#breadcrumb\"},\"inLanguage\":\"fr-FR\",\"potentialAction\":[{\"@type\":\"ReadAction\",\"target\":[\"https:\\\/\\\/www.rri.ro\\\/fr\\\/frequences\"]}]},{\"@type\":\"ImageObject\",\"inLanguage\":\"fr-FR\",\"@id\":\"https:\\\/\\\/www.rri.ro\\\/fr\\\/frequences#primaryimage\",\"url\":\"https:\\\/\\\/www.rri.ro\\\/wp-content\\\/uploads\\\/2026\\\/03\\\/PLIANT-RRI-INTERIOR-2026-JPG-mic.jpg\",\"contentUrl\":\"https:\\\/\\\/www.rri.ro\\\/wp-content\\\/uploads\\\/2026\\\/03\\\/PLIANT-RRI-INTERIOR-2026-JPG-mic.jpg\",\"width\":1624,\"height\":2400,\"caption\":\"RRI Summer 2026 leaflet\"},{\"@type\":\"BreadcrumbList\",\"@id\":\"https:\\\/\\\/www.rri.ro\\\/fr\\\/frequences#breadcrumb\",\"itemListElement\":[{\"@type\":\"ListItem\",\"position\":1,\"name\":\"Page d'accueil\",\"item\":\"https:\\\/\\\/www.rri.ro\\\/fr\"},{\"@type\":\"ListItem\",\"position\":2,\"name\":\"Fr\u00e9quences\"}]},{\"@type\":\"WebSite\",\"@id\":\"https:\\\/\\\/www.rri.ro\\\/#website\",\"url\":\"https:\\\/\\\/www.rri.ro\\\/\",\"name\":\"Radio Roumanie Internationale\",\"description\":\"Totul despre Rom\u00e2nia \u015fi rom\u00e2ni, \u00een 13 limbi\\\/dialecte!\",\"inLanguage\":\"fr-FR\"}]}<\/script>\n<!-- \/ Yoast SEO plugin. -->","yoast_head_json":{"title":"Fr\u00e9quences - Radio Roumanie Internationale","robots":{"index":"index","follow":"follow","max-snippet":"max-snippet:-1","max-image-preview":"max-image-preview:large","max-video-preview":"max-video-preview:-1"},"canonical":"https:\/\/www.rri.ro\/fr\/frequences","og_locale":"fr_FR","og_type":"article","og_title":"Fr\u00e9quences - Radio Roumanie Internationale","og_description":"Horaires et fr\u00e9quences de RRI &nbsp; &nbsp; Valables du 31 mars au 26 octobre 2024 Voici les fr\u00e9quences de RRI, valables du 31 mars au 26 octobre 2024 : Nos auditeurs du\u00a0Canada\u00a0pourront suivre nos programmes en fran\u00e7ais entre 1 h et 2 h du matin en TU sur et 11 620 kHz. Nos auditeurs d&rsquo;Europe [&hellip;]","og_url":"https:\/\/www.rri.ro\/fr\/frequences","og_site_name":"Radio Roumanie Internationale","article_modified_time":"2024-04-01T07:32:46+00:00","og_image":[{"width":1200,"height":800,"url":"https:\/\/www.rri.ro\/wp-content\/uploads\/2024\/02\/tiganesti-antene-us-foto-rri-1200.jpg","type":"image\/jpeg"}],"twitter_card":"summary_large_image","twitter_misc":{"Dur\u00e9e de lecture estim\u00e9e":"1 minute","Written by":"admin"},"schema":{"@context":"https:\/\/schema.org","@graph":[{"@type":"WebPage","@id":"https:\/\/www.rri.ro\/fr\/frequences","url":"https:\/\/www.rri.ro\/fr\/frequences","name":"Fr\u00e9quences - Radio Roumanie Internationale","isPartOf":{"@id":"https:\/\/www.rri.ro\/#website"},"primaryImageOfPage":{"@id":"https:\/\/www.rri.ro\/fr\/frequences#primaryimage"},"image":{"@id":"https:\/\/www.rri.ro\/fr\/frequences#primaryimage"},"thumbnailUrl":"https:\/\/www.rri.ro\/wp-content\/uploads\/2026\/03\/PLIANT-RRI-INTERIOR-2026-JPG-mic.jpg","datePublished":"2024-01-25T09:40:56+00:00","dateModified":"2024-04-01T07:32:46+00:00","breadcrumb":{"@id":"https:\/\/www.rri.ro\/fr\/frequences#breadcrumb"},"inLanguage":"fr-FR","potentialAction":[{"@type":"ReadAction","target":["https:\/\/www.rri.ro\/fr\/frequences"]}]},{"@type":"ImageObject","inLanguage":"fr-FR","@id":"https:\/\/www.rri.ro\/fr\/frequences#primaryimage","url":"https:\/\/www.rri.ro\/wp-content\/uploads\/2026\/03\/PLIANT-RRI-INTERIOR-2026-JPG-mic.jpg","contentUrl":"https:\/\/www.rri.ro\/wp-content\/uploads\/2026\/03\/PLIANT-RRI-INTERIOR-2026-JPG-mic.jpg","width":1624,"height":2400,"caption":"RRI Summer 2026 leaflet"},{"@type":"BreadcrumbList","@id":"https:\/\/www.rri.ro\/fr\/frequences#breadcrumb","itemListElement":[{"@type":"ListItem","position":1,"name":"Page d'accueil","item":"https:\/\/www.rri.ro\/fr"},{"@type":"ListItem","position":2,"name":"Fr\u00e9quences"}]},{"@type":"WebSite","@id":"https:\/\/www.rri.ro\/#website","url":"https:\/\/www.rri.ro\/","name":"Radio Roumanie Internationale","description":"Totul despre Rom\u00e2nia \u015fi rom\u00e2ni, \u00een 13 limbi\/dialecte!","inLanguage":"fr-FR"}]}},"_links":{"self":[{"href":"https:\/\/www.rri.ro\/fr\/wp-json\/wp\/v2\/pages\/562826","targetHints":{"allow":["GET"]}}],"collection":[{"href":"https:\/\/www.rri.ro\/fr\/wp-json\/wp\/v2\/pages"}],"about":[{"href":"https:\/\/www.rri.ro\/fr\/wp-json\/wp\/v2\/types\/page"}],"author":[{"embeddable":true,"href":"https:\/\/www.rri.ro\/fr\/wp-json\/wp\/v2\/users\/1"}],"replies":[{"embeddable":true,"href":"https:\/\/www.rri.ro\/fr\/wp-json\/wp\/v2\/comments?post=562826"}],"version-history":[{"count":0,"href":"https:\/\/www.rri.ro\/fr\/wp-json\/wp\/v2\/pages\/562826\/revisions"}],"wp:featuredmedia":[{"embeddable":true,"href":"https:\/\/www.rri.ro\/fr\/wp-json\/wp\/v2\/media\/1000013"}],"wp:attachment":[{"href":"https:\/\/www.rri.ro\/fr\/wp-json\/wp\/v2\/media?parent=562826"}],"wp:term":[{"taxonomy":"author","embeddable":true,"href":"https:\/\/www.rri.ro\/fr\/wp-json\/wp\/v2\/coauthors?post=562826"}],"curies":[{"name":"wp","href":"https:\/\/api.w.org\/{rel}","templated":true}]}}