{"id":503565,"date":"2023-07-14T06:33:19","date_gmt":"2023-07-14T03:33:19","guid":{"rendered":"http:\/\/devrri.freshlemon.ro\/%d7%90%d7%99%d7%a9-%d7%a7%d7%a9%d7%a8"},"modified":"2023-10-26T11:54:02","modified_gmt":"2023-10-26T08:54:02","slug":"%d7%90%d7%99%d7%a9-%d7%a7%d7%a9%d7%a8","status":"publish","type":"page","link":"https:\/\/www.rri.ro\/he\/%d7%90%d7%99%d7%a9-%d7%a7%d7%a9%d7%a8","title":{"rendered":"\u05d0\u05d9\u05e9 \u05e7\u05e9\u05e8"},"content":{"rendered":"\n<p>\u05e6\u05d5\u05e8 \u05e7\u05e9\u05e8: <a href=\"mailto:rri@rri.ro\" target=\"_blank\" rel=\"noreferrer noopener\">rri@rri.ro<\/a><\/p>\n\n<h2 class=\"wp-block-heading\">\u05e8\u05d3\u05d9\u05d5 \u05e8\u05d5\u05de\u05e0\u05d9\u05d4 \u05d4\u05d1\u05d9\u05e0\u05dc\u05d0\u05d5\u05de\u05d9<\/h2>\n\n<p><strong>\u05e8\u05d7\u05d5\u05d1 \u05d2\u05e0\u05e8\u05dc \u05d1\u05e8\u05d8\u05dc\u05d5\u05d8 60-64, \u05d1\u05d5\u05e7\u05e8\u05e9\u05d8, \u05db\u05ea. 1, \u05e7\u05d5\u05d3 010165<\/strong><strong> \u05e8\u05d5\u05de\u05e0\u05d9\u05d4<\/strong>,<\/p>\n\n<ul class=\"wp-block-list\">\n<li>\u05d8\u05dc\u05e4\u05d5\u05df: 021-319.05.16<\/li>\n\n\n\n<li>\u05e4\u05e7\u05e1: 021-319.05.62<\/li>\n<\/ul>\n","protected":false},"excerpt":{"rendered":"<p>\u05e6\u05d5\u05e8 \u05e7\u05e9\u05e8: rri@rri.ro \u05e8\u05d3\u05d9\u05d5 \u05e8\u05d5\u05de\u05e0\u05d9\u05d4 \u05d4\u05d1\u05d9\u05e0\u05dc\u05d0\u05d5\u05de\u05d9 \u05e8\u05d7\u05d5\u05d1 \u05d2\u05e0\u05e8\u05dc \u05d1\u05e8\u05d8\u05dc\u05d5\u05d8 60-64, \u05d1\u05d5\u05e7\u05e8\u05e9\u05d8, \u05db\u05ea. 1, \u05e7\u05d5\u05d3 010165 \u05e8\u05d5\u05de\u05e0\u05d9\u05d4,<\/p>\n","protected":false},"author":1,"featured_media":0,"parent":0,"menu_order":0,"comment_status":"closed","ping_status":"closed","template":"","meta":{"_acf_changed":false,"footnotes":""},"coauthors":[],"class_list":["post-503565","page","type-page","status-publish","hentry"],"acf":[],"yoast_head":"<!-- This site is optimized with the Yoast SEO plugin v27.5 - https:\/\/yoast.com\/product\/yoast-seo-wordpress\/ -->\n<title>\u05d0\u05d9\u05e9 \u05e7\u05e9\u05e8 - \u05e8\u05d3\u05d9\u05d5 \u05e8\u05d5\u05de\u05e0\u05d9\u05d4 \u05d4\u05d1\u05d9\u05e0\u05dc\u05d0\u05d5\u05de\u05d9<\/title>\n<meta name=\"robots\" content=\"index, follow, max-snippet:-1, max-image-preview:large, max-video-preview:-1\" \/>\n<link rel=\"canonical\" href=\"https:\/\/www.rri.ro\/he\/\u05d0\u05d9\u05e9-\u05e7\u05e9\u05e8\" \/>\n<meta property=\"og:locale\" content=\"he_IL\" \/>\n<meta property=\"og:type\" content=\"article\" \/>\n<meta property=\"og:title\" content=\"\u05d0\u05d9\u05e9 \u05e7\u05e9\u05e8 - \u05e8\u05d3\u05d9\u05d5 \u05e8\u05d5\u05de\u05e0\u05d9\u05d4 \u05d4\u05d1\u05d9\u05e0\u05dc\u05d0\u05d5\u05de\u05d9\" \/>\n<meta property=\"og:description\" content=\"\u05e6\u05d5\u05e8 \u05e7\u05e9\u05e8: rri@rri.ro \u05e8\u05d3\u05d9\u05d5 \u05e8\u05d5\u05de\u05e0\u05d9\u05d4 \u05d4\u05d1\u05d9\u05e0\u05dc\u05d0\u05d5\u05de\u05d9 \u05e8\u05d7\u05d5\u05d1 \u05d2\u05e0\u05e8\u05dc \u05d1\u05e8\u05d8\u05dc\u05d5\u05d8 60-64, \u05d1\u05d5\u05e7\u05e8\u05e9\u05d8, \u05db\u05ea. 1, \u05e7\u05d5\u05d3 010165 \u05e8\u05d5\u05de\u05e0\u05d9\u05d4,\" \/>\n<meta property=\"og:url\" content=\"https:\/\/www.rri.ro\/he\/\u05d0\u05d9\u05e9-\u05e7\u05e9\u05e8\" \/>\n<meta property=\"og:site_name\" content=\"\u05e8\u05d3\u05d9\u05d5 \u05e8\u05d5\u05de\u05e0\u05d9\u05d4 \u05d4\u05d1\u05d9\u05e0\u05dc\u05d0\u05d5\u05de\u05d9\" \/>\n<meta property=\"article:modified_time\" content=\"2023-10-26T08:54:02+00:00\" \/>\n<meta name=\"twitter:card\" content=\"summary_large_image\" \/>\n<meta name=\"twitter:label1\" content=\"Written by\" \/>\n\t<meta name=\"twitter:data1\" content=\"admin\" \/>\n<script type=\"application\/ld+json\" class=\"yoast-schema-graph\">{\"@context\":\"https:\\\/\\\/schema.org\",\"@graph\":[{\"@type\":\"WebPage\",\"@id\":\"https:\\\/\\\/www.rri.ro\\\/he\\\/%d7%90%d7%99%d7%a9-%d7%a7%d7%a9%d7%a8\",\"url\":\"https:\\\/\\\/www.rri.ro\\\/he\\\/%d7%90%d7%99%d7%a9-%d7%a7%d7%a9%d7%a8\",\"name\":\"\u05d0\u05d9\u05e9 \u05e7\u05e9\u05e8 - \u05e8\u05d3\u05d9\u05d5 \u05e8\u05d5\u05de\u05e0\u05d9\u05d4 \u05d4\u05d1\u05d9\u05e0\u05dc\u05d0\u05d5\u05de\u05d9\",\"isPartOf\":{\"@id\":\"https:\\\/\\\/www.rri.ro\\\/#website\"},\"datePublished\":\"2023-07-14T03:33:19+00:00\",\"dateModified\":\"2023-10-26T08:54:02+00:00\",\"breadcrumb\":{\"@id\":\"https:\\\/\\\/www.rri.ro\\\/he\\\/%d7%90%d7%99%d7%a9-%d7%a7%d7%a9%d7%a8#breadcrumb\"},\"inLanguage\":\"he-IL\",\"potentialAction\":[{\"@type\":\"ReadAction\",\"target\":[\"https:\\\/\\\/www.rri.ro\\\/he\\\/%d7%90%d7%99%d7%a9-%d7%a7%d7%a9%d7%a8\"]}]},{\"@type\":\"BreadcrumbList\",\"@id\":\"https:\\\/\\\/www.rri.ro\\\/he\\\/%d7%90%d7%99%d7%a9-%d7%a7%d7%a9%d7%a8#breadcrumb\",\"itemListElement\":[{\"@type\":\"ListItem\",\"position\":1,\"name\":\"\u05d3\u05e3 \u05d4\u05d1\u05d9\u05ea\",\"item\":\"https:\\\/\\\/www.rri.ro\\\/he\"},{\"@type\":\"ListItem\",\"position\":2,\"name\":\"\u05d0\u05d9\u05e9 \u05e7\u05e9\u05e8\"}]},{\"@type\":\"WebSite\",\"@id\":\"https:\\\/\\\/www.rri.ro\\\/#website\",\"url\":\"https:\\\/\\\/www.rri.ro\\\/\",\"name\":\"\u05e8\u05d3\u05d9\u05d5 \u05e8\u05d5\u05de\u05e0\u05d9\u05d4 \u05d4\u05d1\u05d9\u05e0\u05dc\u05d0\u05d5\u05de\u05d9\",\"description\":\"Totul despre Rom\u00e2nia \u015fi rom\u00e2ni, \u00een 13 limbi\\\/dialecte!\",\"inLanguage\":\"he-IL\"}]}<\/script>\n<!-- \/ Yoast SEO plugin. -->","yoast_head_json":{"title":"\u05d0\u05d9\u05e9 \u05e7\u05e9\u05e8 - \u05e8\u05d3\u05d9\u05d5 \u05e8\u05d5\u05de\u05e0\u05d9\u05d4 \u05d4\u05d1\u05d9\u05e0\u05dc\u05d0\u05d5\u05de\u05d9","robots":{"index":"index","follow":"follow","max-snippet":"max-snippet:-1","max-image-preview":"max-image-preview:large","max-video-preview":"max-video-preview:-1"},"canonical":"https:\/\/www.rri.ro\/he\/\u05d0\u05d9\u05e9-\u05e7\u05e9\u05e8","og_locale":"he_IL","og_type":"article","og_title":"\u05d0\u05d9\u05e9 \u05e7\u05e9\u05e8 - \u05e8\u05d3\u05d9\u05d5 \u05e8\u05d5\u05de\u05e0\u05d9\u05d4 \u05d4\u05d1\u05d9\u05e0\u05dc\u05d0\u05d5\u05de\u05d9","og_description":"\u05e6\u05d5\u05e8 \u05e7\u05e9\u05e8: rri@rri.ro \u05e8\u05d3\u05d9\u05d5 \u05e8\u05d5\u05de\u05e0\u05d9\u05d4 \u05d4\u05d1\u05d9\u05e0\u05dc\u05d0\u05d5\u05de\u05d9 \u05e8\u05d7\u05d5\u05d1 \u05d2\u05e0\u05e8\u05dc \u05d1\u05e8\u05d8\u05dc\u05d5\u05d8 60-64, \u05d1\u05d5\u05e7\u05e8\u05e9\u05d8, \u05db\u05ea. 1, \u05e7\u05d5\u05d3 010165 \u05e8\u05d5\u05de\u05e0\u05d9\u05d4,","og_url":"https:\/\/www.rri.ro\/he\/\u05d0\u05d9\u05e9-\u05e7\u05e9\u05e8","og_site_name":"\u05e8\u05d3\u05d9\u05d5 \u05e8\u05d5\u05de\u05e0\u05d9\u05d4 \u05d4\u05d1\u05d9\u05e0\u05dc\u05d0\u05d5\u05de\u05d9","article_modified_time":"2023-10-26T08:54:02+00:00","twitter_card":"summary_large_image","twitter_misc":{"Written by":"admin"},"schema":{"@context":"https:\/\/schema.org","@graph":[{"@type":"WebPage","@id":"https:\/\/www.rri.ro\/he\/%d7%90%d7%99%d7%a9-%d7%a7%d7%a9%d7%a8","url":"https:\/\/www.rri.ro\/he\/%d7%90%d7%99%d7%a9-%d7%a7%d7%a9%d7%a8","name":"\u05d0\u05d9\u05e9 \u05e7\u05e9\u05e8 - \u05e8\u05d3\u05d9\u05d5 \u05e8\u05d5\u05de\u05e0\u05d9\u05d4 \u05d4\u05d1\u05d9\u05e0\u05dc\u05d0\u05d5\u05de\u05d9","isPartOf":{"@id":"https:\/\/www.rri.ro\/#website"},"datePublished":"2023-07-14T03:33:19+00:00","dateModified":"2023-10-26T08:54:02+00:00","breadcrumb":{"@id":"https:\/\/www.rri.ro\/he\/%d7%90%d7%99%d7%a9-%d7%a7%d7%a9%d7%a8#breadcrumb"},"inLanguage":"he-IL","potentialAction":[{"@type":"ReadAction","target":["https:\/\/www.rri.ro\/he\/%d7%90%d7%99%d7%a9-%d7%a7%d7%a9%d7%a8"]}]},{"@type":"BreadcrumbList","@id":"https:\/\/www.rri.ro\/he\/%d7%90%d7%99%d7%a9-%d7%a7%d7%a9%d7%a8#breadcrumb","itemListElement":[{"@type":"ListItem","position":1,"name":"\u05d3\u05e3 \u05d4\u05d1\u05d9\u05ea","item":"https:\/\/www.rri.ro\/he"},{"@type":"ListItem","position":2,"name":"\u05d0\u05d9\u05e9 \u05e7\u05e9\u05e8"}]},{"@type":"WebSite","@id":"https:\/\/www.rri.ro\/#website","url":"https:\/\/www.rri.ro\/","name":"\u05e8\u05d3\u05d9\u05d5 \u05e8\u05d5\u05de\u05e0\u05d9\u05d4 \u05d4\u05d1\u05d9\u05e0\u05dc\u05d0\u05d5\u05de\u05d9","description":"Totul despre Rom\u00e2nia \u015fi rom\u00e2ni, \u00een 13 limbi\/dialecte!","inLanguage":"he-IL"}]}},"_links":{"self":[{"href":"https:\/\/www.rri.ro\/he\/wp-json\/wp\/v2\/pages\/503565","targetHints":{"allow":["GET"]}}],"collection":[{"href":"https:\/\/www.rri.ro\/he\/wp-json\/wp\/v2\/pages"}],"about":[{"href":"https:\/\/www.rri.ro\/he\/wp-json\/wp\/v2\/types\/page"}],"author":[{"embeddable":true,"href":"https:\/\/www.rri.ro\/he\/wp-json\/wp\/v2\/users\/1"}],"replies":[{"embeddable":true,"href":"https:\/\/www.rri.ro\/he\/wp-json\/wp\/v2\/comments?post=503565"}],"version-history":[{"count":0,"href":"https:\/\/www.rri.ro\/he\/wp-json\/wp\/v2\/pages\/503565\/revisions"}],"wp:attachment":[{"href":"https:\/\/www.rri.ro\/he\/wp-json\/wp\/v2\/media?parent=503565"}],"wp:term":[{"taxonomy":"author","embeddable":true,"href":"https:\/\/www.rri.ro\/he\/wp-json\/wp\/v2\/coauthors?post=503565"}],"curies":[{"name":"wp","href":"https:\/\/api.w.org\/{rel}","templated":true}]}}