{"id":655114,"date":"2024-02-21T21:20:21","date_gmt":"2024-02-21T19:20:21","guid":{"rendered":"http:\/\/devrri.freshlemon.ro\/%d7%98%d7%95%d7%a4%d7%a1-%d7%a7%d7%91%d7%9c%d7%94"},"modified":"2024-03-16T09:26:26","modified_gmt":"2024-03-16T07:26:26","slug":"%d7%98%d7%95%d7%a4%d7%a1-%d7%a7%d7%91%d7%9c%d7%94","status":"publish","type":"page","link":"https:\/\/www.rri.ro\/he\/%d7%98%d7%95%d7%a4%d7%a1-%d7%a7%d7%91%d7%9c%d7%94","title":{"rendered":"\u05d3\u05d5\u05d7 \u05d4\u05e7\u05d1\u05dc\u05d4"},"content":{"rendered":"\n<div class=\"wpcf7 no-js\" id=\"wpcf7-f712496-o1\" lang=\"he-IL\" dir=\"rtl\" data-wpcf7-id=\"712496\">\n<div class=\"screen-reader-response\"><p role=\"status\" aria-live=\"polite\" aria-atomic=\"true\"><\/p> <ul><\/ul><\/div>\n<form action=\"\/he\/wp-json\/wp\/v2\/pages\/655114#wpcf7-f712496-o1\" method=\"post\" class=\"wpcf7-form init user-zone\" aria-label=\"Contact form\" novalidate=\"novalidate\" data-status=\"init\">\n<fieldset class=\"hidden-fields-container\"><input type=\"hidden\" name=\"_wpcf7\" value=\"712496\" \/><input type=\"hidden\" name=\"_wpcf7_version\" value=\"6.1.5\" \/><input type=\"hidden\" name=\"_wpcf7_locale\" value=\"he_IL\" \/><input type=\"hidden\" name=\"_wpcf7_unit_tag\" value=\"wpcf7-f712496-o1\" \/><input type=\"hidden\" name=\"_wpcf7_container_post\" value=\"0\" \/><input type=\"hidden\" name=\"_wpcf7_posted_data_hash\" value=\"\" \/>\n<\/fieldset>\n<h1 class=\"user-zone__title\">\u05d3\u05d5\u05d7 \u05d4\u05e7\u05d1\u05dc\u05d4\n<\/h1>\n<p class=\"user-zone__message\">\u05db\u05dc \u05d4\u05e9\u05d3\u05d5\u05ea \u05e0\u05d3\u05e8\u05e9\u05d9\u05dd\n<\/p>\n<p><label>\u05e9\u05c1\u05b5\u05dd<\/label><br \/>\n<span class=\"wpcf7-form-control-wrap\" data-name=\"nume\"><input size=\"40\" maxlength=\"400\" class=\"wpcf7-form-control wpcf7-text wpcf7-validates-as-required\" aria-required=\"true\" aria-invalid=\"false\" value=\"\" type=\"text\" name=\"nume\" \/><\/span><br \/>\n<label>\u05de\u05b4\u05d9\u05df<\/label><br \/>\n<span class=\"wpcf7-form-control-wrap\" data-name=\"sex\"><select class=\"wpcf7-form-control wpcf7-select wpcf7-validates-as-required\" aria-required=\"true\" aria-invalid=\"false\" name=\"sex\"><option value=\"\">&#8212;Please choose an option&#8212;<\/option><option value=\"\u05e0\u05e7\u05d1\u05d4\">\u05e0\u05e7\u05d1\u05d4<\/option><option value=\"\u05d6\u05db\u05e8\">\u05d6\u05db\u05e8<\/option><\/select><\/span><br \/>\n<label>\u05d2\u05d9\u05dc<\/label><br \/>\n<span class=\"wpcf7-form-control-wrap\" data-name=\"varsta\"><input size=\"40\" maxlength=\"400\" class=\"wpcf7-form-control wpcf7-text wpcf7-validates-as-required\" aria-required=\"true\" aria-invalid=\"false\" value=\"\" type=\"text\" name=\"varsta\" \/><\/span><br \/>\n<label>\u05de\u05b4\u05e7\u05e6\u05d5\u05b9\u05e2\u05b7<\/label><br \/>\n<span class=\"wpcf7-form-control-wrap\" data-name=\"ocupatie\"><input size=\"40\" maxlength=\"400\" class=\"wpcf7-form-control wpcf7-text wpcf7-validates-as-required\" aria-required=\"true\" aria-invalid=\"false\" value=\"\" type=\"text\" name=\"ocupatie\" \/><\/span><br \/>\n<label>\u05de\u05d0\u05d6\u05d9\u05df RRI \u05de\u05d0\u05d6<\/label><br \/>\n<span class=\"wpcf7-form-control-wrap\" data-name=\"date-rri\"><input class=\"wpcf7-form-control wpcf7-date wpcf7-validates-as-required wpcf7-validates-as-date\" aria-required=\"true\" aria-invalid=\"false\" value=\"\" type=\"date\" name=\"date-rri\" \/><\/span><br \/>\n<label>\u05db\u05ea\u05d5\u05d1\u05ea<\/label><br \/>\n<span class=\"wpcf7-form-control-wrap\" data-name=\"adresa\"><input size=\"40\" maxlength=\"400\" class=\"wpcf7-form-control wpcf7-text wpcf7-validates-as-required\" aria-required=\"true\" aria-invalid=\"false\" value=\"\" type=\"text\" name=\"adresa\" \/><\/span><br \/>\n<label>\u05e2\u05b4\u05d9\u05e8<\/label><br \/>\n<span class=\"wpcf7-form-control-wrap\" data-name=\"localitate\"><input size=\"40\" maxlength=\"400\" class=\"wpcf7-form-control wpcf7-text wpcf7-validates-as-required\" aria-required=\"true\" aria-invalid=\"false\" value=\"\" type=\"text\" name=\"localitate\" \/><\/span><br \/>\n<label>\u05de\u05d9\u05e7\u05d5\u05d3<\/label><br \/>\n<span class=\"wpcf7-form-control-wrap\" data-name=\"cod-postal\"><input size=\"40\" maxlength=\"400\" class=\"wpcf7-form-control wpcf7-text wpcf7-validates-as-required\" aria-required=\"true\" aria-invalid=\"false\" value=\"\" type=\"text\" name=\"cod-postal\" \/><\/span><br \/>\n<label>\u05de\u05d3\u05d9\u05e0\u05d4<\/label><br \/>\n<span class=\"wpcf7-form-control-wrap\" data-name=\"tara\"><input size=\"40\" maxlength=\"400\" class=\"wpcf7-form-control wpcf7-text wpcf7-validates-as-required\" aria-required=\"true\" aria-invalid=\"false\" value=\"\" type=\"text\" name=\"tara\" \/><\/span><br \/>\n<label>\u05d0\u05b6\u05dc\u05b6\u05e7\u05d8\u05e8\u05d5\u05b9\u05e0\u05b4\u05d9<\/label><br \/>\n<span class=\"wpcf7-form-control-wrap\" data-name=\"email\"><input size=\"40\" maxlength=\"400\" class=\"wpcf7-form-control wpcf7-email wpcf7-validates-as-required wpcf7-text wpcf7-validates-as-email\" aria-required=\"true\" aria-invalid=\"false\" value=\"\" type=\"email\" name=\"email\" \/><\/span>\n<\/p>\n<p class=\"user-zone__message\">\u05e6\u05d9\u05d5\u05d3 \u05e7\u05d1\u05dc\u05d4\n<\/p>\n<p><label>\u05de\u05b7\u05e7\u05b0\u05dc\u05b5\u05d8<\/label><br \/>\n<span class=\"wpcf7-form-control-wrap\" data-name=\"aparatul\"><input size=\"40\" maxlength=\"400\" class=\"wpcf7-form-control wpcf7-text wpcf7-validates-as-required\" aria-required=\"true\" aria-invalid=\"false\" value=\"\" type=\"text\" name=\"aparatul\" \/><\/span><br \/>\n<label>\u05d0\u05b7\u05e0\u05d8\u05b6\u05e0\u05b8\u05d4<\/label><br \/>\n<span class=\"wpcf7-form-control-wrap\" data-name=\"antena\"><input size=\"40\" maxlength=\"400\" class=\"wpcf7-form-control wpcf7-text wpcf7-validates-as-required\" aria-required=\"true\" aria-invalid=\"false\" value=\"\" type=\"text\" name=\"antena\" \/><\/span><br \/>\n<label>\u05de\u05e7\u05d5\u05dd \u05d4\u05e7\u05d1\u05dc\u05d4<\/label><br \/>\n<span class=\"wpcf7-form-control-wrap\" data-name=\"locul-receptiei\"><input size=\"40\" maxlength=\"400\" class=\"wpcf7-form-control wpcf7-text wpcf7-validates-as-required\" aria-required=\"true\" aria-invalid=\"false\" value=\"\" type=\"text\" name=\"locul-receptiei\" \/><\/span>\n<\/p>\n<p class=\"user-zone__message\">\u05e7\u05d1\u05dc\u05d4\n<\/p>\n<p><label>\u05ea\u05b7\u05d0\u05b2\u05e8\u05b4\u05d9\u05da<\/label><br \/>\n<span class=\"wpcf7-form-control-wrap\" data-name=\"data-receptiei\"><input class=\"wpcf7-form-control wpcf7-date wpcf7-validates-as-required wpcf7-validates-as-date\" aria-required=\"true\" aria-invalid=\"false\" value=\"\" type=\"date\" name=\"data-receptiei\" \/><\/span><br \/>\n<label>\u05d6\u05de\u05df (\u05d4\u05ea\u05d7\u05dc\u05d4)<\/label><br \/>\n<span class=\"wpcf7-form-control-wrap\" data-name=\"de-la-ce-ora\"><input size=\"40\" maxlength=\"400\" class=\"wpcf7-form-control wpcf7-text wpcf7-validates-as-required\" aria-required=\"true\" aria-invalid=\"false\" value=\"\" type=\"text\" name=\"de-la-ce-ora\" \/><\/span><br \/>\n<label>\u05d6\u05de\u05df (\u05e1\u05d5\u05e3)<\/label><br \/>\n<span class=\"wpcf7-form-control-wrap\" data-name=\"pana-la-ce-ora\"><input size=\"40\" maxlength=\"400\" class=\"wpcf7-form-control wpcf7-text wpcf7-validates-as-required\" aria-required=\"true\" aria-invalid=\"false\" value=\"\" type=\"text\" name=\"pana-la-ce-ora\" \/><\/span><br \/>\n<label>\u05ea\u05d3\u05d9\u05e8\u05d5\u05ea<\/label><br \/>\n<span class=\"wpcf7-form-control-wrap\" data-name=\"frecventa-receptiei\"><input size=\"40\" maxlength=\"400\" class=\"wpcf7-form-control wpcf7-text wpcf7-validates-as-required\" aria-required=\"true\" aria-invalid=\"false\" value=\"\" type=\"text\" name=\"frecventa-receptiei\" \/><\/span>\n<\/p>\n<p class=\"user-zone__message\">\u05ea\u05b8\u05db\u05b0\u05e0\u05b4\u05d9\u05ea\n<\/p>\n<p><label>\u05e9\u05e4\u05d4<\/label><br \/>\n<span class=\"wpcf7-form-control-wrap\" data-name=\"limba\"><input size=\"40\" maxlength=\"400\" class=\"wpcf7-form-control wpcf7-text wpcf7-validates-as-required\" aria-required=\"true\" aria-invalid=\"false\" value=\"\" type=\"text\" name=\"limba\" \/><\/span><br \/>\n<label>\u05e4\u05e8\u05d8\u05d9 \u05d4\u05ea\u05d5\u05db\u05e0\u05d9\u05ea<\/label><br \/>\n<span class=\"wpcf7-form-control-wrap\" data-name=\"detalii-despre-program\"><textarea cols=\"40\" rows=\"10\" maxlength=\"2000\" class=\"wpcf7-form-control wpcf7-textarea wpcf7-validates-as-required\" aria-required=\"true\" aria-invalid=\"false\" name=\"detalii-despre-program\"><\/textarea><\/span>\n<\/p>\n<p class=\"user-zone__message\">\u05d0\u05d9\u05db\u05d5\u05ea \u05e7\u05d5\u05dc\n<\/p>\n<p><label>\u05e2\u05d5\u05e6\u05de\u05ea \u05d0\u05d5\u05ea<\/label><br \/>\n<span class=\"wpcf7-form-control-wrap\" data-name=\"puterea-semnalului\"><select class=\"wpcf7-form-control wpcf7-select wpcf7-validates-as-required\" aria-required=\"true\" aria-invalid=\"false\" name=\"puterea-semnalului\"><option value=\"\">&#8212;Please choose an option&#8212;<\/option><option value=\"\u05de\u05b0\u05e2\u05d5\u05bc\u05dc\u05b6\u05d4\">\u05de\u05b0\u05e2\u05d5\u05bc\u05dc\u05b6\u05d4<\/option><option value=\"\u05d8\u05d5\u05b9\u05d1\">\u05d8\u05d5\u05b9\u05d1<\/option><option value=\"\u05de\u05e9\u05d1\u05d9\u05e2 \u05e8\u05e6\u05d5\u05df\">\u05de\u05e9\u05d1\u05d9\u05e2 \u05e8\u05e6\u05d5\u05df<\/option><option value=\"\u05e2\u05e0\u05d9\">\u05e2\u05e0\u05d9<\/option><option value=\"\u05d1\u05e7\u05d5\u05e9\u05d9\">\u05d1\u05e7\u05d5\u05e9\u05d9<\/option><\/select><\/span><br \/>\n<label>\u05d4\u05b7\u05e4\u05e8\u05b8\u05e2\u05b8\u05d4<\/label><br \/>\n<span class=\"wpcf7-form-control-wrap\" data-name=\"interferenta\"><select class=\"wpcf7-form-control wpcf7-select wpcf7-validates-as-required\" aria-required=\"true\" aria-invalid=\"false\" name=\"interferenta\"><option value=\"\">&#8212;Please choose an option&#8212;<\/option><option value=\"\u05d0\u05e3 \u05d0\u05d7\u05d3\">\u05d0\u05e3 \u05d0\u05d7\u05d3<\/option><option value=\"\u05d7\u05dc\u05e9\">\u05d7\u05dc\u05e9<\/option><option value=\"\u05d1\u05d9\u05e0\u05d5\u05e0\u05d9\">\u05d1\u05d9\u05e0\u05d5\u05e0\u05d9<\/option><option value=\"\u05d7\u05b8\u05d6\u05b8\u05e7\">\u05d7\u05b8\u05d6\u05b8\u05e7<\/option><option value=\"\u05d7\u05d6\u05e7 \u05de\u05d0\u05d5\u05d3\">\u05d7\u05d6\u05e7 \u05de\u05d0\u05d5\u05d3<\/option><\/select><\/span><br \/>\n<label>\u05e8\u05b7\u05e2\u05b7\u05e9\u05c1<\/label><br \/>\n<span class=\"wpcf7-form-control-wrap\" data-name=\"zgomotul\"><select class=\"wpcf7-form-control wpcf7-select wpcf7-validates-as-required\" aria-required=\"true\" aria-invalid=\"false\" name=\"zgomotul\"><option value=\"\">&#8212;Please choose an option&#8212;<\/option><option value=\"\u05d0\u05e3 \u05d0\u05d7\u05d3\">\u05d0\u05e3 \u05d0\u05d7\u05d3<\/option><option value=\"\u05d7\u05dc\u05e9\">\u05d7\u05dc\u05e9<\/option><option value=\"\u05d1\u05d9\u05e0\u05d5\u05e0\u05d9\">\u05d1\u05d9\u05e0\u05d5\u05e0\u05d9<\/option><option value=\"\u05d7\u05b8\u05d6\u05b8\u05e7\">\u05d7\u05b8\u05d6\u05b8\u05e7<\/option><option value=\"\u05d7\u05d6\u05e7 \u05de\u05d0\u05d5\u05d3\">\u05d7\u05d6\u05e7 \u05de\u05d0\u05d5\u05d3<\/option><\/select><\/span><br \/>\n<label>\u05e9\u05d9\u05d1\u05d5\u05e9\u05d9\u05dd<\/label><br \/>\n<span class=\"wpcf7-form-control-wrap\" data-name=\"perturbari\"><select class=\"wpcf7-form-control wpcf7-select wpcf7-validates-as-required\" aria-required=\"true\" aria-invalid=\"false\" name=\"perturbari\"><option value=\"\">&#8212;Please choose an option&#8212;<\/option><option value=\"\u05d0\u05e3 \u05d0\u05d7\u05d3\">\u05d0\u05e3 \u05d0\u05d7\u05d3<\/option><option value=\"\u05d7\u05dc\u05e9\">\u05d7\u05dc\u05e9<\/option><option value=\"\u05d1\u05d9\u05e0\u05d5\u05e0\u05d9\">\u05d1\u05d9\u05e0\u05d5\u05e0\u05d9<\/option><option value=\"\u05d7\u05b8\u05d6\u05b8\u05e7\">\u05d7\u05b8\u05d6\u05b8\u05e7<\/option><option value=\"\u05d7\u05d6\u05e7 \u05de\u05d0\u05d5\u05d3\">\u05d7\u05d6\u05e7 \u05de\u05d0\u05d5\u05d3<\/option><\/select><\/span><br \/>\n<label>\u05d3\u05d9\u05e8\u05d5\u05d2 \u05db\u05d5\u05dc\u05dc<\/label><br \/>\n<span class=\"wpcf7-form-control-wrap\" data-name=\"nota-generala\"><select class=\"wpcf7-form-control wpcf7-select wpcf7-validates-as-required\" aria-required=\"true\" aria-invalid=\"false\" name=\"nota-generala\"><option value=\"\">&#8212;Please choose an option&#8212;<\/option><option value=\"\u05de\u05b0\u05e2\u05d5\u05bc\u05dc\u05b6\u05d4\">\u05de\u05b0\u05e2\u05d5\u05bc\u05dc\u05b6\u05d4<\/option><option value=\"\u05d8\u05d5\u05b9\u05d1\">\u05d8\u05d5\u05b9\u05d1<\/option><option value=\"\u05de\u05e9\u05d1\u05d9\u05e2 \u05e8\u05e6\u05d5\u05df\">\u05de\u05e9\u05d1\u05d9\u05e2 \u05e8\u05e6\u05d5\u05df<\/option><option value=\"\u05e2\u05e0\u05d9\">\u05e2\u05e0\u05d9<\/option><option value=\"\u05d1\u05e7\u05d5\u05e9\u05d9 \u05e0\u05e9\u05de\u05e2\">\u05d1\u05e7\u05d5\u05e9\u05d9 \u05e0\u05e9\u05de\u05e2<\/option><\/select><\/span>\n<\/p>\n<p class=\"user-zone__message\">\u05e2\u05d5\u05d3 \u05de\u05d9\u05d3\u05e2\n<\/p>\n<p><label>\u05d4\u05e6\u05e2\u05d5\u05ea<\/label><br \/>\n<span class=\"wpcf7-form-control-wrap\" data-name=\"comentarii\"><textarea cols=\"40\" rows=\"10\" maxlength=\"2000\" class=\"wpcf7-form-control wpcf7-textarea wpcf7-validates-as-required\" aria-required=\"true\" aria-invalid=\"false\" name=\"comentarii\"><\/textarea><\/span>\n<\/p>\n<p><span class=\"wpcf7-form-control-wrap\" data-name=\"acceptare-gdpr\"><span class=\"wpcf7-form-control wpcf7-acceptance\"><span class=\"wpcf7-list-item\"><label><input type=\"checkbox\" name=\"acceptare-gdpr\" value=\"1\" aria-invalid=\"false\" \/><span class=\"wpcf7-list-item-label\">\u05de\u05d9\u05dc\u05d5\u05d9 \u05d8\u05d5\u05e4\u05e1 \u05d6\u05d4 \u05e9\u05e9\u05d9\u05d9\u05da \u05dc\u05e8\u05d3\u05d9\u05d5 \u05e8\u05d5\u05de\u05e0\u05d9\u05d4 \u05d4\u05d1\u05d9\u05e0\u05dc\u05d0\u05d5\u05de\u05d9 \u05de\u05d4\u05d5\u05d5\u05d4 \u05d0\u05d9\u05e9\u05d5\u05e8 \u05de\u05e6\u05d3\u05da \u05e9\u05e0\u05ea\u05d5\u05e0\u05d9\u05da \u05d4\u05d0\u05d9\u05e9\u05d9\u05d9\u05dd \u05d9\u05d5\u05db\u05e0\u05e1\u05d5 \u05dc\u05d1\u05e1\u05d9\u05e1 \u05d4\u05e0\u05ea\u05d5\u05e0\u05d9\u05dd \u05e9\u05dc \u05e8\u05d3\u05d9\u05d5 \u05e8\u05d5\u05de\u05e0\u05d9\u05d4 \u05d4\u05d1\u05d9\u05e0\u05dc\u05d0\u05d5\u05de\u05d9 \u05dc\u05de\u05d8\u05e8\u05d5\u05ea \u05e2\u05d9\u05d3\u05db\u05d5\u05df, \u05e9\u05d9\u05d5\u05d5\u05e7 \u05d5\u05e4\u05e8\u05e1\u05d5\u05dd. \u05e8\u05d3\u05d9\u05d5 \u05e8\u05d5\u05de\u05e0\u05d9\u05d4 \u05d4\u05d1\u05d9\u05e0\u05dc\u05d0\u05d5\u05de\u05d9 \u05de\u05ea\u05d7\u05d9\u05d9\u05d1 \u05dc\u05e2\u05de\u05d5\u05d3 \u05e2\u05dc \u05d4\u05d5\u05e8\u05d0\u05d5\u05ea \u05d4\u05ea\u05e7\u05e0\u05d5\u05df (UE) 2016\/679 \u05e2\u05dc \u05d4\u05d2\u05e0\u05ea \u05d4\u05de\u05d9\u05d3\u05e2 \u05d1\u05e2\u05dc \u05d0\u05d5\u05e4\u05d9 \u05e4\u05e8\u05d8\u05d9. \u05e8\u05e7 \u05dc\u05d0\u05d7\u05e8 \u05e7\u05d1\u05dc\u05ea \u05d1\u05e7\u05e9\u05d4 \u05de\u05e4\u05d5\u05e8\u05e9\u05ea, \u05d1\u05d0\u05de\u05e6\u05e2\u05d5\u05ea \u05d3\u05d5\u05d0\u05e8 \u05d0\u05dc\u05e7\u05d8\u05e8\u05d5\u05e0\u05d9, \u05e8\u05d3\u05d9\u05d5 \u05e8\u05d5\u05de\u05e0\u05d9\u05d4 \u05d4\u05d1\u05d9\u05e0\u05dc\u05d0\u05d5\u05de\u05d9 \u05dc\u05d0 \u05d9\u05d0\u05d2\u05d5\u05e8 \u05d5\u05dc\u05d0 \u05d9\u05e9\u05ea\u05de\u05e9 \u05d9\u05d5\u05ea\u05e8 \u05d1\u05e0\u05ea\u05d5\u05e0\u05d9\u05da \u05d4\u05d0\u05d9\u05e9\u05d9\u05d9\u05dd.<\/span><\/label><\/span><\/span><\/span>\n<\/p>\n<p><input class=\"wpcf7-form-control wpcf7-submit has-spinner\" type=\"submit\" value=\"\u05ea\u05e9\u05dc\u05d7\" \/>\n<\/p><p style=\"display: none !important;\" class=\"akismet-fields-container\" data-prefix=\"_wpcf7_ak_\"><label>&#916;<textarea name=\"_wpcf7_ak_hp_textarea\" cols=\"45\" rows=\"8\" maxlength=\"100\"><\/textarea><\/label><input type=\"hidden\" id=\"ak_js_1\" name=\"_wpcf7_ak_js\" value=\"199\"\/><script>document.getElementById( \"ak_js_1\" ).setAttribute( \"value\", ( new Date() ).getTime() );<\/script><\/p><div class=\"wpcf7-response-output\" aria-hidden=\"true\"><\/div>\n<\/form>\n<\/div>\n\n","protected":false},"excerpt":{"rendered":"","protected":false},"author":1,"featured_media":0,"parent":0,"menu_order":0,"comment_status":"closed","ping_status":"closed","template":"template-formular.php","meta":{"_acf_changed":false,"footnotes":""},"coauthors":[113312],"class_list":["post-655114","page","type-page","status-publish","hentry"],"acf":[],"yoast_head":"<!-- This site is optimized with the Yoast SEO plugin v27.3 - https:\/\/yoast.com\/product\/yoast-seo-wordpress\/ -->\n<title>\u05d3\u05d5\u05d7 \u05d4\u05e7\u05d1\u05dc\u05d4 - \u05e8\u05d3\u05d9\u05d5 \u05e8\u05d5\u05de\u05e0\u05d9\u05d4 \u05d4\u05d1\u05d9\u05e0\u05dc\u05d0\u05d5\u05de\u05d9<\/title>\n<meta name=\"robots\" content=\"index, follow, max-snippet:-1, max-image-preview:large, max-video-preview:-1\" \/>\n<link rel=\"canonical\" href=\"https:\/\/www.rri.ro\/he\/\u05d8\u05d5\u05e4\u05e1-\u05e7\u05d1\u05dc\u05d4\" \/>\n<meta property=\"og:locale\" content=\"he_IL\" \/>\n<meta property=\"og:type\" content=\"article\" \/>\n<meta property=\"og:title\" content=\"\u05d3\u05d5\u05d7 \u05d4\u05e7\u05d1\u05dc\u05d4 - \u05e8\u05d3\u05d9\u05d5 \u05e8\u05d5\u05de\u05e0\u05d9\u05d4 \u05d4\u05d1\u05d9\u05e0\u05dc\u05d0\u05d5\u05de\u05d9\" \/>\n<meta property=\"og:url\" content=\"https:\/\/www.rri.ro\/he\/\u05d8\u05d5\u05e4\u05e1-\u05e7\u05d1\u05dc\u05d4\" \/>\n<meta property=\"og:site_name\" content=\"\u05e8\u05d3\u05d9\u05d5 \u05e8\u05d5\u05de\u05e0\u05d9\u05d4 \u05d4\u05d1\u05d9\u05e0\u05dc\u05d0\u05d5\u05de\u05d9\" \/>\n<meta property=\"article:modified_time\" content=\"2024-03-16T07:26:26+00:00\" \/>\n<meta name=\"twitter:card\" content=\"summary_large_image\" \/>\n<meta name=\"twitter:label1\" content=\"Written by\" \/>\n\t<meta name=\"twitter:data1\" content=\"admin\" \/>\n<script type=\"application\/ld+json\" class=\"yoast-schema-graph\">{\"@context\":\"https:\\\/\\\/schema.org\",\"@graph\":[{\"@type\":\"WebPage\",\"@id\":\"https:\\\/\\\/www.rri.ro\\\/he\\\/%d7%98%d7%95%d7%a4%d7%a1-%d7%a7%d7%91%d7%9c%d7%94\",\"url\":\"https:\\\/\\\/www.rri.ro\\\/he\\\/%d7%98%d7%95%d7%a4%d7%a1-%d7%a7%d7%91%d7%9c%d7%94\",\"name\":\"\u05d3\u05d5\u05d7 \u05d4\u05e7\u05d1\u05dc\u05d4 - \u05e8\u05d3\u05d9\u05d5 \u05e8\u05d5\u05de\u05e0\u05d9\u05d4 \u05d4\u05d1\u05d9\u05e0\u05dc\u05d0\u05d5\u05de\u05d9\",\"isPartOf\":{\"@id\":\"https:\\\/\\\/www.rri.ro\\\/#website\"},\"datePublished\":\"2024-02-21T19:20:21+00:00\",\"dateModified\":\"2024-03-16T07:26:26+00:00\",\"breadcrumb\":{\"@id\":\"https:\\\/\\\/www.rri.ro\\\/he\\\/%d7%98%d7%95%d7%a4%d7%a1-%d7%a7%d7%91%d7%9c%d7%94#breadcrumb\"},\"inLanguage\":\"he-IL\",\"potentialAction\":[{\"@type\":\"ReadAction\",\"target\":[\"https:\\\/\\\/www.rri.ro\\\/he\\\/%d7%98%d7%95%d7%a4%d7%a1-%d7%a7%d7%91%d7%9c%d7%94\"]}]},{\"@type\":\"BreadcrumbList\",\"@id\":\"https:\\\/\\\/www.rri.ro\\\/he\\\/%d7%98%d7%95%d7%a4%d7%a1-%d7%a7%d7%91%d7%9c%d7%94#breadcrumb\",\"itemListElement\":[{\"@type\":\"ListItem\",\"position\":1,\"name\":\"\u05d3\u05e3 \u05d4\u05d1\u05d9\u05ea\",\"item\":\"https:\\\/\\\/www.rri.ro\\\/he\"},{\"@type\":\"ListItem\",\"position\":2,\"name\":\"\u05d3\u05d5\u05d7 \u05d4\u05e7\u05d1\u05dc\u05d4\"}]},{\"@type\":\"WebSite\",\"@id\":\"https:\\\/\\\/www.rri.ro\\\/#website\",\"url\":\"https:\\\/\\\/www.rri.ro\\\/\",\"name\":\"\u05e8\u05d3\u05d9\u05d5 \u05e8\u05d5\u05de\u05e0\u05d9\u05d4 \u05d4\u05d1\u05d9\u05e0\u05dc\u05d0\u05d5\u05de\u05d9\",\"description\":\"Totul despre Rom\u00e2nia \u015fi rom\u00e2ni, \u00een 13 limbi\\\/dialecte!\",\"inLanguage\":\"he-IL\"}]}<\/script>\n<!-- \/ Yoast SEO plugin. -->","yoast_head_json":{"title":"\u05d3\u05d5\u05d7 \u05d4\u05e7\u05d1\u05dc\u05d4 - \u05e8\u05d3\u05d9\u05d5 \u05e8\u05d5\u05de\u05e0\u05d9\u05d4 \u05d4\u05d1\u05d9\u05e0\u05dc\u05d0\u05d5\u05de\u05d9","robots":{"index":"index","follow":"follow","max-snippet":"max-snippet:-1","max-image-preview":"max-image-preview:large","max-video-preview":"max-video-preview:-1"},"canonical":"https:\/\/www.rri.ro\/he\/\u05d8\u05d5\u05e4\u05e1-\u05e7\u05d1\u05dc\u05d4","og_locale":"he_IL","og_type":"article","og_title":"\u05d3\u05d5\u05d7 \u05d4\u05e7\u05d1\u05dc\u05d4 - \u05e8\u05d3\u05d9\u05d5 \u05e8\u05d5\u05de\u05e0\u05d9\u05d4 \u05d4\u05d1\u05d9\u05e0\u05dc\u05d0\u05d5\u05de\u05d9","og_url":"https:\/\/www.rri.ro\/he\/\u05d8\u05d5\u05e4\u05e1-\u05e7\u05d1\u05dc\u05d4","og_site_name":"\u05e8\u05d3\u05d9\u05d5 \u05e8\u05d5\u05de\u05e0\u05d9\u05d4 \u05d4\u05d1\u05d9\u05e0\u05dc\u05d0\u05d5\u05de\u05d9","article_modified_time":"2024-03-16T07:26:26+00:00","twitter_card":"summary_large_image","twitter_misc":{"Written by":"admin"},"schema":{"@context":"https:\/\/schema.org","@graph":[{"@type":"WebPage","@id":"https:\/\/www.rri.ro\/he\/%d7%98%d7%95%d7%a4%d7%a1-%d7%a7%d7%91%d7%9c%d7%94","url":"https:\/\/www.rri.ro\/he\/%d7%98%d7%95%d7%a4%d7%a1-%d7%a7%d7%91%d7%9c%d7%94","name":"\u05d3\u05d5\u05d7 \u05d4\u05e7\u05d1\u05dc\u05d4 - \u05e8\u05d3\u05d9\u05d5 \u05e8\u05d5\u05de\u05e0\u05d9\u05d4 \u05d4\u05d1\u05d9\u05e0\u05dc\u05d0\u05d5\u05de\u05d9","isPartOf":{"@id":"https:\/\/www.rri.ro\/#website"},"datePublished":"2024-02-21T19:20:21+00:00","dateModified":"2024-03-16T07:26:26+00:00","breadcrumb":{"@id":"https:\/\/www.rri.ro\/he\/%d7%98%d7%95%d7%a4%d7%a1-%d7%a7%d7%91%d7%9c%d7%94#breadcrumb"},"inLanguage":"he-IL","potentialAction":[{"@type":"ReadAction","target":["https:\/\/www.rri.ro\/he\/%d7%98%d7%95%d7%a4%d7%a1-%d7%a7%d7%91%d7%9c%d7%94"]}]},{"@type":"BreadcrumbList","@id":"https:\/\/www.rri.ro\/he\/%d7%98%d7%95%d7%a4%d7%a1-%d7%a7%d7%91%d7%9c%d7%94#breadcrumb","itemListElement":[{"@type":"ListItem","position":1,"name":"\u05d3\u05e3 \u05d4\u05d1\u05d9\u05ea","item":"https:\/\/www.rri.ro\/he"},{"@type":"ListItem","position":2,"name":"\u05d3\u05d5\u05d7 \u05d4\u05e7\u05d1\u05dc\u05d4"}]},{"@type":"WebSite","@id":"https:\/\/www.rri.ro\/#website","url":"https:\/\/www.rri.ro\/","name":"\u05e8\u05d3\u05d9\u05d5 \u05e8\u05d5\u05de\u05e0\u05d9\u05d4 \u05d4\u05d1\u05d9\u05e0\u05dc\u05d0\u05d5\u05de\u05d9","description":"Totul despre Rom\u00e2nia \u015fi rom\u00e2ni, \u00een 13 limbi\/dialecte!","inLanguage":"he-IL"}]}},"_links":{"self":[{"href":"https:\/\/www.rri.ro\/he\/wp-json\/wp\/v2\/pages\/655114","targetHints":{"allow":["GET"]}}],"collection":[{"href":"https:\/\/www.rri.ro\/he\/wp-json\/wp\/v2\/pages"}],"about":[{"href":"https:\/\/www.rri.ro\/he\/wp-json\/wp\/v2\/types\/page"}],"author":[{"embeddable":true,"href":"https:\/\/www.rri.ro\/he\/wp-json\/wp\/v2\/users\/1"}],"replies":[{"embeddable":true,"href":"https:\/\/www.rri.ro\/he\/wp-json\/wp\/v2\/comments?post=655114"}],"version-history":[{"count":0,"href":"https:\/\/www.rri.ro\/he\/wp-json\/wp\/v2\/pages\/655114\/revisions"}],"wp:attachment":[{"href":"https:\/\/www.rri.ro\/he\/wp-json\/wp\/v2\/media?parent=655114"}],"wp:term":[{"taxonomy":"author","embeddable":true,"href":"https:\/\/www.rri.ro\/he\/wp-json\/wp\/v2\/coauthors?post=655114"}],"curies":[{"name":"wp","href":"https:\/\/api.w.org\/{rel}","templated":true}]}}