{"id":503657,"date":"2023-07-14T06:33:19","date_gmt":"2023-07-14T03:33:19","guid":{"rendered":"http:\/\/devrri.freshlemon.ro\/contatto"},"modified":"2024-02-21T17:33:14","modified_gmt":"2024-02-21T15:33:14","slug":"contatto","status":"publish","type":"page","link":"https:\/\/www.rri.ro\/it\/contatto","title":{"rendered":"Contatto"},"content":{"rendered":"&#13;\n<div id=\"attachment_603962\" style=\"width: 310px\" class=\"wp-caption alignnone\"><img decoding=\"async\" aria-describedby=\"caption-attachment-603962\" class=\"size-medium wp-image-603962\" src=\"http:\/\/devrri.freshlemon.ro\/wp-content\/uploads\/2024\/02\/RRI-logo-banner-mare-1200-latime-albastru-mare-300x225.jpg\" alt=\"logo RRI\" width=\"300\" height=\"225\"\/><p id=\"caption-attachment-603962\" class=\"wp-caption-text\">logo RRI<\/p><\/div>&#13;\n<p>\u00a0<\/p>&#13;\n<p>Contacta\u021bi-ne: <a href=\"mailto:rri@rri.ro\" target=\"_blank\" rel=\"noreferrer noopener\">rri@rri.ro<\/a><\/p>&#13;\n&#13;\n<h2 class=\"wp-block-heading\">Radio Romania Internazionale<\/h2>&#13;\n&#13;\n<p><strong>60-64 Via General Berthelot, Bucarest, sez. 1, codice 010165<\/strong>,<strong> Romania<\/strong><\/p>&#13;\n\r\n<ul class=\"wp-block-list\">&#13;\n<li>Telefono: 021-319.05.16<\/li>&#13;\n\r\n\r\n&#13;\n<li>Fax: 021-319.05.62<\/li>&#13;\n<\/ul>\r\n","protected":false},"excerpt":{"rendered":"<p>&#13; &#13; \u00a0&#13; Contacta\u021bi-ne: rri@rri.ro&#13; &#13; Radio Romania Internazionale&#13; &#13; 60-64 Via General Berthelot, Bucarest, sez. 1, codice 010165, Romania&#13;<\/p>\n","protected":false},"author":1,"featured_media":0,"parent":0,"menu_order":0,"comment_status":"closed","ping_status":"closed","template":"","meta":{"_acf_changed":false,"footnotes":""},"coauthors":[113312],"class_list":["post-503657","page","type-page","status-publish","hentry"],"acf":[],"yoast_head":"<!-- This site is optimized with the Yoast SEO plugin v27.3 - https:\/\/yoast.com\/product\/yoast-seo-wordpress\/ -->\n<title>Contatto - Radio Romania Internazionale<\/title>\n<meta name=\"robots\" content=\"index, follow, max-snippet:-1, max-image-preview:large, max-video-preview:-1\" \/>\n<link rel=\"canonical\" href=\"https:\/\/www.rri.ro\/it\/contatto\" \/>\n<meta property=\"og:locale\" content=\"it_IT\" \/>\n<meta property=\"og:type\" content=\"article\" \/>\n<meta property=\"og:title\" content=\"Contatto - Radio Romania Internazionale\" \/>\n<meta property=\"og:description\" content=\"&#013; &#013; \u00a0&#013; Contacta\u021bi-ne: rri@rri.ro&#013; &#013; Radio Romania Internazionale&#013; &#013; 60-64 Via General Berthelot, Bucarest, sez. 1, codice 010165, Romania&#013;\" \/>\n<meta property=\"og:url\" content=\"https:\/\/www.rri.ro\/it\/contatto\" \/>\n<meta property=\"og:site_name\" content=\"Radio Romania Internazionale\" \/>\n<meta property=\"article:modified_time\" content=\"2024-02-21T15:33:14+00:00\" \/>\n<meta name=\"twitter:card\" content=\"summary_large_image\" \/>\n<meta name=\"twitter:label1\" content=\"Scritto da\" \/>\n\t<meta name=\"twitter:data1\" content=\"admin\" \/>\n<script type=\"application\/ld+json\" class=\"yoast-schema-graph\">{\"@context\":\"https:\\\/\\\/schema.org\",\"@graph\":[{\"@type\":\"WebPage\",\"@id\":\"https:\\\/\\\/www.rri.ro\\\/it\\\/contatto\",\"url\":\"https:\\\/\\\/www.rri.ro\\\/it\\\/contatto\",\"name\":\"Contatto - Radio Romania Internazionale\",\"isPartOf\":{\"@id\":\"https:\\\/\\\/www.rri.ro\\\/#website\"},\"primaryImageOfPage\":{\"@id\":\"https:\\\/\\\/www.rri.ro\\\/it\\\/contatto#primaryimage\"},\"image\":{\"@id\":\"https:\\\/\\\/www.rri.ro\\\/it\\\/contatto#primaryimage\"},\"thumbnailUrl\":\"http:\\\/\\\/devrri.freshlemon.ro\\\/wp-content\\\/uploads\\\/2024\\\/02\\\/RRI-logo-banner-mare-1200-latime-albastru-mare-300x225.jpg\",\"datePublished\":\"2023-07-14T03:33:19+00:00\",\"dateModified\":\"2024-02-21T15:33:14+00:00\",\"breadcrumb\":{\"@id\":\"https:\\\/\\\/www.rri.ro\\\/it\\\/contatto#breadcrumb\"},\"inLanguage\":\"it-IT\",\"potentialAction\":[{\"@type\":\"ReadAction\",\"target\":[\"https:\\\/\\\/www.rri.ro\\\/it\\\/contatto\"]}]},{\"@type\":\"ImageObject\",\"inLanguage\":\"it-IT\",\"@id\":\"https:\\\/\\\/www.rri.ro\\\/it\\\/contatto#primaryimage\",\"url\":\"http:\\\/\\\/devrri.freshlemon.ro\\\/wp-content\\\/uploads\\\/2024\\\/02\\\/RRI-logo-banner-mare-1200-latime-albastru-mare-300x225.jpg\",\"contentUrl\":\"http:\\\/\\\/devrri.freshlemon.ro\\\/wp-content\\\/uploads\\\/2024\\\/02\\\/RRI-logo-banner-mare-1200-latime-albastru-mare-300x225.jpg\"},{\"@type\":\"BreadcrumbList\",\"@id\":\"https:\\\/\\\/www.rri.ro\\\/it\\\/contatto#breadcrumb\",\"itemListElement\":[{\"@type\":\"ListItem\",\"position\":1,\"name\":\"Pagina iniziale\",\"item\":\"https:\\\/\\\/www.rri.ro\\\/it\"},{\"@type\":\"ListItem\",\"position\":2,\"name\":\"Contatto\"}]},{\"@type\":\"WebSite\",\"@id\":\"https:\\\/\\\/www.rri.ro\\\/#website\",\"url\":\"https:\\\/\\\/www.rri.ro\\\/\",\"name\":\"Radio Romania Internazionale\",\"description\":\"Totul despre Rom\u00e2nia \u015fi rom\u00e2ni, \u00een 13 limbi\\\/dialecte!\",\"inLanguage\":\"it-IT\"}]}<\/script>\n<!-- \/ Yoast SEO plugin. -->","yoast_head_json":{"title":"Contatto - Radio Romania Internazionale","robots":{"index":"index","follow":"follow","max-snippet":"max-snippet:-1","max-image-preview":"max-image-preview:large","max-video-preview":"max-video-preview:-1"},"canonical":"https:\/\/www.rri.ro\/it\/contatto","og_locale":"it_IT","og_type":"article","og_title":"Contatto - Radio Romania Internazionale","og_description":"&#13; &#13; \u00a0&#13; Contacta\u021bi-ne: rri@rri.ro&#13; &#13; Radio Romania Internazionale&#13; &#13; 60-64 Via General Berthelot, Bucarest, sez. 1, codice 010165, Romania&#13;","og_url":"https:\/\/www.rri.ro\/it\/contatto","og_site_name":"Radio Romania Internazionale","article_modified_time":"2024-02-21T15:33:14+00:00","twitter_card":"summary_large_image","twitter_misc":{"Scritto da":"admin"},"schema":{"@context":"https:\/\/schema.org","@graph":[{"@type":"WebPage","@id":"https:\/\/www.rri.ro\/it\/contatto","url":"https:\/\/www.rri.ro\/it\/contatto","name":"Contatto - Radio Romania Internazionale","isPartOf":{"@id":"https:\/\/www.rri.ro\/#website"},"primaryImageOfPage":{"@id":"https:\/\/www.rri.ro\/it\/contatto#primaryimage"},"image":{"@id":"https:\/\/www.rri.ro\/it\/contatto#primaryimage"},"thumbnailUrl":"http:\/\/devrri.freshlemon.ro\/wp-content\/uploads\/2024\/02\/RRI-logo-banner-mare-1200-latime-albastru-mare-300x225.jpg","datePublished":"2023-07-14T03:33:19+00:00","dateModified":"2024-02-21T15:33:14+00:00","breadcrumb":{"@id":"https:\/\/www.rri.ro\/it\/contatto#breadcrumb"},"inLanguage":"it-IT","potentialAction":[{"@type":"ReadAction","target":["https:\/\/www.rri.ro\/it\/contatto"]}]},{"@type":"ImageObject","inLanguage":"it-IT","@id":"https:\/\/www.rri.ro\/it\/contatto#primaryimage","url":"http:\/\/devrri.freshlemon.ro\/wp-content\/uploads\/2024\/02\/RRI-logo-banner-mare-1200-latime-albastru-mare-300x225.jpg","contentUrl":"http:\/\/devrri.freshlemon.ro\/wp-content\/uploads\/2024\/02\/RRI-logo-banner-mare-1200-latime-albastru-mare-300x225.jpg"},{"@type":"BreadcrumbList","@id":"https:\/\/www.rri.ro\/it\/contatto#breadcrumb","itemListElement":[{"@type":"ListItem","position":1,"name":"Pagina iniziale","item":"https:\/\/www.rri.ro\/it"},{"@type":"ListItem","position":2,"name":"Contatto"}]},{"@type":"WebSite","@id":"https:\/\/www.rri.ro\/#website","url":"https:\/\/www.rri.ro\/","name":"Radio Romania Internazionale","description":"Totul despre Rom\u00e2nia \u015fi rom\u00e2ni, \u00een 13 limbi\/dialecte!","inLanguage":"it-IT"}]}},"_links":{"self":[{"href":"https:\/\/www.rri.ro\/it\/wp-json\/wp\/v2\/pages\/503657","targetHints":{"allow":["GET"]}}],"collection":[{"href":"https:\/\/www.rri.ro\/it\/wp-json\/wp\/v2\/pages"}],"about":[{"href":"https:\/\/www.rri.ro\/it\/wp-json\/wp\/v2\/types\/page"}],"author":[{"embeddable":true,"href":"https:\/\/www.rri.ro\/it\/wp-json\/wp\/v2\/users\/1"}],"replies":[{"embeddable":true,"href":"https:\/\/www.rri.ro\/it\/wp-json\/wp\/v2\/comments?post=503657"}],"version-history":[{"count":0,"href":"https:\/\/www.rri.ro\/it\/wp-json\/wp\/v2\/pages\/503657\/revisions"}],"wp:attachment":[{"href":"https:\/\/www.rri.ro\/it\/wp-json\/wp\/v2\/media?parent=503657"}],"wp:term":[{"taxonomy":"author","embeddable":true,"href":"https:\/\/www.rri.ro\/it\/wp-json\/wp\/v2\/coauthors?post=503657"}],"curies":[{"name":"wp","href":"https:\/\/api.w.org\/{rel}","templated":true}]}}