{"id":621439,"date":"2024-01-25T11:40:56","date_gmt":"2024-01-25T09:40:56","guid":{"rendered":"http:\/\/devrri.freshlemon.ro\/frequenze"},"modified":"2025-10-30T22:46:18","modified_gmt":"2025-10-30T20:46:18","slug":"frequenze","status":"publish","type":"page","link":"https:\/\/www.rri.ro\/it\/frequenze","title":{"rendered":"Frequenze"},"content":{"rendered":"<p><img decoding=\"async\" class=\"size-full wp-image-604329\" src=\"https:\/\/www.rri.ro\/wp-content\/uploads\/2024\/02\/Saftica-2-scaled.jpg\" alt=\"Antena rotativ\u0103 de la S\u0103ftica\" width=\"2560\" height=\"1469\" srcset=\"https:\/\/www.rri.ro\/wp-content\/uploads\/2024\/02\/Saftica-2-scaled.jpg 2560w, https:\/\/www.rri.ro\/wp-content\/uploads\/2024\/02\/Saftica-2-300x172.jpg 300w, https:\/\/www.rri.ro\/wp-content\/uploads\/2024\/02\/Saftica-2-1024x588.jpg 1024w, https:\/\/www.rri.ro\/wp-content\/uploads\/2024\/02\/Saftica-2-768x441.jpg 768w, https:\/\/www.rri.ro\/wp-content\/uploads\/2024\/02\/Saftica-2-1536x881.jpg 1536w, https:\/\/www.rri.ro\/wp-content\/uploads\/2024\/02\/Saftica-2-2048x1175.jpg 2048w, https:\/\/www.rri.ro\/wp-content\/uploads\/2024\/02\/Saftica-2-900x516.jpg 900w, https:\/\/www.rri.ro\/wp-content\/uploads\/2024\/02\/Saftica-2-460x264.jpg 460w\" sizes=\"(max-width: 2560px) 100vw, 2560px\" \/><\/p>\n<p>L\u2019orario dei programmi in italiano, valido dal 26 ottobre 2025 al 28 marzo 2026<\/p>\n<p>Ora italiana Frequenza<\/p>\n<p>16.00 \u2013 16.26 \u00a0 5955 kHz<\/p>\n<p>18.00 \u2013 18.26 \u00a0 5955 kHz<\/p>\n<p>20.00 \u2013 20.26 \u00a05955 DRM<\/p>\n<p>Seguite Radio Romania Internazionale via Internet su rri.ro e romaniainternational.radio, selezionando Ascolta RRI in diretta! Canale 3.<\/p>\n<p>La ricezione \u00e8 possibile anche via satellite: Eutelsat 16A, posizione orbitale 16 gradi est, polarizzazione verticale, frequenza 11512 MHz. Symbol Rate: 29,950 MSym\/s, standard DVB-S2, modulazione 8PSK, audio PID 61. Le trasmissioni di Radio Romania Internazionale avvengono in chiaro.<\/p>\n<p>Scopriteci anche su Facebook, X, YouTube, SoundCloud, Instagram, Flickr e LinkedIn!<\/p>\n<p>&nbsp;<\/p>\n<hr \/>\n<p><img decoding=\"async\" class=\"aligncenter size-full wp-image-943808\" src=\"https:\/\/www.rri.ro\/wp-content\/uploads\/2025\/10\/PLIANT-RRI-FATA-JPG-mare-scaled.jpg\" alt=\"RRI Winter 2025-\" width=\"1732\" height=\"2560\" srcset=\"https:\/\/www.rri.ro\/wp-content\/uploads\/2025\/10\/PLIANT-RRI-FATA-JPG-mare-scaled.jpg 1732w, https:\/\/www.rri.ro\/wp-content\/uploads\/2025\/10\/PLIANT-RRI-FATA-JPG-mare-203x300.jpg 203w, https:\/\/www.rri.ro\/wp-content\/uploads\/2025\/10\/PLIANT-RRI-FATA-JPG-mare-693x1024.jpg 693w, https:\/\/www.rri.ro\/wp-content\/uploads\/2025\/10\/PLIANT-RRI-FATA-JPG-mare-768x1135.jpg 768w, https:\/\/www.rri.ro\/wp-content\/uploads\/2025\/10\/PLIANT-RRI-FATA-JPG-mare-1039x1536.jpg 1039w, https:\/\/www.rri.ro\/wp-content\/uploads\/2025\/10\/PLIANT-RRI-FATA-JPG-mare-1386x2048.jpg 1386w, https:\/\/www.rri.ro\/wp-content\/uploads\/2025\/10\/PLIANT-RRI-FATA-JPG-mare-900x1330.jpg 900w, https:\/\/www.rri.ro\/wp-content\/uploads\/2025\/10\/PLIANT-RRI-FATA-JPG-mare-192x284.jpg 192w, https:\/\/www.rri.ro\/wp-content\/uploads\/2025\/10\/PLIANT-RRI-FATA-JPG-mare-172x254.jpg 172w\" sizes=\"(max-width: 1732px) 100vw, 1732px\" \/> <img decoding=\"async\" class=\"aligncenter size-full wp-image-943795\" src=\"https:\/\/www.rri.ro\/wp-content\/uploads\/2025\/10\/PLIANT-RRI-INTERIOR-mare-scaled.jpg\" alt=\"RRI Winter 2025-2026 Leaflet\" width=\"1732\" height=\"2560\" srcset=\"https:\/\/www.rri.ro\/wp-content\/uploads\/2025\/10\/PLIANT-RRI-INTERIOR-mare-scaled.jpg 1732w, https:\/\/www.rri.ro\/wp-content\/uploads\/2025\/10\/PLIANT-RRI-INTERIOR-mare-203x300.jpg 203w, https:\/\/www.rri.ro\/wp-content\/uploads\/2025\/10\/PLIANT-RRI-INTERIOR-mare-693x1024.jpg 693w, https:\/\/www.rri.ro\/wp-content\/uploads\/2025\/10\/PLIANT-RRI-INTERIOR-mare-768x1135.jpg 768w, https:\/\/www.rri.ro\/wp-content\/uploads\/2025\/10\/PLIANT-RRI-INTERIOR-mare-1039x1536.jpg 1039w, https:\/\/www.rri.ro\/wp-content\/uploads\/2025\/10\/PLIANT-RRI-INTERIOR-mare-1386x2048.jpg 1386w, https:\/\/www.rri.ro\/wp-content\/uploads\/2025\/10\/PLIANT-RRI-INTERIOR-mare-900x1330.jpg 900w, https:\/\/www.rri.ro\/wp-content\/uploads\/2025\/10\/PLIANT-RRI-INTERIOR-mare-192x284.jpg 192w, https:\/\/www.rri.ro\/wp-content\/uploads\/2025\/10\/PLIANT-RRI-INTERIOR-mare-172x254.jpg 172w\" sizes=\"(max-width: 1732px) 100vw, 1732px\" \/><\/p>\n","protected":false},"excerpt":{"rendered":"<p>L\u2019orario dei programmi in italiano, valido dal 26 ottobre 2025 al 28 marzo 2026 Ora italiana Frequenza 16.00 \u2013 16.26 \u00a0 5955 kHz 18.00 \u2013 18.26 \u00a0 5955 kHz 20.00 \u2013 20.26 \u00a05955 DRM Seguite Radio Romania Internazionale via Internet su rri.ro e romaniainternational.radio, selezionando Ascolta RRI in diretta! Canale 3. La ricezione \u00e8 possibile [&hellip;]<\/p>\n","protected":false},"author":1,"featured_media":1000016,"parent":0,"menu_order":0,"comment_status":"closed","ping_status":"closed","template":"","meta":{"_acf_changed":false,"footnotes":""},"coauthors":[113312],"class_list":["post-621439","page","type-page","status-publish","has-post-thumbnail","hentry"],"acf":[],"yoast_head":"<!-- This site is optimized with the Yoast SEO plugin v27.3 - https:\/\/yoast.com\/product\/yoast-seo-wordpress\/ -->\n<title>Frequenze - Radio Romania Internazionale<\/title>\n<meta name=\"robots\" content=\"index, follow, max-snippet:-1, max-image-preview:large, max-video-preview:-1\" \/>\n<link rel=\"canonical\" href=\"https:\/\/www.rri.ro\/it\/frequenze\" \/>\n<meta property=\"og:locale\" content=\"it_IT\" \/>\n<meta property=\"og:type\" content=\"article\" \/>\n<meta property=\"og:title\" content=\"Frequenze - Radio Romania Internazionale\" \/>\n<meta property=\"og:description\" content=\"L\u2019orario dei programmi in italiano, valido dal 26 ottobre 2025 al 28 marzo 2026 Ora italiana Frequenza 16.00 \u2013 16.26 \u00a0 5955 kHz 18.00 \u2013 18.26 \u00a0 5955 kHz 20.00 \u2013 20.26 \u00a05955 DRM Seguite Radio Romania Internazionale via Internet su rri.ro e romaniainternational.radio, selezionando Ascolta RRI in diretta! Canale 3. La ricezione \u00e8 possibile [&hellip;]\" \/>\n<meta property=\"og:url\" content=\"https:\/\/www.rri.ro\/it\/frequenze\" \/>\n<meta property=\"og:site_name\" content=\"Radio Romania Internazionale\" \/>\n<meta property=\"article:modified_time\" content=\"2025-10-30T20:46:18+00:00\" \/>\n<meta property=\"og:image\" content=\"https:\/\/www.rri.ro\/wp-content\/uploads\/2024\/02\/Saftica-2-scaled.jpg\" \/>\n\t<meta property=\"og:image:width\" content=\"2560\" \/>\n\t<meta property=\"og:image:height\" content=\"1469\" \/>\n\t<meta property=\"og:image:type\" content=\"image\/jpeg\" \/>\n<meta name=\"twitter:card\" content=\"summary_large_image\" \/>\n<meta name=\"twitter:label1\" content=\"Scritto da\" \/>\n\t<meta name=\"twitter:data1\" content=\"admin\" \/>\n<script type=\"application\/ld+json\" class=\"yoast-schema-graph\">{\"@context\":\"https:\\\/\\\/schema.org\",\"@graph\":[{\"@type\":\"WebPage\",\"@id\":\"https:\\\/\\\/www.rri.ro\\\/it\\\/frequenze\",\"url\":\"https:\\\/\\\/www.rri.ro\\\/it\\\/frequenze\",\"name\":\"Frequenze - Radio Romania Internazionale\",\"isPartOf\":{\"@id\":\"https:\\\/\\\/www.rri.ro\\\/#website\"},\"primaryImageOfPage\":{\"@id\":\"https:\\\/\\\/www.rri.ro\\\/it\\\/frequenze#primaryimage\"},\"image\":{\"@id\":\"https:\\\/\\\/www.rri.ro\\\/it\\\/frequenze#primaryimage\"},\"thumbnailUrl\":\"https:\\\/\\\/www.rri.ro\\\/wp-content\\\/uploads\\\/2026\\\/03\\\/PLIANT-RRI-INTERIOR-2026-JPG-mic.jpg\",\"datePublished\":\"2024-01-25T09:40:56+00:00\",\"dateModified\":\"2025-10-30T20:46:18+00:00\",\"breadcrumb\":{\"@id\":\"https:\\\/\\\/www.rri.ro\\\/it\\\/frequenze#breadcrumb\"},\"inLanguage\":\"it-IT\",\"potentialAction\":[{\"@type\":\"ReadAction\",\"target\":[\"https:\\\/\\\/www.rri.ro\\\/it\\\/frequenze\"]}]},{\"@type\":\"ImageObject\",\"inLanguage\":\"it-IT\",\"@id\":\"https:\\\/\\\/www.rri.ro\\\/it\\\/frequenze#primaryimage\",\"url\":\"https:\\\/\\\/www.rri.ro\\\/wp-content\\\/uploads\\\/2026\\\/03\\\/PLIANT-RRI-INTERIOR-2026-JPG-mic.jpg\",\"contentUrl\":\"https:\\\/\\\/www.rri.ro\\\/wp-content\\\/uploads\\\/2026\\\/03\\\/PLIANT-RRI-INTERIOR-2026-JPG-mic.jpg\",\"width\":1624,\"height\":2400,\"caption\":\"RRI Summer 2026 leaflet\"},{\"@type\":\"BreadcrumbList\",\"@id\":\"https:\\\/\\\/www.rri.ro\\\/it\\\/frequenze#breadcrumb\",\"itemListElement\":[{\"@type\":\"ListItem\",\"position\":1,\"name\":\"Pagina iniziale\",\"item\":\"https:\\\/\\\/www.rri.ro\\\/it\"},{\"@type\":\"ListItem\",\"position\":2,\"name\":\"Frequenze\"}]},{\"@type\":\"WebSite\",\"@id\":\"https:\\\/\\\/www.rri.ro\\\/#website\",\"url\":\"https:\\\/\\\/www.rri.ro\\\/\",\"name\":\"Radio Romania Internazionale\",\"description\":\"Totul despre Rom\u00e2nia \u015fi rom\u00e2ni, \u00een 13 limbi\\\/dialecte!\",\"inLanguage\":\"it-IT\"}]}<\/script>\n<!-- \/ Yoast SEO plugin. -->","yoast_head_json":{"title":"Frequenze - Radio Romania Internazionale","robots":{"index":"index","follow":"follow","max-snippet":"max-snippet:-1","max-image-preview":"max-image-preview:large","max-video-preview":"max-video-preview:-1"},"canonical":"https:\/\/www.rri.ro\/it\/frequenze","og_locale":"it_IT","og_type":"article","og_title":"Frequenze - Radio Romania Internazionale","og_description":"L\u2019orario dei programmi in italiano, valido dal 26 ottobre 2025 al 28 marzo 2026 Ora italiana Frequenza 16.00 \u2013 16.26 \u00a0 5955 kHz 18.00 \u2013 18.26 \u00a0 5955 kHz 20.00 \u2013 20.26 \u00a05955 DRM Seguite Radio Romania Internazionale via Internet su rri.ro e romaniainternational.radio, selezionando Ascolta RRI in diretta! Canale 3. La ricezione \u00e8 possibile [&hellip;]","og_url":"https:\/\/www.rri.ro\/it\/frequenze","og_site_name":"Radio Romania Internazionale","article_modified_time":"2025-10-30T20:46:18+00:00","og_image":[{"width":2560,"height":1469,"url":"https:\/\/www.rri.ro\/wp-content\/uploads\/2024\/02\/Saftica-2-scaled.jpg","type":"image\/jpeg"}],"twitter_card":"summary_large_image","twitter_misc":{"Scritto da":"admin"},"schema":{"@context":"https:\/\/schema.org","@graph":[{"@type":"WebPage","@id":"https:\/\/www.rri.ro\/it\/frequenze","url":"https:\/\/www.rri.ro\/it\/frequenze","name":"Frequenze - Radio Romania Internazionale","isPartOf":{"@id":"https:\/\/www.rri.ro\/#website"},"primaryImageOfPage":{"@id":"https:\/\/www.rri.ro\/it\/frequenze#primaryimage"},"image":{"@id":"https:\/\/www.rri.ro\/it\/frequenze#primaryimage"},"thumbnailUrl":"https:\/\/www.rri.ro\/wp-content\/uploads\/2026\/03\/PLIANT-RRI-INTERIOR-2026-JPG-mic.jpg","datePublished":"2024-01-25T09:40:56+00:00","dateModified":"2025-10-30T20:46:18+00:00","breadcrumb":{"@id":"https:\/\/www.rri.ro\/it\/frequenze#breadcrumb"},"inLanguage":"it-IT","potentialAction":[{"@type":"ReadAction","target":["https:\/\/www.rri.ro\/it\/frequenze"]}]},{"@type":"ImageObject","inLanguage":"it-IT","@id":"https:\/\/www.rri.ro\/it\/frequenze#primaryimage","url":"https:\/\/www.rri.ro\/wp-content\/uploads\/2026\/03\/PLIANT-RRI-INTERIOR-2026-JPG-mic.jpg","contentUrl":"https:\/\/www.rri.ro\/wp-content\/uploads\/2026\/03\/PLIANT-RRI-INTERIOR-2026-JPG-mic.jpg","width":1624,"height":2400,"caption":"RRI Summer 2026 leaflet"},{"@type":"BreadcrumbList","@id":"https:\/\/www.rri.ro\/it\/frequenze#breadcrumb","itemListElement":[{"@type":"ListItem","position":1,"name":"Pagina iniziale","item":"https:\/\/www.rri.ro\/it"},{"@type":"ListItem","position":2,"name":"Frequenze"}]},{"@type":"WebSite","@id":"https:\/\/www.rri.ro\/#website","url":"https:\/\/www.rri.ro\/","name":"Radio Romania Internazionale","description":"Totul despre Rom\u00e2nia \u015fi rom\u00e2ni, \u00een 13 limbi\/dialecte!","inLanguage":"it-IT"}]}},"_links":{"self":[{"href":"https:\/\/www.rri.ro\/it\/wp-json\/wp\/v2\/pages\/621439","targetHints":{"allow":["GET"]}}],"collection":[{"href":"https:\/\/www.rri.ro\/it\/wp-json\/wp\/v2\/pages"}],"about":[{"href":"https:\/\/www.rri.ro\/it\/wp-json\/wp\/v2\/types\/page"}],"author":[{"embeddable":true,"href":"https:\/\/www.rri.ro\/it\/wp-json\/wp\/v2\/users\/1"}],"replies":[{"embeddable":true,"href":"https:\/\/www.rri.ro\/it\/wp-json\/wp\/v2\/comments?post=621439"}],"version-history":[{"count":0,"href":"https:\/\/www.rri.ro\/it\/wp-json\/wp\/v2\/pages\/621439\/revisions"}],"wp:featuredmedia":[{"embeddable":true,"href":"https:\/\/www.rri.ro\/it\/wp-json\/wp\/v2\/media\/1000016"}],"wp:attachment":[{"href":"https:\/\/www.rri.ro\/it\/wp-json\/wp\/v2\/media?parent=621439"}],"wp:term":[{"taxonomy":"author","embeddable":true,"href":"https:\/\/www.rri.ro\/it\/wp-json\/wp\/v2\/coauthors?post=621439"}],"curies":[{"name":"wp","href":"https:\/\/api.w.org\/{rel}","templated":true}]}}