{"id":649566,"date":"2024-01-25T11:40:36","date_gmt":"2024-01-25T09:40:36","guid":{"rendered":"http:\/\/devrri.freshlemon.ro\/griglia"},"modified":"2024-02-21T17:34:54","modified_gmt":"2024-02-21T15:34:54","slug":"palinsesto","status":"publish","type":"page","link":"https:\/\/www.rri.ro\/it\/palinsesto","title":{"rendered":"Palinsesto"},"content":{"rendered":"","protected":false},"excerpt":{"rendered":"","protected":false},"author":1,"featured_media":0,"parent":0,"menu_order":0,"comment_status":"closed","ping_status":"closed","template":"","meta":{"_acf_changed":false,"footnotes":""},"coauthors":[113312],"class_list":["post-649566","page","type-page","status-publish","hentry"],"acf":[],"yoast_head":"<!-- This site is optimized with the Yoast SEO plugin v27.3 - https:\/\/yoast.com\/product\/yoast-seo-wordpress\/ -->\n<title>Palinsesto - Radio Romania Internazionale<\/title>\n<meta name=\"robots\" content=\"index, follow, max-snippet:-1, max-image-preview:large, max-video-preview:-1\" \/>\n<link rel=\"canonical\" href=\"https:\/\/www.rri.ro\/it\/palinsesto\" \/>\n<meta property=\"og:locale\" content=\"it_IT\" \/>\n<meta property=\"og:type\" content=\"article\" \/>\n<meta property=\"og:title\" content=\"Palinsesto - Radio Romania Internazionale\" \/>\n<meta property=\"og:url\" content=\"https:\/\/www.rri.ro\/it\/palinsesto\" \/>\n<meta property=\"og:site_name\" content=\"Radio Romania Internazionale\" \/>\n<meta property=\"article:modified_time\" content=\"2024-02-21T15:34:54+00:00\" \/>\n<meta name=\"twitter:card\" content=\"summary_large_image\" \/>\n<meta name=\"twitter:label1\" content=\"Scritto da\" \/>\n\t<meta name=\"twitter:data1\" content=\"admin\" \/>\n<script type=\"application\/ld+json\" class=\"yoast-schema-graph\">{\"@context\":\"https:\\\/\\\/schema.org\",\"@graph\":[{\"@type\":\"WebPage\",\"@id\":\"https:\\\/\\\/www.rri.ro\\\/it\\\/palinsesto\",\"url\":\"https:\\\/\\\/www.rri.ro\\\/it\\\/palinsesto\",\"name\":\"Palinsesto - Radio Romania Internazionale\",\"isPartOf\":{\"@id\":\"https:\\\/\\\/www.rri.ro\\\/#website\"},\"datePublished\":\"2024-01-25T09:40:36+00:00\",\"dateModified\":\"2024-02-21T15:34:54+00:00\",\"breadcrumb\":{\"@id\":\"https:\\\/\\\/www.rri.ro\\\/it\\\/palinsesto#breadcrumb\"},\"inLanguage\":\"it-IT\",\"potentialAction\":[{\"@type\":\"ReadAction\",\"target\":[\"https:\\\/\\\/www.rri.ro\\\/it\\\/palinsesto\"]}]},{\"@type\":\"BreadcrumbList\",\"@id\":\"https:\\\/\\\/www.rri.ro\\\/it\\\/palinsesto#breadcrumb\",\"itemListElement\":[{\"@type\":\"ListItem\",\"position\":1,\"name\":\"Pagina iniziale\",\"item\":\"https:\\\/\\\/www.rri.ro\\\/it\"},{\"@type\":\"ListItem\",\"position\":2,\"name\":\"Palinsesto\"}]},{\"@type\":\"WebSite\",\"@id\":\"https:\\\/\\\/www.rri.ro\\\/#website\",\"url\":\"https:\\\/\\\/www.rri.ro\\\/\",\"name\":\"Radio Romania Internazionale\",\"description\":\"Totul despre Rom\u00e2nia \u015fi rom\u00e2ni, \u00een 13 limbi\\\/dialecte!\",\"inLanguage\":\"it-IT\"}]}<\/script>\n<!-- \/ Yoast SEO plugin. -->","yoast_head_json":{"title":"Palinsesto - Radio Romania Internazionale","robots":{"index":"index","follow":"follow","max-snippet":"max-snippet:-1","max-image-preview":"max-image-preview:large","max-video-preview":"max-video-preview:-1"},"canonical":"https:\/\/www.rri.ro\/it\/palinsesto","og_locale":"it_IT","og_type":"article","og_title":"Palinsesto - Radio Romania Internazionale","og_url":"https:\/\/www.rri.ro\/it\/palinsesto","og_site_name":"Radio Romania Internazionale","article_modified_time":"2024-02-21T15:34:54+00:00","twitter_card":"summary_large_image","twitter_misc":{"Scritto da":"admin"},"schema":{"@context":"https:\/\/schema.org","@graph":[{"@type":"WebPage","@id":"https:\/\/www.rri.ro\/it\/palinsesto","url":"https:\/\/www.rri.ro\/it\/palinsesto","name":"Palinsesto - Radio Romania Internazionale","isPartOf":{"@id":"https:\/\/www.rri.ro\/#website"},"datePublished":"2024-01-25T09:40:36+00:00","dateModified":"2024-02-21T15:34:54+00:00","breadcrumb":{"@id":"https:\/\/www.rri.ro\/it\/palinsesto#breadcrumb"},"inLanguage":"it-IT","potentialAction":[{"@type":"ReadAction","target":["https:\/\/www.rri.ro\/it\/palinsesto"]}]},{"@type":"BreadcrumbList","@id":"https:\/\/www.rri.ro\/it\/palinsesto#breadcrumb","itemListElement":[{"@type":"ListItem","position":1,"name":"Pagina iniziale","item":"https:\/\/www.rri.ro\/it"},{"@type":"ListItem","position":2,"name":"Palinsesto"}]},{"@type":"WebSite","@id":"https:\/\/www.rri.ro\/#website","url":"https:\/\/www.rri.ro\/","name":"Radio Romania Internazionale","description":"Totul despre Rom\u00e2nia \u015fi rom\u00e2ni, \u00een 13 limbi\/dialecte!","inLanguage":"it-IT"}]}},"_links":{"self":[{"href":"https:\/\/www.rri.ro\/it\/wp-json\/wp\/v2\/pages\/649566","targetHints":{"allow":["GET"]}}],"collection":[{"href":"https:\/\/www.rri.ro\/it\/wp-json\/wp\/v2\/pages"}],"about":[{"href":"https:\/\/www.rri.ro\/it\/wp-json\/wp\/v2\/types\/page"}],"author":[{"embeddable":true,"href":"https:\/\/www.rri.ro\/it\/wp-json\/wp\/v2\/users\/1"}],"replies":[{"embeddable":true,"href":"https:\/\/www.rri.ro\/it\/wp-json\/wp\/v2\/comments?post=649566"}],"version-history":[{"count":0,"href":"https:\/\/www.rri.ro\/it\/wp-json\/wp\/v2\/pages\/649566\/revisions"}],"wp:attachment":[{"href":"https:\/\/www.rri.ro\/it\/wp-json\/wp\/v2\/media?parent=649566"}],"wp:term":[{"taxonomy":"author","embeddable":true,"href":"https:\/\/www.rri.ro\/it\/wp-json\/wp\/v2\/coauthors?post=649566"}],"curies":[{"name":"wp","href":"https:\/\/api.w.org\/{rel}","templated":true}]}}