{"id":711201,"date":"2024-02-04T11:21:50","date_gmt":"2024-02-04T09:21:50","guid":{"rendered":"http:\/\/devrri.freshlemon.ro\/istoria-radio-romania-international"},"modified":"2024-03-14T14:24:13","modified_gmt":"2024-03-14T12:24:13","slug":"la-storia-di-rri","status":"publish","type":"page","link":"https:\/\/www.rri.ro\/it\/la-storia-di-rri","title":{"rendered":"La storia di RRI"},"content":{"rendered":"<p><img decoding=\"async\" class=\"wp-image-615281 size-medium\" src=\"http:\/\/devrri.freshlemon.ro\/wp-content\/uploads\/2024\/02\/CladirevecheRadiodifuziune-221x300.jpg\" alt=\"Cl\u0103direa veche a Radioddifuziunii\" width=\"221\" height=\"300\" srcset=\"https:\/\/www.rri.ro\/wp-content\/uploads\/2024\/02\/CladirevecheRadiodifuziune-221x300.jpg 221w, https:\/\/www.rri.ro\/wp-content\/uploads\/2024\/02\/CladirevecheRadiodifuziune-754x1024.jpg 754w, https:\/\/www.rri.ro\/wp-content\/uploads\/2024\/02\/CladirevecheRadiodifuziune-768x1043.jpg 768w, https:\/\/www.rri.ro\/wp-content\/uploads\/2024\/02\/CladirevecheRadiodifuziune-209x284.jpg 209w, https:\/\/www.rri.ro\/wp-content\/uploads\/2024\/02\/CladirevecheRadiodifuziune.jpg 850w\" sizes=\"(max-width: 221px) 100vw, 221px\" \/><\/p>\n<h2>La storia di RRI<\/h2>\n<p>&nbsp;<\/p>\n<p>&nbsp;<\/p>\n<div class=\"fb-comments fb_iframe_widget fb_iframe_widget_fluid_desktop\" data-href=\"http:\/\/www.rri.ro\/ro_ro\/history-746&amp;\" data-width=\"100%\" data-numposts=\"5\"><\/div>\n","protected":false},"excerpt":{"rendered":"<p>La storia di RRI &nbsp; &nbsp;<\/p>\n","protected":false},"author":28,"featured_media":0,"parent":0,"menu_order":0,"comment_status":"closed","ping_status":"closed","template":"","meta":{"_acf_changed":false,"footnotes":""},"coauthors":[115205],"class_list":["post-711201","page","type-page","status-publish","hentry"],"acf":[],"yoast_head":"<!-- This site is optimized with the Yoast SEO plugin v27.3 - https:\/\/yoast.com\/product\/yoast-seo-wordpress\/ -->\n<title>La storia di RRI - Radio Romania Internazionale<\/title>\n<meta name=\"robots\" content=\"index, follow, max-snippet:-1, max-image-preview:large, max-video-preview:-1\" \/>\n<link rel=\"canonical\" href=\"https:\/\/www.rri.ro\/it\/la-storia-di-rri\" \/>\n<meta property=\"og:locale\" content=\"it_IT\" \/>\n<meta property=\"og:type\" content=\"article\" \/>\n<meta property=\"og:title\" content=\"La storia di RRI - Radio Romania Internazionale\" \/>\n<meta property=\"og:description\" content=\"La storia di RRI &nbsp; &nbsp;\" \/>\n<meta property=\"og:url\" content=\"https:\/\/www.rri.ro\/it\/la-storia-di-rri\" \/>\n<meta property=\"og:site_name\" content=\"Radio Romania Internazionale\" \/>\n<meta property=\"article:modified_time\" content=\"2024-03-14T12:24:13+00:00\" \/>\n<meta property=\"og:image\" content=\"https:\/\/www.rri.ro\/wp-content\/uploads\/2024\/02\/CladirevecheRadiodifuziune.jpg\" \/>\n\t<meta property=\"og:image:width\" content=\"850\" \/>\n\t<meta property=\"og:image:height\" content=\"1154\" \/>\n\t<meta property=\"og:image:type\" content=\"image\/jpeg\" \/>\n<meta name=\"twitter:card\" content=\"summary_large_image\" \/>\n<meta name=\"twitter:label1\" content=\"Scritto da\" \/>\n\t<meta name=\"twitter:data1\" content=\"Eugen Cojocariu\" \/>\n<script type=\"application\/ld+json\" class=\"yoast-schema-graph\">{\"@context\":\"https:\\\/\\\/schema.org\",\"@graph\":[{\"@type\":\"WebPage\",\"@id\":\"https:\\\/\\\/www.rri.ro\\\/it\\\/la-storia-di-rri\",\"url\":\"https:\\\/\\\/www.rri.ro\\\/it\\\/la-storia-di-rri\",\"name\":\"La storia di RRI - Radio Romania Internazionale\",\"isPartOf\":{\"@id\":\"https:\\\/\\\/www.rri.ro\\\/#website\"},\"primaryImageOfPage\":{\"@id\":\"https:\\\/\\\/www.rri.ro\\\/it\\\/la-storia-di-rri#primaryimage\"},\"image\":{\"@id\":\"https:\\\/\\\/www.rri.ro\\\/it\\\/la-storia-di-rri#primaryimage\"},\"thumbnailUrl\":\"http:\\\/\\\/devrri.freshlemon.ro\\\/wp-content\\\/uploads\\\/2024\\\/02\\\/CladirevecheRadiodifuziune-221x300.jpg\",\"datePublished\":\"2024-02-04T09:21:50+00:00\",\"dateModified\":\"2024-03-14T12:24:13+00:00\",\"breadcrumb\":{\"@id\":\"https:\\\/\\\/www.rri.ro\\\/it\\\/la-storia-di-rri#breadcrumb\"},\"inLanguage\":\"it-IT\",\"potentialAction\":[{\"@type\":\"ReadAction\",\"target\":[\"https:\\\/\\\/www.rri.ro\\\/it\\\/la-storia-di-rri\"]}]},{\"@type\":\"ImageObject\",\"inLanguage\":\"it-IT\",\"@id\":\"https:\\\/\\\/www.rri.ro\\\/it\\\/la-storia-di-rri#primaryimage\",\"url\":\"http:\\\/\\\/devrri.freshlemon.ro\\\/wp-content\\\/uploads\\\/2024\\\/02\\\/CladirevecheRadiodifuziune-221x300.jpg\",\"contentUrl\":\"http:\\\/\\\/devrri.freshlemon.ro\\\/wp-content\\\/uploads\\\/2024\\\/02\\\/CladirevecheRadiodifuziune-221x300.jpg\"},{\"@type\":\"BreadcrumbList\",\"@id\":\"https:\\\/\\\/www.rri.ro\\\/it\\\/la-storia-di-rri#breadcrumb\",\"itemListElement\":[{\"@type\":\"ListItem\",\"position\":1,\"name\":\"Pagina iniziale\",\"item\":\"https:\\\/\\\/www.rri.ro\\\/it\"},{\"@type\":\"ListItem\",\"position\":2,\"name\":\"La storia di RRI\"}]},{\"@type\":\"WebSite\",\"@id\":\"https:\\\/\\\/www.rri.ro\\\/#website\",\"url\":\"https:\\\/\\\/www.rri.ro\\\/\",\"name\":\"Radio Romania Internazionale\",\"description\":\"Totul despre Rom\u00e2nia \u015fi rom\u00e2ni, \u00een 13 limbi\\\/dialecte!\",\"inLanguage\":\"it-IT\"}]}<\/script>\n<!-- \/ Yoast SEO plugin. -->","yoast_head_json":{"title":"La storia di RRI - Radio Romania Internazionale","robots":{"index":"index","follow":"follow","max-snippet":"max-snippet:-1","max-image-preview":"max-image-preview:large","max-video-preview":"max-video-preview:-1"},"canonical":"https:\/\/www.rri.ro\/it\/la-storia-di-rri","og_locale":"it_IT","og_type":"article","og_title":"La storia di RRI - Radio Romania Internazionale","og_description":"La storia di RRI &nbsp; &nbsp;","og_url":"https:\/\/www.rri.ro\/it\/la-storia-di-rri","og_site_name":"Radio Romania Internazionale","article_modified_time":"2024-03-14T12:24:13+00:00","og_image":[{"width":850,"height":1154,"url":"https:\/\/www.rri.ro\/wp-content\/uploads\/2024\/02\/CladirevecheRadiodifuziune.jpg","type":"image\/jpeg"}],"twitter_card":"summary_large_image","twitter_misc":{"Scritto da":"Eugen Cojocariu"},"schema":{"@context":"https:\/\/schema.org","@graph":[{"@type":"WebPage","@id":"https:\/\/www.rri.ro\/it\/la-storia-di-rri","url":"https:\/\/www.rri.ro\/it\/la-storia-di-rri","name":"La storia di RRI - Radio Romania Internazionale","isPartOf":{"@id":"https:\/\/www.rri.ro\/#website"},"primaryImageOfPage":{"@id":"https:\/\/www.rri.ro\/it\/la-storia-di-rri#primaryimage"},"image":{"@id":"https:\/\/www.rri.ro\/it\/la-storia-di-rri#primaryimage"},"thumbnailUrl":"http:\/\/devrri.freshlemon.ro\/wp-content\/uploads\/2024\/02\/CladirevecheRadiodifuziune-221x300.jpg","datePublished":"2024-02-04T09:21:50+00:00","dateModified":"2024-03-14T12:24:13+00:00","breadcrumb":{"@id":"https:\/\/www.rri.ro\/it\/la-storia-di-rri#breadcrumb"},"inLanguage":"it-IT","potentialAction":[{"@type":"ReadAction","target":["https:\/\/www.rri.ro\/it\/la-storia-di-rri"]}]},{"@type":"ImageObject","inLanguage":"it-IT","@id":"https:\/\/www.rri.ro\/it\/la-storia-di-rri#primaryimage","url":"http:\/\/devrri.freshlemon.ro\/wp-content\/uploads\/2024\/02\/CladirevecheRadiodifuziune-221x300.jpg","contentUrl":"http:\/\/devrri.freshlemon.ro\/wp-content\/uploads\/2024\/02\/CladirevecheRadiodifuziune-221x300.jpg"},{"@type":"BreadcrumbList","@id":"https:\/\/www.rri.ro\/it\/la-storia-di-rri#breadcrumb","itemListElement":[{"@type":"ListItem","position":1,"name":"Pagina iniziale","item":"https:\/\/www.rri.ro\/it"},{"@type":"ListItem","position":2,"name":"La storia di RRI"}]},{"@type":"WebSite","@id":"https:\/\/www.rri.ro\/#website","url":"https:\/\/www.rri.ro\/","name":"Radio Romania Internazionale","description":"Totul despre Rom\u00e2nia \u015fi rom\u00e2ni, \u00een 13 limbi\/dialecte!","inLanguage":"it-IT"}]}},"_links":{"self":[{"href":"https:\/\/www.rri.ro\/it\/wp-json\/wp\/v2\/pages\/711201","targetHints":{"allow":["GET"]}}],"collection":[{"href":"https:\/\/www.rri.ro\/it\/wp-json\/wp\/v2\/pages"}],"about":[{"href":"https:\/\/www.rri.ro\/it\/wp-json\/wp\/v2\/types\/page"}],"author":[{"embeddable":true,"href":"https:\/\/www.rri.ro\/it\/wp-json\/wp\/v2\/users\/28"}],"replies":[{"embeddable":true,"href":"https:\/\/www.rri.ro\/it\/wp-json\/wp\/v2\/comments?post=711201"}],"version-history":[{"count":0,"href":"https:\/\/www.rri.ro\/it\/wp-json\/wp\/v2\/pages\/711201\/revisions"}],"wp:attachment":[{"href":"https:\/\/www.rri.ro\/it\/wp-json\/wp\/v2\/media?parent=711201"}],"wp:term":[{"taxonomy":"author","embeddable":true,"href":"https:\/\/www.rri.ro\/it\/wp-json\/wp\/v2\/coauthors?post=711201"}],"curies":[{"name":"wp","href":"https:\/\/api.w.org\/{rel}","templated":true}]}}