{"id":711207,"date":"2023-05-16T13:48:35","date_gmt":"2023-05-16T10:48:35","guid":{"rendered":"http:\/\/devrri.freshlemon.ro\/termeni-de-utilizare"},"modified":"2024-03-14T14:26:22","modified_gmt":"2024-03-14T12:26:22","slug":"termini-e-condizioni","status":"publish","type":"page","link":"https:\/\/www.rri.ro\/it\/termini-e-condizioni","title":{"rendered":"Termini e condizioni"},"content":{"rendered":"\r\n<p class=\"sumar\">Questo sito web (di seguito: Sito\/ il Sito) \u00e8 disponibile pubblicamente all\u2019indirizzo http:\/\/www.rri.ro ed \u00e8 di propriet\u00e0 della Societ\u00e0 Romena di Radiodiffusione (SRR), Via General Berthelot nr. 60-64, rione 1, Bucarest, Romania.<\/p>\r\n<div class=\"body_text speciallinks\">\r\n<p>Questo sito web (di seguito: Sito\/ il Sito) \u00e8 disponibile pubblicamente all\u2019indirizzo\u00a0<a href=\"http:\/\/www.rri.ro\/\">http:\/\/www.rri.ro<\/a>\u00a0ed \u00e8 di propriet\u00e0 della Societ\u00e0 Romena di Radiodiffusione (SRR), Via General\u00a0Berthelot nr. 60-64, rione 1, Bucarest, Romania.<\/p>\r\n<p>&nbsp;<\/p>\r\n<p>Radio Romania Internazionale (RRI) fa parte della SRR, servizio pubblico, e svolge la sua attivit\u00e0 ai sensi della Legge 41\/1994 repubblicata, con ulteriori modifiche e completamenti, e della Legge sull\u2019audiovisivo nr. 504\/2002, con ulteriori modifiche e completamenti.<\/p>\r\n<p>&nbsp;<\/p>\r\n<p>Lo scopo di\u00a0<a href=\"http:\/\/www.rri.ro\/\">www.rri.ro<\/a>\u00a0\u00e8 quello di offrire agli utenti accesso a informazioni e contenuti giornalistici riguardanti o collegati alla Romania, la sua politica interna ed estera, concernenti RRI, nonch\u00e8 di realizzare una comunit\u00e0 online attorno all\u2019emittente internazionale del servizio pubblico di radiodiffusione di Romania.<\/p>\r\n<p>&nbsp;<\/p>\r\n<p>Qualsiasi utilizzo di questo Sito o dei suoi servizi sar\u00e0 ritenuto un consenso integrale sui termini e sulle condizioni del presente documento.<\/p>\r\n<p>&nbsp;<\/p>\r\n<p>RRI si riserva il diritto di modificare il presente documento in qualsiasi momento e in qualsiasi modo. Le modifiche entrano in vigore al momento della loro pubblicazione, quindi La invitiamo a rileggere periodicamente i termini e le condizioni. Se, in qualsiasi momento, non acconsente pi\u00f9 integralmente ai termini e alle condizioni, Le chiediamo gentilmente di non visitare pi\u00f9 il Sito.<\/p>\r\n<p>&nbsp;<\/p>\r\n<p>In caso di qualsiasi tipo di incidente, derivante dall\u2019utilizzo o dall\u2019interpretazione del contenuto del Sito, la Societ\u00e0 Romena di Radiodiffusione non potr\u00e0 essere resa responsabile in alcun modo. La SRR non potr\u00e0 essere resa responsabile nei confronti Suoi o di un terzo\/ di una terza istituzione per alcun tipo di danno o disagio derivanti da certe disfunzionalit\u00e0 del Sito, sospensione di alcuni servizi, errori nei contenuti, velocit\u00e0 di trasferimento dei dati o mancanza di trasmissione online.<\/p>\r\n<p>&nbsp;<\/p>\r\n<p>Nonostante il nostro pieno impegno di assicurare la massima accuratezza dell\u2019intero contenuto, non ci assumiamo la responsabilit\u00e0 per tutta l\u2019informazione ivi contenuta. Le informazioni del Sito non possono essere considerate coome consigli professionali e non costituiscono raccomandazioni finali.<\/p>\r\n<p>&nbsp;<\/p>\r\n<p>Il contenuto del Sito, comprendente testi, foto, file audio, file video, streaming, banner, animazioni, grafici, nonch\u00e8 il design del Sito e la base di dati raccolta dagli utenti sono di propriet\u00e0 di SRR\/RRI, e sono protette dalla legge sul diritto d\u2019autore e dei diritti connessi. Tutti i copyright, i diritti di riproduzione e distribuzione sotto qualsiasi forma sono riservati e sono di propriet\u00e0 di SRR\/RRI, ai sensi della legislazione vigente.<\/p>\r\n<p>&nbsp;<\/p>\r\n<p>Il contenuto di questo Sito non pu\u00f2 essere copiato, riprodotto, repubblicato, ricompilato, duplicato, modificato, scaricato, inserito, venduto, rivenduto, sfruttato, diffuso o trasmesso di nessuna maniera, parzialmente o totalmente, eccezion fatta per i casi di esclusivo uso personale, senza scopi commerciali. E\u2019 vietata anche la creazione di componenti\/ prodotti o servizi completi derivati.<\/p>\r\n<p>&nbsp;<\/p>\r\n<p>La ripresa di informazioni da parte di altri media \u00e8 consentita esclusivamente citando la fonte in maniera visibile, con un link al Sito, tipo: \u201cFonte: RRI &#8211;\u00a0<a href=\"http:\/\/www.rri.ro\/\">www.rri.ro<\/a>&#8220;. Il previo consenso di RRI va ottenuto in qualsiasi situazione che interessa l\u2019utilizzo del contenuto del Sito. La violazione di questa condizione conduce a un conflitto che la SRR tenter\u00e0 di risolvere, per primo, in via amichevole, e quindi per via legale, rivolgendosi a un tribunale di Romania.<\/p>\r\n<p>&nbsp;<\/p>\r\n<p>I link verso altri siti sono destinati a meglio informare gli utenti. Il Sito non risponde in alcun modo per le informazioni contenute dai siti collegati.\u00a0<\/p>\r\n<p>&nbsp;<\/p>\r\n<p>La responsabilit\u00e0 per i commenti inseriti sul Sito \u00e8 integralmente assunta dai loro autori. I commenti che non riguardano l\u2019articolo inserito non saranno pubblicati. RRI non pubblicher\u00e0 risposte o commenti che ledono i diritti della persona o violano la legge. RRI non pubblicher\u00e0 commenti pubblicitari o contenenti dei link. I commenti contenenti numeri telefonici o indirizzi e-mail non saranno pubblicati, in quanto non possiamo accertare la loro autenticit\u00e0.\u00a0<\/p>\r\n<p>&nbsp;<\/p>\r\n<p>E\u2019 vietato l\u2019utilizzo del Sito per inserire o trasmettere qualsiasi materiale a carattere intimidatorio, falso, sleale, abusivo, molesto, licenzioso, calunnioso, volgare, osceno, scandaloso, istigatore, discriminatorio, razzista, estremista, pornografico o profanatore, o qualsiasi altro materiale in grado di costituire o incoraggiare un comportamento in grado di generare un reato, che potrebbe comportare la responsabilit\u00e0 civile o violerebbe la legge in qualsiasi altro modo. La SRR\/RRI cooperer\u00e0 con qualsiasi autorit\u00e0 incaricata ad applicare la legge, e si atterr\u00e0 a qualsiasi sentenza giudiziaria che richieder\u00e0 a SRR\/ RRI di divulgare l\u2019identit\u00e0 di qualsiasi persona che inserirebbe o trasmetterebbe qualsiasi tipo di informazione o materiale del genere attraverso il Sito.<\/p>\r\n<p>&nbsp;<\/p>\r\n<p>Per rivolgerSi alla redazione sul contenuto di questo Sito o su altro argomento, \u00e8 disponbile l\u2019indirizzo\u00a0<a href=\"mailto:rri@rri.ro\">rri@rri.ro<\/a>. Tutti i messaggi inviati sono esaminati e distribuiti in vista di un\u2019eventuale risposta da parte di RRI.\u00a0<\/p>\r\n<p>&nbsp;<\/p>\r\n<p>Gli utenti che inviano informazioni o contenuti al sito\u00a0<a href=\"http:\/\/www.rri.ro\/\">www.rri.ro<\/a>\u00a0si assumono l\u2019obbligo di non violare in nessun modo i diritti d\u2019autore di propriet\u00e0 di un terzo \/una terza istituzione, la legislazione romena e internazionale, i diritti di propriet\u00e0 intellettuali, le patenti o i marchi, e accetta implicitamente che la responsabilit\u00e0 per la loro violazione incombe loro integralmente. Tramite i contenuti inviati al sito RRI, Lei acconsente a concedere a RRI il diritto di utilizzare, riprodurre, pubblicare, adattare, tradurre e mettere alla disposizione del pubblico i rispettivi contenuti.\u00a0<\/p>\r\n<p>&nbsp;<\/p>\r\n<p>Gli utenti\u00a0<a href=\"http:\/\/www.rri.ro\/\">www.rri.ro<\/a>\u00a0acconsentono, su richiesta di SRR\/RRI, ad esonerare dalla responsabilit\u00e0\u00a0<a href=\"http:\/\/www.rri.ro\/\">www.rri.ro<\/a>\u00a0e SRR\/RRI per qualsiasi azione giudiziaria\/extragiudiziaria, e a coprire le spese legali e qualsiasi altra spesa che potrebbe derivare dalla violazione delle clausole del presente documento da parte dei rispettivi utenti.\u00a0\u00a0<\/p>\r\n<p>&nbsp;<\/p>\r\n<p>I dati personali sono forniti dagli utenti quando partecipano a campagne o sondaggi indetti da\u00a0<a href=\"http:\/\/www.rri.ro\/\">www.rri.ro<\/a>, quando usano i moduli feedback o quando si iscrivono al servizio di newsletter.<\/p>\r\n<p>&nbsp;<\/p>\r\n<p>Per utilizzare i servizi offerti da\u00a0<a href=\"http:\/\/www.rri.ro\/\">www.rri.ro<\/a>, Si assume l\u2019obbligo di fornire e aggiornare, se necessario, dati personali autentici, esatti e completi, conformemente al modulo di registrazione; se fornir\u00e0 informazioni non conformi alla realt\u00e0, inesatte o incomplete, RRI ha il diritto di sospendere\/ cancellare il Suo conto e precludere il Suo accesso al Sito. Se utilizza un nome o indirizzo e-mail diversi da quelli personali, la registrazione sar\u00e0 cancellata, l\u2019accesso verr\u00e0 bloccato e, in caso di danni arrecati ai membri della comunit\u00e0, a RRI\/SRR o al Sito, i dati saranno offerti alla Polizia e agli inquirenti. Gli utenti del Sito non riprenderanno alcuna informazione su un altro utente del Sito.<\/p>\r\n<p>&nbsp;<\/p>\r\n<p>Ai sensi della legge nr. 677\/2001 sulla protezione delle persone in materia di trattamento dei dati a carattere personale e la libera circolazione dei rispettivi dati, modificata\u00a0 e completata, nonch\u00e8 della legge nr. 506\/2004 sul trattamento dei dati a carattere personale e la tutela della privacy nel campo delle comunicazioni elettroniche,\u00a0<a href=\"http:\/\/www.rri.ro\/\">www.rri.ro<\/a>\u00a0gestir\u00e0 i dati forniti dagli utenti solo in condizioni di sicurezza e solo per gli scopi specificati. RRI prender\u00e0 le misure tecniche adeguate per proteggere i Suoi dati personali, contro la distruzione accidentale o illegale, la perdita, la modifica, la divulgazione o l\u2019accesso non autorizzato.<\/p>\r\n<p>&nbsp;<\/p>\r\n<p>Ai sensi della Legge 677\/2001, Lei beneficia del diritto di accesso, di intervento sui dati, del diritto di non essere soggetto a una decisione individuale, e del diritto di rivolgerSi alla giustizia. Inoltre, ha il diritto di opporSi al trattamento dei dati personali che La riguardano e richiedere la cancellazione dei dati. Qualora gradisse che i Suoi dati non venissero raccolti, non li mandi, per cortesia, da noi. \u00a0<\/p>\r\n<p>&nbsp;<\/p>\r\n<p>Pu\u00f2 rivolgerSi a noi all\u2019indirizzo e-mail\u00a0<a href=\"mailto:rri@rri.ro\">rri@rri.ro<\/a>\u00a0e, per posta, all\u2019indirizzo Radio Romania Internazionale, Via General Berthelot nr. 60-64, rione 1 Bucure\u015fti, Codice di Avviamento Postale\u00a0 010165, Romania.<\/p>\r\n<p>&nbsp;<\/p>\r\n<p>RRI si impegna a non inviare dei messaggi spam.<\/p>\r\n<p>&nbsp;<\/p>\r\n<p>Il Sito\u00a0<a href=\"http:\/\/www.rri.ro\/\">www.rri.ro<\/a>\u00a0utilizza Google Analytics, uno strumento di analisi web fornito da Google. Google Analytics utilizza dei \u201ccookies\u201d, che sono file di testo che vengono depositati sul computer, per consentire al Sito di analizzare come lo utilizzano gli utenti.\u00a0 Le informazioni generate dal cookie sull\u2019utilizo del sito web da parte Sua (compreso il Suo indirizzo IP), verranno trasmesse e depositate sui server Google negli USA e utilizzate per esaminare il Suo utilizzo del Sito, compilare relazioni sulle attivit\u00e0 del Sito, per gli operatori del sito web e fornire altri servizi relativi all\u2019attivit\u00e0 e all\u2019utilizzo di Internet su\u00a0<a href=\"http:\/\/www.rri.ro\/\">www.rri.ro<\/a>. Google pu\u00f2 trasferire queste informazioni a terzi, ove ci\u00f2 sia imposto dalla legge o laddove tali terzi ledono il nome di Google. Pu\u00f2 rifiutarSi di usare i cookies selezionando l\u2019impostazione appropriata sul Suo browser, il che potrebbe, per\u00f2, impedire il Suo l\u2019accesso a tutte le funzionalit\u00e0 del Sito. Utilizzando\u00a0<a href=\"http:\/\/www.rri.ro\/\">www.rri.ro<\/a>, acconsente al trattamento dei Suoi dati personali da parte di Google per le modalit\u00e0 e i fini sopraindicati.<\/p>\r\n<\/div>\r\n","protected":false},"excerpt":{"rendered":"<p>Questo sito web (di seguito: Sito\/ il Sito) \u00e8 disponibile pubblicamente all\u2019indirizzo http:\/\/www.rri.ro ed \u00e8 di propriet\u00e0 della Societ\u00e0 Romena di Radiodiffusione (SRR), Via General Berthelot nr. 60-64, rione 1, Bucarest, Romania. Questo sito web (di seguito: Sito\/ il Sito) \u00e8 disponibile pubblicamente all\u2019indirizzo\u00a0http:\/\/www.rri.ro\u00a0ed \u00e8 di propriet\u00e0 della Societ\u00e0 Romena di Radiodiffusione (SRR), Via General\u00a0Berthelot [&hellip;]<\/p>\n","protected":false},"author":1,"featured_media":0,"parent":0,"menu_order":0,"comment_status":"closed","ping_status":"closed","template":"","meta":{"_acf_changed":false,"footnotes":""},"coauthors":[113312],"class_list":["post-711207","page","type-page","status-publish","hentry"],"acf":[],"yoast_head":"<!-- This site is optimized with the Yoast SEO plugin v27.3 - https:\/\/yoast.com\/product\/yoast-seo-wordpress\/ -->\n<title>Termini e condizioni - Radio Romania Internazionale<\/title>\n<meta name=\"robots\" content=\"index, follow, max-snippet:-1, max-image-preview:large, max-video-preview:-1\" \/>\n<link rel=\"canonical\" href=\"https:\/\/www.rri.ro\/termeni-de-utilizare\" \/>\n<meta property=\"og:locale\" content=\"it_IT\" \/>\n<meta property=\"og:type\" content=\"article\" \/>\n<meta property=\"og:title\" content=\"Termini e condizioni - Radio Romania Internazionale\" \/>\n<meta property=\"og:description\" content=\"Questo sito web (di seguito: Sito\/ il Sito) \u00e8 disponibile pubblicamente all\u2019indirizzo http:\/\/www.rri.ro ed \u00e8 di propriet\u00e0 della Societ\u00e0 Romena di Radiodiffusione (SRR), Via General Berthelot nr. 60-64, rione 1, Bucarest, Romania. Questo sito web (di seguito: Sito\/ il Sito) \u00e8 disponibile pubblicamente all\u2019indirizzo\u00a0http:\/\/www.rri.ro\u00a0ed \u00e8 di propriet\u00e0 della Societ\u00e0 Romena di Radiodiffusione (SRR), Via General\u00a0Berthelot [&hellip;]\" \/>\n<meta property=\"og:url\" content=\"https:\/\/www.rri.ro\/termeni-de-utilizare\" \/>\n<meta property=\"og:site_name\" content=\"Radio Romania Internazionale\" \/>\n<meta property=\"article:modified_time\" content=\"2024-03-14T12:26:22+00:00\" \/>\n<meta name=\"twitter:card\" content=\"summary_large_image\" \/>\n<meta name=\"twitter:label1\" content=\"Tempo di lettura stimato\" \/>\n\t<meta name=\"twitter:data1\" content=\"7 minuti\" \/>\n\t<meta name=\"twitter:label2\" content=\"Scritto da\" \/>\n\t<meta name=\"twitter:data2\" content=\"admin\" \/>\n<script type=\"application\/ld+json\" class=\"yoast-schema-graph\">{\"@context\":\"https:\\\/\\\/schema.org\",\"@graph\":[{\"@type\":\"WebPage\",\"@id\":\"https:\\\/\\\/www.rri.ro\\\/termeni-de-utilizare\",\"url\":\"https:\\\/\\\/www.rri.ro\\\/termeni-de-utilizare\",\"name\":\"Termini e condizioni - Radio Romania Internazionale\",\"isPartOf\":{\"@id\":\"https:\\\/\\\/www.rri.ro\\\/#website\"},\"datePublished\":\"2023-05-16T10:48:35+00:00\",\"dateModified\":\"2024-03-14T12:26:22+00:00\",\"breadcrumb\":{\"@id\":\"https:\\\/\\\/www.rri.ro\\\/termeni-de-utilizare#breadcrumb\"},\"inLanguage\":\"it-IT\",\"potentialAction\":[{\"@type\":\"ReadAction\",\"target\":[\"https:\\\/\\\/www.rri.ro\\\/termeni-de-utilizare\"]}]},{\"@type\":\"BreadcrumbList\",\"@id\":\"https:\\\/\\\/www.rri.ro\\\/termeni-de-utilizare#breadcrumb\",\"itemListElement\":[{\"@type\":\"ListItem\",\"position\":1,\"name\":\"Pagina iniziale\",\"item\":\"https:\\\/\\\/www.rri.ro\\\/it\"},{\"@type\":\"ListItem\",\"position\":2,\"name\":\"Termini e condizioni\"}]},{\"@type\":\"WebSite\",\"@id\":\"https:\\\/\\\/www.rri.ro\\\/#website\",\"url\":\"https:\\\/\\\/www.rri.ro\\\/\",\"name\":\"Radio Romania Internazionale\",\"description\":\"Totul despre Rom\u00e2nia \u015fi rom\u00e2ni, \u00een 13 limbi\\\/dialecte!\",\"inLanguage\":\"it-IT\"}]}<\/script>\n<!-- \/ Yoast SEO plugin. -->","yoast_head_json":{"title":"Termini e condizioni - Radio Romania Internazionale","robots":{"index":"index","follow":"follow","max-snippet":"max-snippet:-1","max-image-preview":"max-image-preview:large","max-video-preview":"max-video-preview:-1"},"canonical":"https:\/\/www.rri.ro\/termeni-de-utilizare","og_locale":"it_IT","og_type":"article","og_title":"Termini e condizioni - Radio Romania Internazionale","og_description":"Questo sito web (di seguito: Sito\/ il Sito) \u00e8 disponibile pubblicamente all\u2019indirizzo http:\/\/www.rri.ro ed \u00e8 di propriet\u00e0 della Societ\u00e0 Romena di Radiodiffusione (SRR), Via General Berthelot nr. 60-64, rione 1, Bucarest, Romania. Questo sito web (di seguito: Sito\/ il Sito) \u00e8 disponibile pubblicamente all\u2019indirizzo\u00a0http:\/\/www.rri.ro\u00a0ed \u00e8 di propriet\u00e0 della Societ\u00e0 Romena di Radiodiffusione (SRR), Via General\u00a0Berthelot [&hellip;]","og_url":"https:\/\/www.rri.ro\/termeni-de-utilizare","og_site_name":"Radio Romania Internazionale","article_modified_time":"2024-03-14T12:26:22+00:00","twitter_card":"summary_large_image","twitter_misc":{"Tempo di lettura stimato":"7 minuti","Scritto da":"admin"},"schema":{"@context":"https:\/\/schema.org","@graph":[{"@type":"WebPage","@id":"https:\/\/www.rri.ro\/termeni-de-utilizare","url":"https:\/\/www.rri.ro\/termeni-de-utilizare","name":"Termini e condizioni - Radio Romania Internazionale","isPartOf":{"@id":"https:\/\/www.rri.ro\/#website"},"datePublished":"2023-05-16T10:48:35+00:00","dateModified":"2024-03-14T12:26:22+00:00","breadcrumb":{"@id":"https:\/\/www.rri.ro\/termeni-de-utilizare#breadcrumb"},"inLanguage":"it-IT","potentialAction":[{"@type":"ReadAction","target":["https:\/\/www.rri.ro\/termeni-de-utilizare"]}]},{"@type":"BreadcrumbList","@id":"https:\/\/www.rri.ro\/termeni-de-utilizare#breadcrumb","itemListElement":[{"@type":"ListItem","position":1,"name":"Pagina iniziale","item":"https:\/\/www.rri.ro\/it"},{"@type":"ListItem","position":2,"name":"Termini e condizioni"}]},{"@type":"WebSite","@id":"https:\/\/www.rri.ro\/#website","url":"https:\/\/www.rri.ro\/","name":"Radio Romania Internazionale","description":"Totul despre Rom\u00e2nia \u015fi rom\u00e2ni, \u00een 13 limbi\/dialecte!","inLanguage":"it-IT"}]}},"_links":{"self":[{"href":"https:\/\/www.rri.ro\/it\/wp-json\/wp\/v2\/pages\/711207","targetHints":{"allow":["GET"]}}],"collection":[{"href":"https:\/\/www.rri.ro\/it\/wp-json\/wp\/v2\/pages"}],"about":[{"href":"https:\/\/www.rri.ro\/it\/wp-json\/wp\/v2\/types\/page"}],"author":[{"embeddable":true,"href":"https:\/\/www.rri.ro\/it\/wp-json\/wp\/v2\/users\/1"}],"replies":[{"embeddable":true,"href":"https:\/\/www.rri.ro\/it\/wp-json\/wp\/v2\/comments?post=711207"}],"version-history":[{"count":0,"href":"https:\/\/www.rri.ro\/it\/wp-json\/wp\/v2\/pages\/711207\/revisions"}],"wp:attachment":[{"href":"https:\/\/www.rri.ro\/it\/wp-json\/wp\/v2\/media?parent=711207"}],"wp:term":[{"taxonomy":"author","embeddable":true,"href":"https:\/\/www.rri.ro\/it\/wp-json\/wp\/v2\/coauthors?post=711207"}],"curies":[{"name":"wp","href":"https:\/\/api.w.org\/{rel}","templated":true}]}}