{"id":503626,"date":"2023-07-14T06:33:19","date_gmt":"2023-07-14T03:33:19","guid":{"rendered":"http:\/\/devrri.freshlemon.ro\/contact"},"modified":"2024-02-19T14:21:24","modified_gmt":"2024-02-19T12:21:24","slug":"contact","status":"publish","type":"page","link":"https:\/\/www.rri.ro\/ro_ar\/contact","title":{"rendered":"Contact"},"content":{"rendered":"&#13;\n<div id=\"attachment_603962\" style=\"width: 310px\" class=\"wp-caption alignnone\"><img decoding=\"async\" aria-describedby=\"caption-attachment-603962\" class=\"size-medium wp-image-603962\" src=\"http:\/\/devrri.freshlemon.ro\/wp-content\/uploads\/2024\/02\/RRI-logo-banner-mare-1200-latime-albastru-mare-300x225.jpg\" alt=\"logo RRI\" width=\"300\" height=\"225\"\/><p id=\"caption-attachment-603962\" class=\"wp-caption-text\">logo RRI<\/p><\/div>&#13;\n<p>\u00a0<\/p>&#13;\n<p>Contacta\u021bi-ne: <a href=\"mailto:rri@rri.ro\" target=\"_blank\" rel=\"noreferrer noopener\">rri@rri.ro<\/a><\/p>&#13;\n&#13;\n<h2 class=\"wp-block-heading\">Radio Rom\u00e2nia Interna\u0163ional<\/h2>&#13;\n&#13;\n<p><strong>Strada General Berthelot 60-64, Bucuresti, sect. 1, cod 010165<\/strong>,<strong> Rom\u00e2nia<\/strong><\/p>&#13;\n\r\n<ul class=\"wp-block-list\">&#13;\n<li>Telefon: 021-319.05.16<\/li>&#13;\n\r\n\r\n&#13;\n<li>Fax: 021-319.05.62<\/li>&#13;\n<\/ul>\r\n","protected":false},"excerpt":{"rendered":"<p>&#13; &#13; \u00a0&#13; Contacta\u021bi-ne: rri@rri.ro&#13; &#13; Radio Rom\u00e2nia Interna\u0163ional&#13; &#13; Strada General Berthelot 60-64, Bucuresti, sect. 1, cod 010165, Rom\u00e2nia&#13;<\/p>\n","protected":false},"author":1,"featured_media":0,"parent":0,"menu_order":0,"comment_status":"closed","ping_status":"closed","template":"","meta":{"_acf_changed":false,"footnotes":""},"coauthors":[113312],"class_list":["post-503626","page","type-page","status-publish","hentry"],"acf":[],"yoast_head":"<!-- This site is optimized with the Yoast SEO plugin v27.5 - https:\/\/yoast.com\/product\/yoast-seo-wordpress\/ -->\n<title>Contact - Radio Rom\u00e2nia Interna\u021bional<\/title>\n<meta name=\"robots\" content=\"index, follow, max-snippet:-1, max-image-preview:large, max-video-preview:-1\" \/>\n<link rel=\"canonical\" href=\"https:\/\/www.rri.ro\/contact\" \/>\n<meta property=\"og:locale\" content=\"ro_RO\" \/>\n<meta property=\"og:type\" content=\"article\" \/>\n<meta property=\"og:title\" content=\"Contact - Radio Rom\u00e2nia Interna\u021bional\" \/>\n<meta property=\"og:description\" content=\"&#013; &#013; \u00a0&#013; Contacta\u021bi-ne: rri@rri.ro&#013; &#013; Radio Rom\u00e2nia Interna\u0163ional&#013; &#013; Strada General Berthelot 60-64, Bucuresti, sect. 1, cod 010165, Rom\u00e2nia&#013;\" \/>\n<meta property=\"og:url\" content=\"https:\/\/www.rri.ro\/contact\" \/>\n<meta property=\"og:site_name\" content=\"Radio Rom\u00e2nia Interna\u021bional\" \/>\n<meta property=\"article:modified_time\" content=\"2024-02-19T12:21:24+00:00\" \/>\n<meta name=\"twitter:card\" content=\"summary_large_image\" \/>\n<meta name=\"twitter:label1\" content=\"Written by\" \/>\n\t<meta name=\"twitter:data1\" content=\"admin\" \/>\n<script type=\"application\/ld+json\" class=\"yoast-schema-graph\">{\"@context\":\"https:\\\/\\\/schema.org\",\"@graph\":[{\"@type\":\"WebPage\",\"@id\":\"https:\\\/\\\/www.rri.ro\\\/contact\",\"url\":\"https:\\\/\\\/www.rri.ro\\\/contact\",\"name\":\"Contact - Radio Rom\u00e2nia Interna\u021bional\",\"isPartOf\":{\"@id\":\"https:\\\/\\\/www.rri.ro\\\/#website\"},\"primaryImageOfPage\":{\"@id\":\"https:\\\/\\\/www.rri.ro\\\/contact#primaryimage\"},\"image\":{\"@id\":\"https:\\\/\\\/www.rri.ro\\\/contact#primaryimage\"},\"thumbnailUrl\":\"http:\\\/\\\/devrri.freshlemon.ro\\\/wp-content\\\/uploads\\\/2024\\\/02\\\/RRI-logo-banner-mare-1200-latime-albastru-mare-300x225.jpg\",\"datePublished\":\"2023-07-14T03:33:19+00:00\",\"dateModified\":\"2024-02-19T12:21:24+00:00\",\"breadcrumb\":{\"@id\":\"https:\\\/\\\/www.rri.ro\\\/contact#breadcrumb\"},\"inLanguage\":\"ro-AR\",\"potentialAction\":[{\"@type\":\"ReadAction\",\"target\":[\"https:\\\/\\\/www.rri.ro\\\/contact\"]}]},{\"@type\":\"ImageObject\",\"inLanguage\":\"ro-AR\",\"@id\":\"https:\\\/\\\/www.rri.ro\\\/contact#primaryimage\",\"url\":\"http:\\\/\\\/devrri.freshlemon.ro\\\/wp-content\\\/uploads\\\/2024\\\/02\\\/RRI-logo-banner-mare-1200-latime-albastru-mare-300x225.jpg\",\"contentUrl\":\"http:\\\/\\\/devrri.freshlemon.ro\\\/wp-content\\\/uploads\\\/2024\\\/02\\\/RRI-logo-banner-mare-1200-latime-albastru-mare-300x225.jpg\"},{\"@type\":\"BreadcrumbList\",\"@id\":\"https:\\\/\\\/www.rri.ro\\\/contact#breadcrumb\",\"itemListElement\":[{\"@type\":\"ListItem\",\"position\":1,\"name\":\"Prima pagin\u0103\",\"item\":\"https:\\\/\\\/www.rri.ro\\\/ro_ar\"},{\"@type\":\"ListItem\",\"position\":2,\"name\":\"Contact\"}]},{\"@type\":\"WebSite\",\"@id\":\"https:\\\/\\\/www.rri.ro\\\/#website\",\"url\":\"https:\\\/\\\/www.rri.ro\\\/\",\"name\":\"Radio Rom\u00e2nia Interna\u021bional\",\"description\":\"Totul despre Rom\u00e2nia \u015fi rom\u00e2ni, \u00een 13 limbi\\\/dialecte!\",\"inLanguage\":\"ro-AR\"}]}<\/script>\n<!-- \/ Yoast SEO plugin. -->","yoast_head_json":{"title":"Contact - Radio Rom\u00e2nia Interna\u021bional","robots":{"index":"index","follow":"follow","max-snippet":"max-snippet:-1","max-image-preview":"max-image-preview:large","max-video-preview":"max-video-preview:-1"},"canonical":"https:\/\/www.rri.ro\/contact","og_locale":"ro_RO","og_type":"article","og_title":"Contact - Radio Rom\u00e2nia Interna\u021bional","og_description":"&#13; &#13; \u00a0&#13; Contacta\u021bi-ne: rri@rri.ro&#13; &#13; Radio Rom\u00e2nia Interna\u0163ional&#13; &#13; Strada General Berthelot 60-64, Bucuresti, sect. 1, cod 010165, Rom\u00e2nia&#13;","og_url":"https:\/\/www.rri.ro\/contact","og_site_name":"Radio Rom\u00e2nia Interna\u021bional","article_modified_time":"2024-02-19T12:21:24+00:00","twitter_card":"summary_large_image","twitter_misc":{"Written by":"admin"},"schema":{"@context":"https:\/\/schema.org","@graph":[{"@type":"WebPage","@id":"https:\/\/www.rri.ro\/contact","url":"https:\/\/www.rri.ro\/contact","name":"Contact - Radio Rom\u00e2nia Interna\u021bional","isPartOf":{"@id":"https:\/\/www.rri.ro\/#website"},"primaryImageOfPage":{"@id":"https:\/\/www.rri.ro\/contact#primaryimage"},"image":{"@id":"https:\/\/www.rri.ro\/contact#primaryimage"},"thumbnailUrl":"http:\/\/devrri.freshlemon.ro\/wp-content\/uploads\/2024\/02\/RRI-logo-banner-mare-1200-latime-albastru-mare-300x225.jpg","datePublished":"2023-07-14T03:33:19+00:00","dateModified":"2024-02-19T12:21:24+00:00","breadcrumb":{"@id":"https:\/\/www.rri.ro\/contact#breadcrumb"},"inLanguage":"ro-AR","potentialAction":[{"@type":"ReadAction","target":["https:\/\/www.rri.ro\/contact"]}]},{"@type":"ImageObject","inLanguage":"ro-AR","@id":"https:\/\/www.rri.ro\/contact#primaryimage","url":"http:\/\/devrri.freshlemon.ro\/wp-content\/uploads\/2024\/02\/RRI-logo-banner-mare-1200-latime-albastru-mare-300x225.jpg","contentUrl":"http:\/\/devrri.freshlemon.ro\/wp-content\/uploads\/2024\/02\/RRI-logo-banner-mare-1200-latime-albastru-mare-300x225.jpg"},{"@type":"BreadcrumbList","@id":"https:\/\/www.rri.ro\/contact#breadcrumb","itemListElement":[{"@type":"ListItem","position":1,"name":"Prima pagin\u0103","item":"https:\/\/www.rri.ro\/ro_ar"},{"@type":"ListItem","position":2,"name":"Contact"}]},{"@type":"WebSite","@id":"https:\/\/www.rri.ro\/#website","url":"https:\/\/www.rri.ro\/","name":"Radio Rom\u00e2nia Interna\u021bional","description":"Totul despre Rom\u00e2nia \u015fi rom\u00e2ni, \u00een 13 limbi\/dialecte!","inLanguage":"ro-AR"}]}},"_links":{"self":[{"href":"https:\/\/www.rri.ro\/ro_ar\/wp-json\/wp\/v2\/pages\/503626","targetHints":{"allow":["GET"]}}],"collection":[{"href":"https:\/\/www.rri.ro\/ro_ar\/wp-json\/wp\/v2\/pages"}],"about":[{"href":"https:\/\/www.rri.ro\/ro_ar\/wp-json\/wp\/v2\/types\/page"}],"author":[{"embeddable":true,"href":"https:\/\/www.rri.ro\/ro_ar\/wp-json\/wp\/v2\/users\/1"}],"replies":[{"embeddable":true,"href":"https:\/\/www.rri.ro\/ro_ar\/wp-json\/wp\/v2\/comments?post=503626"}],"version-history":[{"count":0,"href":"https:\/\/www.rri.ro\/ro_ar\/wp-json\/wp\/v2\/pages\/503626\/revisions"}],"wp:attachment":[{"href":"https:\/\/www.rri.ro\/ro_ar\/wp-json\/wp\/v2\/media?parent=503626"}],"wp:term":[{"taxonomy":"author","embeddable":true,"href":"https:\/\/www.rri.ro\/ro_ar\/wp-json\/wp\/v2\/coauthors?post=503626"}],"curies":[{"name":"wp","href":"https:\/\/api.w.org\/{rel}","templated":true}]}}