{"id":655098,"date":"2024-02-21T21:20:21","date_gmt":"2024-02-21T19:20:21","guid":{"rendered":"http:\/\/devrri.freshlemon.ro\/formular-de-receptie"},"modified":"2024-02-22T09:25:30","modified_gmt":"2024-02-22T07:25:30","slug":"formular-de-receptie","status":"publish","type":"page","link":"https:\/\/www.rri.ro\/ro_ar\/formular-de-receptie","title":{"rendered":"Formular de recep\u021bie"},"content":{"rendered":"\n<div class=\"wpcf7 no-js\" id=\"wpcf7-f688288-o1\" lang=\"ro-AR\" dir=\"ltr\" data-wpcf7-id=\"688288\">\n<div class=\"screen-reader-response\"><p role=\"status\" aria-live=\"polite\" aria-atomic=\"true\"><\/p> <ul><\/ul><\/div>\n<form action=\"\/ro_ar\/wp-json\/wp\/v2\/pages\/655098#wpcf7-f688288-o1\" method=\"post\" class=\"wpcf7-form init user-zone\" aria-label=\"Contact form\" novalidate=\"novalidate\" data-status=\"init\">\n<fieldset class=\"hidden-fields-container\"><input type=\"hidden\" name=\"_wpcf7\" value=\"688288\" \/><input type=\"hidden\" name=\"_wpcf7_version\" value=\"6.1.5\" \/><input type=\"hidden\" name=\"_wpcf7_locale\" value=\"ro_AR\" \/><input type=\"hidden\" name=\"_wpcf7_unit_tag\" value=\"wpcf7-f688288-o1\" \/><input type=\"hidden\" name=\"_wpcf7_container_post\" value=\"0\" \/><input type=\"hidden\" name=\"_wpcf7_posted_data_hash\" value=\"\" \/>\n<\/fieldset>\n<h1 class=\"user-zone__title\">Formular de recep\u021bie\n<\/h1>\n<p class=\"user-zone__message\">V\u0103 rug\u0103m s\u0103 completa\u0163i toate c\u00e2mpurile.\n<\/p>\n<p><label>Nume \u0219i prenume: <\/label><br \/>\n<span class=\"wpcf7-form-control-wrap\" data-name=\"nume\"><input size=\"40\" maxlength=\"400\" class=\"wpcf7-form-control wpcf7-text wpcf7-validates-as-required\" aria-required=\"true\" aria-invalid=\"false\" value=\"\" type=\"text\" name=\"nume\" \/><\/span><br \/>\n<label>Sex: <\/label><br \/>\n<span class=\"wpcf7-form-control-wrap\" data-name=\"sex\"><select class=\"wpcf7-form-control wpcf7-select wpcf7-validates-as-required\" aria-required=\"true\" aria-invalid=\"false\" name=\"sex\"><option value=\"\">&#8212;Please choose an option&#8212;<\/option><option value=\"feminin\">feminin<\/option><option value=\"masculin\">masculin<\/option><option value=\"altceva\">altceva<\/option><\/select><\/span><br \/>\n<label>V\u00e2rst\u0103: <\/label><br \/>\n<span class=\"wpcf7-form-control-wrap\" data-name=\"varsta\"><input size=\"40\" maxlength=\"400\" class=\"wpcf7-form-control wpcf7-text wpcf7-validates-as-required\" aria-required=\"true\" aria-invalid=\"false\" value=\"\" type=\"text\" name=\"varsta\" \/><\/span><br \/>\n<label>Ocupa\u021bie: <\/label><br \/>\n<span class=\"wpcf7-form-control-wrap\" data-name=\"ocupatie\"><input size=\"40\" maxlength=\"400\" class=\"wpcf7-form-control wpcf7-text wpcf7-validates-as-required\" aria-required=\"true\" aria-invalid=\"false\" value=\"\" type=\"text\" name=\"ocupatie\" \/><\/span><br \/>\n<label>Din ce an asculta\u021bi RRI? <\/label><br \/>\n<span class=\"wpcf7-form-control-wrap\" data-name=\"date-rri\"><input class=\"wpcf7-form-control wpcf7-date wpcf7-validates-as-required wpcf7-validates-as-date\" aria-required=\"true\" aria-invalid=\"false\" value=\"\" type=\"date\" name=\"date-rri\" \/><\/span><br \/>\n<label>Adres\u0103: <\/label><br \/>\n<span class=\"wpcf7-form-control-wrap\" data-name=\"adresa\"><input size=\"40\" maxlength=\"400\" class=\"wpcf7-form-control wpcf7-text wpcf7-validates-as-required\" aria-required=\"true\" aria-invalid=\"false\" value=\"\" type=\"text\" name=\"adresa\" \/><\/span><br \/>\n<label>Localitate: <\/label><br \/>\n<span class=\"wpcf7-form-control-wrap\" data-name=\"localitate\"><input size=\"40\" maxlength=\"400\" class=\"wpcf7-form-control wpcf7-text wpcf7-validates-as-required\" aria-required=\"true\" aria-invalid=\"false\" value=\"\" type=\"text\" name=\"localitate\" \/><\/span><br \/>\n<label>Cod po\u0219tal: <\/label><br \/>\n<span class=\"wpcf7-form-control-wrap\" data-name=\"cod-postal\"><input size=\"40\" maxlength=\"400\" class=\"wpcf7-form-control wpcf7-text wpcf7-validates-as-required\" aria-required=\"true\" aria-invalid=\"false\" value=\"\" type=\"text\" name=\"cod-postal\" \/><\/span><br \/>\n<label>\u021aar\u0103: <\/label><br \/>\n<span class=\"wpcf7-form-control-wrap\" data-name=\"tara\"><input size=\"40\" maxlength=\"400\" class=\"wpcf7-form-control wpcf7-text wpcf7-validates-as-required\" aria-required=\"true\" aria-invalid=\"false\" value=\"\" type=\"text\" name=\"tara\" \/><\/span><br \/>\n<label>E-mail: <\/label><br \/>\n<span class=\"wpcf7-form-control-wrap\" data-name=\"email\"><input size=\"40\" maxlength=\"400\" class=\"wpcf7-form-control wpcf7-email wpcf7-validates-as-required wpcf7-text wpcf7-validates-as-email\" aria-required=\"true\" aria-invalid=\"false\" value=\"\" type=\"email\" name=\"email\" \/><\/span>\n<\/p>\n<p class=\"user-zone__message\">Echipamentul cu care ne recep\u021biona\u021bi\n<\/p>\n<p><label>Aparatul de recep\u021bie: <\/label><br \/>\n<span class=\"wpcf7-form-control-wrap\" data-name=\"aparatul\"><input size=\"40\" maxlength=\"400\" class=\"wpcf7-form-control wpcf7-text wpcf7-validates-as-required\" aria-required=\"true\" aria-invalid=\"false\" value=\"\" type=\"text\" name=\"aparatul\" \/><\/span><br \/>\n<label>Antena: <\/label><br \/>\n<span class=\"wpcf7-form-control-wrap\" data-name=\"antena\"><input size=\"40\" maxlength=\"400\" class=\"wpcf7-form-control wpcf7-text wpcf7-validates-as-required\" aria-required=\"true\" aria-invalid=\"false\" value=\"\" type=\"text\" name=\"antena\" \/><\/span><br \/>\n<label>Locul recep\u021biei: <\/label><br \/>\n<span class=\"wpcf7-form-control-wrap\" data-name=\"locul-receptiei\"><input size=\"40\" maxlength=\"400\" class=\"wpcf7-form-control wpcf7-text wpcf7-validates-as-required\" aria-required=\"true\" aria-invalid=\"false\" value=\"\" type=\"text\" name=\"locul-receptiei\" \/><\/span>\n<\/p>\n<p class=\"user-zone__message\">Recep\u021bia\n<\/p>\n<p><label>Data: <\/label><br \/>\n<span class=\"wpcf7-form-control-wrap\" data-name=\"data-receptiei\"><input class=\"wpcf7-form-control wpcf7-date wpcf7-validates-as-required wpcf7-validates-as-date\" aria-required=\"true\" aria-invalid=\"false\" value=\"\" type=\"date\" name=\"data-receptiei\" \/><\/span><br \/>\n<label>De la ce or\u0103? (UTC format oo:mm): <\/label><br \/>\n<span class=\"wpcf7-form-control-wrap\" data-name=\"de-la-ce-ora\"><input size=\"40\" maxlength=\"400\" class=\"wpcf7-form-control wpcf7-text wpcf7-validates-as-required\" aria-required=\"true\" aria-invalid=\"false\" value=\"\" type=\"text\" name=\"de-la-ce-ora\" \/><\/span><br \/>\n<label>P\u00e2n\u0103 la ce or\u0103? (UTC format oo:mm): <\/label><br \/>\n<span class=\"wpcf7-form-control-wrap\" data-name=\"pana-la-ce-ora\"><input size=\"40\" maxlength=\"400\" class=\"wpcf7-form-control wpcf7-text wpcf7-validates-as-required\" aria-required=\"true\" aria-invalid=\"false\" value=\"\" type=\"text\" name=\"pana-la-ce-ora\" \/><\/span><br \/>\n<label>Frecven\u0163a (kHz):<\/label><br \/>\n<span class=\"wpcf7-form-control-wrap\" data-name=\"frecventa-receptiei\"><input size=\"40\" maxlength=\"400\" class=\"wpcf7-form-control wpcf7-text wpcf7-validates-as-required\" aria-required=\"true\" aria-invalid=\"false\" value=\"\" type=\"text\" name=\"frecventa-receptiei\" \/><\/span>\n<\/p>\n<p class=\"user-zone__message\">Program detaliat\n<\/p>\n<p><label>Limba:<\/label><br \/>\n<span class=\"wpcf7-form-control-wrap\" data-name=\"limba\"><input size=\"40\" maxlength=\"400\" class=\"wpcf7-form-control wpcf7-text wpcf7-validates-as-required\" aria-required=\"true\" aria-invalid=\"false\" value=\"\" type=\"text\" name=\"limba\" \/><\/span><br \/>\n<label>Detalii despre program:<\/label><br \/>\n<span class=\"wpcf7-form-control-wrap\" data-name=\"detalii-despre-program\"><textarea cols=\"40\" rows=\"10\" maxlength=\"2000\" class=\"wpcf7-form-control wpcf7-textarea wpcf7-validates-as-required\" aria-required=\"true\" aria-invalid=\"false\" name=\"detalii-despre-program\"><\/textarea><\/span>\n<\/p>\n<p class=\"user-zone__message\">Calitatea recep\u021biei\n<\/p>\n<p><label>Puterea semnalului (S):<\/label><br \/>\n<span class=\"wpcf7-form-control-wrap\" data-name=\"puterea-semnalului\"><select class=\"wpcf7-form-control wpcf7-select wpcf7-validates-as-required\" aria-required=\"true\" aria-invalid=\"false\" name=\"puterea-semnalului\"><option value=\"\">&#8212;Please choose an option&#8212;<\/option><option value=\"excelent\u0103\">excelent\u0103<\/option><option value=\"bun\u0103\">bun\u0103<\/option><option value=\"satisf\u0103c\u0103toare\">satisf\u0103c\u0103toare<\/option><option value=\"slab\u0103\">slab\u0103<\/option><option value=\"foarte slab\u0103\">foarte slab\u0103<\/option><\/select><\/span><br \/>\n<label>Interferen\u0163\u0103 (I):<\/label><br \/>\n<span class=\"wpcf7-form-control-wrap\" data-name=\"interferenta\"><select class=\"wpcf7-form-control wpcf7-select wpcf7-validates-as-required\" aria-required=\"true\" aria-invalid=\"false\" name=\"interferenta\"><option value=\"\">&#8212;Please choose an option&#8212;<\/option><option value=\"niciuna\">niciuna<\/option><option value=\"slab\u0103\">slab\u0103<\/option><option value=\"medie\">medie<\/option><option value=\"puternic\u0103\">puternic\u0103<\/option><option value=\"foarte puternic\u0103\">foarte puternic\u0103<\/option><\/select><\/span><br \/>\n<label>Zgomotul (N):<\/label><br \/>\n<span class=\"wpcf7-form-control-wrap\" data-name=\"zgomotul\"><select class=\"wpcf7-form-control wpcf7-select wpcf7-validates-as-required\" aria-required=\"true\" aria-invalid=\"false\" name=\"zgomotul\"><option value=\"\">&#8212;Please choose an option&#8212;<\/option><option value=\"niciunul\">niciunul<\/option><option value=\"slab\">slab<\/option><option value=\"mediu\">mediu<\/option><option value=\"puternic\">puternic<\/option><option value=\"foarte puternic\">foarte puternic<\/option><\/select><\/span><br \/>\n<label>Perturb\u0103ri ale propag\u0103rii (P):<\/label><br \/>\n<span class=\"wpcf7-form-control-wrap\" data-name=\"perturbari\"><select class=\"wpcf7-form-control wpcf7-select wpcf7-validates-as-required\" aria-required=\"true\" aria-invalid=\"false\" name=\"perturbari\"><option value=\"\">&#8212;Please choose an option&#8212;<\/option><option value=\"niciunul\">niciunul<\/option><option value=\"slab\">slab<\/option><option value=\"mediu\">mediu<\/option><option value=\"puternic\">puternic<\/option><option value=\"foarte puternic\">foarte puternic<\/option><\/select><\/span><br \/>\n<label>Nota general\u0103 (O):<\/label><br \/>\n<span class=\"wpcf7-form-control-wrap\" data-name=\"nota-generala\"><select class=\"wpcf7-form-control wpcf7-select wpcf7-validates-as-required\" aria-required=\"true\" aria-invalid=\"false\" name=\"nota-generala\"><option value=\"\">&#8212;Please choose an option&#8212;<\/option><option value=\"1\">1<\/option><option value=\"2\">2<\/option><option value=\"3\">3<\/option><option value=\"4\">4<\/option><option value=\"5\">5<\/option><\/select><\/span>\n<\/p>\n<p class=\"user-zone__message\">Alte informa\u021bii\n<\/p>\n<p><label>Comentarii (remarci, comentarii, informa\u0163ii, sugestii...):<\/label><br \/>\n<span class=\"wpcf7-form-control-wrap\" data-name=\"comentarii\"><textarea cols=\"40\" rows=\"10\" maxlength=\"2000\" class=\"wpcf7-form-control wpcf7-textarea wpcf7-validates-as-required\" aria-required=\"true\" aria-invalid=\"false\" name=\"comentarii\"><\/textarea><\/span>\n<\/p>\n<p><span class=\"wpcf7-form-control-wrap\" data-name=\"acceptare-gdpr\"><span class=\"wpcf7-form-control wpcf7-acceptance\"><span class=\"wpcf7-list-item\"><label><input type=\"checkbox\" name=\"acceptare-gdpr\" value=\"1\" aria-invalid=\"false\" \/><span class=\"wpcf7-list-item-label\">Prin completarea acestui formular apar\u0163in\u00e2nd RRI consider\u0103m c\u0103 sunte\u0163i de acord ca datele dvs. personale solicitate s\u0103 intre \u00een baza de date RRI pentru prelucrare \u00een scopuri de informare, marketing \u015fi publicitate. RRI se oblig\u0103 s\u0103 respecte prevederileRegulamentului (UE) 2016\/679 privind protec\u0163ia datelor cu caracter personal. La cererea dvs. expres\u0103, prin e-mail, RRI nu va mai stoca \u015fi folosi datele dvs. personale.<\/span><\/label><\/span><\/span><\/span>\n<\/p>\n<p><input class=\"wpcf7-form-control wpcf7-submit has-spinner\" type=\"submit\" value=\"Trimite formularul de recep\u021bie\" \/>\n<\/p><p style=\"display: none !important;\" class=\"akismet-fields-container\" data-prefix=\"_wpcf7_ak_\"><label>&#916;<textarea name=\"_wpcf7_ak_hp_textarea\" cols=\"45\" rows=\"8\" maxlength=\"100\"><\/textarea><\/label><input type=\"hidden\" id=\"ak_js_1\" name=\"_wpcf7_ak_js\" value=\"27\"\/><script>document.getElementById( \"ak_js_1\" ).setAttribute( \"value\", ( new Date() ).getTime() );<\/script><\/p><div class=\"wpcf7-response-output\" aria-hidden=\"true\"><\/div>\n<\/form>\n<\/div>\n\n","protected":false},"excerpt":{"rendered":"","protected":false},"author":1,"featured_media":0,"parent":0,"menu_order":0,"comment_status":"closed","ping_status":"closed","template":"template-formular.php","meta":{"_acf_changed":false,"footnotes":""},"coauthors":[113312],"class_list":["post-655098","page","type-page","status-publish","hentry"],"acf":[],"yoast_head":"<!-- This site is optimized with the Yoast SEO plugin v27.3 - https:\/\/yoast.com\/product\/yoast-seo-wordpress\/ -->\n<title>Formular de recep\u021bie - Radio Rom\u00e2nia Interna\u021bional<\/title>\n<meta name=\"robots\" content=\"index, follow, max-snippet:-1, max-image-preview:large, max-video-preview:-1\" \/>\n<link rel=\"canonical\" href=\"https:\/\/www.rri.ro\/ro_ar\/formular-de-receptie\" \/>\n<meta property=\"og:locale\" content=\"ro_RO\" \/>\n<meta property=\"og:type\" content=\"article\" \/>\n<meta property=\"og:title\" content=\"Formular de recep\u021bie - Radio Rom\u00e2nia Interna\u021bional\" \/>\n<meta property=\"og:url\" content=\"https:\/\/www.rri.ro\/ro_ar\/formular-de-receptie\" \/>\n<meta property=\"og:site_name\" content=\"Radio Rom\u00e2nia Interna\u021bional\" \/>\n<meta property=\"article:modified_time\" content=\"2024-02-22T07:25:30+00:00\" \/>\n<meta name=\"twitter:card\" content=\"summary_large_image\" \/>\n<meta name=\"twitter:label1\" content=\"Written by\" \/>\n\t<meta name=\"twitter:data1\" content=\"admin\" \/>\n<script type=\"application\/ld+json\" class=\"yoast-schema-graph\">{\"@context\":\"https:\\\/\\\/schema.org\",\"@graph\":[{\"@type\":\"WebPage\",\"@id\":\"https:\\\/\\\/www.rri.ro\\\/ro_ar\\\/formular-de-receptie\",\"url\":\"https:\\\/\\\/www.rri.ro\\\/ro_ar\\\/formular-de-receptie\",\"name\":\"Formular de recep\u021bie - Radio Rom\u00e2nia Interna\u021bional\",\"isPartOf\":{\"@id\":\"https:\\\/\\\/www.rri.ro\\\/#website\"},\"datePublished\":\"2024-02-21T19:20:21+00:00\",\"dateModified\":\"2024-02-22T07:25:30+00:00\",\"breadcrumb\":{\"@id\":\"https:\\\/\\\/www.rri.ro\\\/ro_ar\\\/formular-de-receptie#breadcrumb\"},\"inLanguage\":\"ro-AR\",\"potentialAction\":[{\"@type\":\"ReadAction\",\"target\":[\"https:\\\/\\\/www.rri.ro\\\/ro_ar\\\/formular-de-receptie\"]}]},{\"@type\":\"BreadcrumbList\",\"@id\":\"https:\\\/\\\/www.rri.ro\\\/ro_ar\\\/formular-de-receptie#breadcrumb\",\"itemListElement\":[{\"@type\":\"ListItem\",\"position\":1,\"name\":\"Prima pagin\u0103\",\"item\":\"https:\\\/\\\/www.rri.ro\\\/ro_ar\"},{\"@type\":\"ListItem\",\"position\":2,\"name\":\"Formular de recep\u021bie\"}]},{\"@type\":\"WebSite\",\"@id\":\"https:\\\/\\\/www.rri.ro\\\/#website\",\"url\":\"https:\\\/\\\/www.rri.ro\\\/\",\"name\":\"Radio Rom\u00e2nia Interna\u021bional\",\"description\":\"Totul despre Rom\u00e2nia \u015fi rom\u00e2ni, \u00een 13 limbi\\\/dialecte!\",\"inLanguage\":\"ro-AR\"}]}<\/script>\n<!-- \/ Yoast SEO plugin. -->","yoast_head_json":{"title":"Formular de recep\u021bie - Radio Rom\u00e2nia Interna\u021bional","robots":{"index":"index","follow":"follow","max-snippet":"max-snippet:-1","max-image-preview":"max-image-preview:large","max-video-preview":"max-video-preview:-1"},"canonical":"https:\/\/www.rri.ro\/ro_ar\/formular-de-receptie","og_locale":"ro_RO","og_type":"article","og_title":"Formular de recep\u021bie - Radio Rom\u00e2nia Interna\u021bional","og_url":"https:\/\/www.rri.ro\/ro_ar\/formular-de-receptie","og_site_name":"Radio Rom\u00e2nia Interna\u021bional","article_modified_time":"2024-02-22T07:25:30+00:00","twitter_card":"summary_large_image","twitter_misc":{"Written by":"admin"},"schema":{"@context":"https:\/\/schema.org","@graph":[{"@type":"WebPage","@id":"https:\/\/www.rri.ro\/ro_ar\/formular-de-receptie","url":"https:\/\/www.rri.ro\/ro_ar\/formular-de-receptie","name":"Formular de recep\u021bie - Radio Rom\u00e2nia Interna\u021bional","isPartOf":{"@id":"https:\/\/www.rri.ro\/#website"},"datePublished":"2024-02-21T19:20:21+00:00","dateModified":"2024-02-22T07:25:30+00:00","breadcrumb":{"@id":"https:\/\/www.rri.ro\/ro_ar\/formular-de-receptie#breadcrumb"},"inLanguage":"ro-AR","potentialAction":[{"@type":"ReadAction","target":["https:\/\/www.rri.ro\/ro_ar\/formular-de-receptie"]}]},{"@type":"BreadcrumbList","@id":"https:\/\/www.rri.ro\/ro_ar\/formular-de-receptie#breadcrumb","itemListElement":[{"@type":"ListItem","position":1,"name":"Prima pagin\u0103","item":"https:\/\/www.rri.ro\/ro_ar"},{"@type":"ListItem","position":2,"name":"Formular de recep\u021bie"}]},{"@type":"WebSite","@id":"https:\/\/www.rri.ro\/#website","url":"https:\/\/www.rri.ro\/","name":"Radio Rom\u00e2nia Interna\u021bional","description":"Totul despre Rom\u00e2nia \u015fi rom\u00e2ni, \u00een 13 limbi\/dialecte!","inLanguage":"ro-AR"}]}},"_links":{"self":[{"href":"https:\/\/www.rri.ro\/ro_ar\/wp-json\/wp\/v2\/pages\/655098","targetHints":{"allow":["GET"]}}],"collection":[{"href":"https:\/\/www.rri.ro\/ro_ar\/wp-json\/wp\/v2\/pages"}],"about":[{"href":"https:\/\/www.rri.ro\/ro_ar\/wp-json\/wp\/v2\/types\/page"}],"author":[{"embeddable":true,"href":"https:\/\/www.rri.ro\/ro_ar\/wp-json\/wp\/v2\/users\/1"}],"replies":[{"embeddable":true,"href":"https:\/\/www.rri.ro\/ro_ar\/wp-json\/wp\/v2\/comments?post=655098"}],"version-history":[{"count":0,"href":"https:\/\/www.rri.ro\/ro_ar\/wp-json\/wp\/v2\/pages\/655098\/revisions"}],"wp:attachment":[{"href":"https:\/\/www.rri.ro\/ro_ar\/wp-json\/wp\/v2\/media?parent=655098"}],"wp:term":[{"taxonomy":"author","embeddable":true,"href":"https:\/\/www.rri.ro\/ro_ar\/wp-json\/wp\/v2\/coauthors?post=655098"}],"curies":[{"name":"wp","href":"https:\/\/api.w.org\/{rel}","templated":true}]}}