{"id":701613,"date":"2023-05-16T13:48:35","date_gmt":"2023-05-16T10:48:35","guid":{"rendered":"http:\/\/devrri.freshlemon.ro\/?page_id=701613"},"modified":"2024-03-04T15:48:12","modified_gmt":"2024-03-04T13:48:12","slug":"termini-si-conditii","status":"publish","type":"page","link":"https:\/\/www.rri.ro\/ro_ar\/termini-si-conditii","title":{"rendered":"Termin\u2019i \u015fi condi\u0163ii"},"content":{"rendered":"<p class=\"sumar\">Aestu website (cu numa cama largu Site\/Site-ul) easte h\u00e2z\u00e2re public la adresa http:\/\/www.rri.ro \u015fi easte a Su\u0163itatil\u2019ei Rom\u00e2n\u0103 di Radiodifuziune (SRR), Strada Gheneral Berthelot nr. 60-64, sectorul 1, Bucure\u015fti, Rom\u00e2nia.<\/p>\n<div class=\"body_text speciallinks\">\n<p><em><strong>Aestu website (cu numa ma largu Site\/Site-ul) easte disponibil public la adresa http:\/\/www.rri.ro \u015fi easte a\u00a0 Su\u0163itatil\u2019ei Rom\u00e2n\u0103 di Radiodifuziune (SRR), Strada Gheneral Berthelot nr. 60-64, sectorul 1, Bucure\u015fti, Rom\u00e2nia.<\/strong><\/em><\/p>\n<p>Aestu website (cu numa cama largu Site\/Site-ul) easte h\u00e2z\u00e2re public la adresa\u00a0<a href=\"http:\/\/www.rri.ro\/\">http:\/\/www.rri.ro<\/a>\u00a0\u015fi easte a Su\u0163itatil\u2019ei Rom\u00e2n\u0103 di Radiodifuziune (SRR), Strada Gheneral Berthelot nr. 60-64, sectorul 1, Bucure\u015fti, Rom\u00e2nia.<\/p>\n<p>Radio Rom\u00e2nia Interna\u0163ional (RRI) fa\u0163e parte din SRR, serviciu public,\u00a0\u015fi \u00ee\u015fi fa\u0163e lucurlu \u00een limitile Leadzil\u2019ei 41\/1994 republicate, cu al\u00e2xirile \u015fi complet\u0103rile ulterioare, \u015fi a Leadzil\u2019ei audiovizualului, nr. 504\/2002, cu modific\u0103rile \u015fi complet\u0103rile ulterioare.<\/p>\n<p>Scupolu\u00a0<a href=\"http:\/\/www.rri.ro\/\">www.rri.ro<\/a>\u00a0easte tra s\u00e2 ofer\u00e2 a utilizatorilor acces la informa\u0163ii \u015fi con\u0163\u00e2nuturi jurnalisti\u0163e dispre ic\u0103 \u0163i au lig\u00e2tur\u00e2 cu Rom\u00e2nia, politica l\u2019ei intern\u0103 \u015fi extern\u0103, dispre RRI, ninca \u015fi de\u00a0 realizare un\u00e2 comunitate online \u00eenvarliga postului interna\u0163ional a serviciului public di radiodifuziune din Rom\u00e2nia.<\/p>\n<p>I\u0163e utilizare\u00a0 a\u0163istui Site ic\u0103 a serviciilor a lui va sib\u00e2 lughursit\u00e2 un acceptu integral a termin\u2019ilor \u015fi condi\u0163iilor di-tru prezentul documentu.<\/p>\n<p>RRI \u00ee\u015fi rezerv\u0103 ndreptul di a modificare a\u0163ist documentu tru i\u0163e momentu \u015fi tru i\u0163e turlie. Modific\u0103rile intr\u00e2 pi puteare din momentul \u00een care suntu publicate, di a\u0163ea aform\u2019ie v\u0103 invit\u0103m s\u0103 reciti\u0163 periodic termin\u2019l\u2019i \u015fi condi\u0163iile. Ma c\u0103, tru i\u0163e momentu, nu mata hi\u0163 simfun\u2019i \u00een integralitate cu termin\u2019l\u2019i \u015fi condi\u0163iile v\u0103 paraclasim s\u0103 nu ma accesa\u0163 Site-ul.<\/p>\n<p>\u00cen cazul a unor incidente di i\u0163e turlie, \u0163i cur\u00e2 di-tru ofelisirea sau interpretarea con\u0163\u00e2nutului a Site-ului, Su\u0163itatea Rom\u00e2n\u0103 di Radiodifuziune nu poate sib\u00e2 fapt\u00e2 responsabil\u0103 tru ni\u0163iun\u00e2 turlie. SRR nu poate sib\u00e2 \u0163\u00e2nut\u00e2 s\u00e2 da giuvape c\u0103tr\u0103 dumnil\u2019le a voastre ic\u0103 i\u0163e ter\u0163\u0103 persoan\u0103\/institu\u0163ie tr\u00e2 ni\u0163iun\u00e2 turlie di zim\u2019ii ic\u0103 mbodgh\u2019iuri fapte pri-tru \u0163iva disfunc\u0163ionalit\u0103\u0163 a Site-ului, suspendarea a unor servicii, erori ap\u0103rute tru con\u0163\u00e2nuturi, viteza di transfer a datilor ic\u0103 elipsea a emisil\u2019ei online.<\/p>\n<p>Tsi cara c\u0103 fa\u0163im gairete ahtare turlie \u00eenc\u00e2t \u00eentregul con\u0163\u00e2nut s\u0103 aib\u0103 acurate\u0163e maxim\u0103, nu n\u00e2 u lom r\u0103spundirea tr\u00e2 tut\u0103 informa\u0163ia afi\u015fat\u0103. Informa\u0163iile di-tru Site nu sib\u00e2 loate ca urminii profesioniste \u015fi nu suntu recomand\u0103ri finale.<\/p>\n<p>Con\u0163\u00e2nutul a Site-ului, incluz\u00e2nda texte, fotografii, fi\u015fiere audio, fi\u015fiere video, streaming-ul, bannere, anima\u0163ii, grafi\u0163e, ninca \u015fi design-ul a Site-ului \u015fi baza di date colectat\u0103 di la utilizatori apar\u0163\u00e2n a SRR\/RRI \u015fi suntu protejate di leadzea ndreptului di autor \u015fi a ndrepturilor conexe. Tute ndrepturile di copiere, reprodu\u0163ire \u015fi distribu\u0163ie sub i\u0163e form\u0103 suntu rezervate \u015fi apar\u0163\u00e2n a SRR\/RRI, \u00een conformitate cu leghisla\u0163ia \u00een vigoare.<\/p>\n<p>Con\u0163\u00e2nutul a\u0163istui Site nu poate sib\u00e2 copiat, reprodus, republicat, recompilat, duplicat, modificat, disc\u0103rcat, postat, vindut, revindut, exploatat, difuzat sau transmis tru ni\u0163eun\u00e2 turlie, par\u0163ial sau total, cu excep\u0163ia cazurilor di ofelisire \u00een interes personal, nicomercial. Easte intirdz\u00e2s\u0103 \u015fi crearea di componente\/produse ic\u0103 servicii complete derivate.<\/p>\n<p>Priluarea\u00a0 informa\u0163ii di c\u0103tr\u0103 alte mass-media poate sib\u00e2 fapt\u00e2 ma\u015fi cu spunirea a surs\u00e2l\u2019ei amplasat\u00e2 vizibil \u015fi cu link c\u0103tr\u0103 Site, di forma: \u201cSursa: RRI &#8211;\u00a0<a href=\"http:\/\/www.rri.ro\/\">www.rri.ro<\/a>.\u201c Acceptul prealabil a RRI lipsea\u015fte sib\u00e2 ob\u0163\u00e2nut \u00een i\u0163e situa\u0163ie care caft\u00e2 ofelisirea con\u0163\u00e2nutului a Site-ului. C\u0103lcarea a\u0163istei condi\u0163ie du\u0163e la un conflictu pi care SRR va-s mutreasc\u00e2 s\u0103-l rezolv\u00e2 cama ninte pi cale amiabila \u015fi apoia pi cale juridic\u0103, \u015fi s\u00e2 si adreseadz\u00e2 a unei instan\u0163e din Rom\u00e2nia.<\/p>\n<p>Lig\u0103turile cu alte site-uri suntu realizate tr\u00e2 informarea cama mare a userilor. Site-ul nu da giuvape tru ni\u0163eun\u00e2 turlie tr\u00e2 informa\u0163iile di-tru site-urile la care fa\u0163e pitrea\u0163ire.<\/p>\n<p>Responsabilitatea a comentariilor postate pi Site apar\u0163\u00e2 dicutotalui autorilor a\u0163istor. Comentariile \u0163i nu si refer\u0103 la articolul postat nu va sib\u00e2 publicate. RRI nu va-s public\u00e2 r\u0103spunsuri sau comentarii \u0163i agudescu ndrepturile a persoan\u00e2l\u2019ei ic\u0103 lu calc\u00e2 nomul. RRI nu va-s publicheadz\u00e2 comentarii care fac reclam\u0103 sau con\u0163\u00e2n link-uri. Comentariile \u0163i au\u00a0 numire di telefon sau adrese di e-mail nu va sib\u00e2 publicate di aform\u2019ia c\u0103 nu putem s\u00e2 verific\u0103m autenticitatea a lor.<\/p>\n<p>Easte intirdz\u00e2s s\u0103 ofelisi\u0163 Site-ul tr\u00e2 afi\u015fa ic\u0103 transmitire tru i\u0163e turlie material \u0163i are caractir fuvirsitor, falsu, ar\u00e2ditor, abuziv, di stuhinare, licen\u0163ios, calomniator, vulgar, obschen, scandalos, instigator, discriminator, rasistu, extremistu, pornografic ic\u0103 profanator, sau i\u0163e alt\u00e2 turlie di material \u0163i poate s\u00e2 constituie ic\u0103 s\u00e2 \u00eencurajeadz\u00e2 un comportament \u0163i va-s puteare s-da na\u015ftire a unei infrac\u0163iune, ic\u0103 s\u00e2 condu\u0163ire la r\u0103spundire civil\u0103 \u015fi si c\u0103lcare tru i\u0163e alt\u00e2 turlie nomul. SRR\/RRI va s\u00e2 coopereadz\u00e2 cu i\u0163e caresib\u00e2 di autorit\u0103\u0163ile desemnate s\u0103 aplic\u00e2 leadzea \u015fi va s\u00e2 si conformeadz\u00e2 cu i\u0163e sentin\u0163\u0103 giudic\u0103toreasc\u0103 pri-tru care si caft\u00e2 a SRR\/RRI s-u spun\u00e2\u00a0 identitatea a i\u0163e persoan\u00e2 care minduia\u015fte di afi\u015feadz\u00e2 ic\u0103 transmite i\u0163e turlie\u00a0 di informa\u0163ie ic\u0103 material ahtare pi ic\u0103 pri-tru intermediul a Site-ului.<\/p>\n<p>Ma c\u0103 s\u00e2 ave\u0163 dor s\u0103 v\u0103 adresa\u0163 a redac\u0163il\u2019ei \u00een lig\u0103tur\u0103 cu con\u0163\u00e2nutul a\u0163istui Site ic\u0103 pi un altu subiectu, v\u0103 paraclasim s\u0103 n\u00e2 scrii\u0163 la\u00a0<a href=\"mailto:rri@rri.ro\">rri@rri.ro<\/a>. Tute mesajile pitricute suntu analizate \u015fi suntu repartizate \u00een videarea formularil\u2019ei v\u00e2rnui r\u0103spunsu din partea RRI.<\/p>\n<p>Utilizatoril\u2019i \u0163i pitrec informa\u0163ii sau con\u0163\u00e2nuturi c\u0103tr\u0103 site-ul\u00a0<a href=\"http:\/\/www.rri.ro\/\">www.rri.ro<\/a>\u00a0\u00ee\u015fi l\u2019ia borgea s\u00e2\u00a0 nu calc\u00e2 tru ni\u0163e un\u00e2 turlie ndrepturile di autor pi care un\u00e2 ter\u0163\u0103 persoan\u0103\/institu\u0163ie poate s-li aib\u00e2, leghisla\u0163ia rom\u00e2n\u0103 \u015fi a\u0163ea interna\u0163ional\u0103, ndrepturile di proprietate intelectual\u0103, patentile sau m\u0103rchile \u015fi easte implicit simfun c\u0103 r\u0103spundirea tr\u00e2 c\u0103lcarea a\u0163istor l\u00e2 easte a lor dicutotalui. Pri-tru con\u0163\u00e2nuturile pi care li expedia\u0163 c\u0103tr\u0103 site-ul RRI hi\u0163 simfun\u2019i s\u0103 da\u0163 a RRI ndreptul di a ofelisire, a reprodu\u0163ire, publicare, adaptare, tradu\u0163ire \u015fi di a b\u00e2gare la dispozi\u0163ia publicului aeste con\u0163\u00e2nuturi.<\/p>\n<p>Utilizatoril\u2019i\u00a0<a href=\"http:\/\/www.rri.ro\/\">www.rri.ro<\/a>\u00a0suntu simfun\u2019i acord ca, la c\u00e2ftarea SRR\/RRI, s\u0103 discarc\u00e2 di r\u0103spundire\u00a0<a href=\"http:\/\/www.rri.ro\/\">www.rri.ro<\/a>\u00a0\u015fi SRR\/RRI tr\u00e2 i\u0163e ac\u0163iun\u2019i judiciare\/extrajudiciare \u015fi s\u0103 acoapir\u00e2 h\u0103rgile di giudicat\u0103 \u015fi i\u0163e alte h\u0103rgi \u0163i pot s\u0103 apar\u0103 di aform\u2019ia a c\u0103lc\u0103ril\u2019ei di c\u0103tr\u0103 utilizatoril\u2019i respectivi a clauzilor a prezentului documentu.<\/p>\n<p>Datile personale sunt furnizate di utilizatori tru oara a\u00a0 participaril\u2019ei la campanii sau chestionare organizate di\u00a0<a href=\"http:\/\/www.rri.ro\/\">www.rri.ro<\/a>, ale ofelisire a formularilor di feedback ic\u0103 pri-tru \u00eenscriirea la serviciul di newsletter.<\/p>\n<p>Tr\u00e2 ofelisire serviciile oferite di\u00a0<a href=\"http:\/\/www.rri.ro\/\">www.rri.ro<\/a>\u00a0v\u0103 obliga\u0163 s\u0103 furniza\u0163 \u015fi s\u0103 actualiza\u0163, ma sib\u00e2 ananghe, date adivirate, exacte \u015fi complete dispre dumnil\u2019ia a voastr\u0103, uidisit a formularului (formularilor) di \u00eenregistrare; ma c\u0103 va s-furniza\u0163 informa\u0163ii niconforme cu realitatea, inexacte sau incomplete, RRI are ndreptul s\u0103 suspend\u00e2\/deshiin\u0163eadz\u00e2 contul ale dumnil\u2019e a voastr\u0103 \u015fi s\u0103 v\u0103 refuz\u00e2 intrarea pi Site. Ma c\u0103 utiliza\u0163 alt\u00e2 num\u00e2 sau un\u00e2 adres\u0103 di e-mail \u0163i nu v\u0103 apar\u0163\u00e2ne, \u00eenreghistrarea va sib\u00e2 a\u015ftears\u0103, accesul blocat \u015fi \u00een cazul a unor zim\u2019ii provocate a membrilor a\u00a0 comunitatil\u2019ei, RRI\/SRR ic\u0103 a Site-ului datile va sib\u00e2 date a Poli\u0163il\u2019ei \u015fi a organilor di anchet\u0103. Utilizatoril\u2019i a Site-ului nu va-s l\u2019ia ni\u0163eun\u00e2 informa\u0163ie dispre ni\u0163eun altu utilizator a Site-ului.<\/p>\n<p>Conformu a Leadzil\u2019ei nr. 677\/2001 tr\u00e2 protec\u0163ia persoanilor tru \u0163i mutrea\u015fte prilucrarea datilor cu caractir personal \u015fi libira urdinare a\u0163istor date, modificat\u0103 \u015fi completat\u0103, pricum \u015fi leadzil\u2019ei nr. 506\/2004 mutrinda prilucrarea datilor cu caractir personal \u015fi protec\u0163ia ban\u00e2l\u2019ei privat\u00e2 \u00een sectorul a comunica\u0163iilor electroni\u0163e,\u00a0<a href=\"http:\/\/www.rri.ro\/\">www.rri.ro<\/a>\u00a0va-s administreadz\u00e2 datile furnizate di utilizatori ma\u015fi \u00een condi\u0163ii di siguran\u0163\u0103 \u015fi ma\u015fi tru scupolurile specificate. RRI va-s l\u2019ia misurile tehni\u0163e adecvate tr\u00e2 protejarea a datilor ale dumnil\u2019e a voastr\u0103 cu caractir personal, contra ale\u00a0 distrudzire accidentale sau ilegale, a cheardiril\u2019ei, al\u00e2xiril\u2019ei, dezv\u0103luiril\u2019ei sau accesului neautorizat.<\/p>\n<p>Conformu a Leadzil\u2019ei nr. 677\/2001, ave\u0163 \u00eendreptul di acces, di interven\u0163ie asupra a datilor, \u00eendreptul s-nu hi\u0163 supus a unei decizie di un insu (individual\u00e2) \u015fi ndreptul s\u00e2 v\u0103 adresa\u0163 a justi\u0163il\u2019ei. Tutun\u00e2oar\u00e2, ave\u0163 \u00eendreptul s\u0103 v\u0103 opuni\u0163 a prilucraril\u2019ei a datilor personale ale dumnil\u2019e a voastr\u00e2 \u015fi s\u0103 solicita\u0163 a\u015fteardzirea datilor. In cazul c\u0103 vre\u0163 ca datile ale dumnil\u2019e a voastr\u0103 s\u0103 nu hib\u00e2 colectate, a\u0163el cama ghine easte s\u0103 nu li pitrea\u0163i\u0163 c\u0103tr\u0103 noi.<\/p>\n<p>Pute\u0163 s\u00e2 n\u00e2 scrii\u0163 pri-tru e-mail, la\u00a0<a href=\"mailto:rri@rri.ro\">rri@rri.ro<\/a>\u00a0\u015fi \u00een scris la adresa Radio Rom\u00e2nia Interna\u0163ional, Strada Gheneral Berthelot nr. 60-64, sectorul 1 Bucure\u015fti, cod 010165, Rom\u00e2nia.<\/p>\n<p>RRI si angajeadz\u0103 s\u0103 nu pitreac\u00e2 mesaje spam.<\/p>\n<p>Site-ul\u00a0<a href=\"http:\/\/www.rri.ro\/\">www.rri.ro<\/a>\u00a0ofelisea\u015fte Google Analytics, un serviciu di analiz\u0103 web furnizat di Google. Google Analytics ofelisea\u015fte \u201ccookies\u201d, fi\u015fiere text plasate \u00een computer, tr\u00e2 agiutare Site-ul s\u0103 analizeadz\u00e2 modul \u00een care utilizatoril\u2019i \u00eel ofelisescu. Informa\u0163iile ghenerate di cookie-ul tr\u00e2 utilizarea di c\u0103tr\u0103 dvs. a Site-ului (inclusiv adresa dvs. IP), va sib\u00e2 transmise \u015fi stocate di Google pi serverele di-tru SUA \u015fi va sib\u00e2 ofelisite tr\u00e2 evaluarea a utilizaril\u2019ei di c\u0103tr\u0103 dvs. a Site-ului, fa\u0163irea a rapoartilor di cercetare a Site-ului tr\u00e2 operatoril\u2019i di site \u015fi furnizarea di alte servicii ligate di activitatea \u015fi di utilizarea Internetului pi\u00a0<a href=\"http:\/\/www.rri.ro\/\">www.rri.ro<\/a>. Google poate s\u00e2 transfer\u00e2 aeste informa\u0163ii a unor ter\u0163e p\u0103r\u0163\u00e2, \u00een cazul \u00een care aestu lucru easte c\u00e2ftat pri-tru nom sau \u00een cazul \u00een care ter\u0163e p\u0103r\u0163\u00e2 fac zim\u2019ie a procesului di informa\u0163ii ligat di numa Google. Ave\u0163 \u00eendreptul s\u0103 refuza\u0163 utilizarea di cookie-uri pri-tru selectarea a set\u0103rilor corespunz\u0103toare tru browser-ul ale dumnil\u2019e a voastr\u00e2. Ma c\u0103 realiza\u0163 a\u0163iste set\u0103ri easte posibil s\u0103 nu pute\u0163 s-ave\u0163 acces la tute func\u0163iile a Site-ului. Pri-tru utilizarea\u00a0<a href=\"http:\/\/www.rri.ro\/\">www.rri.ro<\/a>\u00a0 hi\u0163 de acordu cu prilucrarea datilor personale di catr\u0103 Google \u00een modul \u015fi\u00a0 scupolurile spuse ma nsus.<\/p>\n<\/div>\n","protected":false},"excerpt":{"rendered":"<p>Aestu website (cu numa cama largu Site\/Site-ul) easte h\u00e2z\u00e2re public la adresa http:\/\/www.rri.ro \u015fi easte a Su\u0163itatil\u2019ei Rom\u00e2n\u0103 di Radiodifuziune (SRR), Strada Gheneral Berthelot nr. 60-64, sectorul 1, Bucure\u015fti, Rom\u00e2nia. Aestu website (cu numa ma largu Site\/Site-ul) easte disponibil public la adresa http:\/\/www.rri.ro \u015fi easte a\u00a0 Su\u0163itatil\u2019ei Rom\u00e2n\u0103 di Radiodifuziune (SRR), Strada Gheneral Berthelot nr. [&hellip;]<\/p>\n","protected":false},"author":202,"featured_media":0,"parent":0,"menu_order":0,"comment_status":"closed","ping_status":"closed","template":"","meta":{"_acf_changed":false,"footnotes":""},"coauthors":[142552],"class_list":["post-701613","page","type-page","status-publish","hentry"],"acf":[],"yoast_head":"<!-- This site is optimized with the Yoast SEO plugin v27.3 - https:\/\/yoast.com\/product\/yoast-seo-wordpress\/ -->\n<title>Termin\u2019i \u015fi condi\u0163ii - Radio Rom\u00e2nia Interna\u021bional<\/title>\n<meta name=\"robots\" content=\"index, follow, max-snippet:-1, max-image-preview:large, max-video-preview:-1\" \/>\n<link rel=\"canonical\" href=\"https:\/\/www.rri.ro\/termeni-de-utilizare\" \/>\n<meta property=\"og:locale\" content=\"ro_RO\" \/>\n<meta property=\"og:type\" content=\"article\" \/>\n<meta property=\"og:title\" content=\"Termin\u2019i \u015fi condi\u0163ii - Radio Rom\u00e2nia Interna\u021bional\" \/>\n<meta property=\"og:description\" content=\"Aestu website (cu numa cama largu Site\/Site-ul) easte h\u00e2z\u00e2re public la adresa http:\/\/www.rri.ro \u015fi easte a Su\u0163itatil\u2019ei Rom\u00e2n\u0103 di Radiodifuziune (SRR), Strada Gheneral Berthelot nr. 60-64, sectorul 1, Bucure\u015fti, Rom\u00e2nia. Aestu website (cu numa ma largu Site\/Site-ul) easte disponibil public la adresa http:\/\/www.rri.ro \u015fi easte a\u00a0 Su\u0163itatil\u2019ei Rom\u00e2n\u0103 di Radiodifuziune (SRR), Strada Gheneral Berthelot nr. [&hellip;]\" \/>\n<meta property=\"og:url\" content=\"https:\/\/www.rri.ro\/termeni-de-utilizare\" \/>\n<meta property=\"og:site_name\" content=\"Radio Rom\u00e2nia Interna\u021bional\" \/>\n<meta property=\"article:modified_time\" content=\"2024-03-04T13:48:12+00:00\" \/>\n<meta name=\"twitter:card\" content=\"summary_large_image\" \/>\n<meta name=\"twitter:label1\" content=\"Est. reading time\" \/>\n\t<meta name=\"twitter:data1\" content=\"9 minutes\" \/>\n\t<meta name=\"twitter:label2\" content=\"Written by\" \/>\n\t<meta name=\"twitter:data2\" content=\"robert.popescu\" \/>\n<script type=\"application\/ld+json\" class=\"yoast-schema-graph\">{\"@context\":\"https:\\\/\\\/schema.org\",\"@graph\":[{\"@type\":\"WebPage\",\"@id\":\"https:\\\/\\\/www.rri.ro\\\/termeni-de-utilizare\",\"url\":\"https:\\\/\\\/www.rri.ro\\\/termeni-de-utilizare\",\"name\":\"Termin\u2019i \u015fi condi\u0163ii - Radio Rom\u00e2nia Interna\u021bional\",\"isPartOf\":{\"@id\":\"https:\\\/\\\/www.rri.ro\\\/#website\"},\"datePublished\":\"2023-05-16T10:48:35+00:00\",\"dateModified\":\"2024-03-04T13:48:12+00:00\",\"breadcrumb\":{\"@id\":\"https:\\\/\\\/www.rri.ro\\\/termeni-de-utilizare#breadcrumb\"},\"inLanguage\":\"ro-AR\",\"potentialAction\":[{\"@type\":\"ReadAction\",\"target\":[\"https:\\\/\\\/www.rri.ro\\\/termeni-de-utilizare\"]}]},{\"@type\":\"BreadcrumbList\",\"@id\":\"https:\\\/\\\/www.rri.ro\\\/termeni-de-utilizare#breadcrumb\",\"itemListElement\":[{\"@type\":\"ListItem\",\"position\":1,\"name\":\"Prima pagin\u0103\",\"item\":\"https:\\\/\\\/www.rri.ro\\\/ro_ar\"},{\"@type\":\"ListItem\",\"position\":2,\"name\":\"Termin\u2019i \u015fi condi\u0163ii\"}]},{\"@type\":\"WebSite\",\"@id\":\"https:\\\/\\\/www.rri.ro\\\/#website\",\"url\":\"https:\\\/\\\/www.rri.ro\\\/\",\"name\":\"Radio Rom\u00e2nia Interna\u021bional\",\"description\":\"Totul despre Rom\u00e2nia \u015fi rom\u00e2ni, \u00een 13 limbi\\\/dialecte!\",\"inLanguage\":\"ro-AR\"}]}<\/script>\n<!-- \/ Yoast SEO plugin. -->","yoast_head_json":{"title":"Termin\u2019i \u015fi condi\u0163ii - Radio Rom\u00e2nia Interna\u021bional","robots":{"index":"index","follow":"follow","max-snippet":"max-snippet:-1","max-image-preview":"max-image-preview:large","max-video-preview":"max-video-preview:-1"},"canonical":"https:\/\/www.rri.ro\/termeni-de-utilizare","og_locale":"ro_RO","og_type":"article","og_title":"Termin\u2019i \u015fi condi\u0163ii - Radio Rom\u00e2nia Interna\u021bional","og_description":"Aestu website (cu numa cama largu Site\/Site-ul) easte h\u00e2z\u00e2re public la adresa http:\/\/www.rri.ro \u015fi easte a Su\u0163itatil\u2019ei Rom\u00e2n\u0103 di Radiodifuziune (SRR), Strada Gheneral Berthelot nr. 60-64, sectorul 1, Bucure\u015fti, Rom\u00e2nia. Aestu website (cu numa ma largu Site\/Site-ul) easte disponibil public la adresa http:\/\/www.rri.ro \u015fi easte a\u00a0 Su\u0163itatil\u2019ei Rom\u00e2n\u0103 di Radiodifuziune (SRR), Strada Gheneral Berthelot nr. [&hellip;]","og_url":"https:\/\/www.rri.ro\/termeni-de-utilizare","og_site_name":"Radio Rom\u00e2nia Interna\u021bional","article_modified_time":"2024-03-04T13:48:12+00:00","twitter_card":"summary_large_image","twitter_misc":{"Est. reading time":"9 minutes","Written by":"robert.popescu"},"schema":{"@context":"https:\/\/schema.org","@graph":[{"@type":"WebPage","@id":"https:\/\/www.rri.ro\/termeni-de-utilizare","url":"https:\/\/www.rri.ro\/termeni-de-utilizare","name":"Termin\u2019i \u015fi condi\u0163ii - Radio Rom\u00e2nia Interna\u021bional","isPartOf":{"@id":"https:\/\/www.rri.ro\/#website"},"datePublished":"2023-05-16T10:48:35+00:00","dateModified":"2024-03-04T13:48:12+00:00","breadcrumb":{"@id":"https:\/\/www.rri.ro\/termeni-de-utilizare#breadcrumb"},"inLanguage":"ro-AR","potentialAction":[{"@type":"ReadAction","target":["https:\/\/www.rri.ro\/termeni-de-utilizare"]}]},{"@type":"BreadcrumbList","@id":"https:\/\/www.rri.ro\/termeni-de-utilizare#breadcrumb","itemListElement":[{"@type":"ListItem","position":1,"name":"Prima pagin\u0103","item":"https:\/\/www.rri.ro\/ro_ar"},{"@type":"ListItem","position":2,"name":"Termin\u2019i \u015fi condi\u0163ii"}]},{"@type":"WebSite","@id":"https:\/\/www.rri.ro\/#website","url":"https:\/\/www.rri.ro\/","name":"Radio Rom\u00e2nia Interna\u021bional","description":"Totul despre Rom\u00e2nia \u015fi rom\u00e2ni, \u00een 13 limbi\/dialecte!","inLanguage":"ro-AR"}]}},"_links":{"self":[{"href":"https:\/\/www.rri.ro\/ro_ar\/wp-json\/wp\/v2\/pages\/701613","targetHints":{"allow":["GET"]}}],"collection":[{"href":"https:\/\/www.rri.ro\/ro_ar\/wp-json\/wp\/v2\/pages"}],"about":[{"href":"https:\/\/www.rri.ro\/ro_ar\/wp-json\/wp\/v2\/types\/page"}],"author":[{"embeddable":true,"href":"https:\/\/www.rri.ro\/ro_ar\/wp-json\/wp\/v2\/users\/202"}],"replies":[{"embeddable":true,"href":"https:\/\/www.rri.ro\/ro_ar\/wp-json\/wp\/v2\/comments?post=701613"}],"version-history":[{"count":0,"href":"https:\/\/www.rri.ro\/ro_ar\/wp-json\/wp\/v2\/pages\/701613\/revisions"}],"wp:attachment":[{"href":"https:\/\/www.rri.ro\/ro_ar\/wp-json\/wp\/v2\/media?parent=701613"}],"wp:term":[{"taxonomy":"author","embeddable":true,"href":"https:\/\/www.rri.ro\/ro_ar\/wp-json\/wp\/v2\/coauthors?post=701613"}],"curies":[{"name":"wp","href":"https:\/\/api.w.org\/{rel}","templated":true}]}}