{"id":711150,"date":"2023-05-16T13:49:16","date_gmt":"2023-05-16T10:49:16","guid":{"rendered":"http:\/\/devrri.freshlemon.ro\/despre-radio-romania-international"},"modified":"2025-12-12T14:00:10","modified_gmt":"2025-12-12T12:00:10","slug":"despre-radio-romania-international","status":"publish","type":"page","link":"https:\/\/www.rri.ro\/ro_ar\/despre-radio-romania-international","title":{"rendered":"Ti Radio Rom\u00e2nia Interna\u021bional"},"content":{"rendered":"\r\n<p>\u00cen conformitate cu Decizia nr. 286 din 2011 a CNA, v\u0103 prezent\u0103m urm\u0103toarele date \u015fi informa\u0163ii despre Radio Rom\u00e2nia Interna\u0163ional (RRI):<\/p>\r\n\r\n\r\n\r\n<ul class=\"wp-block-list\">\r\n<li><strong>Denumirea:<\/strong> Radio Rom\u00e2nia Interna\u0163ional, parte a Societ\u0103\u0163ii Rom\u00e2ne de Radiodifuziune (SRR)<\/li>\r\n\r\n\r\n\r\n<li><strong>Statut social:<\/strong> serviciu public<br \/><strong>Sediul social (adresa po\u015ftal\u0103):<\/strong> Strada General Berthelot nr. 60-64, cod 010165, sectorul 1, Bucure\u015fti, Rom\u00e2nia<\/li>\r\n\r\n\r\n\r\n<li><strong>Numele conduc\u0103torului societ\u0103\u0163ii:<\/strong> Robert Cristian Schwartz, Pre\u015fedinte Director General<\/li>\r\n\r\n\r\n\r\n<li><strong>Numele responsabilului editorial: <\/strong>Marius C\u0103t\u0103lin Furdui, Director Direc\u0163ia Programe<\/li>\r\n\r\n\r\n\r\n<li><strong>Numele reprezentantului legal:<\/strong> Eugen Cojocariu, Secretar general<\/li>\r\n\r\n\r\n\r\n<li><strong>E-mail:<\/strong> <a href=\"mailto:ecojocariu@rri.ro\">ecojocariu@rri.ro<\/a> sau <a href=\"mailto:rri@rri.ro\">rri@rri.ro<\/a><\/li>\r\n\r\n\r\n\r\n<li><strong>Site:<\/strong> <a href=\"http:\/\/www.rri.ro\">www.rri.ro<\/a><\/li>\r\n<\/ul>\r\n\r\n\r\n\r\n<p><strong>Servicii de programe asigurate:<\/strong> emisiuni zilnice \u00een limba rom\u00e2n\u0103, dialectul arom\u00e2n \u015fi 10 limbi str\u0103ine (englez\u0103, francez\u0103, german\u0103, rus\u0103, spaniol\u0103, arab\u0103, chinez\u0103, italian\u0103, ucrainean\u0103 \u015fi s\u00e2rb\u0103), emisiuni s\u0103pt\u0103m\u00e2nale \u00een limba ebraic\u0103<\/p>\r\n","protected":false},"excerpt":{"rendered":"<p>\u00cen conformitate cu Decizia nr. 286 din 2011 a CNA, v\u0103 prezent\u0103m urm\u0103toarele date \u015fi informa\u0163ii despre Radio Rom\u00e2nia Interna\u0163ional (RRI): Servicii de programe asigurate: emisiuni zilnice \u00een limba rom\u00e2n\u0103, dialectul arom\u00e2n \u015fi 10 limbi str\u0103ine (englez\u0103, francez\u0103, german\u0103, rus\u0103, spaniol\u0103, arab\u0103, chinez\u0103, italian\u0103, ucrainean\u0103 \u015fi s\u00e2rb\u0103), emisiuni s\u0103pt\u0103m\u00e2nale \u00een limba ebraic\u0103<\/p>\n","protected":false},"author":1,"featured_media":0,"parent":0,"menu_order":0,"comment_status":"closed","ping_status":"closed","template":"","meta":{"_acf_changed":false,"footnotes":""},"coauthors":[113312],"class_list":["post-711150","page","type-page","status-publish","hentry"],"acf":[],"yoast_head":"<!-- This site is optimized with the Yoast SEO plugin v27.5 - https:\/\/yoast.com\/product\/yoast-seo-wordpress\/ -->\n<title>Ti Radio Rom\u00e2nia Interna\u021bional - Radio Rom\u00e2nia Interna\u021bional<\/title>\n<meta name=\"robots\" content=\"index, follow, max-snippet:-1, max-image-preview:large, max-video-preview:-1\" \/>\n<link rel=\"canonical\" href=\"https:\/\/www.rri.ro\/ro_ar\/despre-radio-romania-international\" \/>\n<meta property=\"og:locale\" content=\"ro_RO\" \/>\n<meta property=\"og:type\" content=\"article\" \/>\n<meta property=\"og:title\" content=\"Ti Radio Rom\u00e2nia Interna\u021bional - Radio Rom\u00e2nia Interna\u021bional\" \/>\n<meta property=\"og:description\" content=\"\u00cen conformitate cu Decizia nr. 286 din 2011 a CNA, v\u0103 prezent\u0103m urm\u0103toarele date \u015fi informa\u0163ii despre Radio Rom\u00e2nia Interna\u0163ional (RRI): Servicii de programe asigurate: emisiuni zilnice \u00een limba rom\u00e2n\u0103, dialectul arom\u00e2n \u015fi 10 limbi str\u0103ine (englez\u0103, francez\u0103, german\u0103, rus\u0103, spaniol\u0103, arab\u0103, chinez\u0103, italian\u0103, ucrainean\u0103 \u015fi s\u00e2rb\u0103), emisiuni s\u0103pt\u0103m\u00e2nale \u00een limba ebraic\u0103\" \/>\n<meta property=\"og:url\" content=\"https:\/\/www.rri.ro\/ro_ar\/despre-radio-romania-international\" \/>\n<meta property=\"og:site_name\" content=\"Radio Rom\u00e2nia Interna\u021bional\" \/>\n<meta property=\"article:modified_time\" content=\"2025-12-12T12:00:10+00:00\" \/>\n<meta name=\"twitter:card\" content=\"summary_large_image\" \/>\n<meta name=\"twitter:label1\" content=\"Est. reading time\" \/>\n\t<meta name=\"twitter:data1\" content=\"1 minute\" \/>\n\t<meta name=\"twitter:label2\" content=\"Written by\" \/>\n\t<meta name=\"twitter:data2\" content=\"admin\" \/>\n<script type=\"application\/ld+json\" class=\"yoast-schema-graph\">{\"@context\":\"https:\\\/\\\/schema.org\",\"@graph\":[{\"@type\":\"WebPage\",\"@id\":\"https:\\\/\\\/www.rri.ro\\\/ro_ar\\\/despre-radio-romania-international\",\"url\":\"https:\\\/\\\/www.rri.ro\\\/ro_ar\\\/despre-radio-romania-international\",\"name\":\"Ti Radio Rom\u00e2nia Interna\u021bional - Radio Rom\u00e2nia Interna\u021bional\",\"isPartOf\":{\"@id\":\"https:\\\/\\\/www.rri.ro\\\/#website\"},\"datePublished\":\"2023-05-16T10:49:16+00:00\",\"dateModified\":\"2025-12-12T12:00:10+00:00\",\"breadcrumb\":{\"@id\":\"https:\\\/\\\/www.rri.ro\\\/ro_ar\\\/despre-radio-romania-international#breadcrumb\"},\"inLanguage\":\"ro-AR\",\"potentialAction\":[{\"@type\":\"ReadAction\",\"target\":[\"https:\\\/\\\/www.rri.ro\\\/ro_ar\\\/despre-radio-romania-international\"]}]},{\"@type\":\"BreadcrumbList\",\"@id\":\"https:\\\/\\\/www.rri.ro\\\/ro_ar\\\/despre-radio-romania-international#breadcrumb\",\"itemListElement\":[{\"@type\":\"ListItem\",\"position\":1,\"name\":\"Prima pagin\u0103\",\"item\":\"https:\\\/\\\/www.rri.ro\\\/ro_ar\"},{\"@type\":\"ListItem\",\"position\":2,\"name\":\"Ti Radio Rom\u00e2nia Interna\u021bional\"}]},{\"@type\":\"WebSite\",\"@id\":\"https:\\\/\\\/www.rri.ro\\\/#website\",\"url\":\"https:\\\/\\\/www.rri.ro\\\/\",\"name\":\"Radio Rom\u00e2nia Interna\u021bional\",\"description\":\"Totul despre Rom\u00e2nia \u015fi rom\u00e2ni, \u00een 13 limbi\\\/dialecte!\",\"inLanguage\":\"ro-AR\"}]}<\/script>\n<!-- \/ Yoast SEO plugin. -->","yoast_head_json":{"title":"Ti Radio Rom\u00e2nia Interna\u021bional - Radio Rom\u00e2nia Interna\u021bional","robots":{"index":"index","follow":"follow","max-snippet":"max-snippet:-1","max-image-preview":"max-image-preview:large","max-video-preview":"max-video-preview:-1"},"canonical":"https:\/\/www.rri.ro\/ro_ar\/despre-radio-romania-international","og_locale":"ro_RO","og_type":"article","og_title":"Ti Radio Rom\u00e2nia Interna\u021bional - Radio Rom\u00e2nia Interna\u021bional","og_description":"\u00cen conformitate cu Decizia nr. 286 din 2011 a CNA, v\u0103 prezent\u0103m urm\u0103toarele date \u015fi informa\u0163ii despre Radio Rom\u00e2nia Interna\u0163ional (RRI): Servicii de programe asigurate: emisiuni zilnice \u00een limba rom\u00e2n\u0103, dialectul arom\u00e2n \u015fi 10 limbi str\u0103ine (englez\u0103, francez\u0103, german\u0103, rus\u0103, spaniol\u0103, arab\u0103, chinez\u0103, italian\u0103, ucrainean\u0103 \u015fi s\u00e2rb\u0103), emisiuni s\u0103pt\u0103m\u00e2nale \u00een limba ebraic\u0103","og_url":"https:\/\/www.rri.ro\/ro_ar\/despre-radio-romania-international","og_site_name":"Radio Rom\u00e2nia Interna\u021bional","article_modified_time":"2025-12-12T12:00:10+00:00","twitter_card":"summary_large_image","twitter_misc":{"Est. reading time":"1 minute","Written by":"admin"},"schema":{"@context":"https:\/\/schema.org","@graph":[{"@type":"WebPage","@id":"https:\/\/www.rri.ro\/ro_ar\/despre-radio-romania-international","url":"https:\/\/www.rri.ro\/ro_ar\/despre-radio-romania-international","name":"Ti Radio Rom\u00e2nia Interna\u021bional - Radio Rom\u00e2nia Interna\u021bional","isPartOf":{"@id":"https:\/\/www.rri.ro\/#website"},"datePublished":"2023-05-16T10:49:16+00:00","dateModified":"2025-12-12T12:00:10+00:00","breadcrumb":{"@id":"https:\/\/www.rri.ro\/ro_ar\/despre-radio-romania-international#breadcrumb"},"inLanguage":"ro-AR","potentialAction":[{"@type":"ReadAction","target":["https:\/\/www.rri.ro\/ro_ar\/despre-radio-romania-international"]}]},{"@type":"BreadcrumbList","@id":"https:\/\/www.rri.ro\/ro_ar\/despre-radio-romania-international#breadcrumb","itemListElement":[{"@type":"ListItem","position":1,"name":"Prima pagin\u0103","item":"https:\/\/www.rri.ro\/ro_ar"},{"@type":"ListItem","position":2,"name":"Ti Radio Rom\u00e2nia Interna\u021bional"}]},{"@type":"WebSite","@id":"https:\/\/www.rri.ro\/#website","url":"https:\/\/www.rri.ro\/","name":"Radio Rom\u00e2nia Interna\u021bional","description":"Totul despre Rom\u00e2nia \u015fi rom\u00e2ni, \u00een 13 limbi\/dialecte!","inLanguage":"ro-AR"}]}},"_links":{"self":[{"href":"https:\/\/www.rri.ro\/ro_ar\/wp-json\/wp\/v2\/pages\/711150","targetHints":{"allow":["GET"]}}],"collection":[{"href":"https:\/\/www.rri.ro\/ro_ar\/wp-json\/wp\/v2\/pages"}],"about":[{"href":"https:\/\/www.rri.ro\/ro_ar\/wp-json\/wp\/v2\/types\/page"}],"author":[{"embeddable":true,"href":"https:\/\/www.rri.ro\/ro_ar\/wp-json\/wp\/v2\/users\/1"}],"replies":[{"embeddable":true,"href":"https:\/\/www.rri.ro\/ro_ar\/wp-json\/wp\/v2\/comments?post=711150"}],"version-history":[{"count":0,"href":"https:\/\/www.rri.ro\/ro_ar\/wp-json\/wp\/v2\/pages\/711150\/revisions"}],"wp:attachment":[{"href":"https:\/\/www.rri.ro\/ro_ar\/wp-json\/wp\/v2\/media?parent=711150"}],"wp:term":[{"taxonomy":"author","embeddable":true,"href":"https:\/\/www.rri.ro\/ro_ar\/wp-json\/wp\/v2\/coauthors?post=711150"}],"curies":[{"name":"wp","href":"https:\/\/api.w.org\/{rel}","templated":true}]}}