{"id":503662,"date":"2023-07-14T06:33:19","date_gmt":"2023-07-14T03:33:19","guid":{"rendered":"http:\/\/devrri.freshlemon.ro\/%d1%81%d0%b2%d1%8f%d0%b7%d0%b0%d1%82%d1%8c%d1%81%d1%8f-%d1%81"},"modified":"2024-02-19T00:17:36","modified_gmt":"2024-02-18T22:17:36","slug":"%d1%81%d0%b2%d1%8f%d0%b7%d0%b0%d1%82%d1%8c%d1%81%d1%8f-%d1%81","status":"publish","type":"page","link":"https:\/\/www.rri.ro\/ru\/%d1%81%d0%b2%d1%8f%d0%b7%d0%b0%d1%82%d1%8c%d1%81%d1%8f-%d1%81","title":{"rendered":"\u041a\u043e\u043d\u0442\u0430\u043a\u0442\u044b"},"content":{"rendered":"<h3>\u0410\u0434\u0440\u0435\u0441: Radio Romania International Str. General Berthelot 60-64 Bucuresti, Romania<\/h3>\n<p>&nbsp;<\/p>\n<h3>\u0422\u0435\u043b\u0435\u0444\u043e\u043d\u044b:<\/h3>\n<p>(40.21) 303.13.07<\/p>\n<p>(40.21) 303.14.88<\/p>\n<p>\u0424\u0430\u043a\u0441:<\/p>\n<p>(40.21) 319.05.62<\/p>\n<p>&nbsp;<\/p>\n<h3>\u041f\u0438\u0448\u0438\u0442\u0435 \u043d\u0430\u043c \u043f\u043e \u044d\u043b\u0435\u043a\u0442\u0440\u043e\u043d\u043d\u043e\u0439 \u043f\u043e\u0447\u0442\u0435:<br \/><span style=\"color: #cc0000;\">rusa@rri.ro<\/span><\/h3>\n","protected":false},"excerpt":{"rendered":"<p>\u0410\u0434\u0440\u0435\u0441: Radio Romania International Str. General Berthelot 60-64 Bucuresti, Romania &nbsp; \u0422\u0435\u043b\u0435\u0444\u043e\u043d\u044b: (40.21) 303.13.07 (40.21) 303.14.88 \u0424\u0430\u043a\u0441: (40.21) 319.05.62 &nbsp; \u041f\u0438\u0448\u0438\u0442\u0435 \u043d\u0430\u043c \u043f\u043e \u044d\u043b\u0435\u043a\u0442\u0440\u043e\u043d\u043d\u043e\u0439 \u043f\u043e\u0447\u0442\u0435:rusa@rri.ro<\/p>\n","protected":false},"author":1,"featured_media":0,"parent":0,"menu_order":0,"comment_status":"closed","ping_status":"closed","template":"","meta":{"_acf_changed":false,"footnotes":""},"coauthors":[113312],"class_list":["post-503662","page","type-page","status-publish","hentry"],"acf":[],"yoast_head":"<!-- This site is optimized with the Yoast SEO plugin v27.5 - https:\/\/yoast.com\/product\/yoast-seo-wordpress\/ -->\n<title>\u041a\u043e\u043d\u0442\u0430\u043a\u0442\u044b - \u0418\u041d\u0422\u0415\u0420\u0420\u0410\u0414\u0418\u041e \u0420\u0423\u041c\u042b\u041d\u0418\u042f<\/title>\n<meta name=\"robots\" content=\"index, follow, max-snippet:-1, max-image-preview:large, max-video-preview:-1\" \/>\n<link rel=\"canonical\" href=\"https:\/\/www.rri.ro\/ru\/\u0441\u0432\u044f\u0437\u0430\u0442\u044c\u0441\u044f-\u0441\" \/>\n<meta property=\"og:locale\" content=\"ru_RU\" \/>\n<meta property=\"og:type\" content=\"article\" \/>\n<meta property=\"og:title\" content=\"\u041a\u043e\u043d\u0442\u0430\u043a\u0442\u044b - \u0418\u041d\u0422\u0415\u0420\u0420\u0410\u0414\u0418\u041e \u0420\u0423\u041c\u042b\u041d\u0418\u042f\" \/>\n<meta property=\"og:description\" content=\"\u0410\u0434\u0440\u0435\u0441: Radio Romania International Str. General Berthelot 60-64 Bucuresti, Romania &nbsp; \u0422\u0435\u043b\u0435\u0444\u043e\u043d\u044b: (40.21) 303.13.07 (40.21) 303.14.88 \u0424\u0430\u043a\u0441: (40.21) 319.05.62 &nbsp; \u041f\u0438\u0448\u0438\u0442\u0435 \u043d\u0430\u043c \u043f\u043e \u044d\u043b\u0435\u043a\u0442\u0440\u043e\u043d\u043d\u043e\u0439 \u043f\u043e\u0447\u0442\u0435:rusa@rri.ro\" \/>\n<meta property=\"og:url\" content=\"https:\/\/www.rri.ro\/ru\/\u0441\u0432\u044f\u0437\u0430\u0442\u044c\u0441\u044f-\u0441\" \/>\n<meta property=\"og:site_name\" content=\"\u0418\u041d\u0422\u0415\u0420\u0420\u0410\u0414\u0418\u041e \u0420\u0423\u041c\u042b\u041d\u0418\u042f\" \/>\n<meta property=\"article:modified_time\" content=\"2024-02-18T22:17:36+00:00\" \/>\n<meta name=\"twitter:card\" content=\"summary_large_image\" \/>\n<meta name=\"twitter:label1\" content=\"\u0410\u0432\u0442\u043e\u0440:\" \/>\n\t<meta name=\"twitter:data1\" content=\"admin\" \/>\n<script type=\"application\/ld+json\" class=\"yoast-schema-graph\">{\"@context\":\"https:\\\/\\\/schema.org\",\"@graph\":[{\"@type\":\"WebPage\",\"@id\":\"https:\\\/\\\/www.rri.ro\\\/ru\\\/%d1%81%d0%b2%d1%8f%d0%b7%d0%b0%d1%82%d1%8c%d1%81%d1%8f-%d1%81\",\"url\":\"https:\\\/\\\/www.rri.ro\\\/ru\\\/%d1%81%d0%b2%d1%8f%d0%b7%d0%b0%d1%82%d1%8c%d1%81%d1%8f-%d1%81\",\"name\":\"\u041a\u043e\u043d\u0442\u0430\u043a\u0442\u044b - \u0418\u041d\u0422\u0415\u0420\u0420\u0410\u0414\u0418\u041e \u0420\u0423\u041c\u042b\u041d\u0418\u042f\",\"isPartOf\":{\"@id\":\"https:\\\/\\\/www.rri.ro\\\/#website\"},\"datePublished\":\"2023-07-14T03:33:19+00:00\",\"dateModified\":\"2024-02-18T22:17:36+00:00\",\"breadcrumb\":{\"@id\":\"https:\\\/\\\/www.rri.ro\\\/ru\\\/%d1%81%d0%b2%d1%8f%d0%b7%d0%b0%d1%82%d1%8c%d1%81%d1%8f-%d1%81#breadcrumb\"},\"inLanguage\":\"ru-RU\",\"potentialAction\":[{\"@type\":\"ReadAction\",\"target\":[\"https:\\\/\\\/www.rri.ro\\\/ru\\\/%d1%81%d0%b2%d1%8f%d0%b7%d0%b0%d1%82%d1%8c%d1%81%d1%8f-%d1%81\"]}]},{\"@type\":\"BreadcrumbList\",\"@id\":\"https:\\\/\\\/www.rri.ro\\\/ru\\\/%d1%81%d0%b2%d1%8f%d0%b7%d0%b0%d1%82%d1%8c%d1%81%d1%8f-%d1%81#breadcrumb\",\"itemListElement\":[{\"@type\":\"ListItem\",\"position\":1,\"name\":\"\u0414\u043e\u043c\u0430\u0448\u043d\u044f\u044f \u0441\u0442\u0440\u0430\u043d\u0438\u0446\u0430\",\"item\":\"https:\\\/\\\/www.rri.ro\\\/ru\"},{\"@type\":\"ListItem\",\"position\":2,\"name\":\"\u041a\u043e\u043d\u0442\u0430\u043a\u0442\u044b\"}]},{\"@type\":\"WebSite\",\"@id\":\"https:\\\/\\\/www.rri.ro\\\/#website\",\"url\":\"https:\\\/\\\/www.rri.ro\\\/\",\"name\":\"\u0418\u041d\u0422\u0415\u0420\u0420\u0410\u0414\u0418\u041e \u0420\u0423\u041c\u042b\u041d\u0418\u042f\",\"description\":\"Totul despre Rom\u00e2nia \u015fi rom\u00e2ni, \u00een 13 limbi\\\/dialecte!\",\"inLanguage\":\"ru-RU\"}]}<\/script>\n<!-- \/ Yoast SEO plugin. -->","yoast_head_json":{"title":"\u041a\u043e\u043d\u0442\u0430\u043a\u0442\u044b - \u0418\u041d\u0422\u0415\u0420\u0420\u0410\u0414\u0418\u041e \u0420\u0423\u041c\u042b\u041d\u0418\u042f","robots":{"index":"index","follow":"follow","max-snippet":"max-snippet:-1","max-image-preview":"max-image-preview:large","max-video-preview":"max-video-preview:-1"},"canonical":"https:\/\/www.rri.ro\/ru\/\u0441\u0432\u044f\u0437\u0430\u0442\u044c\u0441\u044f-\u0441","og_locale":"ru_RU","og_type":"article","og_title":"\u041a\u043e\u043d\u0442\u0430\u043a\u0442\u044b - \u0418\u041d\u0422\u0415\u0420\u0420\u0410\u0414\u0418\u041e \u0420\u0423\u041c\u042b\u041d\u0418\u042f","og_description":"\u0410\u0434\u0440\u0435\u0441: Radio Romania International Str. General Berthelot 60-64 Bucuresti, Romania &nbsp; \u0422\u0435\u043b\u0435\u0444\u043e\u043d\u044b: (40.21) 303.13.07 (40.21) 303.14.88 \u0424\u0430\u043a\u0441: (40.21) 319.05.62 &nbsp; \u041f\u0438\u0448\u0438\u0442\u0435 \u043d\u0430\u043c \u043f\u043e \u044d\u043b\u0435\u043a\u0442\u0440\u043e\u043d\u043d\u043e\u0439 \u043f\u043e\u0447\u0442\u0435:rusa@rri.ro","og_url":"https:\/\/www.rri.ro\/ru\/\u0441\u0432\u044f\u0437\u0430\u0442\u044c\u0441\u044f-\u0441","og_site_name":"\u0418\u041d\u0422\u0415\u0420\u0420\u0410\u0414\u0418\u041e \u0420\u0423\u041c\u042b\u041d\u0418\u042f","article_modified_time":"2024-02-18T22:17:36+00:00","twitter_card":"summary_large_image","twitter_misc":{"\u0410\u0432\u0442\u043e\u0440:":"admin"},"schema":{"@context":"https:\/\/schema.org","@graph":[{"@type":"WebPage","@id":"https:\/\/www.rri.ro\/ru\/%d1%81%d0%b2%d1%8f%d0%b7%d0%b0%d1%82%d1%8c%d1%81%d1%8f-%d1%81","url":"https:\/\/www.rri.ro\/ru\/%d1%81%d0%b2%d1%8f%d0%b7%d0%b0%d1%82%d1%8c%d1%81%d1%8f-%d1%81","name":"\u041a\u043e\u043d\u0442\u0430\u043a\u0442\u044b - \u0418\u041d\u0422\u0415\u0420\u0420\u0410\u0414\u0418\u041e \u0420\u0423\u041c\u042b\u041d\u0418\u042f","isPartOf":{"@id":"https:\/\/www.rri.ro\/#website"},"datePublished":"2023-07-14T03:33:19+00:00","dateModified":"2024-02-18T22:17:36+00:00","breadcrumb":{"@id":"https:\/\/www.rri.ro\/ru\/%d1%81%d0%b2%d1%8f%d0%b7%d0%b0%d1%82%d1%8c%d1%81%d1%8f-%d1%81#breadcrumb"},"inLanguage":"ru-RU","potentialAction":[{"@type":"ReadAction","target":["https:\/\/www.rri.ro\/ru\/%d1%81%d0%b2%d1%8f%d0%b7%d0%b0%d1%82%d1%8c%d1%81%d1%8f-%d1%81"]}]},{"@type":"BreadcrumbList","@id":"https:\/\/www.rri.ro\/ru\/%d1%81%d0%b2%d1%8f%d0%b7%d0%b0%d1%82%d1%8c%d1%81%d1%8f-%d1%81#breadcrumb","itemListElement":[{"@type":"ListItem","position":1,"name":"\u0414\u043e\u043c\u0430\u0448\u043d\u044f\u044f \u0441\u0442\u0440\u0430\u043d\u0438\u0446\u0430","item":"https:\/\/www.rri.ro\/ru"},{"@type":"ListItem","position":2,"name":"\u041a\u043e\u043d\u0442\u0430\u043a\u0442\u044b"}]},{"@type":"WebSite","@id":"https:\/\/www.rri.ro\/#website","url":"https:\/\/www.rri.ro\/","name":"\u0418\u041d\u0422\u0415\u0420\u0420\u0410\u0414\u0418\u041e \u0420\u0423\u041c\u042b\u041d\u0418\u042f","description":"Totul despre Rom\u00e2nia \u015fi rom\u00e2ni, \u00een 13 limbi\/dialecte!","inLanguage":"ru-RU"}]}},"_links":{"self":[{"href":"https:\/\/www.rri.ro\/ru\/wp-json\/wp\/v2\/pages\/503662","targetHints":{"allow":["GET"]}}],"collection":[{"href":"https:\/\/www.rri.ro\/ru\/wp-json\/wp\/v2\/pages"}],"about":[{"href":"https:\/\/www.rri.ro\/ru\/wp-json\/wp\/v2\/types\/page"}],"author":[{"embeddable":true,"href":"https:\/\/www.rri.ro\/ru\/wp-json\/wp\/v2\/users\/1"}],"replies":[{"embeddable":true,"href":"https:\/\/www.rri.ro\/ru\/wp-json\/wp\/v2\/comments?post=503662"}],"version-history":[{"count":0,"href":"https:\/\/www.rri.ro\/ru\/wp-json\/wp\/v2\/pages\/503662\/revisions"}],"wp:attachment":[{"href":"https:\/\/www.rri.ro\/ru\/wp-json\/wp\/v2\/media?parent=503662"}],"wp:term":[{"taxonomy":"author","embeddable":true,"href":"https:\/\/www.rri.ro\/ru\/wp-json\/wp\/v2\/coauthors?post=503662"}],"curies":[{"name":"wp","href":"https:\/\/api.w.org\/{rel}","templated":true}]}}