{"id":621441,"date":"2024-01-25T11:40:56","date_gmt":"2024-01-25T09:40:56","guid":{"rendered":"http:\/\/devrri.freshlemon.ro\/%d1%87%d0%b0%d1%81%d1%82%d0%be%d1%82%d1%8b"},"modified":"2025-04-23T10:51:01","modified_gmt":"2025-04-23T07:51:01","slug":"%d1%87%d0%b0%d1%81%d1%82%d0%be%d1%82%d1%8b","status":"publish","type":"page","link":"https:\/\/www.rri.ro\/ru\/%d1%87%d0%b0%d1%81%d1%82%d0%be%d1%82%d1%8b","title":{"rendered":"\u0427\u0430\u0441\u0442\u043e\u0442\u044b"},"content":{"rendered":"<p><img decoding=\"async\" class=\"alignnone wp-image-724171 size-full\" src=\"https:\/\/www.rri.ro\/wp-content\/uploads\/2024\/04\/Tiganesti-antene-US-NOU.jpg\" alt=\"Antenele de unde scurte de la \u0162ig\u0103ne\u015fti \" width=\"1200\" height=\"800\" srcset=\"https:\/\/www.rri.ro\/wp-content\/uploads\/2024\/04\/Tiganesti-antene-US-NOU.jpg 1200w, https:\/\/www.rri.ro\/wp-content\/uploads\/2024\/04\/Tiganesti-antene-US-NOU-300x200.jpg 300w, https:\/\/www.rri.ro\/wp-content\/uploads\/2024\/04\/Tiganesti-antene-US-NOU-1024x683.jpg 1024w, https:\/\/www.rri.ro\/wp-content\/uploads\/2024\/04\/Tiganesti-antene-US-NOU-768x512.jpg 768w, https:\/\/www.rri.ro\/wp-content\/uploads\/2024\/04\/Tiganesti-antene-US-NOU-900x600.jpg 900w, https:\/\/www.rri.ro\/wp-content\/uploads\/2024\/04\/Tiganesti-antene-US-NOU-426x284.jpg 426w\" sizes=\"(max-width: 1200px) 100vw, 1200px\" \/><\/p>\n<h2><\/h2>\n<h2>\u0412\u0435\u0441\u043d\u0430 &#8212; \u041e\u0441\u0435\u043d\u044c 2025 \u0433\u043e\u0434\u0430<\/h2>\n<table style=\"width: 82.045%;\" border=\"1\" cellspacing=\"0\" cellpadding=\"0\">\n<tbody>\n<tr>\n<td style=\"width: 23.8592%;\"><span style=\"font-family: 'arial black', sans-serif; font-size: 14pt;\"><strong>\u00a0 \u00a0 \u00a0 \u00a0 \u00a0\u0420\u0435\u0433\u0438\u043e\u043d<\/strong><\/span><\/td>\n<td style=\"width: 17.7314%;\">\n<p align=\"center\"><span style=\"font-family: 'arial black', sans-serif; font-size: 14pt;\"><strong>UTC<\/strong><\/span><\/p>\n<\/td>\n<td style=\"width: 30.1148%;\">\n<p align=\"center\"><span style=\"font-family: 'arial black', sans-serif; font-size: 14pt;\"><strong>\u00a0 \u041c\u043e\u0441\u043a\u043e\u0432\u0441\u043a\u043e\u0435 \u0432\u0440\u0435\u043c\u044f\u00a0\u00a0<\/strong><\/span><\/p>\n<\/td>\n<td style=\"width: 13.5247%;\">\n<p align=\"center\"><span style=\"font-family: 'arial black', sans-serif; font-size: 14pt;\"><strong>\u00a0 \u0427\u0430\u0441\u0442\u043e\u0442\u044b\u00a0\u00a0<\/strong><\/span><br \/>\n<span style=\"font-family: 'arial black', sans-serif; font-size: 14pt;\"><strong>(\u043a\u0413\u0446)<\/strong><\/span><\/p>\n<\/td>\n<td style=\"width: 21.4463%;\">\n<p align=\"center\"><span style=\"font-family: 'arial black', sans-serif; font-size: 14pt;\"><strong>\u00a0 \u0414\u0438\u0430\u043f\u0430\u0437\u043e\u043d\u00a0\u00a0<\/strong><\/span><br \/>\n<span style=\"font-family: 'arial black', sans-serif; font-size: 14pt;\"><strong>(\u043c)<\/strong><\/span><\/p>\n<\/td>\n<\/tr>\n<tr>\n<td style=\"width: 23.8592%;\">\n<p align=\"center\"><strong><span style=\"font-family: arial, helvetica, sans-serif;\">\u00a0 \u0415\u0432\u0440\u043e\u043f\u0435\u0439\u0441\u043a\u0430\u044f \u0420\u043e\u0441\u0441\u0438\u044f\u00a0\u00a0<\/span><\/strong><\/p>\n<\/td>\n<td style=\"width: 17.7314%;\">\n<p align=\"center\"><strong><span style=\"font-family: arial, helvetica, sans-serif;\">\u00a0 04.30 &#8212; 05.00\u00a0\u00a0<\/span><\/strong><\/p>\n<\/td>\n<td style=\"width: 30.1148%;\">\n<p align=\"center\"><strong><span style=\"font-family: arial, helvetica, sans-serif;\">07.30 \u2013 08.00<\/span><\/strong><\/p>\n<\/td>\n<td style=\"width: 13.5247%;\">\n<p align=\"center\"><strong><span style=\"font-family: arial, helvetica, sans-serif;\">9.510<\/span><\/strong><\/p>\n<\/td>\n<td style=\"width: 21.4463%;\">\n<p align=\"center\"><strong><span style=\"font-family: arial, helvetica, sans-serif;\">31<\/span><\/strong><\/p>\n<\/td>\n<\/tr>\n<tr>\n<td style=\"width: 23.8592%;\">\n<p align=\"center\"><strong><span style=\"font-family: arial, helvetica, sans-serif;\">\u0414\u0430\u043b\u044c\u043d\u0438\u0439 \u0412\u043e\u0441\u0442\u043e\u043a<\/span><\/strong><\/p>\n<\/td>\n<td style=\"width: 17.7314%;\">\n<p align=\"center\"><strong><span style=\"font-family: arial, helvetica, sans-serif;\">13.00 &#8212; 14.00<\/span><\/strong><\/p>\n<\/td>\n<td style=\"width: 30.1148%;\">\n<p align=\"center\"><strong><span style=\"font-family: arial, helvetica, sans-serif;\">16.00 \u2013 17.00<\/span><\/strong><\/p>\n<\/td>\n<td style=\"width: 13.5247%;\">\n<p align=\"center\"><strong><span style=\"font-family: arial, helvetica, sans-serif;\">13.610<\/span><\/strong><\/p>\n<\/td>\n<td style=\"width: 21.4463%;\">\n<p align=\"center\"><strong><span style=\"font-family: arial, helvetica, sans-serif;\">25<\/span><\/strong><\/p>\n<\/td>\n<\/tr>\n<tr>\n<td style=\"width: 23.8592%;\">\n<p align=\"center\"><strong><span style=\"font-family: arial, helvetica, sans-serif;\">\u0415\u0432\u0440\u043e\u043f\u0435\u0439\u0441\u043a\u0430\u044f \u0420\u043e\u0441\u0441\u0438\u044f<\/span><\/strong><\/p>\n<\/td>\n<td style=\"width: 17.7314%;\">\n<p align=\"center\"><strong><span style=\"font-family: arial, helvetica, sans-serif;\">15.00 &#8212; 15.30<\/span><\/strong><\/p>\n<\/td>\n<td style=\"width: 30.1148%;\">\n<p align=\"center\"><strong><span style=\"font-family: arial, helvetica, sans-serif;\">18.00 \u2013 18.30<\/span><\/strong><\/p>\n<\/td>\n<td style=\"width: 13.5247%;\">\n<p align=\"center\"><strong><span style=\"font-family: arial, helvetica, sans-serif;\">13.660<\/span><\/strong><\/p>\n<\/td>\n<td style=\"width: 21.4463%;\">\n<p align=\"center\"><strong><span style=\"font-family: arial, helvetica, sans-serif;\">25<\/span><\/strong><\/p>\n<\/td>\n<\/tr>\n<\/tbody>\n<\/table>\n","protected":false},"excerpt":{"rendered":"<p>\u0412\u0435\u0441\u043d\u0430 &#8212; \u041e\u0441\u0435\u043d\u044c 2025 \u0433\u043e\u0434\u0430 \u00a0 \u00a0 \u00a0 \u00a0 \u00a0\u0420\u0435\u0433\u0438\u043e\u043d UTC \u00a0 \u041c\u043e\u0441\u043a\u043e\u0432\u0441\u043a\u043e\u0435 \u0432\u0440\u0435\u043c\u044f\u00a0\u00a0 \u00a0 \u0427\u0430\u0441\u0442\u043e\u0442\u044b\u00a0\u00a0 (\u043a\u0413\u0446) \u00a0 \u0414\u0438\u0430\u043f\u0430\u0437\u043e\u043d\u00a0\u00a0 (\u043c) \u00a0 \u0415\u0432\u0440\u043e\u043f\u0435\u0439\u0441\u043a\u0430\u044f \u0420\u043e\u0441\u0441\u0438\u044f\u00a0\u00a0 \u00a0 04.30 &#8212; 05.00\u00a0\u00a0 07.30 \u2013 08.00 9.510 31 \u0414\u0430\u043b\u044c\u043d\u0438\u0439 \u0412\u043e\u0441\u0442\u043e\u043a 13.00 &#8212; 14.00 16.00 \u2013 17.00 13.610 25 \u0415\u0432\u0440\u043e\u043f\u0435\u0439\u0441\u043a\u0430\u044f \u0420\u043e\u0441\u0441\u0438\u044f 15.00 &#8212; 15.30 18.00 \u2013 18.30 13.660 25<\/p>\n","protected":false},"author":1,"featured_media":724171,"parent":0,"menu_order":0,"comment_status":"closed","ping_status":"closed","template":"","meta":{"_acf_changed":false,"footnotes":""},"coauthors":[113312],"class_list":["post-621441","page","type-page","status-publish","has-post-thumbnail","hentry"],"acf":[],"yoast_head":"<!-- This site is optimized with the Yoast SEO plugin v27.6 - https:\/\/yoast.com\/product\/yoast-seo-wordpress\/ -->\n<title>\u0427\u0430\u0441\u0442\u043e\u0442\u044b - \u0418\u041d\u0422\u0415\u0420\u0420\u0410\u0414\u0418\u041e \u0420\u0423\u041c\u042b\u041d\u0418\u042f<\/title>\n<meta name=\"robots\" content=\"index, follow, max-snippet:-1, max-image-preview:large, max-video-preview:-1\" \/>\n<link rel=\"canonical\" href=\"https:\/\/www.rri.ro\/ru\/\u0447\u0430\u0441\u0442\u043e\u0442\u044b\" \/>\n<meta property=\"og:locale\" content=\"ru_RU\" \/>\n<meta property=\"og:type\" content=\"article\" \/>\n<meta property=\"og:title\" content=\"\u0427\u0430\u0441\u0442\u043e\u0442\u044b - \u0418\u041d\u0422\u0415\u0420\u0420\u0410\u0414\u0418\u041e \u0420\u0423\u041c\u042b\u041d\u0418\u042f\" \/>\n<meta property=\"og:description\" content=\"\u0412\u0435\u0441\u043d\u0430 &#8212; \u041e\u0441\u0435\u043d\u044c 2025 \u0433\u043e\u0434\u0430 \u00a0 \u00a0 \u00a0 \u00a0 \u00a0\u0420\u0435\u0433\u0438\u043e\u043d UTC \u00a0 \u041c\u043e\u0441\u043a\u043e\u0432\u0441\u043a\u043e\u0435 \u0432\u0440\u0435\u043c\u044f\u00a0\u00a0 \u00a0 \u0427\u0430\u0441\u0442\u043e\u0442\u044b\u00a0\u00a0 (\u043a\u0413\u0446) \u00a0 \u0414\u0438\u0430\u043f\u0430\u0437\u043e\u043d\u00a0\u00a0 (\u043c) \u00a0 \u0415\u0432\u0440\u043e\u043f\u0435\u0439\u0441\u043a\u0430\u044f \u0420\u043e\u0441\u0441\u0438\u044f\u00a0\u00a0 \u00a0 04.30 &#8212; 05.00\u00a0\u00a0 07.30 \u2013 08.00 9.510 31 \u0414\u0430\u043b\u044c\u043d\u0438\u0439 \u0412\u043e\u0441\u0442\u043e\u043a 13.00 &#8212; 14.00 16.00 \u2013 17.00 13.610 25 \u0415\u0432\u0440\u043e\u043f\u0435\u0439\u0441\u043a\u0430\u044f \u0420\u043e\u0441\u0441\u0438\u044f 15.00 &#8212; 15.30 18.00 \u2013 18.30 13.660 25\" \/>\n<meta property=\"og:url\" content=\"https:\/\/www.rri.ro\/ru\/\u0447\u0430\u0441\u0442\u043e\u0442\u044b\" \/>\n<meta property=\"og:site_name\" content=\"\u0418\u041d\u0422\u0415\u0420\u0420\u0410\u0414\u0418\u041e \u0420\u0423\u041c\u042b\u041d\u0418\u042f\" \/>\n<meta property=\"article:modified_time\" content=\"2025-04-23T07:51:01+00:00\" \/>\n<meta property=\"og:image\" content=\"https:\/\/www.rri.ro\/wp-content\/uploads\/2024\/04\/Tiganesti-antene-US-NOU.jpg\" \/>\n\t<meta property=\"og:image:width\" content=\"1200\" \/>\n\t<meta property=\"og:image:height\" content=\"800\" \/>\n\t<meta property=\"og:image:type\" content=\"image\/jpeg\" \/>\n<meta name=\"twitter:card\" content=\"summary_large_image\" \/>\n<meta name=\"twitter:label1\" content=\"\u0410\u0432\u0442\u043e\u0440:\" \/>\n\t<meta name=\"twitter:data1\" content=\"admin\" \/>\n<script type=\"application\/ld+json\" class=\"yoast-schema-graph\">{\"@context\":\"https:\\\/\\\/schema.org\",\"@graph\":[{\"@type\":\"WebPage\",\"@id\":\"https:\\\/\\\/www.rri.ro\\\/ru\\\/%d1%87%d0%b0%d1%81%d1%82%d0%be%d1%82%d1%8b\",\"url\":\"https:\\\/\\\/www.rri.ro\\\/ru\\\/%d1%87%d0%b0%d1%81%d1%82%d0%be%d1%82%d1%8b\",\"name\":\"\u0427\u0430\u0441\u0442\u043e\u0442\u044b - \u0418\u041d\u0422\u0415\u0420\u0420\u0410\u0414\u0418\u041e \u0420\u0423\u041c\u042b\u041d\u0418\u042f\",\"isPartOf\":{\"@id\":\"https:\\\/\\\/www.rri.ro\\\/#website\"},\"primaryImageOfPage\":{\"@id\":\"https:\\\/\\\/www.rri.ro\\\/ru\\\/%d1%87%d0%b0%d1%81%d1%82%d0%be%d1%82%d1%8b#primaryimage\"},\"image\":{\"@id\":\"https:\\\/\\\/www.rri.ro\\\/ru\\\/%d1%87%d0%b0%d1%81%d1%82%d0%be%d1%82%d1%8b#primaryimage\"},\"thumbnailUrl\":\"https:\\\/\\\/www.rri.ro\\\/wp-content\\\/uploads\\\/2024\\\/04\\\/Tiganesti-antene-US-NOU.jpg\",\"datePublished\":\"2024-01-25T09:40:56+00:00\",\"dateModified\":\"2025-04-23T07:51:01+00:00\",\"breadcrumb\":{\"@id\":\"https:\\\/\\\/www.rri.ro\\\/ru\\\/%d1%87%d0%b0%d1%81%d1%82%d0%be%d1%82%d1%8b#breadcrumb\"},\"inLanguage\":\"ru-RU\",\"potentialAction\":[{\"@type\":\"ReadAction\",\"target\":[\"https:\\\/\\\/www.rri.ro\\\/ru\\\/%d1%87%d0%b0%d1%81%d1%82%d0%be%d1%82%d1%8b\"]}]},{\"@type\":\"ImageObject\",\"inLanguage\":\"ru-RU\",\"@id\":\"https:\\\/\\\/www.rri.ro\\\/ru\\\/%d1%87%d0%b0%d1%81%d1%82%d0%be%d1%82%d1%8b#primaryimage\",\"url\":\"https:\\\/\\\/www.rri.ro\\\/wp-content\\\/uploads\\\/2024\\\/04\\\/Tiganesti-antene-US-NOU.jpg\",\"contentUrl\":\"https:\\\/\\\/www.rri.ro\\\/wp-content\\\/uploads\\\/2024\\\/04\\\/Tiganesti-antene-US-NOU.jpg\",\"width\":1200,\"height\":800,\"caption\":\"Antenele de unde scurte de la \u0162ig\u0103ne\u015fti\"},{\"@type\":\"BreadcrumbList\",\"@id\":\"https:\\\/\\\/www.rri.ro\\\/ru\\\/%d1%87%d0%b0%d1%81%d1%82%d0%be%d1%82%d1%8b#breadcrumb\",\"itemListElement\":[{\"@type\":\"ListItem\",\"position\":1,\"name\":\"\u0414\u043e\u043c\u0430\u0448\u043d\u044f\u044f \u0441\u0442\u0440\u0430\u043d\u0438\u0446\u0430\",\"item\":\"https:\\\/\\\/www.rri.ro\\\/ru\"},{\"@type\":\"ListItem\",\"position\":2,\"name\":\"\u0427\u0430\u0441\u0442\u043e\u0442\u044b\"}]},{\"@type\":\"WebSite\",\"@id\":\"https:\\\/\\\/www.rri.ro\\\/#website\",\"url\":\"https:\\\/\\\/www.rri.ro\\\/\",\"name\":\"\u0418\u041d\u0422\u0415\u0420\u0420\u0410\u0414\u0418\u041e \u0420\u0423\u041c\u042b\u041d\u0418\u042f\",\"description\":\"Totul despre Rom\u00e2nia \u015fi rom\u00e2ni, \u00een 13 limbi\\\/dialecte!\",\"inLanguage\":\"ru-RU\"}]}<\/script>\n<!-- \/ Yoast SEO plugin. -->","yoast_head_json":{"title":"\u0427\u0430\u0441\u0442\u043e\u0442\u044b - \u0418\u041d\u0422\u0415\u0420\u0420\u0410\u0414\u0418\u041e \u0420\u0423\u041c\u042b\u041d\u0418\u042f","robots":{"index":"index","follow":"follow","max-snippet":"max-snippet:-1","max-image-preview":"max-image-preview:large","max-video-preview":"max-video-preview:-1"},"canonical":"https:\/\/www.rri.ro\/ru\/\u0447\u0430\u0441\u0442\u043e\u0442\u044b","og_locale":"ru_RU","og_type":"article","og_title":"\u0427\u0430\u0441\u0442\u043e\u0442\u044b - \u0418\u041d\u0422\u0415\u0420\u0420\u0410\u0414\u0418\u041e \u0420\u0423\u041c\u042b\u041d\u0418\u042f","og_description":"\u0412\u0435\u0441\u043d\u0430 &#8212; \u041e\u0441\u0435\u043d\u044c 2025 \u0433\u043e\u0434\u0430 \u00a0 \u00a0 \u00a0 \u00a0 \u00a0\u0420\u0435\u0433\u0438\u043e\u043d UTC \u00a0 \u041c\u043e\u0441\u043a\u043e\u0432\u0441\u043a\u043e\u0435 \u0432\u0440\u0435\u043c\u044f\u00a0\u00a0 \u00a0 \u0427\u0430\u0441\u0442\u043e\u0442\u044b\u00a0\u00a0 (\u043a\u0413\u0446) \u00a0 \u0414\u0438\u0430\u043f\u0430\u0437\u043e\u043d\u00a0\u00a0 (\u043c) \u00a0 \u0415\u0432\u0440\u043e\u043f\u0435\u0439\u0441\u043a\u0430\u044f \u0420\u043e\u0441\u0441\u0438\u044f\u00a0\u00a0 \u00a0 04.30 &#8212; 05.00\u00a0\u00a0 07.30 \u2013 08.00 9.510 31 \u0414\u0430\u043b\u044c\u043d\u0438\u0439 \u0412\u043e\u0441\u0442\u043e\u043a 13.00 &#8212; 14.00 16.00 \u2013 17.00 13.610 25 \u0415\u0432\u0440\u043e\u043f\u0435\u0439\u0441\u043a\u0430\u044f \u0420\u043e\u0441\u0441\u0438\u044f 15.00 &#8212; 15.30 18.00 \u2013 18.30 13.660 25","og_url":"https:\/\/www.rri.ro\/ru\/\u0447\u0430\u0441\u0442\u043e\u0442\u044b","og_site_name":"\u0418\u041d\u0422\u0415\u0420\u0420\u0410\u0414\u0418\u041e \u0420\u0423\u041c\u042b\u041d\u0418\u042f","article_modified_time":"2025-04-23T07:51:01+00:00","og_image":[{"width":1200,"height":800,"url":"https:\/\/www.rri.ro\/wp-content\/uploads\/2024\/04\/Tiganesti-antene-US-NOU.jpg","type":"image\/jpeg"}],"twitter_card":"summary_large_image","twitter_misc":{"\u0410\u0432\u0442\u043e\u0440:":"admin"},"schema":{"@context":"https:\/\/schema.org","@graph":[{"@type":"WebPage","@id":"https:\/\/www.rri.ro\/ru\/%d1%87%d0%b0%d1%81%d1%82%d0%be%d1%82%d1%8b","url":"https:\/\/www.rri.ro\/ru\/%d1%87%d0%b0%d1%81%d1%82%d0%be%d1%82%d1%8b","name":"\u0427\u0430\u0441\u0442\u043e\u0442\u044b - \u0418\u041d\u0422\u0415\u0420\u0420\u0410\u0414\u0418\u041e \u0420\u0423\u041c\u042b\u041d\u0418\u042f","isPartOf":{"@id":"https:\/\/www.rri.ro\/#website"},"primaryImageOfPage":{"@id":"https:\/\/www.rri.ro\/ru\/%d1%87%d0%b0%d1%81%d1%82%d0%be%d1%82%d1%8b#primaryimage"},"image":{"@id":"https:\/\/www.rri.ro\/ru\/%d1%87%d0%b0%d1%81%d1%82%d0%be%d1%82%d1%8b#primaryimage"},"thumbnailUrl":"https:\/\/www.rri.ro\/wp-content\/uploads\/2024\/04\/Tiganesti-antene-US-NOU.jpg","datePublished":"2024-01-25T09:40:56+00:00","dateModified":"2025-04-23T07:51:01+00:00","breadcrumb":{"@id":"https:\/\/www.rri.ro\/ru\/%d1%87%d0%b0%d1%81%d1%82%d0%be%d1%82%d1%8b#breadcrumb"},"inLanguage":"ru-RU","potentialAction":[{"@type":"ReadAction","target":["https:\/\/www.rri.ro\/ru\/%d1%87%d0%b0%d1%81%d1%82%d0%be%d1%82%d1%8b"]}]},{"@type":"ImageObject","inLanguage":"ru-RU","@id":"https:\/\/www.rri.ro\/ru\/%d1%87%d0%b0%d1%81%d1%82%d0%be%d1%82%d1%8b#primaryimage","url":"https:\/\/www.rri.ro\/wp-content\/uploads\/2024\/04\/Tiganesti-antene-US-NOU.jpg","contentUrl":"https:\/\/www.rri.ro\/wp-content\/uploads\/2024\/04\/Tiganesti-antene-US-NOU.jpg","width":1200,"height":800,"caption":"Antenele de unde scurte de la \u0162ig\u0103ne\u015fti"},{"@type":"BreadcrumbList","@id":"https:\/\/www.rri.ro\/ru\/%d1%87%d0%b0%d1%81%d1%82%d0%be%d1%82%d1%8b#breadcrumb","itemListElement":[{"@type":"ListItem","position":1,"name":"\u0414\u043e\u043c\u0430\u0448\u043d\u044f\u044f \u0441\u0442\u0440\u0430\u043d\u0438\u0446\u0430","item":"https:\/\/www.rri.ro\/ru"},{"@type":"ListItem","position":2,"name":"\u0427\u0430\u0441\u0442\u043e\u0442\u044b"}]},{"@type":"WebSite","@id":"https:\/\/www.rri.ro\/#website","url":"https:\/\/www.rri.ro\/","name":"\u0418\u041d\u0422\u0415\u0420\u0420\u0410\u0414\u0418\u041e \u0420\u0423\u041c\u042b\u041d\u0418\u042f","description":"Totul despre Rom\u00e2nia \u015fi rom\u00e2ni, \u00een 13 limbi\/dialecte!","inLanguage":"ru-RU"}]}},"_links":{"self":[{"href":"https:\/\/www.rri.ro\/ru\/wp-json\/wp\/v2\/pages\/621441","targetHints":{"allow":["GET"]}}],"collection":[{"href":"https:\/\/www.rri.ro\/ru\/wp-json\/wp\/v2\/pages"}],"about":[{"href":"https:\/\/www.rri.ro\/ru\/wp-json\/wp\/v2\/types\/page"}],"author":[{"embeddable":true,"href":"https:\/\/www.rri.ro\/ru\/wp-json\/wp\/v2\/users\/1"}],"replies":[{"embeddable":true,"href":"https:\/\/www.rri.ro\/ru\/wp-json\/wp\/v2\/comments?post=621441"}],"version-history":[{"count":0,"href":"https:\/\/www.rri.ro\/ru\/wp-json\/wp\/v2\/pages\/621441\/revisions"}],"wp:featuredmedia":[{"embeddable":true,"href":"https:\/\/www.rri.ro\/ru\/wp-json\/wp\/v2\/media\/724171"}],"wp:attachment":[{"href":"https:\/\/www.rri.ro\/ru\/wp-json\/wp\/v2\/media?parent=621441"}],"wp:term":[{"taxonomy":"author","embeddable":true,"href":"https:\/\/www.rri.ro\/ru\/wp-json\/wp\/v2\/coauthors?post=621441"}],"curies":[{"name":"wp","href":"https:\/\/api.w.org\/{rel}","templated":true}]}}