{"id":655255,"date":"2024-02-21T21:20:21","date_gmt":"2024-02-21T19:20:21","guid":{"rendered":"http:\/\/devrri.freshlemon.ro\/%d1%84%d0%be%d1%80%d0%bc%d0%b0-%d0%bf%d1%80%d0%b8%d0%b5%d0%bc%d0%b0"},"modified":"2024-03-15T13:19:06","modified_gmt":"2024-03-15T11:19:06","slug":"%d1%80%d0%b0%d0%bf%d0%be%d1%80%d1%82-%d0%be-%d0%bf%d1%80%d0%b8%d1%91%d0%bc%d0%b5","status":"publish","type":"page","link":"https:\/\/www.rri.ro\/ru\/%d1%80%d0%b0%d0%bf%d0%be%d1%80%d1%82-%d0%be-%d0%bf%d1%80%d0%b8%d1%91%d0%bc%d0%b5","title":{"rendered":"\u0420\u0430\u043f\u043e\u0440\u0442 \u043e \u043f\u0440\u0438\u0451\u043c\u0435"},"content":{"rendered":"\n<div class=\"wpcf7 no-js\" id=\"wpcf7-f712248-o1\" lang=\"ru-RU\" dir=\"ltr\" data-wpcf7-id=\"712248\">\n<div class=\"screen-reader-response\"><p role=\"status\" aria-live=\"polite\" aria-atomic=\"true\"><\/p> <ul><\/ul><\/div>\n<form action=\"\/ru\/wp-json\/wp\/v2\/pages\/655255#wpcf7-f712248-o1\" method=\"post\" class=\"wpcf7-form init user-zone\" aria-label=\"\u041a\u043e\u043d\u0442\u0430\u043a\u0442\u043d\u0430\u044f \u0444\u043e\u0440\u043c\u0430\" novalidate=\"novalidate\" data-status=\"init\">\n<fieldset class=\"hidden-fields-container\"><input type=\"hidden\" name=\"_wpcf7\" value=\"712248\" \/><input type=\"hidden\" name=\"_wpcf7_version\" value=\"6.1.5\" \/><input type=\"hidden\" name=\"_wpcf7_locale\" value=\"ru_RU\" \/><input type=\"hidden\" name=\"_wpcf7_unit_tag\" value=\"wpcf7-f712248-o1\" \/><input type=\"hidden\" name=\"_wpcf7_container_post\" value=\"0\" \/><input type=\"hidden\" name=\"_wpcf7_posted_data_hash\" value=\"\" \/>\n<\/fieldset>\n<h1 class=\"user-zone__title\">\u0420\u0430\u043f\u043e\u0440\u0442 \u043e \u043f\u0440\u0438\u0451\u043c\u0435\n<\/h1>\n<p class=\"user-zone__message\">\u0412\u0441\u0435 \u043f\u043e\u043b\u044f \u043d\u0435\u043e\u0431\u0445\u043e\u0434\u0438\u043c\u043e \u0437\u0430\u043f\u043e\u043b\u043d\u0438\u0442\u044c.\n<\/p>\n<p><label>\u0424.\u0418.\u041e.: <\/label><br \/>\n<span class=\"wpcf7-form-control-wrap\" data-name=\"nume\"><input size=\"40\" maxlength=\"400\" class=\"wpcf7-form-control wpcf7-text wpcf7-validates-as-required\" aria-required=\"true\" aria-invalid=\"false\" value=\"\" type=\"text\" name=\"nume\" \/><\/span><br \/>\n<label>\u041f\u043e\u043b: <\/label><br \/>\n<span class=\"wpcf7-form-control-wrap\" data-name=\"sex\"><select class=\"wpcf7-form-control wpcf7-select wpcf7-validates-as-required\" aria-required=\"true\" aria-invalid=\"false\" name=\"sex\"><option value=\"\">&#8212;\u0412\u044b\u0431\u0435\u0440\u0438\u0442\u0435 \u0432\u0430\u0440\u0438\u0430\u043d\u0442&#8212;<\/option><option value=\"\u0436\u0435\u043d\u0441\u043a\u0438\u0439\">\u0436\u0435\u043d\u0441\u043a\u0438\u0439<\/option><option value=\"\u043c\u0443\u0436\u0441\u043a\u043e\u0439\">\u043c\u0443\u0436\u0441\u043a\u043e\u0439<\/option><\/select><\/span><br \/>\n<label>\u0412\u043e\u0437\u0440\u0430\u0441\u0442: <\/label><br \/>\n<span class=\"wpcf7-form-control-wrap\" data-name=\"varsta\"><input size=\"40\" maxlength=\"400\" class=\"wpcf7-form-control wpcf7-text wpcf7-validates-as-required\" aria-required=\"true\" aria-invalid=\"false\" value=\"\" type=\"text\" name=\"varsta\" \/><\/span><br \/>\n<label>\u041f\u0440\u043e\u0444\u0435\u0441\u0441\u0438\u044f: <\/label><br \/>\n<span class=\"wpcf7-form-control-wrap\" data-name=\"ocupatie\"><input size=\"40\" maxlength=\"400\" class=\"wpcf7-form-control wpcf7-text wpcf7-validates-as-required\" aria-required=\"true\" aria-invalid=\"false\" value=\"\" type=\"text\" name=\"ocupatie\" \/><\/span><br \/>\n<label>\u0421\u043b\u0443\u0448\u0430\u044e \u0418\u0420\u0420 \u0441 ... <\/label><br \/>\n<span class=\"wpcf7-form-control-wrap\" data-name=\"date-rri\"><input class=\"wpcf7-form-control wpcf7-date wpcf7-validates-as-required wpcf7-validates-as-date\" aria-required=\"true\" aria-invalid=\"false\" value=\"\" type=\"date\" name=\"date-rri\" \/><\/span><br \/>\n<label>\u041f\u043e\u0447\u0442\u043e\u0432\u044b\u0439 \u0430\u0434\u0440\u0435\u0441: <\/label><br \/>\n<span class=\"wpcf7-form-control-wrap\" data-name=\"adresa\"><input size=\"40\" maxlength=\"400\" class=\"wpcf7-form-control wpcf7-text wpcf7-validates-as-required\" aria-required=\"true\" aria-invalid=\"false\" value=\"\" type=\"text\" name=\"adresa\" \/><\/span><br \/>\n<label>\u0413\u043e\u0440\u043e\u0434: <\/label><br \/>\n<span class=\"wpcf7-form-control-wrap\" data-name=\"localitate\"><input size=\"40\" maxlength=\"400\" class=\"wpcf7-form-control wpcf7-text wpcf7-validates-as-required\" aria-required=\"true\" aria-invalid=\"false\" value=\"\" type=\"text\" name=\"localitate\" \/><\/span><br \/>\n<label>\u041f\u043e\u0447\u0442\u043e\u0432\u044b\u0439 \u0438\u043d\u0434\u0435\u043a\u0441: <\/label><br \/>\n<span class=\"wpcf7-form-control-wrap\" data-name=\"cod-postal\"><input size=\"40\" maxlength=\"400\" class=\"wpcf7-form-control wpcf7-text wpcf7-validates-as-required\" aria-required=\"true\" aria-invalid=\"false\" value=\"\" type=\"text\" name=\"cod-postal\" \/><\/span><br \/>\n<label>\u0421\u0442\u0440\u0430\u043d\u0430: <\/label><br \/>\n<span class=\"wpcf7-form-control-wrap\" data-name=\"tara\"><input size=\"40\" maxlength=\"400\" class=\"wpcf7-form-control wpcf7-text wpcf7-validates-as-required\" aria-required=\"true\" aria-invalid=\"false\" value=\"\" type=\"text\" name=\"tara\" \/><\/span><br \/>\n<label>\u042d\u043b\u0435\u043a\u0442\u0440\u043e\u043d\u043d\u044b\u0439 \u0430\u0434\u0440\u0435\u0441: <\/label><br \/>\n<span class=\"wpcf7-form-control-wrap\" data-name=\"email\"><input size=\"40\" maxlength=\"400\" class=\"wpcf7-form-control wpcf7-email wpcf7-validates-as-required wpcf7-text wpcf7-validates-as-email\" aria-required=\"true\" aria-invalid=\"false\" value=\"\" type=\"email\" name=\"email\" \/><\/span>\n<\/p>\n<p class=\"user-zone__message\">\u041f\u0420\u0418\u0401\u041c\n<\/p>\n<p><label>\u041f\u0440\u0438\u0451\u043c\u043d\u0438\u043a: <\/label><br \/>\n<span class=\"wpcf7-form-control-wrap\" data-name=\"aparatul\"><input size=\"40\" maxlength=\"400\" class=\"wpcf7-form-control wpcf7-text wpcf7-validates-as-required\" aria-required=\"true\" aria-invalid=\"false\" value=\"\" type=\"text\" name=\"aparatul\" \/><\/span><br \/>\n<label>\u0410\u043d\u0442\u0435\u043d\u043d\u0430: <\/label><br \/>\n<span class=\"wpcf7-form-control-wrap\" data-name=\"antena\"><input size=\"40\" maxlength=\"400\" class=\"wpcf7-form-control wpcf7-text wpcf7-validates-as-required\" aria-required=\"true\" aria-invalid=\"false\" value=\"\" type=\"text\" name=\"antena\" \/><\/span><br \/>\n<label>\u041c\u0435\u0441\u0442\u043e \u043f\u0440\u0438\u0451\u043c\u0430: <\/label><br \/>\n<span class=\"wpcf7-form-control-wrap\" data-name=\"locul-receptiei\"><input size=\"40\" maxlength=\"400\" class=\"wpcf7-form-control wpcf7-text wpcf7-validates-as-required\" aria-required=\"true\" aria-invalid=\"false\" value=\"\" type=\"text\" name=\"locul-receptiei\" \/><\/span>\n<\/p>\n<p class=\"user-zone__message\">\u0420\u0410\u041f\u041e\u0420\u0422\n<\/p>\n<p><label>\u0414\u0430\u0442\u0430: <\/label><br \/>\n<span class=\"wpcf7-form-control-wrap\" data-name=\"data-receptiei\"><input class=\"wpcf7-form-control wpcf7-date wpcf7-validates-as-required wpcf7-validates-as-date\" aria-required=\"true\" aria-invalid=\"false\" value=\"\" type=\"date\" name=\"data-receptiei\" \/><\/span><br \/>\n<label>\u0412\u0440\u0435\u043c\u044f UTC (\u043d\u0430\u0447\u0430\u043b\u043e): <\/label><br \/>\n<span class=\"wpcf7-form-control-wrap\" data-name=\"de-la-ce-ora\"><input size=\"40\" maxlength=\"400\" class=\"wpcf7-form-control wpcf7-text wpcf7-validates-as-required\" aria-required=\"true\" aria-invalid=\"false\" value=\"\" type=\"text\" name=\"de-la-ce-ora\" \/><\/span><br \/>\n<label>\u0412\u0440\u0435\u043c\u044f UTC (\u043a\u043e\u043d\u0435\u0446): <\/label><br \/>\n<span class=\"wpcf7-form-control-wrap\" data-name=\"pana-la-ce-ora\"><input size=\"40\" maxlength=\"400\" class=\"wpcf7-form-control wpcf7-text wpcf7-validates-as-required\" aria-required=\"true\" aria-invalid=\"false\" value=\"\" type=\"text\" name=\"pana-la-ce-ora\" \/><\/span><br \/>\n<label>\u0427\u0430\u0441\u0442\u043e\u0442\u0430:<\/label><br \/>\n<span class=\"wpcf7-form-control-wrap\" data-name=\"frecventa-receptiei\"><input size=\"40\" maxlength=\"400\" class=\"wpcf7-form-control wpcf7-text wpcf7-validates-as-required\" aria-required=\"true\" aria-invalid=\"false\" value=\"\" type=\"text\" name=\"frecventa-receptiei\" \/><\/span>\n<\/p>\n<p class=\"user-zone__message\">\u041f\u0415\u0420\u0415\u0414\u0410\u0427\u0410\n<\/p>\n<p><label>\u042f\u0437\u044b\u043a:<\/label><br \/>\n<span class=\"wpcf7-form-control-wrap\" data-name=\"limba\"><input size=\"40\" maxlength=\"400\" class=\"wpcf7-form-control wpcf7-text wpcf7-validates-as-required\" aria-required=\"true\" aria-invalid=\"false\" value=\"\" type=\"text\" name=\"limba\" \/><\/span><br \/>\n<label>\u0414\u0435\u0442\u0430\u043b\u0438 \u043e \u043f\u0440\u043e\u0433\u0440\u0430\u043c\u043c\u0435:<\/label><br \/>\n<span class=\"wpcf7-form-control-wrap\" data-name=\"detalii-despre-program\"><textarea cols=\"40\" rows=\"10\" maxlength=\"2000\" class=\"wpcf7-form-control wpcf7-textarea wpcf7-validates-as-required\" aria-required=\"true\" aria-invalid=\"false\" name=\"detalii-despre-program\"><\/textarea><\/span>\n<\/p>\n<p class=\"user-zone__message\">\u0423\u0421\u041b\u041e\u0412\u0418\u042f \u041f\u0420\u0418\u0401\u041c\u0410\n<\/p>\n<p><label>\u0421\u0438\u043b\u0430 \u0441\u0438\u0433\u043d\u0430\u043b\u0430 (S):<\/label><br \/>\n<span class=\"wpcf7-form-control-wrap\" data-name=\"puterea-semnalului\"><select class=\"wpcf7-form-control wpcf7-select wpcf7-validates-as-required\" aria-required=\"true\" aria-invalid=\"false\" name=\"puterea-semnalului\"><option value=\"\">&#8212;\u0412\u044b\u0431\u0435\u0440\u0438\u0442\u0435 \u0432\u0430\u0440\u0438\u0430\u043d\u0442&#8212;<\/option><option value=\"5 - \u0421\u0438\u043b\u044c\u043d\u044b\u0439\">5 - \u0421\u0438\u043b\u044c\u043d\u044b\u0439<\/option><option value=\"4 - \u0425\u043e\u0440\u043e\u0448\u0438\u0439\">4 - \u0425\u043e\u0440\u043e\u0448\u0438\u0439<\/option><option value=\"3 - \u0421\u0440\u0435\u0434\u043d\u0438\u0439\">3 - \u0421\u0440\u0435\u0434\u043d\u0438\u0439<\/option><option value=\"2 - \u0421\u043b\u0430\u0431\u044b\u0439\">2 - \u0421\u043b\u0430\u0431\u044b\u0439<\/option><option value=\"1 - \u041e\u0447\u0435\u043d\u044c \u0441\u043b\u0430\u0431\u044b\u0439\">1 - \u041e\u0447\u0435\u043d\u044c \u0441\u043b\u0430\u0431\u044b\u0439<\/option><\/select><\/span><br \/>\n<label>\u041f\u043e\u043c\u0435\u0445\u0438 \u043e\u0442 \u0434\u0440\u0443\u0433\u0438\u0445 \u0440\u0430\u0434\u0438\u043e\u0441\u0442\u0430\u043d\u0446\u0438\u0439 (I):<\/label><br \/>\n<span class=\"wpcf7-form-control-wrap\" data-name=\"interferenta\"><select class=\"wpcf7-form-control wpcf7-select wpcf7-validates-as-required\" aria-required=\"true\" aria-invalid=\"false\" name=\"interferenta\"><option value=\"\">&#8212;\u0412\u044b\u0431\u0435\u0440\u0438\u0442\u0435 \u0432\u0430\u0440\u0438\u0430\u043d\u0442&#8212;<\/option><option value=\"5 - \u041d\u0435\u0442\">5 - \u041d\u0435\u0442<\/option><option value=\"4 - \u041d\u0435\u0437\u043d\u0430\u0447\u0438\u0442\u0435\u043b\u044c\u043d\u044b\u0435\">4 - \u041d\u0435\u0437\u043d\u0430\u0447\u0438\u0442\u0435\u043b\u044c\u043d\u044b\u0435<\/option><option value=\"3 - \u0421\u0440\u0435\u0434\u043d\u0438\u0435\">3 - \u0421\u0440\u0435\u0434\u043d\u0438\u0435<\/option><option value=\"2 - \u0421\u0438\u043b\u044c\u043d\u044b\u0435\">2 - \u0421\u0438\u043b\u044c\u043d\u044b\u0435<\/option><option value=\"1 - \u041e\u0447\u0435\u043d\u044c \u0441\u0438\u043b\u044c\u043d\u044b\u0435\">1 - \u041e\u0447\u0435\u043d\u044c \u0441\u0438\u043b\u044c\u043d\u044b\u0435<\/option><\/select><\/span><br \/>\n<label>\u0428\u0443\u043c (N):<\/label><br \/>\n<span class=\"wpcf7-form-control-wrap\" data-name=\"zgomotul\"><select class=\"wpcf7-form-control wpcf7-select wpcf7-validates-as-required\" aria-required=\"true\" aria-invalid=\"false\" name=\"zgomotul\"><option value=\"\">&#8212;\u0412\u044b\u0431\u0435\u0440\u0438\u0442\u0435 \u0432\u0430\u0440\u0438\u0430\u043d\u0442&#8212;<\/option><option value=\"5 - \u041d\u0435\u0442\">5 - \u041d\u0435\u0442<\/option><option value=\"4 - \u041d\u0435\u0437\u043d\u0430\u0447\u0438\u0442\u0435\u043b\u044c\u043d\u044b\u0435\">4 - \u041d\u0435\u0437\u043d\u0430\u0447\u0438\u0442\u0435\u043b\u044c\u043d\u044b\u0435<\/option><option value=\"3 - \u0421\u0440\u0435\u0434\u043d\u0438\u0435\">3 - \u0421\u0440\u0435\u0434\u043d\u0438\u0435<\/option><option value=\"2 - \u0421\u0438\u043b\u044c\u043d\u044b\u0435\">2 - \u0421\u0438\u043b\u044c\u043d\u044b\u0435<\/option><option value=\"1 - \u041e\u0447\u0435\u043d\u044c \u0441\u0438\u043b\u044c\u043d\u044b\u0435\">1 - \u041e\u0447\u0435\u043d\u044c \u0441\u0438\u043b\u044c\u043d\u044b\u0435<\/option><\/select><\/span><br \/>\n<label>\u0417\u0430\u043c\u0438\u0440\u0430\u043d\u0438\u0435 \u0441\u0438\u0433\u043d\u0430\u043b\u0430 (P):<\/label><br \/>\n<span class=\"wpcf7-form-control-wrap\" data-name=\"perturbari\"><select class=\"wpcf7-form-control wpcf7-select wpcf7-validates-as-required\" aria-required=\"true\" aria-invalid=\"false\" name=\"perturbari\"><option value=\"\">&#8212;\u0412\u044b\u0431\u0435\u0440\u0438\u0442\u0435 \u0432\u0430\u0440\u0438\u0430\u043d\u0442&#8212;<\/option><option value=\"5 - \u041d\u0435\u0442\">5 - \u041d\u0435\u0442<\/option><option value=\"4 - \u041d\u0435\u0437\u043d\u0430\u0447\u0438\u0442\u0435\u043b\u044c\u043d\u044b\u0435\">4 - \u041d\u0435\u0437\u043d\u0430\u0447\u0438\u0442\u0435\u043b\u044c\u043d\u044b\u0435<\/option><option value=\"3 - \u0421\u0440\u0435\u0434\u043d\u0438\u0435\">3 - \u0421\u0440\u0435\u0434\u043d\u0438\u0435<\/option><option value=\"2 - \u0421\u0438\u043b\u044c\u043d\u044b\u0435\">2 - \u0421\u0438\u043b\u044c\u043d\u044b\u0435<\/option><option value=\"1 - \u041e\u0447\u0435\u043d\u044c \u0441\u0438\u043b\u044c\u043d\u044b\u0435\">1 - \u041e\u0447\u0435\u043d\u044c \u0441\u0438\u043b\u044c\u043d\u044b\u0435<\/option><\/select><\/span><br \/>\n<label>\u041a\u0430\u0447\u0435\u0441\u0442\u0432\u043e \u043f\u0440\u0438\u0451\u043c\u0430 (O):<\/label><br \/>\n<span class=\"wpcf7-form-control-wrap\" data-name=\"nota-generala\"><select class=\"wpcf7-form-control wpcf7-select wpcf7-validates-as-required\" aria-required=\"true\" aria-invalid=\"false\" name=\"nota-generala\"><option value=\"\">&#8212;\u0412\u044b\u0431\u0435\u0440\u0438\u0442\u0435 \u0432\u0430\u0440\u0438\u0430\u043d\u0442&#8212;<\/option><option value=\"5 - \u041e\u0442\u043b\u0438\u0447\u043d\u043e\u0435\">5 - \u041e\u0442\u043b\u0438\u0447\u043d\u043e\u0435<\/option><option value=\"4 - \u0425\u043e\u0440\u043e\u0448\u0435\u0435\">4 - \u0425\u043e\u0440\u043e\u0448\u0435\u0435<\/option><option value=\"3 - \u0421\u0440\u0435\u0434\u043d\u0435\u0435\">3 - \u0421\u0440\u0435\u0434\u043d\u0435\u0435<\/option><option value=\"2 - \u041f\u043b\u043e\u0445\u043e\u0435\">2 - \u041f\u043b\u043e\u0445\u043e\u0435<\/option><option value=\"1 - \u041e\u0447\u0435\u043d\u044c \u043f\u043b\u043e\u0445\u043e\u0435\">1 - \u041e\u0447\u0435\u043d\u044c \u043f\u043b\u043e\u0445\u043e\u0435<\/option><\/select><\/span>\n<\/p>\n<p class=\"user-zone__message\">\u0414\u0420\u0423\u0413\u0418\u0415 \u0421\u0412\u0415\u0414\u0415\u041d\u0418\u042f\n<\/p>\n<p><label>\u041a\u043e\u043c\u043c\u0435\u043d\u0442\u0430\u0440\u0438\u0438 (\u0441\u043e\u0432\u0435\u0442\u044b \u0438 \u0440\u0435\u043a\u043e\u043c\u0435\u043d\u0434\u0430\u0446\u0438\u0438):<\/label><br \/>\n<span class=\"wpcf7-form-control-wrap\" data-name=\"comentarii\"><textarea cols=\"40\" rows=\"10\" maxlength=\"2000\" class=\"wpcf7-form-control wpcf7-textarea wpcf7-validates-as-required\" aria-required=\"true\" aria-invalid=\"false\" name=\"comentarii\"><\/textarea><\/span>\n<\/p>\n<p><span class=\"wpcf7-form-control-wrap\" data-name=\"acceptare-gdpr\"><span class=\"wpcf7-form-control wpcf7-acceptance\"><span class=\"wpcf7-list-item\"><label><input type=\"checkbox\" name=\"acceptare-gdpr\" value=\"1\" aria-invalid=\"false\" \/><span class=\"wpcf7-list-item-label\">\u0417\u0430\u043f\u043e\u043b\u043d\u044f\u044f \u044d\u0442\u043e\u0442 \u0444\u043e\u0440\u043c\u0443\u043b\u044f\u0440 \u0418\u0420\u0420, \u0432\u044b \u0432\u044b\u0440\u0430\u0436\u0430\u0435\u0442\u0435 \u0441\u0432\u043e\u0435 \u0441\u043e\u0433\u043b\u0430\u0441\u0438\u0435, \u0447\u0442\u043e\u0431\u044b \u0432\u0430\u0448\u0438 \u043b\u0438\u0447\u043d\u044b\u0435 \u0434\u0430\u043d\u043d\u044b\u0435 \u0431\u044b\u043b\u0438 \u0432\u043a\u043b\u044e\u0447\u0435\u043d\u044b \u0432 \u0431\u0430\u0437\u0443 \u0434\u0430\u043d\u043d\u044b\u0445 \u0418\u0420\u0420 \u0434\u043b\u044f \u043e\u0431\u0440\u0430\u0431\u043e\u0442\u043a\u0438 \u0432 \u0438\u043d\u0444\u043e\u0440\u043c\u0430\u0446\u0438\u043e\u043d\u043d\u044b\u0445, \u043c\u0430\u0440\u043a\u0435\u0442\u0438\u043d\u0433\u043e\u0432\u044b\u0445 \u0438 \u0440\u0435\u043a\u043b\u0430\u043c\u043d\u044b\u0445 \u0446\u0435\u043b\u044f\u0445. \u0418\u0420\u0420 \u043e\u0431\u044f\u0437\u0443\u0435\u0442\u0441\u044f \u0441\u043e\u0431\u043b\u044e\u0434\u0430\u0442\u044c \u043f\u043e\u043b\u043e\u0436\u0435\u043d\u0438\u044f \u0420\u0435\u0433\u043b\u0430\u043c\u0435\u043d\u0442\u0430 (\u0415\u0421) 2016\/679 \u043e \u0437\u0430\u0449\u0438\u0442\u0435 \u043b\u0438\u0447\u043d\u044b\u0445 \u0434\u0430\u043d\u043d\u044b\u0445. \u0418\u0420\u0420 \u0431\u043e\u043b\u044c\u0448\u0435 \u043d\u0435 \u0431\u0443\u0434\u0435\u0442 \u0445\u0440\u0430\u043d\u0438\u0442\u044c \u0438 \u0438\u0441\u043f\u043e\u043b\u044c\u0437\u043e\u0432\u0430\u0442\u044c \u0432\u0430\u0448\u0438 \u043b\u0438\u0447\u043d\u044b\u0435 \u0434\u0430\u043d\u043d\u044b\u0435 \u0435\u0441\u043b\u0438 \u0432\u044b \u0442\u043e\u0433\u043e \u043f\u043e\u0442\u0440\u0435\u0431\u0443\u0435\u0442\u0435, \u043e\u0442\u043f\u0440\u0430\u0432\u0438\u0432 \u043d\u0430\u043c \u0437\u0430\u043f\u0440\u043e\u0441 \u043f\u043e \u044d\u043b\u0435\u043a\u0442\u0440\u043e\u043d\u043d\u043e\u0439 \u043f\u043e\u0447\u0442\u0435.<\/span><\/label><\/span><\/span><\/span>\n<\/p>\n<p><input class=\"wpcf7-form-control wpcf7-submit has-spinner\" type=\"submit\" value=\"\u041e\u0442\u043f\u0440\u0430\u0432\u0438\u0442\u044c\" \/>\n<\/p><p style=\"display: none !important;\" class=\"akismet-fields-container\" data-prefix=\"_wpcf7_ak_\"><label>&#916;<textarea name=\"_wpcf7_ak_hp_textarea\" cols=\"45\" rows=\"8\" maxlength=\"100\"><\/textarea><\/label><input type=\"hidden\" id=\"ak_js_1\" name=\"_wpcf7_ak_js\" value=\"243\"\/><script type=\"text\/javascript\">\n\/* <![CDATA[ *\/\ndocument.getElementById( \"ak_js_1\" ).setAttribute( \"value\", ( new Date() ).getTime() );\n\/* ]]> *\/\n<\/script>\n<\/p><div class=\"wpcf7-response-output\" aria-hidden=\"true\"><\/div>\n<\/form>\n<\/div>\n\n","protected":false},"excerpt":{"rendered":"","protected":false},"author":1,"featured_media":0,"parent":0,"menu_order":0,"comment_status":"closed","ping_status":"closed","template":"template-formular.php","meta":{"_acf_changed":false,"footnotes":""},"coauthors":[113312],"class_list":["post-655255","page","type-page","status-publish","hentry"],"acf":[],"yoast_head":"<!-- This site is optimized with the Yoast SEO plugin v27.5 - https:\/\/yoast.com\/product\/yoast-seo-wordpress\/ -->\n<title>\u0420\u0430\u043f\u043e\u0440\u0442 \u043e \u043f\u0440\u0438\u0451\u043c\u0435 - \u0418\u041d\u0422\u0415\u0420\u0420\u0410\u0414\u0418\u041e \u0420\u0423\u041c\u042b\u041d\u0418\u042f<\/title>\n<meta name=\"robots\" content=\"index, follow, max-snippet:-1, max-image-preview:large, max-video-preview:-1\" \/>\n<link rel=\"canonical\" href=\"https:\/\/www.rri.ro\/ru\/\u0440\u0430\u043f\u043e\u0440\u0442-\u043e-\u043f\u0440\u0438\u0451\u043c\u0435\" \/>\n<meta property=\"og:locale\" content=\"ru_RU\" \/>\n<meta property=\"og:type\" content=\"article\" \/>\n<meta property=\"og:title\" content=\"\u0420\u0430\u043f\u043e\u0440\u0442 \u043e \u043f\u0440\u0438\u0451\u043c\u0435 - \u0418\u041d\u0422\u0415\u0420\u0420\u0410\u0414\u0418\u041e \u0420\u0423\u041c\u042b\u041d\u0418\u042f\" \/>\n<meta property=\"og:url\" content=\"https:\/\/www.rri.ro\/ru\/\u0440\u0430\u043f\u043e\u0440\u0442-\u043e-\u043f\u0440\u0438\u0451\u043c\u0435\" \/>\n<meta property=\"og:site_name\" content=\"\u0418\u041d\u0422\u0415\u0420\u0420\u0410\u0414\u0418\u041e \u0420\u0423\u041c\u042b\u041d\u0418\u042f\" \/>\n<meta property=\"article:modified_time\" content=\"2024-03-15T11:19:06+00:00\" \/>\n<meta name=\"twitter:card\" content=\"summary_large_image\" \/>\n<meta name=\"twitter:label1\" content=\"\u0410\u0432\u0442\u043e\u0440:\" \/>\n\t<meta name=\"twitter:data1\" content=\"admin\" \/>\n<script type=\"application\/ld+json\" class=\"yoast-schema-graph\">{\"@context\":\"https:\\\/\\\/schema.org\",\"@graph\":[{\"@type\":\"WebPage\",\"@id\":\"https:\\\/\\\/www.rri.ro\\\/ru\\\/%d1%80%d0%b0%d0%bf%d0%be%d1%80%d1%82-%d0%be-%d0%bf%d1%80%d0%b8%d1%91%d0%bc%d0%b5\",\"url\":\"https:\\\/\\\/www.rri.ro\\\/ru\\\/%d1%80%d0%b0%d0%bf%d0%be%d1%80%d1%82-%d0%be-%d0%bf%d1%80%d0%b8%d1%91%d0%bc%d0%b5\",\"name\":\"\u0420\u0430\u043f\u043e\u0440\u0442 \u043e \u043f\u0440\u0438\u0451\u043c\u0435 - \u0418\u041d\u0422\u0415\u0420\u0420\u0410\u0414\u0418\u041e \u0420\u0423\u041c\u042b\u041d\u0418\u042f\",\"isPartOf\":{\"@id\":\"https:\\\/\\\/www.rri.ro\\\/#website\"},\"datePublished\":\"2024-02-21T19:20:21+00:00\",\"dateModified\":\"2024-03-15T11:19:06+00:00\",\"breadcrumb\":{\"@id\":\"https:\\\/\\\/www.rri.ro\\\/ru\\\/%d1%80%d0%b0%d0%bf%d0%be%d1%80%d1%82-%d0%be-%d0%bf%d1%80%d0%b8%d1%91%d0%bc%d0%b5#breadcrumb\"},\"inLanguage\":\"ru-RU\",\"potentialAction\":[{\"@type\":\"ReadAction\",\"target\":[\"https:\\\/\\\/www.rri.ro\\\/ru\\\/%d1%80%d0%b0%d0%bf%d0%be%d1%80%d1%82-%d0%be-%d0%bf%d1%80%d0%b8%d1%91%d0%bc%d0%b5\"]}]},{\"@type\":\"BreadcrumbList\",\"@id\":\"https:\\\/\\\/www.rri.ro\\\/ru\\\/%d1%80%d0%b0%d0%bf%d0%be%d1%80%d1%82-%d0%be-%d0%bf%d1%80%d0%b8%d1%91%d0%bc%d0%b5#breadcrumb\",\"itemListElement\":[{\"@type\":\"ListItem\",\"position\":1,\"name\":\"\u0414\u043e\u043c\u0430\u0448\u043d\u044f\u044f \u0441\u0442\u0440\u0430\u043d\u0438\u0446\u0430\",\"item\":\"https:\\\/\\\/www.rri.ro\\\/ru\"},{\"@type\":\"ListItem\",\"position\":2,\"name\":\"\u0420\u0430\u043f\u043e\u0440\u0442 \u043e \u043f\u0440\u0438\u0451\u043c\u0435\"}]},{\"@type\":\"WebSite\",\"@id\":\"https:\\\/\\\/www.rri.ro\\\/#website\",\"url\":\"https:\\\/\\\/www.rri.ro\\\/\",\"name\":\"\u0418\u041d\u0422\u0415\u0420\u0420\u0410\u0414\u0418\u041e \u0420\u0423\u041c\u042b\u041d\u0418\u042f\",\"description\":\"Totul despre Rom\u00e2nia \u015fi rom\u00e2ni, \u00een 13 limbi\\\/dialecte!\",\"inLanguage\":\"ru-RU\"}]}<\/script>\n<!-- \/ Yoast SEO plugin. -->","yoast_head_json":{"title":"\u0420\u0430\u043f\u043e\u0440\u0442 \u043e \u043f\u0440\u0438\u0451\u043c\u0435 - \u0418\u041d\u0422\u0415\u0420\u0420\u0410\u0414\u0418\u041e \u0420\u0423\u041c\u042b\u041d\u0418\u042f","robots":{"index":"index","follow":"follow","max-snippet":"max-snippet:-1","max-image-preview":"max-image-preview:large","max-video-preview":"max-video-preview:-1"},"canonical":"https:\/\/www.rri.ro\/ru\/\u0440\u0430\u043f\u043e\u0440\u0442-\u043e-\u043f\u0440\u0438\u0451\u043c\u0435","og_locale":"ru_RU","og_type":"article","og_title":"\u0420\u0430\u043f\u043e\u0440\u0442 \u043e \u043f\u0440\u0438\u0451\u043c\u0435 - \u0418\u041d\u0422\u0415\u0420\u0420\u0410\u0414\u0418\u041e \u0420\u0423\u041c\u042b\u041d\u0418\u042f","og_url":"https:\/\/www.rri.ro\/ru\/\u0440\u0430\u043f\u043e\u0440\u0442-\u043e-\u043f\u0440\u0438\u0451\u043c\u0435","og_site_name":"\u0418\u041d\u0422\u0415\u0420\u0420\u0410\u0414\u0418\u041e \u0420\u0423\u041c\u042b\u041d\u0418\u042f","article_modified_time":"2024-03-15T11:19:06+00:00","twitter_card":"summary_large_image","twitter_misc":{"\u0410\u0432\u0442\u043e\u0440:":"admin"},"schema":{"@context":"https:\/\/schema.org","@graph":[{"@type":"WebPage","@id":"https:\/\/www.rri.ro\/ru\/%d1%80%d0%b0%d0%bf%d0%be%d1%80%d1%82-%d0%be-%d0%bf%d1%80%d0%b8%d1%91%d0%bc%d0%b5","url":"https:\/\/www.rri.ro\/ru\/%d1%80%d0%b0%d0%bf%d0%be%d1%80%d1%82-%d0%be-%d0%bf%d1%80%d0%b8%d1%91%d0%bc%d0%b5","name":"\u0420\u0430\u043f\u043e\u0440\u0442 \u043e \u043f\u0440\u0438\u0451\u043c\u0435 - \u0418\u041d\u0422\u0415\u0420\u0420\u0410\u0414\u0418\u041e \u0420\u0423\u041c\u042b\u041d\u0418\u042f","isPartOf":{"@id":"https:\/\/www.rri.ro\/#website"},"datePublished":"2024-02-21T19:20:21+00:00","dateModified":"2024-03-15T11:19:06+00:00","breadcrumb":{"@id":"https:\/\/www.rri.ro\/ru\/%d1%80%d0%b0%d0%bf%d0%be%d1%80%d1%82-%d0%be-%d0%bf%d1%80%d0%b8%d1%91%d0%bc%d0%b5#breadcrumb"},"inLanguage":"ru-RU","potentialAction":[{"@type":"ReadAction","target":["https:\/\/www.rri.ro\/ru\/%d1%80%d0%b0%d0%bf%d0%be%d1%80%d1%82-%d0%be-%d0%bf%d1%80%d0%b8%d1%91%d0%bc%d0%b5"]}]},{"@type":"BreadcrumbList","@id":"https:\/\/www.rri.ro\/ru\/%d1%80%d0%b0%d0%bf%d0%be%d1%80%d1%82-%d0%be-%d0%bf%d1%80%d0%b8%d1%91%d0%bc%d0%b5#breadcrumb","itemListElement":[{"@type":"ListItem","position":1,"name":"\u0414\u043e\u043c\u0430\u0448\u043d\u044f\u044f \u0441\u0442\u0440\u0430\u043d\u0438\u0446\u0430","item":"https:\/\/www.rri.ro\/ru"},{"@type":"ListItem","position":2,"name":"\u0420\u0430\u043f\u043e\u0440\u0442 \u043e \u043f\u0440\u0438\u0451\u043c\u0435"}]},{"@type":"WebSite","@id":"https:\/\/www.rri.ro\/#website","url":"https:\/\/www.rri.ro\/","name":"\u0418\u041d\u0422\u0415\u0420\u0420\u0410\u0414\u0418\u041e \u0420\u0423\u041c\u042b\u041d\u0418\u042f","description":"Totul despre Rom\u00e2nia \u015fi rom\u00e2ni, \u00een 13 limbi\/dialecte!","inLanguage":"ru-RU"}]}},"_links":{"self":[{"href":"https:\/\/www.rri.ro\/ru\/wp-json\/wp\/v2\/pages\/655255","targetHints":{"allow":["GET"]}}],"collection":[{"href":"https:\/\/www.rri.ro\/ru\/wp-json\/wp\/v2\/pages"}],"about":[{"href":"https:\/\/www.rri.ro\/ru\/wp-json\/wp\/v2\/types\/page"}],"author":[{"embeddable":true,"href":"https:\/\/www.rri.ro\/ru\/wp-json\/wp\/v2\/users\/1"}],"replies":[{"embeddable":true,"href":"https:\/\/www.rri.ro\/ru\/wp-json\/wp\/v2\/comments?post=655255"}],"version-history":[{"count":0,"href":"https:\/\/www.rri.ro\/ru\/wp-json\/wp\/v2\/pages\/655255\/revisions"}],"wp:attachment":[{"href":"https:\/\/www.rri.ro\/ru\/wp-json\/wp\/v2\/media?parent=655255"}],"wp:term":[{"taxonomy":"author","embeddable":true,"href":"https:\/\/www.rri.ro\/ru\/wp-json\/wp\/v2\/coauthors?post=655255"}],"curies":[{"name":"wp","href":"https:\/\/api.w.org\/{rel}","templated":true}]}}