{"id":711212,"date":"2024-02-04T11:21:50","date_gmt":"2024-02-04T09:21:50","guid":{"rendered":"http:\/\/devrri.freshlemon.ro\/istoria-radio-romania-international"},"modified":"2024-03-14T14:30:10","modified_gmt":"2024-03-14T12:30:10","slug":"%d0%b8%d1%81%d1%82%d0%be%d1%80%d0%b8%d1%8f-%d0%b8%d1%80%d1%80","status":"publish","type":"page","link":"https:\/\/www.rri.ro\/ru\/%d0%b8%d1%81%d1%82%d0%be%d1%80%d0%b8%d1%8f-%d0%b8%d1%80%d1%80","title":{"rendered":"\u0418\u0441\u0442\u043e\u0440\u0438\u044f \u0418\u0420\u0420"},"content":{"rendered":"<p><img decoding=\"async\" class=\"wp-image-615281 size-medium\" src=\"http:\/\/devrri.freshlemon.ro\/wp-content\/uploads\/2024\/02\/CladirevecheRadiodifuziune-221x300.jpg\" alt=\"Cl\u0103direa veche a Radioddifuziunii\" width=\"221\" height=\"300\" srcset=\"https:\/\/www.rri.ro\/wp-content\/uploads\/2024\/02\/CladirevecheRadiodifuziune-221x300.jpg 221w, https:\/\/www.rri.ro\/wp-content\/uploads\/2024\/02\/CladirevecheRadiodifuziune-754x1024.jpg 754w, https:\/\/www.rri.ro\/wp-content\/uploads\/2024\/02\/CladirevecheRadiodifuziune-768x1043.jpg 768w, https:\/\/www.rri.ro\/wp-content\/uploads\/2024\/02\/CladirevecheRadiodifuziune-209x284.jpg 209w, https:\/\/www.rri.ro\/wp-content\/uploads\/2024\/02\/CladirevecheRadiodifuziune.jpg 850w\" sizes=\"(max-width: 221px) 100vw, 221px\" \/><\/p>\n<h2>\u0418\u0441\u0442\u043e\u0440\u0438\u044f \u0418\u0420\u0420<\/h2>\n<p>&nbsp;<\/p>\n<div class=\"fb-comments fb_iframe_widget fb_iframe_widget_fluid_desktop\" data-href=\"http:\/\/www.rri.ro\/ro_ro\/history-746&amp;\" data-width=\"100%\" data-numposts=\"5\"><\/div>\n","protected":false},"excerpt":{"rendered":"<p>\u0418\u0441\u0442\u043e\u0440\u0438\u044f \u0418\u0420\u0420 &nbsp;<\/p>\n","protected":false},"author":28,"featured_media":0,"parent":0,"menu_order":0,"comment_status":"closed","ping_status":"closed","template":"","meta":{"_acf_changed":false,"footnotes":""},"coauthors":[115205],"class_list":["post-711212","page","type-page","status-publish","hentry"],"acf":[],"yoast_head":"<!-- This site is optimized with the Yoast SEO plugin v27.5 - https:\/\/yoast.com\/product\/yoast-seo-wordpress\/ -->\n<title>\u0418\u0441\u0442\u043e\u0440\u0438\u044f \u0418\u0420\u0420 - \u0418\u041d\u0422\u0415\u0420\u0420\u0410\u0414\u0418\u041e \u0420\u0423\u041c\u042b\u041d\u0418\u042f<\/title>\n<meta name=\"robots\" content=\"index, follow, max-snippet:-1, max-image-preview:large, max-video-preview:-1\" \/>\n<link rel=\"canonical\" href=\"https:\/\/www.rri.ro\/ru\/\u0438\u0441\u0442\u043e\u0440\u0438\u044f-\u0438\u0440\u0440\" \/>\n<meta property=\"og:locale\" content=\"ru_RU\" \/>\n<meta property=\"og:type\" content=\"article\" \/>\n<meta property=\"og:title\" content=\"\u0418\u0441\u0442\u043e\u0440\u0438\u044f \u0418\u0420\u0420 - \u0418\u041d\u0422\u0415\u0420\u0420\u0410\u0414\u0418\u041e \u0420\u0423\u041c\u042b\u041d\u0418\u042f\" \/>\n<meta property=\"og:description\" content=\"\u0418\u0441\u0442\u043e\u0440\u0438\u044f \u0418\u0420\u0420 &nbsp;\" \/>\n<meta property=\"og:url\" content=\"https:\/\/www.rri.ro\/ru\/\u0438\u0441\u0442\u043e\u0440\u0438\u044f-\u0438\u0440\u0440\" \/>\n<meta property=\"og:site_name\" content=\"\u0418\u041d\u0422\u0415\u0420\u0420\u0410\u0414\u0418\u041e \u0420\u0423\u041c\u042b\u041d\u0418\u042f\" \/>\n<meta property=\"article:modified_time\" content=\"2024-03-14T12:30:10+00:00\" \/>\n<meta property=\"og:image\" content=\"https:\/\/www.rri.ro\/wp-content\/uploads\/2024\/02\/CladirevecheRadiodifuziune.jpg\" \/>\n\t<meta property=\"og:image:width\" content=\"850\" \/>\n\t<meta property=\"og:image:height\" content=\"1154\" \/>\n\t<meta property=\"og:image:type\" content=\"image\/jpeg\" \/>\n<meta name=\"twitter:card\" content=\"summary_large_image\" \/>\n<meta name=\"twitter:label1\" content=\"\u0410\u0432\u0442\u043e\u0440:\" \/>\n\t<meta name=\"twitter:data1\" content=\"Eugen Cojocariu\" \/>\n<script type=\"application\/ld+json\" class=\"yoast-schema-graph\">{\"@context\":\"https:\\\/\\\/schema.org\",\"@graph\":[{\"@type\":\"WebPage\",\"@id\":\"https:\\\/\\\/www.rri.ro\\\/ru\\\/%d0%b8%d1%81%d1%82%d0%be%d1%80%d0%b8%d1%8f-%d0%b8%d1%80%d1%80\",\"url\":\"https:\\\/\\\/www.rri.ro\\\/ru\\\/%d0%b8%d1%81%d1%82%d0%be%d1%80%d0%b8%d1%8f-%d0%b8%d1%80%d1%80\",\"name\":\"\u0418\u0441\u0442\u043e\u0440\u0438\u044f \u0418\u0420\u0420 - \u0418\u041d\u0422\u0415\u0420\u0420\u0410\u0414\u0418\u041e \u0420\u0423\u041c\u042b\u041d\u0418\u042f\",\"isPartOf\":{\"@id\":\"https:\\\/\\\/www.rri.ro\\\/#website\"},\"primaryImageOfPage\":{\"@id\":\"https:\\\/\\\/www.rri.ro\\\/ru\\\/%d0%b8%d1%81%d1%82%d0%be%d1%80%d0%b8%d1%8f-%d0%b8%d1%80%d1%80#primaryimage\"},\"image\":{\"@id\":\"https:\\\/\\\/www.rri.ro\\\/ru\\\/%d0%b8%d1%81%d1%82%d0%be%d1%80%d0%b8%d1%8f-%d0%b8%d1%80%d1%80#primaryimage\"},\"thumbnailUrl\":\"http:\\\/\\\/devrri.freshlemon.ro\\\/wp-content\\\/uploads\\\/2024\\\/02\\\/CladirevecheRadiodifuziune-221x300.jpg\",\"datePublished\":\"2024-02-04T09:21:50+00:00\",\"dateModified\":\"2024-03-14T12:30:10+00:00\",\"breadcrumb\":{\"@id\":\"https:\\\/\\\/www.rri.ro\\\/ru\\\/%d0%b8%d1%81%d1%82%d0%be%d1%80%d0%b8%d1%8f-%d0%b8%d1%80%d1%80#breadcrumb\"},\"inLanguage\":\"ru-RU\",\"potentialAction\":[{\"@type\":\"ReadAction\",\"target\":[\"https:\\\/\\\/www.rri.ro\\\/ru\\\/%d0%b8%d1%81%d1%82%d0%be%d1%80%d0%b8%d1%8f-%d0%b8%d1%80%d1%80\"]}]},{\"@type\":\"ImageObject\",\"inLanguage\":\"ru-RU\",\"@id\":\"https:\\\/\\\/www.rri.ro\\\/ru\\\/%d0%b8%d1%81%d1%82%d0%be%d1%80%d0%b8%d1%8f-%d0%b8%d1%80%d1%80#primaryimage\",\"url\":\"http:\\\/\\\/devrri.freshlemon.ro\\\/wp-content\\\/uploads\\\/2024\\\/02\\\/CladirevecheRadiodifuziune-221x300.jpg\",\"contentUrl\":\"http:\\\/\\\/devrri.freshlemon.ro\\\/wp-content\\\/uploads\\\/2024\\\/02\\\/CladirevecheRadiodifuziune-221x300.jpg\"},{\"@type\":\"BreadcrumbList\",\"@id\":\"https:\\\/\\\/www.rri.ro\\\/ru\\\/%d0%b8%d1%81%d1%82%d0%be%d1%80%d0%b8%d1%8f-%d0%b8%d1%80%d1%80#breadcrumb\",\"itemListElement\":[{\"@type\":\"ListItem\",\"position\":1,\"name\":\"\u0414\u043e\u043c\u0430\u0448\u043d\u044f\u044f \u0441\u0442\u0440\u0430\u043d\u0438\u0446\u0430\",\"item\":\"https:\\\/\\\/www.rri.ro\\\/ru\"},{\"@type\":\"ListItem\",\"position\":2,\"name\":\"\u0418\u0441\u0442\u043e\u0440\u0438\u044f \u0418\u0420\u0420\"}]},{\"@type\":\"WebSite\",\"@id\":\"https:\\\/\\\/www.rri.ro\\\/#website\",\"url\":\"https:\\\/\\\/www.rri.ro\\\/\",\"name\":\"\u0418\u041d\u0422\u0415\u0420\u0420\u0410\u0414\u0418\u041e \u0420\u0423\u041c\u042b\u041d\u0418\u042f\",\"description\":\"Totul despre Rom\u00e2nia \u015fi rom\u00e2ni, \u00een 13 limbi\\\/dialecte!\",\"inLanguage\":\"ru-RU\"}]}<\/script>\n<!-- \/ Yoast SEO plugin. -->","yoast_head_json":{"title":"\u0418\u0441\u0442\u043e\u0440\u0438\u044f \u0418\u0420\u0420 - \u0418\u041d\u0422\u0415\u0420\u0420\u0410\u0414\u0418\u041e \u0420\u0423\u041c\u042b\u041d\u0418\u042f","robots":{"index":"index","follow":"follow","max-snippet":"max-snippet:-1","max-image-preview":"max-image-preview:large","max-video-preview":"max-video-preview:-1"},"canonical":"https:\/\/www.rri.ro\/ru\/\u0438\u0441\u0442\u043e\u0440\u0438\u044f-\u0438\u0440\u0440","og_locale":"ru_RU","og_type":"article","og_title":"\u0418\u0441\u0442\u043e\u0440\u0438\u044f \u0418\u0420\u0420 - \u0418\u041d\u0422\u0415\u0420\u0420\u0410\u0414\u0418\u041e \u0420\u0423\u041c\u042b\u041d\u0418\u042f","og_description":"\u0418\u0441\u0442\u043e\u0440\u0438\u044f \u0418\u0420\u0420 &nbsp;","og_url":"https:\/\/www.rri.ro\/ru\/\u0438\u0441\u0442\u043e\u0440\u0438\u044f-\u0438\u0440\u0440","og_site_name":"\u0418\u041d\u0422\u0415\u0420\u0420\u0410\u0414\u0418\u041e \u0420\u0423\u041c\u042b\u041d\u0418\u042f","article_modified_time":"2024-03-14T12:30:10+00:00","og_image":[{"width":850,"height":1154,"url":"https:\/\/www.rri.ro\/wp-content\/uploads\/2024\/02\/CladirevecheRadiodifuziune.jpg","type":"image\/jpeg"}],"twitter_card":"summary_large_image","twitter_misc":{"\u0410\u0432\u0442\u043e\u0440:":"Eugen Cojocariu"},"schema":{"@context":"https:\/\/schema.org","@graph":[{"@type":"WebPage","@id":"https:\/\/www.rri.ro\/ru\/%d0%b8%d1%81%d1%82%d0%be%d1%80%d0%b8%d1%8f-%d0%b8%d1%80%d1%80","url":"https:\/\/www.rri.ro\/ru\/%d0%b8%d1%81%d1%82%d0%be%d1%80%d0%b8%d1%8f-%d0%b8%d1%80%d1%80","name":"\u0418\u0441\u0442\u043e\u0440\u0438\u044f \u0418\u0420\u0420 - \u0418\u041d\u0422\u0415\u0420\u0420\u0410\u0414\u0418\u041e \u0420\u0423\u041c\u042b\u041d\u0418\u042f","isPartOf":{"@id":"https:\/\/www.rri.ro\/#website"},"primaryImageOfPage":{"@id":"https:\/\/www.rri.ro\/ru\/%d0%b8%d1%81%d1%82%d0%be%d1%80%d0%b8%d1%8f-%d0%b8%d1%80%d1%80#primaryimage"},"image":{"@id":"https:\/\/www.rri.ro\/ru\/%d0%b8%d1%81%d1%82%d0%be%d1%80%d0%b8%d1%8f-%d0%b8%d1%80%d1%80#primaryimage"},"thumbnailUrl":"http:\/\/devrri.freshlemon.ro\/wp-content\/uploads\/2024\/02\/CladirevecheRadiodifuziune-221x300.jpg","datePublished":"2024-02-04T09:21:50+00:00","dateModified":"2024-03-14T12:30:10+00:00","breadcrumb":{"@id":"https:\/\/www.rri.ro\/ru\/%d0%b8%d1%81%d1%82%d0%be%d1%80%d0%b8%d1%8f-%d0%b8%d1%80%d1%80#breadcrumb"},"inLanguage":"ru-RU","potentialAction":[{"@type":"ReadAction","target":["https:\/\/www.rri.ro\/ru\/%d0%b8%d1%81%d1%82%d0%be%d1%80%d0%b8%d1%8f-%d0%b8%d1%80%d1%80"]}]},{"@type":"ImageObject","inLanguage":"ru-RU","@id":"https:\/\/www.rri.ro\/ru\/%d0%b8%d1%81%d1%82%d0%be%d1%80%d0%b8%d1%8f-%d0%b8%d1%80%d1%80#primaryimage","url":"http:\/\/devrri.freshlemon.ro\/wp-content\/uploads\/2024\/02\/CladirevecheRadiodifuziune-221x300.jpg","contentUrl":"http:\/\/devrri.freshlemon.ro\/wp-content\/uploads\/2024\/02\/CladirevecheRadiodifuziune-221x300.jpg"},{"@type":"BreadcrumbList","@id":"https:\/\/www.rri.ro\/ru\/%d0%b8%d1%81%d1%82%d0%be%d1%80%d0%b8%d1%8f-%d0%b8%d1%80%d1%80#breadcrumb","itemListElement":[{"@type":"ListItem","position":1,"name":"\u0414\u043e\u043c\u0430\u0448\u043d\u044f\u044f \u0441\u0442\u0440\u0430\u043d\u0438\u0446\u0430","item":"https:\/\/www.rri.ro\/ru"},{"@type":"ListItem","position":2,"name":"\u0418\u0441\u0442\u043e\u0440\u0438\u044f \u0418\u0420\u0420"}]},{"@type":"WebSite","@id":"https:\/\/www.rri.ro\/#website","url":"https:\/\/www.rri.ro\/","name":"\u0418\u041d\u0422\u0415\u0420\u0420\u0410\u0414\u0418\u041e \u0420\u0423\u041c\u042b\u041d\u0418\u042f","description":"Totul despre Rom\u00e2nia \u015fi rom\u00e2ni, \u00een 13 limbi\/dialecte!","inLanguage":"ru-RU"}]}},"_links":{"self":[{"href":"https:\/\/www.rri.ro\/ru\/wp-json\/wp\/v2\/pages\/711212","targetHints":{"allow":["GET"]}}],"collection":[{"href":"https:\/\/www.rri.ro\/ru\/wp-json\/wp\/v2\/pages"}],"about":[{"href":"https:\/\/www.rri.ro\/ru\/wp-json\/wp\/v2\/types\/page"}],"author":[{"embeddable":true,"href":"https:\/\/www.rri.ro\/ru\/wp-json\/wp\/v2\/users\/28"}],"replies":[{"embeddable":true,"href":"https:\/\/www.rri.ro\/ru\/wp-json\/wp\/v2\/comments?post=711212"}],"version-history":[{"count":0,"href":"https:\/\/www.rri.ro\/ru\/wp-json\/wp\/v2\/pages\/711212\/revisions"}],"wp:attachment":[{"href":"https:\/\/www.rri.ro\/ru\/wp-json\/wp\/v2\/media?parent=711212"}],"wp:term":[{"taxonomy":"author","embeddable":true,"href":"https:\/\/www.rri.ro\/ru\/wp-json\/wp\/v2\/coauthors?post=711212"}],"curies":[{"name":"wp","href":"https:\/\/api.w.org\/{rel}","templated":true}]}}