{"id":621443,"date":"2024-01-25T11:40:56","date_gmt":"2024-01-25T09:40:56","guid":{"rendered":"http:\/\/devrri.freshlemon.ro\/%d1%84%d1%80%d0%b5%d0%ba%d0%b2%d0%b5%d0%bd%d1%86%d0%b8%d1%98%d0%b0"},"modified":"2025-10-20T14:22:14","modified_gmt":"2025-10-20T11:22:14","slug":"%d1%84%d1%80%d0%b5%d0%ba%d0%b2%d0%b5%d0%bd%d1%86%d0%b8%d1%98%d0%b0","status":"publish","type":"page","link":"https:\/\/www.rri.ro\/sr\/%d1%84%d1%80%d0%b5%d0%ba%d0%b2%d0%b5%d0%bd%d1%86%d0%b8%d1%98%d0%b0","title":{"rendered":"Frekvencije"},"content":{"rendered":"<p>Po\u010dev od 26.10.2025 emisije RRI na srpskom jeziku mo\u017eete pratiti svakoga dana u 17.30 i\u00a0 u 19.30 na 5,955 kiloherca i u 21.30 na 5,960 kiloherca , po srednjeevropskom vremenu, na adresi www.rri.ro i na FB stranici Srpska Redakcija RRI\u00a0 (Emisije za inostranstvo)<\/p>\n<p>&nbsp;<\/p>\n<p><img decoding=\"async\" class=\"size-medium wp-image-604332\" src=\"https:\/\/www.rri.ro\/wp-content\/uploads\/2024\/02\/Saftica-2-300x172.jpg\" alt=\"Antena u Saftiki\" width=\"300\" height=\"172\" srcset=\"https:\/\/www.rri.ro\/wp-content\/uploads\/2024\/02\/Saftica-2-300x172.jpg 300w, https:\/\/www.rri.ro\/wp-content\/uploads\/2024\/02\/Saftica-2-1024x588.jpg 1024w, https:\/\/www.rri.ro\/wp-content\/uploads\/2024\/02\/Saftica-2-768x441.jpg 768w, https:\/\/www.rri.ro\/wp-content\/uploads\/2024\/02\/Saftica-2-1536x881.jpg 1536w, https:\/\/www.rri.ro\/wp-content\/uploads\/2024\/02\/Saftica-2-2048x1175.jpg 2048w, https:\/\/www.rri.ro\/wp-content\/uploads\/2024\/02\/Saftica-2-900x516.jpg 900w, https:\/\/www.rri.ro\/wp-content\/uploads\/2024\/02\/Saftica-2-460x264.jpg 460w\" sizes=\"(max-width: 300px) 100vw, 300px\" \/><\/p>\n<p>Po\u010dev od 26.10.2025 emisije RRI na srpskom jeziku mo\u017eete pratiti svakoga dana u 17.30 i u\u00a0 19.30 na 5,955 kiloherca \u00a0i u 21.30 na 5,960 kiloherca, po srednjeevropskom vremenu, na adresi www.rri.ro i na FB stranici Srpska Redakcija RRI\u00a0 (Emisije za inostranstvo)<\/p>\n<p>&nbsp;<\/p>\n<p>Sve tri emisije, u\u017eivo ili reemitovane, mo\u017eete slu\u0161ati u\u017eivo i preko interneta na adresi www.rri.ro , gde se nalazi na\u0161a cela medijska produkcija, a pisane materijele: vesti, komentare i rubrike, mo\u017eete pratiti na Fejsbuku, na stranici stranici Srpska Redakcija RRI\u00a0 (Emisije za inostranstvo)<\/p>\n<p>&nbsp;<\/p>\n<p>https:\/\/www.facebook.com\/EmisijaRadijaRumunijaInternacional\/.<\/p>\n<p>&nbsp;<\/p>\n<p>Na\u0161e emisije mo\u017eete slu\u0161ati i preko satelita, na Eutelsatu 16A, orbitalna pozicija 16\u00b0 isto\u010dno, vertikalna polarizacija, frekvencija 11512 MHz. Protok simbola (Symbol Rate) 29,950 MSym\/s, standard DVB-S2, modulacija 8PSK, audio PID 61.<\/p>\n","protected":false},"excerpt":{"rendered":"<p>Po\u010dev od 26.10.2025 emisije RRI na srpskom jeziku mo\u017eete pratiti svakoga dana u 17.30 i\u00a0 u 19.30 na 5,955 kiloherca i u 21.30 na 5,960 kiloherca , po srednjeevropskom vremenu, na adresi www.rri.ro i na FB stranici Srpska Redakcija RRI\u00a0 (Emisije za inostranstvo) &nbsp; Po\u010dev od 26.10.2025 emisije RRI na srpskom jeziku mo\u017eete pratiti svakoga [&hellip;]<\/p>\n","protected":false},"author":1,"featured_media":1000018,"parent":0,"menu_order":0,"comment_status":"closed","ping_status":"closed","template":"","meta":{"_acf_changed":false,"footnotes":""},"coauthors":[113312],"class_list":["post-621443","page","type-page","status-publish","has-post-thumbnail","hentry"],"acf":[],"yoast_head":"<!-- This site is optimized with the Yoast SEO plugin v27.5 - https:\/\/yoast.com\/product\/yoast-seo-wordpress\/ -->\n<title>Frekvencije - RADIO RUMUNIJA INTERNACIONAL<\/title>\n<meta name=\"robots\" content=\"index, follow, max-snippet:-1, max-image-preview:large, max-video-preview:-1\" \/>\n<link rel=\"canonical\" href=\"https:\/\/www.rri.ro\/sr\/\u0444\u0440\u0435\u043a\u0432\u0435\u043d\u0446\u0438\u0458\u0430\" \/>\n<meta property=\"og:locale\" content=\"sr_RS\" \/>\n<meta property=\"og:type\" content=\"article\" \/>\n<meta property=\"og:title\" content=\"Frekvencije - RADIO RUMUNIJA INTERNACIONAL\" \/>\n<meta property=\"og:description\" content=\"Po\u010dev od 26.10.2025 emisije RRI na srpskom jeziku mo\u017eete pratiti svakoga dana u 17.30 i\u00a0 u 19.30 na 5,955 kiloherca i u 21.30 na 5,960 kiloherca , po srednjeevropskom vremenu, na adresi www.rri.ro i na FB stranici Srpska Redakcija RRI\u00a0 (Emisije za inostranstvo) &nbsp; Po\u010dev od 26.10.2025 emisije RRI na srpskom jeziku mo\u017eete pratiti svakoga [&hellip;]\" \/>\n<meta property=\"og:url\" content=\"https:\/\/www.rri.ro\/sr\/\u0444\u0440\u0435\u043a\u0432\u0435\u043d\u0446\u0438\u0458\u0430\" \/>\n<meta property=\"og:site_name\" content=\"RADIO RUMUNIJA INTERNACIONAL\" \/>\n<meta property=\"article:modified_time\" content=\"2025-10-20T11:22:14+00:00\" \/>\n<meta property=\"og:image\" content=\"https:\/\/www.rri.ro\/wp-content\/uploads\/2024\/02\/Saftica-2-scaled.jpg\" \/>\n\t<meta property=\"og:image:width\" content=\"2560\" \/>\n\t<meta property=\"og:image:height\" content=\"1469\" \/>\n\t<meta property=\"og:image:type\" content=\"image\/jpeg\" \/>\n<meta name=\"twitter:card\" content=\"summary_large_image\" \/>\n<meta name=\"twitter:label1\" content=\"\u041f\u0440\u043e\u0446\u0435\u045a\u0435\u043d\u043e \u0432\u0440\u0435\u043c\u0435 \u0447\u0438\u0442\u0430\u045a\u0430\" \/>\n\t<meta name=\"twitter:data1\" content=\"1 \u043c\u0438\u043d\u0443\u0442\" \/>\n\t<meta name=\"twitter:label2\" content=\"Written by\" \/>\n\t<meta name=\"twitter:data2\" content=\"admin\" \/>\n<script type=\"application\/ld+json\" class=\"yoast-schema-graph\">{\"@context\":\"https:\\\/\\\/schema.org\",\"@graph\":[{\"@type\":\"WebPage\",\"@id\":\"https:\\\/\\\/www.rri.ro\\\/sr\\\/%d1%84%d1%80%d0%b5%d0%ba%d0%b2%d0%b5%d0%bd%d1%86%d0%b8%d1%98%d0%b0\",\"url\":\"https:\\\/\\\/www.rri.ro\\\/sr\\\/%d1%84%d1%80%d0%b5%d0%ba%d0%b2%d0%b5%d0%bd%d1%86%d0%b8%d1%98%d0%b0\",\"name\":\"Frekvencije - RADIO RUMUNIJA INTERNACIONAL\",\"isPartOf\":{\"@id\":\"https:\\\/\\\/www.rri.ro\\\/#website\"},\"primaryImageOfPage\":{\"@id\":\"https:\\\/\\\/www.rri.ro\\\/sr\\\/%d1%84%d1%80%d0%b5%d0%ba%d0%b2%d0%b5%d0%bd%d1%86%d0%b8%d1%98%d0%b0#primaryimage\"},\"image\":{\"@id\":\"https:\\\/\\\/www.rri.ro\\\/sr\\\/%d1%84%d1%80%d0%b5%d0%ba%d0%b2%d0%b5%d0%bd%d1%86%d0%b8%d1%98%d0%b0#primaryimage\"},\"thumbnailUrl\":\"https:\\\/\\\/www.rri.ro\\\/wp-content\\\/uploads\\\/2026\\\/03\\\/PLIANT-RRI-INTERIOR-2026-JPG-mic.jpg\",\"datePublished\":\"2024-01-25T09:40:56+00:00\",\"dateModified\":\"2025-10-20T11:22:14+00:00\",\"breadcrumb\":{\"@id\":\"https:\\\/\\\/www.rri.ro\\\/sr\\\/%d1%84%d1%80%d0%b5%d0%ba%d0%b2%d0%b5%d0%bd%d1%86%d0%b8%d1%98%d0%b0#breadcrumb\"},\"inLanguage\":\"sr-RS\",\"potentialAction\":[{\"@type\":\"ReadAction\",\"target\":[\"https:\\\/\\\/www.rri.ro\\\/sr\\\/%d1%84%d1%80%d0%b5%d0%ba%d0%b2%d0%b5%d0%bd%d1%86%d0%b8%d1%98%d0%b0\"]}]},{\"@type\":\"ImageObject\",\"inLanguage\":\"sr-RS\",\"@id\":\"https:\\\/\\\/www.rri.ro\\\/sr\\\/%d1%84%d1%80%d0%b5%d0%ba%d0%b2%d0%b5%d0%bd%d1%86%d0%b8%d1%98%d0%b0#primaryimage\",\"url\":\"https:\\\/\\\/www.rri.ro\\\/wp-content\\\/uploads\\\/2026\\\/03\\\/PLIANT-RRI-INTERIOR-2026-JPG-mic.jpg\",\"contentUrl\":\"https:\\\/\\\/www.rri.ro\\\/wp-content\\\/uploads\\\/2026\\\/03\\\/PLIANT-RRI-INTERIOR-2026-JPG-mic.jpg\",\"width\":1624,\"height\":2400,\"caption\":\"RRI Summer 2026 leaflet\"},{\"@type\":\"BreadcrumbList\",\"@id\":\"https:\\\/\\\/www.rri.ro\\\/sr\\\/%d1%84%d1%80%d0%b5%d0%ba%d0%b2%d0%b5%d0%bd%d1%86%d0%b8%d1%98%d0%b0#breadcrumb\",\"itemListElement\":[{\"@type\":\"ListItem\",\"position\":1,\"name\":\"\u041f\u043e\u0447\u0435\u0442\u043d\u0430 \u0441\u0442\u0440\u0430\u043d\u0438\u0446\u0430\",\"item\":\"https:\\\/\\\/www.rri.ro\\\/sr\"},{\"@type\":\"ListItem\",\"position\":2,\"name\":\"Frekvencije\"}]},{\"@type\":\"WebSite\",\"@id\":\"https:\\\/\\\/www.rri.ro\\\/#website\",\"url\":\"https:\\\/\\\/www.rri.ro\\\/\",\"name\":\"RADIO RUMUNIJA INTERNACIONAL\",\"description\":\"Totul despre Rom\u00e2nia \u015fi rom\u00e2ni, \u00een 13 limbi\\\/dialecte!\",\"inLanguage\":\"sr-RS\"}]}<\/script>\n<!-- \/ Yoast SEO plugin. -->","yoast_head_json":{"title":"Frekvencije - RADIO RUMUNIJA INTERNACIONAL","robots":{"index":"index","follow":"follow","max-snippet":"max-snippet:-1","max-image-preview":"max-image-preview:large","max-video-preview":"max-video-preview:-1"},"canonical":"https:\/\/www.rri.ro\/sr\/\u0444\u0440\u0435\u043a\u0432\u0435\u043d\u0446\u0438\u0458\u0430","og_locale":"sr_RS","og_type":"article","og_title":"Frekvencije - RADIO RUMUNIJA INTERNACIONAL","og_description":"Po\u010dev od 26.10.2025 emisije RRI na srpskom jeziku mo\u017eete pratiti svakoga dana u 17.30 i\u00a0 u 19.30 na 5,955 kiloherca i u 21.30 na 5,960 kiloherca , po srednjeevropskom vremenu, na adresi www.rri.ro i na FB stranici Srpska Redakcija RRI\u00a0 (Emisije za inostranstvo) &nbsp; Po\u010dev od 26.10.2025 emisije RRI na srpskom jeziku mo\u017eete pratiti svakoga [&hellip;]","og_url":"https:\/\/www.rri.ro\/sr\/\u0444\u0440\u0435\u043a\u0432\u0435\u043d\u0446\u0438\u0458\u0430","og_site_name":"RADIO RUMUNIJA INTERNACIONAL","article_modified_time":"2025-10-20T11:22:14+00:00","og_image":[{"width":2560,"height":1469,"url":"https:\/\/www.rri.ro\/wp-content\/uploads\/2024\/02\/Saftica-2-scaled.jpg","type":"image\/jpeg"}],"twitter_card":"summary_large_image","twitter_misc":{"\u041f\u0440\u043e\u0446\u0435\u045a\u0435\u043d\u043e \u0432\u0440\u0435\u043c\u0435 \u0447\u0438\u0442\u0430\u045a\u0430":"1 \u043c\u0438\u043d\u0443\u0442","Written by":"admin"},"schema":{"@context":"https:\/\/schema.org","@graph":[{"@type":"WebPage","@id":"https:\/\/www.rri.ro\/sr\/%d1%84%d1%80%d0%b5%d0%ba%d0%b2%d0%b5%d0%bd%d1%86%d0%b8%d1%98%d0%b0","url":"https:\/\/www.rri.ro\/sr\/%d1%84%d1%80%d0%b5%d0%ba%d0%b2%d0%b5%d0%bd%d1%86%d0%b8%d1%98%d0%b0","name":"Frekvencije - RADIO RUMUNIJA INTERNACIONAL","isPartOf":{"@id":"https:\/\/www.rri.ro\/#website"},"primaryImageOfPage":{"@id":"https:\/\/www.rri.ro\/sr\/%d1%84%d1%80%d0%b5%d0%ba%d0%b2%d0%b5%d0%bd%d1%86%d0%b8%d1%98%d0%b0#primaryimage"},"image":{"@id":"https:\/\/www.rri.ro\/sr\/%d1%84%d1%80%d0%b5%d0%ba%d0%b2%d0%b5%d0%bd%d1%86%d0%b8%d1%98%d0%b0#primaryimage"},"thumbnailUrl":"https:\/\/www.rri.ro\/wp-content\/uploads\/2026\/03\/PLIANT-RRI-INTERIOR-2026-JPG-mic.jpg","datePublished":"2024-01-25T09:40:56+00:00","dateModified":"2025-10-20T11:22:14+00:00","breadcrumb":{"@id":"https:\/\/www.rri.ro\/sr\/%d1%84%d1%80%d0%b5%d0%ba%d0%b2%d0%b5%d0%bd%d1%86%d0%b8%d1%98%d0%b0#breadcrumb"},"inLanguage":"sr-RS","potentialAction":[{"@type":"ReadAction","target":["https:\/\/www.rri.ro\/sr\/%d1%84%d1%80%d0%b5%d0%ba%d0%b2%d0%b5%d0%bd%d1%86%d0%b8%d1%98%d0%b0"]}]},{"@type":"ImageObject","inLanguage":"sr-RS","@id":"https:\/\/www.rri.ro\/sr\/%d1%84%d1%80%d0%b5%d0%ba%d0%b2%d0%b5%d0%bd%d1%86%d0%b8%d1%98%d0%b0#primaryimage","url":"https:\/\/www.rri.ro\/wp-content\/uploads\/2026\/03\/PLIANT-RRI-INTERIOR-2026-JPG-mic.jpg","contentUrl":"https:\/\/www.rri.ro\/wp-content\/uploads\/2026\/03\/PLIANT-RRI-INTERIOR-2026-JPG-mic.jpg","width":1624,"height":2400,"caption":"RRI Summer 2026 leaflet"},{"@type":"BreadcrumbList","@id":"https:\/\/www.rri.ro\/sr\/%d1%84%d1%80%d0%b5%d0%ba%d0%b2%d0%b5%d0%bd%d1%86%d0%b8%d1%98%d0%b0#breadcrumb","itemListElement":[{"@type":"ListItem","position":1,"name":"\u041f\u043e\u0447\u0435\u0442\u043d\u0430 \u0441\u0442\u0440\u0430\u043d\u0438\u0446\u0430","item":"https:\/\/www.rri.ro\/sr"},{"@type":"ListItem","position":2,"name":"Frekvencije"}]},{"@type":"WebSite","@id":"https:\/\/www.rri.ro\/#website","url":"https:\/\/www.rri.ro\/","name":"RADIO RUMUNIJA INTERNACIONAL","description":"Totul despre Rom\u00e2nia \u015fi rom\u00e2ni, \u00een 13 limbi\/dialecte!","inLanguage":"sr-RS"}]}},"_links":{"self":[{"href":"https:\/\/www.rri.ro\/sr\/wp-json\/wp\/v2\/pages\/621443","targetHints":{"allow":["GET"]}}],"collection":[{"href":"https:\/\/www.rri.ro\/sr\/wp-json\/wp\/v2\/pages"}],"about":[{"href":"https:\/\/www.rri.ro\/sr\/wp-json\/wp\/v2\/types\/page"}],"author":[{"embeddable":true,"href":"https:\/\/www.rri.ro\/sr\/wp-json\/wp\/v2\/users\/1"}],"replies":[{"embeddable":true,"href":"https:\/\/www.rri.ro\/sr\/wp-json\/wp\/v2\/comments?post=621443"}],"version-history":[{"count":0,"href":"https:\/\/www.rri.ro\/sr\/wp-json\/wp\/v2\/pages\/621443\/revisions"}],"wp:featuredmedia":[{"embeddable":true,"href":"https:\/\/www.rri.ro\/sr\/wp-json\/wp\/v2\/media\/1000018"}],"wp:attachment":[{"href":"https:\/\/www.rri.ro\/sr\/wp-json\/wp\/v2\/media?parent=621443"}],"wp:term":[{"taxonomy":"author","embeddable":true,"href":"https:\/\/www.rri.ro\/sr\/wp-json\/wp\/v2\/coauthors?post=621443"}],"curies":[{"name":"wp","href":"https:\/\/api.w.org\/{rel}","templated":true}]}}