{"id":503680,"date":"2023-07-14T06:33:19","date_gmt":"2023-07-14T03:33:19","guid":{"rendered":"http:\/\/devrri.freshlemon.ro\/%d0%ba%d0%be%d0%bd%d1%82%d0%b0%d0%ba%d1%82%d0%b8"},"modified":"2024-03-01T16:47:07","modified_gmt":"2024-03-01T14:47:07","slug":"%d0%ba%d0%be%d0%bd%d1%82%d0%b0%d0%ba%d1%82%d0%b8","status":"publish","type":"page","link":"https:\/\/www.rri.ro\/uk\/%d0%ba%d0%be%d0%bd%d1%82%d0%b0%d0%ba%d1%82%d0%b8","title":{"rendered":"\u041a\u043e\u043d\u0442\u0430\u043a\u0442\u0438"},"content":{"rendered":"\r\n<h3>\u0410\u0434\u0440\u0435\u0441\u0430:<br \/>Sectia Ucraineana<br \/>Radio Romania International, Str. General Berthelot 60-64, Bucuresti, Romania<br \/><br \/>\u0423\u043a\u0440\u0430\u0457\u043d\u0441\u044c\u043a\u0430 \u0440\u0435\u0434\u0430\u043a\u0446\u0456\u044f<br \/>\u0412\u0441\u0435\u0441\u0432\u0456\u0442\u043d\u044f c\u043b\u0443\u0436\u0431\u0430 \u0420\u0430\u0434\u0456\u043e \u0420\u0443\u043c\u0443\u043d\u0456\u044f, \u0432\u0443\u043b. \u0413\u0435\u043d\u0435\u0440\u0430\u043b\u0430 \u0411\u0435\u0440\u0442\u043b\u043e, \u2116 60-64, \u0411\u0443\u0445\u0430\u0440\u0435\u0441\u0442, \u0420\u0443\u043c\u0443\u043d\u0456\u044f<\/h3>\r\n<p>&nbsp;<\/p>\r\n<h3>\u0422\u0435\u043b\u0435\u0444\u043e\u043d: (00)4021-303-13-70<br \/>\u0424\u0430\u043a\u0441: (00)4021-319-05-62<\/h3>\r\n<p>&nbsp;<\/p>\r\n<h3>\u0415\u043b\u0435\u043a\u0442\u0440\u043e\u043d\u043d\u0430 \u043f\u043e\u0448\u0442\u0430:<br \/><span style=\"color: #cc0000;\">ucra@rri.ro<br \/><br \/><\/span><\/h3>\r\n<ul><\/ul>\r\n<!-- \/wp:post-content -->","protected":false},"excerpt":{"rendered":"<p>\u0410\u0434\u0440\u0435\u0441\u0430:Sectia UcraineanaRadio Romania International, Str. General Berthelot 60-64, Bucuresti, Romania\u0423\u043a\u0440\u0430\u0457\u043d\u0441\u044c\u043a\u0430 \u0440\u0435\u0434\u0430\u043a\u0446\u0456\u044f\u0412\u0441\u0435\u0441\u0432\u0456\u0442\u043d\u044f c\u043b\u0443\u0436\u0431\u0430 \u0420\u0430\u0434\u0456\u043e \u0420\u0443\u043c\u0443\u043d\u0456\u044f, \u0432\u0443\u043b. \u0413\u0435\u043d\u0435\u0440\u0430\u043b\u0430 \u0411\u0435\u0440\u0442\u043b\u043e, \u2116 60-64, \u0411\u0443\u0445\u0430\u0440\u0435\u0441\u0442, \u0420\u0443\u043c\u0443\u043d\u0456\u044f &nbsp; \u0422\u0435\u043b\u0435\u0444\u043e\u043d: (00)4021-303-13-70\u0424\u0430\u043a\u0441: (00)4021-319-05-62 &nbsp; \u0415\u043b\u0435\u043a\u0442\u0440\u043e\u043d\u043d\u0430 \u043f\u043e\u0448\u0442\u0430:ucra@rri.ro<\/p>\n","protected":false},"author":1,"featured_media":0,"parent":0,"menu_order":0,"comment_status":"closed","ping_status":"closed","template":"","meta":{"_acf_changed":false,"footnotes":""},"coauthors":[113312],"class_list":["post-503680","page","type-page","status-publish","hentry"],"acf":[],"yoast_head":"<!-- This site is optimized with the Yoast SEO plugin v27.3 - https:\/\/yoast.com\/product\/yoast-seo-wordpress\/ -->\n<title>\u041a\u043e\u043d\u0442\u0430\u043a\u0442\u0438 - \u0412\u0421\u0415\u0421\u0412\u0406\u0422\u041d\u042f \u0421\u041b\u0423\u0416\u0411\u0410 \u0420\u0410\u0414\u0406\u041e \u0420\u0423\u041c\u0423\u041d\u0406\u042f<\/title>\n<meta name=\"robots\" content=\"index, follow, max-snippet:-1, max-image-preview:large, max-video-preview:-1\" \/>\n<link rel=\"canonical\" href=\"https:\/\/www.rri.ro\/uk\/\u043a\u043e\u043d\u0442\u0430\u043a\u0442\u0438\" \/>\n<meta property=\"og:locale\" content=\"uk_UA\" \/>\n<meta property=\"og:type\" content=\"article\" \/>\n<meta property=\"og:title\" content=\"\u041a\u043e\u043d\u0442\u0430\u043a\u0442\u0438 - \u0412\u0421\u0415\u0421\u0412\u0406\u0422\u041d\u042f \u0421\u041b\u0423\u0416\u0411\u0410 \u0420\u0410\u0414\u0406\u041e \u0420\u0423\u041c\u0423\u041d\u0406\u042f\" \/>\n<meta property=\"og:description\" content=\"\u0410\u0434\u0440\u0435\u0441\u0430:Sectia UcraineanaRadio Romania International, Str. General Berthelot 60-64, Bucuresti, Romania\u0423\u043a\u0440\u0430\u0457\u043d\u0441\u044c\u043a\u0430 \u0440\u0435\u0434\u0430\u043a\u0446\u0456\u044f\u0412\u0441\u0435\u0441\u0432\u0456\u0442\u043d\u044f c\u043b\u0443\u0436\u0431\u0430 \u0420\u0430\u0434\u0456\u043e \u0420\u0443\u043c\u0443\u043d\u0456\u044f, \u0432\u0443\u043b. \u0413\u0435\u043d\u0435\u0440\u0430\u043b\u0430 \u0411\u0435\u0440\u0442\u043b\u043e, \u2116 60-64, \u0411\u0443\u0445\u0430\u0440\u0435\u0441\u0442, \u0420\u0443\u043c\u0443\u043d\u0456\u044f &nbsp; \u0422\u0435\u043b\u0435\u0444\u043e\u043d: (00)4021-303-13-70\u0424\u0430\u043a\u0441: (00)4021-319-05-62 &nbsp; \u0415\u043b\u0435\u043a\u0442\u0440\u043e\u043d\u043d\u0430 \u043f\u043e\u0448\u0442\u0430:ucra@rri.ro\" \/>\n<meta property=\"og:url\" content=\"https:\/\/www.rri.ro\/uk\/\u043a\u043e\u043d\u0442\u0430\u043a\u0442\u0438\" \/>\n<meta property=\"og:site_name\" content=\"\u0412\u0421\u0415\u0421\u0412\u0406\u0422\u041d\u042f \u0421\u041b\u0423\u0416\u0411\u0410 \u0420\u0410\u0414\u0406\u041e \u0420\u0423\u041c\u0423\u041d\u0406\u042f\" \/>\n<meta property=\"article:modified_time\" content=\"2024-03-01T14:47:07+00:00\" \/>\n<meta name=\"twitter:card\" content=\"summary_large_image\" \/>\n<meta name=\"twitter:label1\" content=\"Written by\" \/>\n\t<meta name=\"twitter:data1\" content=\"admin\" \/>\n<script type=\"application\/ld+json\" class=\"yoast-schema-graph\">{\"@context\":\"https:\\\/\\\/schema.org\",\"@graph\":[{\"@type\":\"WebPage\",\"@id\":\"https:\\\/\\\/www.rri.ro\\\/uk\\\/%d0%ba%d0%be%d0%bd%d1%82%d0%b0%d0%ba%d1%82%d0%b8\",\"url\":\"https:\\\/\\\/www.rri.ro\\\/uk\\\/%d0%ba%d0%be%d0%bd%d1%82%d0%b0%d0%ba%d1%82%d0%b8\",\"name\":\"\u041a\u043e\u043d\u0442\u0430\u043a\u0442\u0438 - \u0412\u0421\u0415\u0421\u0412\u0406\u0422\u041d\u042f \u0421\u041b\u0423\u0416\u0411\u0410 \u0420\u0410\u0414\u0406\u041e \u0420\u0423\u041c\u0423\u041d\u0406\u042f\",\"isPartOf\":{\"@id\":\"https:\\\/\\\/www.rri.ro\\\/#website\"},\"datePublished\":\"2023-07-14T03:33:19+00:00\",\"dateModified\":\"2024-03-01T14:47:07+00:00\",\"breadcrumb\":{\"@id\":\"https:\\\/\\\/www.rri.ro\\\/uk\\\/%d0%ba%d0%be%d0%bd%d1%82%d0%b0%d0%ba%d1%82%d0%b8#breadcrumb\"},\"inLanguage\":\"uk\",\"potentialAction\":[{\"@type\":\"ReadAction\",\"target\":[\"https:\\\/\\\/www.rri.ro\\\/uk\\\/%d0%ba%d0%be%d0%bd%d1%82%d0%b0%d0%ba%d1%82%d0%b8\"]}]},{\"@type\":\"BreadcrumbList\",\"@id\":\"https:\\\/\\\/www.rri.ro\\\/uk\\\/%d0%ba%d0%be%d0%bd%d1%82%d0%b0%d0%ba%d1%82%d0%b8#breadcrumb\",\"itemListElement\":[{\"@type\":\"ListItem\",\"position\":1,\"name\":\"\u0413\u043e\u043b\u043e\u0432\u043d\u0430 \u0441\u0442\u043e\u0440\u0456\u043d\u043a\u0430\",\"item\":\"https:\\\/\\\/www.rri.ro\\\/uk\"},{\"@type\":\"ListItem\",\"position\":2,\"name\":\"\u041a\u043e\u043d\u0442\u0430\u043a\u0442\u0438\"}]},{\"@type\":\"WebSite\",\"@id\":\"https:\\\/\\\/www.rri.ro\\\/#website\",\"url\":\"https:\\\/\\\/www.rri.ro\\\/\",\"name\":\"\u0412\u0421\u0415\u0421\u0412\u0406\u0422\u041d\u042f \u0421\u041b\u0423\u0416\u0411\u0410 \u0420\u0410\u0414\u0406\u041e \u0420\u0423\u041c\u0423\u041d\u0406\u042f\",\"description\":\"Totul despre Rom\u00e2nia \u015fi rom\u00e2ni, \u00een 13 limbi\\\/dialecte!\",\"inLanguage\":\"uk\"}]}<\/script>\n<!-- \/ Yoast SEO plugin. -->","yoast_head_json":{"title":"\u041a\u043e\u043d\u0442\u0430\u043a\u0442\u0438 - \u0412\u0421\u0415\u0421\u0412\u0406\u0422\u041d\u042f \u0421\u041b\u0423\u0416\u0411\u0410 \u0420\u0410\u0414\u0406\u041e \u0420\u0423\u041c\u0423\u041d\u0406\u042f","robots":{"index":"index","follow":"follow","max-snippet":"max-snippet:-1","max-image-preview":"max-image-preview:large","max-video-preview":"max-video-preview:-1"},"canonical":"https:\/\/www.rri.ro\/uk\/\u043a\u043e\u043d\u0442\u0430\u043a\u0442\u0438","og_locale":"uk_UA","og_type":"article","og_title":"\u041a\u043e\u043d\u0442\u0430\u043a\u0442\u0438 - \u0412\u0421\u0415\u0421\u0412\u0406\u0422\u041d\u042f \u0421\u041b\u0423\u0416\u0411\u0410 \u0420\u0410\u0414\u0406\u041e \u0420\u0423\u041c\u0423\u041d\u0406\u042f","og_description":"\u0410\u0434\u0440\u0435\u0441\u0430:Sectia UcraineanaRadio Romania International, Str. General Berthelot 60-64, Bucuresti, Romania\u0423\u043a\u0440\u0430\u0457\u043d\u0441\u044c\u043a\u0430 \u0440\u0435\u0434\u0430\u043a\u0446\u0456\u044f\u0412\u0441\u0435\u0441\u0432\u0456\u0442\u043d\u044f c\u043b\u0443\u0436\u0431\u0430 \u0420\u0430\u0434\u0456\u043e \u0420\u0443\u043c\u0443\u043d\u0456\u044f, \u0432\u0443\u043b. \u0413\u0435\u043d\u0435\u0440\u0430\u043b\u0430 \u0411\u0435\u0440\u0442\u043b\u043e, \u2116 60-64, \u0411\u0443\u0445\u0430\u0440\u0435\u0441\u0442, \u0420\u0443\u043c\u0443\u043d\u0456\u044f &nbsp; \u0422\u0435\u043b\u0435\u0444\u043e\u043d: (00)4021-303-13-70\u0424\u0430\u043a\u0441: (00)4021-319-05-62 &nbsp; \u0415\u043b\u0435\u043a\u0442\u0440\u043e\u043d\u043d\u0430 \u043f\u043e\u0448\u0442\u0430:ucra@rri.ro","og_url":"https:\/\/www.rri.ro\/uk\/\u043a\u043e\u043d\u0442\u0430\u043a\u0442\u0438","og_site_name":"\u0412\u0421\u0415\u0421\u0412\u0406\u0422\u041d\u042f \u0421\u041b\u0423\u0416\u0411\u0410 \u0420\u0410\u0414\u0406\u041e \u0420\u0423\u041c\u0423\u041d\u0406\u042f","article_modified_time":"2024-03-01T14:47:07+00:00","twitter_card":"summary_large_image","twitter_misc":{"Written by":"admin"},"schema":{"@context":"https:\/\/schema.org","@graph":[{"@type":"WebPage","@id":"https:\/\/www.rri.ro\/uk\/%d0%ba%d0%be%d0%bd%d1%82%d0%b0%d0%ba%d1%82%d0%b8","url":"https:\/\/www.rri.ro\/uk\/%d0%ba%d0%be%d0%bd%d1%82%d0%b0%d0%ba%d1%82%d0%b8","name":"\u041a\u043e\u043d\u0442\u0430\u043a\u0442\u0438 - \u0412\u0421\u0415\u0421\u0412\u0406\u0422\u041d\u042f \u0421\u041b\u0423\u0416\u0411\u0410 \u0420\u0410\u0414\u0406\u041e \u0420\u0423\u041c\u0423\u041d\u0406\u042f","isPartOf":{"@id":"https:\/\/www.rri.ro\/#website"},"datePublished":"2023-07-14T03:33:19+00:00","dateModified":"2024-03-01T14:47:07+00:00","breadcrumb":{"@id":"https:\/\/www.rri.ro\/uk\/%d0%ba%d0%be%d0%bd%d1%82%d0%b0%d0%ba%d1%82%d0%b8#breadcrumb"},"inLanguage":"uk","potentialAction":[{"@type":"ReadAction","target":["https:\/\/www.rri.ro\/uk\/%d0%ba%d0%be%d0%bd%d1%82%d0%b0%d0%ba%d1%82%d0%b8"]}]},{"@type":"BreadcrumbList","@id":"https:\/\/www.rri.ro\/uk\/%d0%ba%d0%be%d0%bd%d1%82%d0%b0%d0%ba%d1%82%d0%b8#breadcrumb","itemListElement":[{"@type":"ListItem","position":1,"name":"\u0413\u043e\u043b\u043e\u0432\u043d\u0430 \u0441\u0442\u043e\u0440\u0456\u043d\u043a\u0430","item":"https:\/\/www.rri.ro\/uk"},{"@type":"ListItem","position":2,"name":"\u041a\u043e\u043d\u0442\u0430\u043a\u0442\u0438"}]},{"@type":"WebSite","@id":"https:\/\/www.rri.ro\/#website","url":"https:\/\/www.rri.ro\/","name":"\u0412\u0421\u0415\u0421\u0412\u0406\u0422\u041d\u042f \u0421\u041b\u0423\u0416\u0411\u0410 \u0420\u0410\u0414\u0406\u041e \u0420\u0423\u041c\u0423\u041d\u0406\u042f","description":"Totul despre Rom\u00e2nia \u015fi rom\u00e2ni, \u00een 13 limbi\/dialecte!","inLanguage":"uk"}]}},"_links":{"self":[{"href":"https:\/\/www.rri.ro\/uk\/wp-json\/wp\/v2\/pages\/503680","targetHints":{"allow":["GET"]}}],"collection":[{"href":"https:\/\/www.rri.ro\/uk\/wp-json\/wp\/v2\/pages"}],"about":[{"href":"https:\/\/www.rri.ro\/uk\/wp-json\/wp\/v2\/types\/page"}],"author":[{"embeddable":true,"href":"https:\/\/www.rri.ro\/uk\/wp-json\/wp\/v2\/users\/1"}],"replies":[{"embeddable":true,"href":"https:\/\/www.rri.ro\/uk\/wp-json\/wp\/v2\/comments?post=503680"}],"version-history":[{"count":0,"href":"https:\/\/www.rri.ro\/uk\/wp-json\/wp\/v2\/pages\/503680\/revisions"}],"wp:attachment":[{"href":"https:\/\/www.rri.ro\/uk\/wp-json\/wp\/v2\/media?parent=503680"}],"wp:term":[{"taxonomy":"author","embeddable":true,"href":"https:\/\/www.rri.ro\/uk\/wp-json\/wp\/v2\/coauthors?post=503680"}],"curies":[{"name":"wp","href":"https:\/\/api.w.org\/{rel}","templated":true}]}}