{"id":503634,"date":"2023-07-14T06:33:19","date_gmt":"2023-07-14T03:33:19","guid":{"rendered":"http:\/\/devrri.freshlemon.ro\/%e8%81%94%e7%b3%bb%e6%96%b9%e5%bc%8f"},"modified":"2023-10-26T11:56:49","modified_gmt":"2023-10-26T08:56:49","slug":"%e8%81%94%e7%b3%bb%e6%96%b9%e5%bc%8f","status":"publish","type":"page","link":"https:\/\/www.rri.ro\/zh-hans\/%e8%81%94%e7%b3%bb%e6%96%b9%e5%bc%8f","title":{"rendered":"\u8054\u7cfb\u65b9\u5f0f"},"content":{"rendered":"\n<p>\u8054\u7cfb\u6211\u4eec\uff1a<a href=\"mailto:rri@rri.ro\" target=\"_blank\" rel=\"noreferrer noopener\">rri@rri.ro<\/a><\/p>\n\n<h2 class=\"wp-block-heading\">\u7f57\u9a6c\u5c3c\u4e9a\u56fd\u9645\u5e7f\u64ad\u7535\u53f0<\/h2>\n\n<p><strong>60-64 General Berthelot Street, Bucharest, sect. 1\uff0c\u4ee3\u7801 010165<\/strong><strong> \u7f57\u9a6c\u5c3c\u4e9a<\/strong><\/p>\n\n<ul class=\"wp-block-list\">\n<li>\u7535\u8bdd\uff1a021-319.05.16<\/li>\n\n\n\n<li>\u4f20\u771f\uff1a021-319.05.62<\/li>\n<\/ul>\n","protected":false},"excerpt":{"rendered":"<p>\u8054\u7cfb\u6211\u4eec\uff1arri@rri.ro \u7f57\u9a6c\u5c3c\u4e9a\u56fd\u9645\u5e7f\u64ad\u7535\u53f0 60-64 General Berthelot Stre [&hellip;]<\/p>\n","protected":false},"author":1,"featured_media":0,"parent":0,"menu_order":0,"comment_status":"closed","ping_status":"closed","template":"","meta":{"_acf_changed":false,"footnotes":""},"coauthors":[],"class_list":["post-503634","page","type-page","status-publish","hentry"],"acf":[],"yoast_head":"<!-- This site is optimized with the Yoast SEO plugin v27.5 - https:\/\/yoast.com\/product\/yoast-seo-wordpress\/ -->\n<title>\u8054\u7cfb\u65b9\u5f0f - \u7f57\u9a6c\u5c3c\u4e9a\u56fd\u9645\u5e7f\u64ad\u7535\u53f0<\/title>\n<meta name=\"robots\" content=\"index, follow, max-snippet:-1, max-image-preview:large, max-video-preview:-1\" \/>\n<link rel=\"canonical\" href=\"https:\/\/www.rri.ro\/zh-hans\/\u8054\u7cfb\u65b9\u5f0f\" \/>\n<meta property=\"og:locale\" content=\"zh_CN\" \/>\n<meta property=\"og:type\" content=\"article\" \/>\n<meta property=\"og:title\" content=\"\u8054\u7cfb\u65b9\u5f0f - \u7f57\u9a6c\u5c3c\u4e9a\u56fd\u9645\u5e7f\u64ad\u7535\u53f0\" \/>\n<meta property=\"og:description\" content=\"\u8054\u7cfb\u6211\u4eec\uff1arri@rri.ro \u7f57\u9a6c\u5c3c\u4e9a\u56fd\u9645\u5e7f\u64ad\u7535\u53f0 60-64 General Berthelot Stre [&hellip;]\" \/>\n<meta property=\"og:url\" content=\"https:\/\/www.rri.ro\/zh-hans\/\u8054\u7cfb\u65b9\u5f0f\" \/>\n<meta property=\"og:site_name\" content=\"\u7f57\u9a6c\u5c3c\u4e9a\u56fd\u9645\u5e7f\u64ad\u7535\u53f0\" \/>\n<meta property=\"article:modified_time\" content=\"2023-10-26T08:56:49+00:00\" \/>\n<meta name=\"twitter:card\" content=\"summary_large_image\" \/>\n<meta name=\"twitter:label1\" content=\"Written by\" \/>\n\t<meta name=\"twitter:data1\" content=\"admin\" \/>\n<script type=\"application\/ld+json\" class=\"yoast-schema-graph\">{\"@context\":\"https:\\\/\\\/schema.org\",\"@graph\":[{\"@type\":\"WebPage\",\"@id\":\"https:\\\/\\\/www.rri.ro\\\/zh-hans\\\/%e8%81%94%e7%b3%bb%e6%96%b9%e5%bc%8f\",\"url\":\"https:\\\/\\\/www.rri.ro\\\/zh-hans\\\/%e8%81%94%e7%b3%bb%e6%96%b9%e5%bc%8f\",\"name\":\"\u8054\u7cfb\u65b9\u5f0f - \u7f57\u9a6c\u5c3c\u4e9a\u56fd\u9645\u5e7f\u64ad\u7535\u53f0\",\"isPartOf\":{\"@id\":\"https:\\\/\\\/www.rri.ro\\\/#website\"},\"datePublished\":\"2023-07-14T03:33:19+00:00\",\"dateModified\":\"2023-10-26T08:56:49+00:00\",\"breadcrumb\":{\"@id\":\"https:\\\/\\\/www.rri.ro\\\/zh-hans\\\/%e8%81%94%e7%b3%bb%e6%96%b9%e5%bc%8f#breadcrumb\"},\"inLanguage\":\"zh-Hans\",\"potentialAction\":[{\"@type\":\"ReadAction\",\"target\":[\"https:\\\/\\\/www.rri.ro\\\/zh-hans\\\/%e8%81%94%e7%b3%bb%e6%96%b9%e5%bc%8f\"]}]},{\"@type\":\"BreadcrumbList\",\"@id\":\"https:\\\/\\\/www.rri.ro\\\/zh-hans\\\/%e8%81%94%e7%b3%bb%e6%96%b9%e5%bc%8f#breadcrumb\",\"itemListElement\":[{\"@type\":\"ListItem\",\"position\":1,\"name\":\"\u9996\u9801\",\"item\":\"https:\\\/\\\/www.rri.ro\\\/zh-hans\"},{\"@type\":\"ListItem\",\"position\":2,\"name\":\"\u8054\u7cfb\u65b9\u5f0f\"}]},{\"@type\":\"WebSite\",\"@id\":\"https:\\\/\\\/www.rri.ro\\\/#website\",\"url\":\"https:\\\/\\\/www.rri.ro\\\/\",\"name\":\"\u7f57\u9a6c\u5c3c\u4e9a\u56fd\u9645\u5e7f\u64ad\u7535\u53f0\",\"description\":\"Totul despre Rom\u00e2nia \u015fi rom\u00e2ni, \u00een 13 limbi\\\/dialecte!\",\"inLanguage\":\"zh-Hans\"}]}<\/script>\n<!-- \/ Yoast SEO plugin. -->","yoast_head_json":{"title":"\u8054\u7cfb\u65b9\u5f0f - \u7f57\u9a6c\u5c3c\u4e9a\u56fd\u9645\u5e7f\u64ad\u7535\u53f0","robots":{"index":"index","follow":"follow","max-snippet":"max-snippet:-1","max-image-preview":"max-image-preview:large","max-video-preview":"max-video-preview:-1"},"canonical":"https:\/\/www.rri.ro\/zh-hans\/\u8054\u7cfb\u65b9\u5f0f","og_locale":"zh_CN","og_type":"article","og_title":"\u8054\u7cfb\u65b9\u5f0f - \u7f57\u9a6c\u5c3c\u4e9a\u56fd\u9645\u5e7f\u64ad\u7535\u53f0","og_description":"\u8054\u7cfb\u6211\u4eec\uff1arri@rri.ro \u7f57\u9a6c\u5c3c\u4e9a\u56fd\u9645\u5e7f\u64ad\u7535\u53f0 60-64 General Berthelot Stre [&hellip;]","og_url":"https:\/\/www.rri.ro\/zh-hans\/\u8054\u7cfb\u65b9\u5f0f","og_site_name":"\u7f57\u9a6c\u5c3c\u4e9a\u56fd\u9645\u5e7f\u64ad\u7535\u53f0","article_modified_time":"2023-10-26T08:56:49+00:00","twitter_card":"summary_large_image","twitter_misc":{"Written by":"admin"},"schema":{"@context":"https:\/\/schema.org","@graph":[{"@type":"WebPage","@id":"https:\/\/www.rri.ro\/zh-hans\/%e8%81%94%e7%b3%bb%e6%96%b9%e5%bc%8f","url":"https:\/\/www.rri.ro\/zh-hans\/%e8%81%94%e7%b3%bb%e6%96%b9%e5%bc%8f","name":"\u8054\u7cfb\u65b9\u5f0f - \u7f57\u9a6c\u5c3c\u4e9a\u56fd\u9645\u5e7f\u64ad\u7535\u53f0","isPartOf":{"@id":"https:\/\/www.rri.ro\/#website"},"datePublished":"2023-07-14T03:33:19+00:00","dateModified":"2023-10-26T08:56:49+00:00","breadcrumb":{"@id":"https:\/\/www.rri.ro\/zh-hans\/%e8%81%94%e7%b3%bb%e6%96%b9%e5%bc%8f#breadcrumb"},"inLanguage":"zh-Hans","potentialAction":[{"@type":"ReadAction","target":["https:\/\/www.rri.ro\/zh-hans\/%e8%81%94%e7%b3%bb%e6%96%b9%e5%bc%8f"]}]},{"@type":"BreadcrumbList","@id":"https:\/\/www.rri.ro\/zh-hans\/%e8%81%94%e7%b3%bb%e6%96%b9%e5%bc%8f#breadcrumb","itemListElement":[{"@type":"ListItem","position":1,"name":"\u9996\u9801","item":"https:\/\/www.rri.ro\/zh-hans"},{"@type":"ListItem","position":2,"name":"\u8054\u7cfb\u65b9\u5f0f"}]},{"@type":"WebSite","@id":"https:\/\/www.rri.ro\/#website","url":"https:\/\/www.rri.ro\/","name":"\u7f57\u9a6c\u5c3c\u4e9a\u56fd\u9645\u5e7f\u64ad\u7535\u53f0","description":"Totul despre Rom\u00e2nia \u015fi rom\u00e2ni, \u00een 13 limbi\/dialecte!","inLanguage":"zh-Hans"}]}},"_links":{"self":[{"href":"https:\/\/www.rri.ro\/zh-hans\/wp-json\/wp\/v2\/pages\/503634","targetHints":{"allow":["GET"]}}],"collection":[{"href":"https:\/\/www.rri.ro\/zh-hans\/wp-json\/wp\/v2\/pages"}],"about":[{"href":"https:\/\/www.rri.ro\/zh-hans\/wp-json\/wp\/v2\/types\/page"}],"author":[{"embeddable":true,"href":"https:\/\/www.rri.ro\/zh-hans\/wp-json\/wp\/v2\/users\/1"}],"replies":[{"embeddable":true,"href":"https:\/\/www.rri.ro\/zh-hans\/wp-json\/wp\/v2\/comments?post=503634"}],"version-history":[{"count":0,"href":"https:\/\/www.rri.ro\/zh-hans\/wp-json\/wp\/v2\/pages\/503634\/revisions"}],"wp:attachment":[{"href":"https:\/\/www.rri.ro\/zh-hans\/wp-json\/wp\/v2\/media?parent=503634"}],"wp:term":[{"taxonomy":"author","embeddable":true,"href":"https:\/\/www.rri.ro\/zh-hans\/wp-json\/wp\/v2\/coauthors?post=503634"}],"curies":[{"name":"wp","href":"https:\/\/api.w.org\/{rel}","templated":true}]}}