{"id":562802,"date":"2024-01-23T07:14:46","date_gmt":"2024-01-23T05:14:46","guid":{"rendered":"http:\/\/devrri.freshlemon.ro\/?page_id=562802"},"modified":"2024-02-17T23:50:45","modified_gmt":"2024-02-17T21:50:45","slug":"live-rri-2","status":"publish","type":"page","link":"https:\/\/www.rri.ro\/zh-hans\/live-rri-2","title":{"rendered":"LIVE RRI 2"},"content":{"rendered":"","protected":false},"excerpt":{"rendered":"","protected":false},"author":1,"featured_media":0,"parent":0,"menu_order":0,"comment_status":"closed","ping_status":"closed","template":"live-rri-2.php","meta":{"_acf_changed":false,"footnotes":""},"coauthors":[113312],"class_list":["post-562802","page","type-page","status-publish","hentry"],"acf":[],"yoast_head":"<!-- This site is optimized with the Yoast SEO plugin v27.3 - https:\/\/yoast.com\/product\/yoast-seo-wordpress\/ -->\n<title>LIVE RRI 2 - \u7f57\u9a6c\u5c3c\u4e9a\u56fd\u9645\u5e7f\u64ad\u7535\u53f0<\/title>\n<meta name=\"robots\" content=\"index, follow, max-snippet:-1, max-image-preview:large, max-video-preview:-1\" \/>\n<link rel=\"canonical\" href=\"https:\/\/www.rri.ro\/zh-hans\/live-rri-2\" \/>\n<meta property=\"og:locale\" content=\"zh_CN\" \/>\n<meta property=\"og:type\" content=\"article\" \/>\n<meta property=\"og:title\" content=\"LIVE RRI 2 - \u7f57\u9a6c\u5c3c\u4e9a\u56fd\u9645\u5e7f\u64ad\u7535\u53f0\" \/>\n<meta property=\"og:url\" content=\"https:\/\/www.rri.ro\/zh-hans\/live-rri-2\" \/>\n<meta property=\"og:site_name\" content=\"\u7f57\u9a6c\u5c3c\u4e9a\u56fd\u9645\u5e7f\u64ad\u7535\u53f0\" \/>\n<meta property=\"article:modified_time\" content=\"2024-02-17T21:50:45+00:00\" \/>\n<meta name=\"twitter:card\" content=\"summary_large_image\" \/>\n<meta name=\"twitter:label1\" content=\"Written by\" \/>\n\t<meta name=\"twitter:data1\" content=\"admin\" \/>\n<script type=\"application\/ld+json\" class=\"yoast-schema-graph\">{\"@context\":\"https:\\\/\\\/schema.org\",\"@graph\":[{\"@type\":\"WebPage\",\"@id\":\"https:\\\/\\\/www.rri.ro\\\/zh-hans\\\/live-rri-2\",\"url\":\"https:\\\/\\\/www.rri.ro\\\/zh-hans\\\/live-rri-2\",\"name\":\"LIVE RRI 2 - \u7f57\u9a6c\u5c3c\u4e9a\u56fd\u9645\u5e7f\u64ad\u7535\u53f0\",\"isPartOf\":{\"@id\":\"https:\\\/\\\/www.rri.ro\\\/#website\"},\"datePublished\":\"2024-01-23T05:14:46+00:00\",\"dateModified\":\"2024-02-17T21:50:45+00:00\",\"breadcrumb\":{\"@id\":\"https:\\\/\\\/www.rri.ro\\\/zh-hans\\\/live-rri-2#breadcrumb\"},\"inLanguage\":\"zh-Hans\",\"potentialAction\":[{\"@type\":\"ReadAction\",\"target\":[\"https:\\\/\\\/www.rri.ro\\\/zh-hans\\\/live-rri-2\"]}]},{\"@type\":\"BreadcrumbList\",\"@id\":\"https:\\\/\\\/www.rri.ro\\\/zh-hans\\\/live-rri-2#breadcrumb\",\"itemListElement\":[{\"@type\":\"ListItem\",\"position\":1,\"name\":\"\u9996\u9801\",\"item\":\"https:\\\/\\\/www.rri.ro\\\/zh-hans\"},{\"@type\":\"ListItem\",\"position\":2,\"name\":\"LIVE RRI 2\"}]},{\"@type\":\"WebSite\",\"@id\":\"https:\\\/\\\/www.rri.ro\\\/#website\",\"url\":\"https:\\\/\\\/www.rri.ro\\\/\",\"name\":\"\u7f57\u9a6c\u5c3c\u4e9a\u56fd\u9645\u5e7f\u64ad\u7535\u53f0\",\"description\":\"Totul despre Rom\u00e2nia \u015fi rom\u00e2ni, \u00een 13 limbi\\\/dialecte!\",\"inLanguage\":\"zh-Hans\"}]}<\/script>\n<!-- \/ Yoast SEO plugin. -->","yoast_head_json":{"title":"LIVE RRI 2 - \u7f57\u9a6c\u5c3c\u4e9a\u56fd\u9645\u5e7f\u64ad\u7535\u53f0","robots":{"index":"index","follow":"follow","max-snippet":"max-snippet:-1","max-image-preview":"max-image-preview:large","max-video-preview":"max-video-preview:-1"},"canonical":"https:\/\/www.rri.ro\/zh-hans\/live-rri-2","og_locale":"zh_CN","og_type":"article","og_title":"LIVE RRI 2 - \u7f57\u9a6c\u5c3c\u4e9a\u56fd\u9645\u5e7f\u64ad\u7535\u53f0","og_url":"https:\/\/www.rri.ro\/zh-hans\/live-rri-2","og_site_name":"\u7f57\u9a6c\u5c3c\u4e9a\u56fd\u9645\u5e7f\u64ad\u7535\u53f0","article_modified_time":"2024-02-17T21:50:45+00:00","twitter_card":"summary_large_image","twitter_misc":{"Written by":"admin"},"schema":{"@context":"https:\/\/schema.org","@graph":[{"@type":"WebPage","@id":"https:\/\/www.rri.ro\/zh-hans\/live-rri-2","url":"https:\/\/www.rri.ro\/zh-hans\/live-rri-2","name":"LIVE RRI 2 - \u7f57\u9a6c\u5c3c\u4e9a\u56fd\u9645\u5e7f\u64ad\u7535\u53f0","isPartOf":{"@id":"https:\/\/www.rri.ro\/#website"},"datePublished":"2024-01-23T05:14:46+00:00","dateModified":"2024-02-17T21:50:45+00:00","breadcrumb":{"@id":"https:\/\/www.rri.ro\/zh-hans\/live-rri-2#breadcrumb"},"inLanguage":"zh-Hans","potentialAction":[{"@type":"ReadAction","target":["https:\/\/www.rri.ro\/zh-hans\/live-rri-2"]}]},{"@type":"BreadcrumbList","@id":"https:\/\/www.rri.ro\/zh-hans\/live-rri-2#breadcrumb","itemListElement":[{"@type":"ListItem","position":1,"name":"\u9996\u9801","item":"https:\/\/www.rri.ro\/zh-hans"},{"@type":"ListItem","position":2,"name":"LIVE RRI 2"}]},{"@type":"WebSite","@id":"https:\/\/www.rri.ro\/#website","url":"https:\/\/www.rri.ro\/","name":"\u7f57\u9a6c\u5c3c\u4e9a\u56fd\u9645\u5e7f\u64ad\u7535\u53f0","description":"Totul despre Rom\u00e2nia \u015fi rom\u00e2ni, \u00een 13 limbi\/dialecte!","inLanguage":"zh-Hans"}]}},"_links":{"self":[{"href":"https:\/\/www.rri.ro\/zh-hans\/wp-json\/wp\/v2\/pages\/562802","targetHints":{"allow":["GET"]}}],"collection":[{"href":"https:\/\/www.rri.ro\/zh-hans\/wp-json\/wp\/v2\/pages"}],"about":[{"href":"https:\/\/www.rri.ro\/zh-hans\/wp-json\/wp\/v2\/types\/page"}],"author":[{"embeddable":true,"href":"https:\/\/www.rri.ro\/zh-hans\/wp-json\/wp\/v2\/users\/1"}],"replies":[{"embeddable":true,"href":"https:\/\/www.rri.ro\/zh-hans\/wp-json\/wp\/v2\/comments?post=562802"}],"version-history":[{"count":0,"href":"https:\/\/www.rri.ro\/zh-hans\/wp-json\/wp\/v2\/pages\/562802\/revisions"}],"wp:attachment":[{"href":"https:\/\/www.rri.ro\/zh-hans\/wp-json\/wp\/v2\/media?parent=562802"}],"wp:term":[{"taxonomy":"author","embeddable":true,"href":"https:\/\/www.rri.ro\/zh-hans\/wp-json\/wp\/v2\/coauthors?post=562802"}],"curies":[{"name":"wp","href":"https:\/\/api.w.org\/{rel}","templated":true}]}}