{"id":562824,"date":"2024-01-25T11:40:56","date_gmt":"2024-01-25T09:40:56","guid":{"rendered":"http:\/\/devrri.freshlemon.ro\/%e9%a2%91%e7%8e%87"},"modified":"2024-06-30T11:38:11","modified_gmt":"2024-06-30T08:38:11","slug":"%e9%a2%91%e7%8e%87","status":"publish","type":"page","link":"https:\/\/www.rri.ro\/zh-hans\/%e9%a2%91%e7%8e%87","title":{"rendered":"\u9891\u7387"},"content":{"rendered":"<p><span lang=\"ZH-CN\">\u5404\u4f4d\u542c\u4f17\uff0c\u4ece\u4eca\u5e74<\/span><span lang=\"RO\">3<\/span><span lang=\"ZH-CN\">\u6708<\/span><span lang=\"RO\">31<\/span><span lang=\"ZH-CN\">\u65e5\u5230<\/span><span lang=\"RO\">10<\/span><span lang=\"ZH-CN\">\u6708<\/span><span lang=\"RO\">27<\/span><span lang=\"ZH-CN\">\u65e5\uff0c<wbr \/>\u672c\u53f0\u6c49\u8bed\u8282\u76ee\u64ad\u51fa\u7684\u65f6\u95f4\u662f\u5317\u4eac\u65f6\u95f4\u665a\u4e0a<\/span><span lang=\"RO\">8<\/span><span lang=\"ZH-CN\">\u70b9<\/span><span lang=\"RO\">30<\/span><span lang=\"ZH-CN\">\u5206\u5230<\/span><span lang=\"RO\">9<\/span><span lang=\"ZH-CN\">\u70b9\u949f\uff0c<wbr \/>\u4f7f\u7528\u7684\u9891\u7387\u4e3a<\/span><span lang=\"RO\">17760<\/span><span lang=\"ZH-CN\">\u5343\u8d6b\u3002\u7b2c\u4e8c\u5929\uff0c\u4e5f\u5c31\u662f\u5317\u4eac\u65f6\u95f4\u4e0b\u5348<\/span><span lang=\"RO\">12<\/span><span lang=\"ZH-CN\">\u70b9<wbr \/>\u949f\u5230<\/span><span lang=\"RO\">12<\/span><span lang=\"ZH-CN\">\u70b9<\/span><span lang=\"RO\">30<\/span><span lang=\"ZH-CN\">\u5206\u91cd\u64ad\uff0c\u4f7f\u7528\u7684\u9891\u7387\u4e3a<\/span><span lang=\"RO\">15220<\/span><span lang=\"ZH-CN\">\u5343\u8d6b\u3002<\/span><\/p>\n<p>&nbsp;<\/p>\n<p><img decoding=\"async\" class=\"alignnone wp-image-724165 size-full\" src=\"https:\/\/www.rri.ro\/wp-content\/uploads\/2024\/04\/Tiganesti-antene-US-NOU.jpg\" alt=\"\" width=\"1200\" height=\"800\" srcset=\"https:\/\/www.rri.ro\/wp-content\/uploads\/2024\/04\/Tiganesti-antene-US-NOU.jpg 1200w, https:\/\/www.rri.ro\/wp-content\/uploads\/2024\/04\/Tiganesti-antene-US-NOU-300x200.jpg 300w, https:\/\/www.rri.ro\/wp-content\/uploads\/2024\/04\/Tiganesti-antene-US-NOU-1024x683.jpg 1024w, https:\/\/www.rri.ro\/wp-content\/uploads\/2024\/04\/Tiganesti-antene-US-NOU-768x512.jpg 768w, https:\/\/www.rri.ro\/wp-content\/uploads\/2024\/04\/Tiganesti-antene-US-NOU-900x600.jpg 900w, https:\/\/www.rri.ro\/wp-content\/uploads\/2024\/04\/Tiganesti-antene-US-NOU-426x284.jpg 426w\" sizes=\"(max-width: 1200px) 100vw, 1200px\" \/><\/p>\n<p>&nbsp;<\/p>\n<p>&nbsp;<\/p>\n","protected":false},"excerpt":{"rendered":"<p>\u5404\u4f4d\u542c\u4f17\uff0c\u4ece\u4eca\u5e743\u670831\u65e5\u523010\u670827\u65e5\uff0c\u672c\u53f0\u6c49\u8bed\u8282\u76ee\u64ad\u51fa\u7684\u65f6\u95f4\u662f\u5317\u4eac\u65f6\u95f4\u665a\u4e0a8\u70b930\u5206\u52309\u70b9\u949f\uff0c\u4f7f\u7528\u7684\u9891\u7387\u4e3a [&hellip;]<\/p>\n","protected":false},"author":1,"featured_media":1000011,"parent":0,"menu_order":0,"comment_status":"closed","ping_status":"closed","template":"","meta":{"_acf_changed":false,"footnotes":""},"coauthors":[113312],"class_list":["post-562824","page","type-page","status-publish","has-post-thumbnail","hentry"],"acf":[],"yoast_head":"<!-- This site is optimized with the Yoast SEO plugin v27.6 - https:\/\/yoast.com\/product\/yoast-seo-wordpress\/ -->\n<title>\u9891\u7387 - \u7f57\u9a6c\u5c3c\u4e9a\u56fd\u9645\u5e7f\u64ad\u7535\u53f0<\/title>\n<meta name=\"robots\" content=\"index, follow, max-snippet:-1, max-image-preview:large, max-video-preview:-1\" \/>\n<link rel=\"canonical\" href=\"https:\/\/www.rri.ro\/zh-hans\/\u9891\u7387\" \/>\n<meta property=\"og:locale\" content=\"zh_CN\" \/>\n<meta property=\"og:type\" content=\"article\" \/>\n<meta property=\"og:title\" content=\"\u9891\u7387 - \u7f57\u9a6c\u5c3c\u4e9a\u56fd\u9645\u5e7f\u64ad\u7535\u53f0\" \/>\n<meta property=\"og:description\" content=\"\u5404\u4f4d\u542c\u4f17\uff0c\u4ece\u4eca\u5e743\u670831\u65e5\u523010\u670827\u65e5\uff0c\u672c\u53f0\u6c49\u8bed\u8282\u76ee\u64ad\u51fa\u7684\u65f6\u95f4\u662f\u5317\u4eac\u65f6\u95f4\u665a\u4e0a8\u70b930\u5206\u52309\u70b9\u949f\uff0c\u4f7f\u7528\u7684\u9891\u7387\u4e3a [&hellip;]\" \/>\n<meta property=\"og:url\" content=\"https:\/\/www.rri.ro\/zh-hans\/\u9891\u7387\" \/>\n<meta property=\"og:site_name\" content=\"\u7f57\u9a6c\u5c3c\u4e9a\u56fd\u9645\u5e7f\u64ad\u7535\u53f0\" \/>\n<meta property=\"article:modified_time\" content=\"2024-06-30T08:38:11+00:00\" \/>\n<meta property=\"og:image\" content=\"https:\/\/www.rri.ro\/wp-content\/uploads\/2024\/04\/Tiganesti-antene-US-NOU.jpg\" \/>\n\t<meta property=\"og:image:width\" content=\"1200\" \/>\n\t<meta property=\"og:image:height\" content=\"800\" \/>\n\t<meta property=\"og:image:type\" content=\"image\/jpeg\" \/>\n<meta name=\"twitter:card\" content=\"summary_large_image\" \/>\n<meta name=\"twitter:label1\" content=\"Written by\" \/>\n\t<meta name=\"twitter:data1\" content=\"admin\" \/>\n<script type=\"application\/ld+json\" class=\"yoast-schema-graph\">{\"@context\":\"https:\\\/\\\/schema.org\",\"@graph\":[{\"@type\":\"WebPage\",\"@id\":\"https:\\\/\\\/www.rri.ro\\\/zh-hans\\\/%e9%a2%91%e7%8e%87\",\"url\":\"https:\\\/\\\/www.rri.ro\\\/zh-hans\\\/%e9%a2%91%e7%8e%87\",\"name\":\"\u9891\u7387 - \u7f57\u9a6c\u5c3c\u4e9a\u56fd\u9645\u5e7f\u64ad\u7535\u53f0\",\"isPartOf\":{\"@id\":\"https:\\\/\\\/www.rri.ro\\\/#website\"},\"primaryImageOfPage\":{\"@id\":\"https:\\\/\\\/www.rri.ro\\\/zh-hans\\\/%e9%a2%91%e7%8e%87#primaryimage\"},\"image\":{\"@id\":\"https:\\\/\\\/www.rri.ro\\\/zh-hans\\\/%e9%a2%91%e7%8e%87#primaryimage\"},\"thumbnailUrl\":\"https:\\\/\\\/www.rri.ro\\\/wp-content\\\/uploads\\\/2026\\\/03\\\/PLIANT-RRI-INTERIOR-2026-JPG-mic.jpg\",\"datePublished\":\"2024-01-25T09:40:56+00:00\",\"dateModified\":\"2024-06-30T08:38:11+00:00\",\"breadcrumb\":{\"@id\":\"https:\\\/\\\/www.rri.ro\\\/zh-hans\\\/%e9%a2%91%e7%8e%87#breadcrumb\"},\"inLanguage\":\"zh-Hans\",\"potentialAction\":[{\"@type\":\"ReadAction\",\"target\":[\"https:\\\/\\\/www.rri.ro\\\/zh-hans\\\/%e9%a2%91%e7%8e%87\"]}]},{\"@type\":\"ImageObject\",\"inLanguage\":\"zh-Hans\",\"@id\":\"https:\\\/\\\/www.rri.ro\\\/zh-hans\\\/%e9%a2%91%e7%8e%87#primaryimage\",\"url\":\"https:\\\/\\\/www.rri.ro\\\/wp-content\\\/uploads\\\/2026\\\/03\\\/PLIANT-RRI-INTERIOR-2026-JPG-mic.jpg\",\"contentUrl\":\"https:\\\/\\\/www.rri.ro\\\/wp-content\\\/uploads\\\/2026\\\/03\\\/PLIANT-RRI-INTERIOR-2026-JPG-mic.jpg\",\"width\":1624,\"height\":2400,\"caption\":\"RRI Summer 2026 leaflet\"},{\"@type\":\"BreadcrumbList\",\"@id\":\"https:\\\/\\\/www.rri.ro\\\/zh-hans\\\/%e9%a2%91%e7%8e%87#breadcrumb\",\"itemListElement\":[{\"@type\":\"ListItem\",\"position\":1,\"name\":\"\u9996\u9801\",\"item\":\"https:\\\/\\\/www.rri.ro\\\/zh-hans\"},{\"@type\":\"ListItem\",\"position\":2,\"name\":\"\u9891\u7387\"}]},{\"@type\":\"WebSite\",\"@id\":\"https:\\\/\\\/www.rri.ro\\\/#website\",\"url\":\"https:\\\/\\\/www.rri.ro\\\/\",\"name\":\"\u7f57\u9a6c\u5c3c\u4e9a\u56fd\u9645\u5e7f\u64ad\u7535\u53f0\",\"description\":\"Totul despre Rom\u00e2nia \u015fi rom\u00e2ni, \u00een 13 limbi\\\/dialecte!\",\"inLanguage\":\"zh-Hans\"}]}<\/script>\n<!-- \/ Yoast SEO plugin. -->","yoast_head_json":{"title":"\u9891\u7387 - \u7f57\u9a6c\u5c3c\u4e9a\u56fd\u9645\u5e7f\u64ad\u7535\u53f0","robots":{"index":"index","follow":"follow","max-snippet":"max-snippet:-1","max-image-preview":"max-image-preview:large","max-video-preview":"max-video-preview:-1"},"canonical":"https:\/\/www.rri.ro\/zh-hans\/\u9891\u7387","og_locale":"zh_CN","og_type":"article","og_title":"\u9891\u7387 - \u7f57\u9a6c\u5c3c\u4e9a\u56fd\u9645\u5e7f\u64ad\u7535\u53f0","og_description":"\u5404\u4f4d\u542c\u4f17\uff0c\u4ece\u4eca\u5e743\u670831\u65e5\u523010\u670827\u65e5\uff0c\u672c\u53f0\u6c49\u8bed\u8282\u76ee\u64ad\u51fa\u7684\u65f6\u95f4\u662f\u5317\u4eac\u65f6\u95f4\u665a\u4e0a8\u70b930\u5206\u52309\u70b9\u949f\uff0c\u4f7f\u7528\u7684\u9891\u7387\u4e3a [&hellip;]","og_url":"https:\/\/www.rri.ro\/zh-hans\/\u9891\u7387","og_site_name":"\u7f57\u9a6c\u5c3c\u4e9a\u56fd\u9645\u5e7f\u64ad\u7535\u53f0","article_modified_time":"2024-06-30T08:38:11+00:00","og_image":[{"width":1200,"height":800,"url":"https:\/\/www.rri.ro\/wp-content\/uploads\/2024\/04\/Tiganesti-antene-US-NOU.jpg","type":"image\/jpeg"}],"twitter_card":"summary_large_image","twitter_misc":{"Written by":"admin"},"schema":{"@context":"https:\/\/schema.org","@graph":[{"@type":"WebPage","@id":"https:\/\/www.rri.ro\/zh-hans\/%e9%a2%91%e7%8e%87","url":"https:\/\/www.rri.ro\/zh-hans\/%e9%a2%91%e7%8e%87","name":"\u9891\u7387 - \u7f57\u9a6c\u5c3c\u4e9a\u56fd\u9645\u5e7f\u64ad\u7535\u53f0","isPartOf":{"@id":"https:\/\/www.rri.ro\/#website"},"primaryImageOfPage":{"@id":"https:\/\/www.rri.ro\/zh-hans\/%e9%a2%91%e7%8e%87#primaryimage"},"image":{"@id":"https:\/\/www.rri.ro\/zh-hans\/%e9%a2%91%e7%8e%87#primaryimage"},"thumbnailUrl":"https:\/\/www.rri.ro\/wp-content\/uploads\/2026\/03\/PLIANT-RRI-INTERIOR-2026-JPG-mic.jpg","datePublished":"2024-01-25T09:40:56+00:00","dateModified":"2024-06-30T08:38:11+00:00","breadcrumb":{"@id":"https:\/\/www.rri.ro\/zh-hans\/%e9%a2%91%e7%8e%87#breadcrumb"},"inLanguage":"zh-Hans","potentialAction":[{"@type":"ReadAction","target":["https:\/\/www.rri.ro\/zh-hans\/%e9%a2%91%e7%8e%87"]}]},{"@type":"ImageObject","inLanguage":"zh-Hans","@id":"https:\/\/www.rri.ro\/zh-hans\/%e9%a2%91%e7%8e%87#primaryimage","url":"https:\/\/www.rri.ro\/wp-content\/uploads\/2026\/03\/PLIANT-RRI-INTERIOR-2026-JPG-mic.jpg","contentUrl":"https:\/\/www.rri.ro\/wp-content\/uploads\/2026\/03\/PLIANT-RRI-INTERIOR-2026-JPG-mic.jpg","width":1624,"height":2400,"caption":"RRI Summer 2026 leaflet"},{"@type":"BreadcrumbList","@id":"https:\/\/www.rri.ro\/zh-hans\/%e9%a2%91%e7%8e%87#breadcrumb","itemListElement":[{"@type":"ListItem","position":1,"name":"\u9996\u9801","item":"https:\/\/www.rri.ro\/zh-hans"},{"@type":"ListItem","position":2,"name":"\u9891\u7387"}]},{"@type":"WebSite","@id":"https:\/\/www.rri.ro\/#website","url":"https:\/\/www.rri.ro\/","name":"\u7f57\u9a6c\u5c3c\u4e9a\u56fd\u9645\u5e7f\u64ad\u7535\u53f0","description":"Totul despre Rom\u00e2nia \u015fi rom\u00e2ni, \u00een 13 limbi\/dialecte!","inLanguage":"zh-Hans"}]}},"_links":{"self":[{"href":"https:\/\/www.rri.ro\/zh-hans\/wp-json\/wp\/v2\/pages\/562824","targetHints":{"allow":["GET"]}}],"collection":[{"href":"https:\/\/www.rri.ro\/zh-hans\/wp-json\/wp\/v2\/pages"}],"about":[{"href":"https:\/\/www.rri.ro\/zh-hans\/wp-json\/wp\/v2\/types\/page"}],"author":[{"embeddable":true,"href":"https:\/\/www.rri.ro\/zh-hans\/wp-json\/wp\/v2\/users\/1"}],"replies":[{"embeddable":true,"href":"https:\/\/www.rri.ro\/zh-hans\/wp-json\/wp\/v2\/comments?post=562824"}],"version-history":[{"count":0,"href":"https:\/\/www.rri.ro\/zh-hans\/wp-json\/wp\/v2\/pages\/562824\/revisions"}],"wp:featuredmedia":[{"embeddable":true,"href":"https:\/\/www.rri.ro\/zh-hans\/wp-json\/wp\/v2\/media\/1000011"}],"wp:attachment":[{"href":"https:\/\/www.rri.ro\/zh-hans\/wp-json\/wp\/v2\/media?parent=562824"}],"wp:term":[{"taxonomy":"author","embeddable":true,"href":"https:\/\/www.rri.ro\/zh-hans\/wp-json\/wp\/v2\/coauthors?post=562824"}],"curies":[{"name":"wp","href":"https:\/\/api.w.org\/{rel}","templated":true}]}}