{"id":655037,"date":"2024-02-22T08:31:13","date_gmt":"2024-02-22T06:31:13","guid":{"rendered":"http:\/\/devrri.freshlemon.ro\/%e5%9b%9e%e5%a4%8d%e8%a1%a8"},"modified":"2024-03-15T13:38:15","modified_gmt":"2024-03-15T11:38:15","slug":"%e5%9b%9e%e5%ba%94%e8%a1%a8","status":"publish","type":"page","link":"https:\/\/www.rri.ro\/zh-hans\/%e5%9b%9e%e5%ba%94%e8%a1%a8","title":{"rendered":"\u56de\u5e94\u8868"},"content":{"rendered":"\n<div class=\"wpcf7 no-js\" id=\"wpcf7-f712292-o1\" lang=\"zh-CN\" dir=\"ltr\" data-wpcf7-id=\"712292\">\n<div class=\"screen-reader-response\"><p role=\"status\" aria-live=\"polite\" aria-atomic=\"true\"><\/p> <ul><\/ul><\/div>\n<form action=\"\/zh-hans\/wp-json\/wp\/v2\/pages\/655037#wpcf7-f712292-o1\" method=\"post\" class=\"wpcf7-form init user-zone\" aria-label=\"\u7559\u8a00\u8868\u5355\" novalidate=\"novalidate\" data-status=\"init\">\n<fieldset class=\"hidden-fields-container\"><input type=\"hidden\" name=\"_wpcf7\" value=\"712292\" \/><input type=\"hidden\" name=\"_wpcf7_version\" value=\"6.1.6\" \/><input type=\"hidden\" name=\"_wpcf7_locale\" value=\"zh_CN\" \/><input type=\"hidden\" name=\"_wpcf7_unit_tag\" value=\"wpcf7-f712292-o1\" \/><input type=\"hidden\" name=\"_wpcf7_container_post\" value=\"0\" \/><input type=\"hidden\" name=\"_wpcf7_posted_data_hash\" value=\"\" \/>\n<\/fieldset>\n<h1 class=\"user-zone__title\">\u56de\u5e94\u8868\n<\/h1>\n<p class=\"user-zone__message\">\u8bf7\u586b\u5199\u6240\u6709\u5b57\u6bb5\u3002\n<\/p>\n<p><label>\u59d3\u540d <\/label><br \/>\n<span class=\"wpcf7-form-control-wrap\" data-name=\"nume\"><input size=\"40\" maxlength=\"400\" class=\"wpcf7-form-control wpcf7-text wpcf7-validates-as-required\" aria-required=\"true\" aria-invalid=\"false\" value=\"\" type=\"text\" name=\"nume\" \/><\/span><br \/>\n<label>\u5730\u5740 <\/label><br \/>\n<span class=\"wpcf7-form-control-wrap\" data-name=\"adresa\"><input size=\"40\" maxlength=\"400\" class=\"wpcf7-form-control wpcf7-text wpcf7-validates-as-required\" aria-required=\"true\" aria-invalid=\"false\" value=\"\" type=\"text\" name=\"adresa\" \/><\/span><br \/>\n<label>\u7535\u8bdd(\u4f20\u771f)\u53f7 <\/label><br \/>\n<span class=\"wpcf7-form-control-wrap\" data-name=\"telefon\"><input size=\"40\" maxlength=\"400\" class=\"wpcf7-form-control wpcf7-text wpcf7-validates-as-required\" aria-required=\"true\" aria-invalid=\"false\" value=\"\" type=\"text\" name=\"telefon\" \/><\/span><br \/>\n<label>\u7535\u5b50\u90ae\u4ef6 <\/label><br \/>\n<span class=\"wpcf7-form-control-wrap\" data-name=\"email\"><input size=\"40\" maxlength=\"400\" class=\"wpcf7-form-control wpcf7-email wpcf7-validates-as-required wpcf7-text wpcf7-validates-as-email\" aria-required=\"true\" aria-invalid=\"false\" value=\"\" type=\"email\" name=\"email\" \/><\/span><br \/>\n<label>\u56fd\u5bb6 <\/label><br \/>\n<span class=\"wpcf7-form-control-wrap\" data-name=\"tara\"><input size=\"40\" maxlength=\"400\" class=\"wpcf7-form-control wpcf7-text wpcf7-validates-as-required\" aria-required=\"true\" aria-invalid=\"false\" value=\"\" type=\"text\" name=\"tara\" \/><\/span><br \/>\n<label>\u8bc4\u8bba<\/label><br \/>\n<span class=\"wpcf7-form-control-wrap\" data-name=\"comentarii\"><textarea cols=\"40\" rows=\"10\" maxlength=\"2000\" class=\"wpcf7-form-control wpcf7-textarea wpcf7-validates-as-required\" aria-required=\"true\" aria-invalid=\"false\" name=\"comentarii\"><\/textarea><\/span>\n<\/p>\n<p class=\"user-zone__message\">\u5176\u4ed6\u4fe1\u606f\n<\/p>\n<p><label>\u8bc4\u8bba (\u610f\u89c1\u3001\u8bc4\u8bba\u3001\u4fe1\u606f\u3001\u5efa\u8bae)<\/label><br \/>\n<span class=\"wpcf7-form-control-wrap\" data-name=\"alte-informatii\"><textarea cols=\"40\" rows=\"10\" maxlength=\"2000\" class=\"wpcf7-form-control wpcf7-textarea wpcf7-validates-as-required\" aria-required=\"true\" aria-invalid=\"false\" name=\"alte-informatii\"><\/textarea><\/span>\n<\/p>\n<p><span class=\"wpcf7-form-control-wrap\" data-name=\"acceptare-gdpr\"><span class=\"wpcf7-form-control wpcf7-acceptance\"><span class=\"wpcf7-list-item\"><label><input type=\"checkbox\" name=\"acceptare-gdpr\" value=\"1\" aria-invalid=\"false\" \/><span class=\"wpcf7-list-item-label\">\u901a\u8fc7\u586b\u5199\u6b64\u8868\u60a8\u540c\u610f\u6240\u8981\u6c42\u7684\u4e2a\u4eba\u6570\u636e\u88ab\u5b58\u5165\u7f57\u9a6c\u5c3c\u4e9a\u56fd\u9645\u5e7f\u64ad\u7535\u53f0\u7684\u6570\u636e\u5e93\uff0c\u5176\u5904\u7406\u6d89\u53ca\u5230\u4fe1\u606f\u3001\u8425\u9500\u4ee5\u53ca\u5ba3\u4f20\u76ee\u7684\u3002\u7f57\u5e7f\u627f\u62c5\u8bb8\u8bfa\u8981\u9075\u5b88\u6b27\u76df\u6709\u5173\u4fdd\u62a4\u4e2a\u4eba\u6570\u636e\u7684\u6cd5\u5f8b\u89c4\u5b9a\uff08679\u53f7\/2016\u5e74\uff09\u3002<\/span><\/label><\/span><\/span><\/span>\n<\/p>\n<p><input class=\"wpcf7-form-control wpcf7-submit has-spinner\" type=\"submit\" value=\"\u9012\u4ea4\" \/>\n<\/p><p style=\"display: none !important;\" class=\"akismet-fields-container\" data-prefix=\"_wpcf7_ak_\"><label>&#916;<textarea name=\"_wpcf7_ak_hp_textarea\" cols=\"45\" rows=\"8\" maxlength=\"100\"><\/textarea><\/label><input type=\"hidden\" id=\"ak_js_1\" name=\"_wpcf7_ak_js\" value=\"12\"\/><script type=\"text\/javascript\">\n\/* <![CDATA[ *\/\ndocument.getElementById( \"ak_js_1\" ).setAttribute( \"value\", ( new Date() ).getTime() );\n\/* ]]> *\/\n<\/script>\n<\/p><div class=\"wpcf7-response-output\" aria-hidden=\"true\"><\/div>\n<\/form>\n<\/div>\n\n","protected":false},"excerpt":{"rendered":"","protected":false},"author":1,"featured_media":0,"parent":0,"menu_order":0,"comment_status":"closed","ping_status":"closed","template":"template-formular.php","meta":{"_acf_changed":false,"footnotes":""},"coauthors":[113312],"class_list":["post-655037","page","type-page","status-publish","hentry"],"acf":[],"yoast_head":"<!-- This site is optimized with the Yoast SEO plugin v27.6 - https:\/\/yoast.com\/product\/yoast-seo-wordpress\/ -->\n<title>\u56de\u5e94\u8868 - \u7f57\u9a6c\u5c3c\u4e9a\u56fd\u9645\u5e7f\u64ad\u7535\u53f0<\/title>\n<meta name=\"robots\" content=\"index, follow, max-snippet:-1, max-image-preview:large, max-video-preview:-1\" \/>\n<link rel=\"canonical\" href=\"https:\/\/www.rri.ro\/zh-hans\/\u56de\u5e94\u8868\" \/>\n<meta property=\"og:locale\" content=\"zh_CN\" \/>\n<meta property=\"og:type\" content=\"article\" \/>\n<meta property=\"og:title\" content=\"\u56de\u5e94\u8868 - \u7f57\u9a6c\u5c3c\u4e9a\u56fd\u9645\u5e7f\u64ad\u7535\u53f0\" \/>\n<meta property=\"og:url\" content=\"https:\/\/www.rri.ro\/zh-hans\/\u56de\u5e94\u8868\" \/>\n<meta property=\"og:site_name\" content=\"\u7f57\u9a6c\u5c3c\u4e9a\u56fd\u9645\u5e7f\u64ad\u7535\u53f0\" \/>\n<meta property=\"article:modified_time\" content=\"2024-03-15T11:38:15+00:00\" \/>\n<meta name=\"twitter:card\" content=\"summary_large_image\" \/>\n<meta name=\"twitter:label1\" content=\"Written by\" \/>\n\t<meta name=\"twitter:data1\" content=\"admin\" \/>\n<script type=\"application\/ld+json\" class=\"yoast-schema-graph\">{\"@context\":\"https:\\\/\\\/schema.org\",\"@graph\":[{\"@type\":\"WebPage\",\"@id\":\"https:\\\/\\\/www.rri.ro\\\/zh-hans\\\/%e5%9b%9e%e5%ba%94%e8%a1%a8\",\"url\":\"https:\\\/\\\/www.rri.ro\\\/zh-hans\\\/%e5%9b%9e%e5%ba%94%e8%a1%a8\",\"name\":\"\u56de\u5e94\u8868 - \u7f57\u9a6c\u5c3c\u4e9a\u56fd\u9645\u5e7f\u64ad\u7535\u53f0\",\"isPartOf\":{\"@id\":\"https:\\\/\\\/www.rri.ro\\\/#website\"},\"datePublished\":\"2024-02-22T06:31:13+00:00\",\"dateModified\":\"2024-03-15T11:38:15+00:00\",\"breadcrumb\":{\"@id\":\"https:\\\/\\\/www.rri.ro\\\/zh-hans\\\/%e5%9b%9e%e5%ba%94%e8%a1%a8#breadcrumb\"},\"inLanguage\":\"zh-Hans\",\"potentialAction\":[{\"@type\":\"ReadAction\",\"target\":[\"https:\\\/\\\/www.rri.ro\\\/zh-hans\\\/%e5%9b%9e%e5%ba%94%e8%a1%a8\"]}]},{\"@type\":\"BreadcrumbList\",\"@id\":\"https:\\\/\\\/www.rri.ro\\\/zh-hans\\\/%e5%9b%9e%e5%ba%94%e8%a1%a8#breadcrumb\",\"itemListElement\":[{\"@type\":\"ListItem\",\"position\":1,\"name\":\"\u9996\u9801\",\"item\":\"https:\\\/\\\/www.rri.ro\\\/zh-hans\"},{\"@type\":\"ListItem\",\"position\":2,\"name\":\"\u56de\u5e94\u8868\"}]},{\"@type\":\"WebSite\",\"@id\":\"https:\\\/\\\/www.rri.ro\\\/#website\",\"url\":\"https:\\\/\\\/www.rri.ro\\\/\",\"name\":\"\u7f57\u9a6c\u5c3c\u4e9a\u56fd\u9645\u5e7f\u64ad\u7535\u53f0\",\"description\":\"Totul despre Rom\u00e2nia \u015fi rom\u00e2ni, \u00een 13 limbi\\\/dialecte!\",\"inLanguage\":\"zh-Hans\"}]}<\/script>\n<!-- \/ Yoast SEO plugin. -->","yoast_head_json":{"title":"\u56de\u5e94\u8868 - \u7f57\u9a6c\u5c3c\u4e9a\u56fd\u9645\u5e7f\u64ad\u7535\u53f0","robots":{"index":"index","follow":"follow","max-snippet":"max-snippet:-1","max-image-preview":"max-image-preview:large","max-video-preview":"max-video-preview:-1"},"canonical":"https:\/\/www.rri.ro\/zh-hans\/\u56de\u5e94\u8868","og_locale":"zh_CN","og_type":"article","og_title":"\u56de\u5e94\u8868 - \u7f57\u9a6c\u5c3c\u4e9a\u56fd\u9645\u5e7f\u64ad\u7535\u53f0","og_url":"https:\/\/www.rri.ro\/zh-hans\/\u56de\u5e94\u8868","og_site_name":"\u7f57\u9a6c\u5c3c\u4e9a\u56fd\u9645\u5e7f\u64ad\u7535\u53f0","article_modified_time":"2024-03-15T11:38:15+00:00","twitter_card":"summary_large_image","twitter_misc":{"Written by":"admin"},"schema":{"@context":"https:\/\/schema.org","@graph":[{"@type":"WebPage","@id":"https:\/\/www.rri.ro\/zh-hans\/%e5%9b%9e%e5%ba%94%e8%a1%a8","url":"https:\/\/www.rri.ro\/zh-hans\/%e5%9b%9e%e5%ba%94%e8%a1%a8","name":"\u56de\u5e94\u8868 - \u7f57\u9a6c\u5c3c\u4e9a\u56fd\u9645\u5e7f\u64ad\u7535\u53f0","isPartOf":{"@id":"https:\/\/www.rri.ro\/#website"},"datePublished":"2024-02-22T06:31:13+00:00","dateModified":"2024-03-15T11:38:15+00:00","breadcrumb":{"@id":"https:\/\/www.rri.ro\/zh-hans\/%e5%9b%9e%e5%ba%94%e8%a1%a8#breadcrumb"},"inLanguage":"zh-Hans","potentialAction":[{"@type":"ReadAction","target":["https:\/\/www.rri.ro\/zh-hans\/%e5%9b%9e%e5%ba%94%e8%a1%a8"]}]},{"@type":"BreadcrumbList","@id":"https:\/\/www.rri.ro\/zh-hans\/%e5%9b%9e%e5%ba%94%e8%a1%a8#breadcrumb","itemListElement":[{"@type":"ListItem","position":1,"name":"\u9996\u9801","item":"https:\/\/www.rri.ro\/zh-hans"},{"@type":"ListItem","position":2,"name":"\u56de\u5e94\u8868"}]},{"@type":"WebSite","@id":"https:\/\/www.rri.ro\/#website","url":"https:\/\/www.rri.ro\/","name":"\u7f57\u9a6c\u5c3c\u4e9a\u56fd\u9645\u5e7f\u64ad\u7535\u53f0","description":"Totul despre Rom\u00e2nia \u015fi rom\u00e2ni, \u00een 13 limbi\/dialecte!","inLanguage":"zh-Hans"}]}},"_links":{"self":[{"href":"https:\/\/www.rri.ro\/zh-hans\/wp-json\/wp\/v2\/pages\/655037","targetHints":{"allow":["GET"]}}],"collection":[{"href":"https:\/\/www.rri.ro\/zh-hans\/wp-json\/wp\/v2\/pages"}],"about":[{"href":"https:\/\/www.rri.ro\/zh-hans\/wp-json\/wp\/v2\/types\/page"}],"author":[{"embeddable":true,"href":"https:\/\/www.rri.ro\/zh-hans\/wp-json\/wp\/v2\/users\/1"}],"replies":[{"embeddable":true,"href":"https:\/\/www.rri.ro\/zh-hans\/wp-json\/wp\/v2\/comments?post=655037"}],"version-history":[{"count":0,"href":"https:\/\/www.rri.ro\/zh-hans\/wp-json\/wp\/v2\/pages\/655037\/revisions"}],"wp:attachment":[{"href":"https:\/\/www.rri.ro\/zh-hans\/wp-json\/wp\/v2\/media?parent=655037"}],"wp:term":[{"taxonomy":"author","embeddable":true,"href":"https:\/\/www.rri.ro\/zh-hans\/wp-json\/wp\/v2\/coauthors?post=655037"}],"curies":[{"name":"wp","href":"https:\/\/api.w.org\/{rel}","templated":true}]}}