{"id":655101,"date":"2024-02-21T21:20:21","date_gmt":"2024-02-21T19:20:21","guid":{"rendered":"http:\/\/devrri.freshlemon.ro\/%e6%8e%a5%e5%be%85%e8%a1%a8%e6%a0%bc"},"modified":"2024-03-15T13:35:36","modified_gmt":"2024-03-15T11:35:36","slug":"%e6%8e%a5%e5%be%85%e8%a1%a8%e6%a0%bc","status":"publish","type":"page","link":"https:\/\/www.rri.ro\/zh-hans\/%e6%8e%a5%e5%be%85%e8%a1%a8%e6%a0%bc","title":{"rendered":"\u63a5\u5f85\u8868\u683c"},"content":{"rendered":"\n<div class=\"wpcf7 no-js\" id=\"wpcf7-f712288-o1\" lang=\"zh-CN\" dir=\"ltr\" data-wpcf7-id=\"712288\">\n<div class=\"screen-reader-response\"><p role=\"status\" aria-live=\"polite\" aria-atomic=\"true\"><\/p> <ul><\/ul><\/div>\n<form action=\"\/zh-hans\/wp-json\/wp\/v2\/pages\/655101#wpcf7-f712288-o1\" method=\"post\" class=\"wpcf7-form init user-zone\" aria-label=\"\u7559\u8a00\u8868\u5355\" novalidate=\"novalidate\" data-status=\"init\">\n<fieldset class=\"hidden-fields-container\"><input type=\"hidden\" name=\"_wpcf7\" value=\"712288\" \/><input type=\"hidden\" name=\"_wpcf7_version\" value=\"6.1.5\" \/><input type=\"hidden\" name=\"_wpcf7_locale\" value=\"zh_CN\" \/><input type=\"hidden\" name=\"_wpcf7_unit_tag\" value=\"wpcf7-f712288-o1\" \/><input type=\"hidden\" name=\"_wpcf7_container_post\" value=\"0\" \/><input type=\"hidden\" name=\"_wpcf7_posted_data_hash\" value=\"\" \/>\n<\/fieldset>\n<h1 class=\"user-zone__title\">\u8868\u683c\u5df2\u7ecf\u9012\u4ea4\u4e86\n<\/h1>\n<p class=\"user-zone__message\">\u8bf7\u586b\u5199\u6240\u6709\u5b57\u6bb5\u3002\n<\/p>\n<p><label>\u59d3\u540d <\/label><br \/>\n<span class=\"wpcf7-form-control-wrap\" data-name=\"nume\"><input size=\"40\" maxlength=\"400\" class=\"wpcf7-form-control wpcf7-text wpcf7-validates-as-required\" aria-required=\"true\" aria-invalid=\"false\" value=\"\" type=\"text\" name=\"nume\" \/><\/span><br \/>\n<label>\u6027\u522b <\/label><br \/>\n<span class=\"wpcf7-form-control-wrap\" data-name=\"sex\"><select class=\"wpcf7-form-control wpcf7-select wpcf7-validates-as-required\" aria-required=\"true\" aria-invalid=\"false\" name=\"sex\"><option value=\"\">&#8212;\u8bf7\u9009\u62e9&#8212;<\/option><option value=\"\u5973\u6027\">\u5973\u6027<\/option><option value=\"\u7537\u6027\">\u7537\u6027<\/option><\/select><\/span><br \/>\n<label>\u5e74\u9f84 <\/label><br \/>\n<span class=\"wpcf7-form-control-wrap\" data-name=\"varsta\"><input size=\"40\" maxlength=\"400\" class=\"wpcf7-form-control wpcf7-text wpcf7-validates-as-required\" aria-required=\"true\" aria-invalid=\"false\" value=\"\" type=\"text\" name=\"varsta\" \/><\/span><br \/>\n<label>\u804c\u4e1a <\/label><br \/>\n<span class=\"wpcf7-form-control-wrap\" data-name=\"ocupatie\"><input size=\"40\" maxlength=\"400\" class=\"wpcf7-form-control wpcf7-text wpcf7-validates-as-required\" aria-required=\"true\" aria-invalid=\"false\" value=\"\" type=\"text\" name=\"ocupatie\" \/><\/span><br \/>\n<label>\u54ea\u4e00\u5e74\u5f00\u59cb\u6536\u542c <\/label><br \/>\n<span class=\"wpcf7-form-control-wrap\" data-name=\"date-rri\"><input class=\"wpcf7-form-control wpcf7-date wpcf7-validates-as-required wpcf7-validates-as-date\" aria-required=\"true\" aria-invalid=\"false\" value=\"\" type=\"date\" name=\"date-rri\" \/><\/span><br \/>\n<label>\u5730\u5740 <\/label><br \/>\n<span class=\"wpcf7-form-control-wrap\" data-name=\"adresa\"><input size=\"40\" maxlength=\"400\" class=\"wpcf7-form-control wpcf7-text wpcf7-validates-as-required\" aria-required=\"true\" aria-invalid=\"false\" value=\"\" type=\"text\" name=\"adresa\" \/><\/span><br \/>\n<label>\u57ce\u5e02 <\/label><br \/>\n<span class=\"wpcf7-form-control-wrap\" data-name=\"localitate\"><input size=\"40\" maxlength=\"400\" class=\"wpcf7-form-control wpcf7-text wpcf7-validates-as-required\" aria-required=\"true\" aria-invalid=\"false\" value=\"\" type=\"text\" name=\"localitate\" \/><\/span><br \/>\n<label>\u90ae\u7f16 <\/label><br \/>\n<span class=\"wpcf7-form-control-wrap\" data-name=\"cod-postal\"><input size=\"40\" maxlength=\"400\" class=\"wpcf7-form-control wpcf7-text wpcf7-validates-as-required\" aria-required=\"true\" aria-invalid=\"false\" value=\"\" type=\"text\" name=\"cod-postal\" \/><\/span><br \/>\n<label>\u56fd\u5bb6 <\/label><br \/>\n<span class=\"wpcf7-form-control-wrap\" data-name=\"tara\"><input size=\"40\" maxlength=\"400\" class=\"wpcf7-form-control wpcf7-text wpcf7-validates-as-required\" aria-required=\"true\" aria-invalid=\"false\" value=\"\" type=\"text\" name=\"tara\" \/><\/span><br \/>\n<label>\u7535\u5b50\u90ae\u4ef6 <\/label><br \/>\n<span class=\"wpcf7-form-control-wrap\" data-name=\"email\"><input size=\"40\" maxlength=\"400\" class=\"wpcf7-form-control wpcf7-email wpcf7-validates-as-required wpcf7-text wpcf7-validates-as-email\" aria-required=\"true\" aria-invalid=\"false\" value=\"\" type=\"email\" name=\"email\" \/><\/span>\n<\/p>\n<p class=\"user-zone__message\">\u6536\u542c\u8bbe\u5907\n<\/p>\n<p><label>\u6536\u97f3\u673a <\/label><br \/>\n<span class=\"wpcf7-form-control-wrap\" data-name=\"aparatul\"><input size=\"40\" maxlength=\"400\" class=\"wpcf7-form-control wpcf7-text wpcf7-validates-as-required\" aria-required=\"true\" aria-invalid=\"false\" value=\"\" type=\"text\" name=\"aparatul\" \/><\/span><br \/>\n<label>\u5929\u7ebf <\/label><br \/>\n<span class=\"wpcf7-form-control-wrap\" data-name=\"antena\"><input size=\"40\" maxlength=\"400\" class=\"wpcf7-form-control wpcf7-text wpcf7-validates-as-required\" aria-required=\"true\" aria-invalid=\"false\" value=\"\" type=\"text\" name=\"antena\" \/><\/span><br \/>\n<label>\u5730\u65b9 <\/label><br \/>\n<span class=\"wpcf7-form-control-wrap\" data-name=\"locul-receptiei\"><input size=\"40\" maxlength=\"400\" class=\"wpcf7-form-control wpcf7-text wpcf7-validates-as-required\" aria-required=\"true\" aria-invalid=\"false\" value=\"\" type=\"text\" name=\"locul-receptiei\" \/><\/span>\n<\/p>\n<p class=\"user-zone__message\">\u6536\u542c\n<\/p>\n<p><label>\u65e5\u671f <\/label><br \/>\n<span class=\"wpcf7-form-control-wrap\" data-name=\"data-receptiei\"><input class=\"wpcf7-form-control wpcf7-date wpcf7-validates-as-required wpcf7-validates-as-date\" aria-required=\"true\" aria-invalid=\"false\" value=\"\" type=\"date\" name=\"data-receptiei\" \/><\/span><br \/>\n<label>\u51e0\u70b9\u5f00\u59cb\u6536\u542c <\/label><br \/>\n<span class=\"wpcf7-form-control-wrap\" data-name=\"de-la-ce-ora\"><input size=\"40\" maxlength=\"400\" class=\"wpcf7-form-control wpcf7-text wpcf7-validates-as-required\" aria-required=\"true\" aria-invalid=\"false\" value=\"\" type=\"text\" name=\"de-la-ce-ora\" \/><\/span><br \/>\n<label>\u51e0\u70b9\u7ed3\u675f\u6536\u542c <\/label><br \/>\n<span class=\"wpcf7-form-control-wrap\" data-name=\"pana-la-ce-ora\"><input size=\"40\" maxlength=\"400\" class=\"wpcf7-form-control wpcf7-text wpcf7-validates-as-required\" aria-required=\"true\" aria-invalid=\"false\" value=\"\" type=\"text\" name=\"pana-la-ce-ora\" \/><\/span><br \/>\n<label>\u9891\u7387<\/label><br \/>\n<span class=\"wpcf7-form-control-wrap\" data-name=\"frecventa-receptiei\"><input size=\"40\" maxlength=\"400\" class=\"wpcf7-form-control wpcf7-text wpcf7-validates-as-required\" aria-required=\"true\" aria-invalid=\"false\" value=\"\" type=\"text\" name=\"frecventa-receptiei\" \/><\/span>\n<\/p>\n<p class=\"user-zone__message\">\u8282\u76ee\n<\/p>\n<p><label>\u64ad\u9001\u8bed\u8a00<\/label><br \/>\n<span class=\"wpcf7-form-control-wrap\" data-name=\"limba\"><input size=\"40\" maxlength=\"400\" class=\"wpcf7-form-control wpcf7-text wpcf7-validates-as-required\" aria-required=\"true\" aria-invalid=\"false\" value=\"\" type=\"text\" name=\"limba\" \/><\/span><br \/>\n<label>\u8282\u76ee\u5185\u5bb9<\/label><br \/>\n<span class=\"wpcf7-form-control-wrap\" data-name=\"detalii-despre-program\"><textarea cols=\"40\" rows=\"10\" maxlength=\"2000\" class=\"wpcf7-form-control wpcf7-textarea wpcf7-validates-as-required\" aria-required=\"true\" aria-invalid=\"false\" name=\"detalii-despre-program\"><\/textarea><\/span>\n<\/p>\n<p class=\"user-zone__message\">\u6536\u542c\u8d28\u91cf\n<\/p>\n<p><label>\u4fe1\u53f7\u529b\u91cf<\/label><br \/>\n<span class=\"wpcf7-form-control-wrap\" data-name=\"puterea-semnalului\"><select class=\"wpcf7-form-control wpcf7-select wpcf7-validates-as-required\" aria-required=\"true\" aria-invalid=\"false\" name=\"puterea-semnalului\"><option value=\"\">&#8212;\u8bf7\u9009\u62e9&#8212;<\/option><option value=\"\u9601\u4e0b\">\u9601\u4e0b<\/option><option value=\"\u4f60\u597d\">\u4f60\u597d<\/option><option value=\"\u4ee4\u4eba\u6ee1\u610f\">\u4ee4\u4eba\u6ee1\u610f<\/option><option value=\"\u4f4e\u7684\">\u4f4e\u7684<\/option><option value=\"\u5f88\u7626\">\u5f88\u7626<\/option><\/select><\/span><br \/>\n<label>\u5e72\u6270<\/label><br \/>\n<span class=\"wpcf7-form-control-wrap\" data-name=\"interferenta\"><select class=\"wpcf7-form-control wpcf7-select wpcf7-validates-as-required\" aria-required=\"true\" aria-invalid=\"false\" name=\"interferenta\"><option value=\"\">&#8212;\u8bf7\u9009\u62e9&#8212;<\/option><option value=\"\u6ca1\u6709\u4efb\u4f55\">\u6ca1\u6709\u4efb\u4f55<\/option><option value=\"\u865a\u5f31\u7684\">\u865a\u5f31\u7684<\/option><option value=\"\u5e73\u5747\u7684\">\u5e73\u5747\u7684<\/option><option value=\"\u5f3a\u7684\">\u5f3a\u7684<\/option><option value=\"\u975e\u5e38\u5f3a\u58ee\">\u975e\u5e38\u5f3a\u58ee<\/option><\/select><\/span><br \/>\n<label>\u566a\u97f3<\/label><br \/>\n<span class=\"wpcf7-form-control-wrap\" data-name=\"zgomotul\"><select class=\"wpcf7-form-control wpcf7-select wpcf7-validates-as-required\" aria-required=\"true\" aria-invalid=\"false\" name=\"zgomotul\"><option value=\"\">&#8212;\u8bf7\u9009\u62e9&#8212;<\/option><option value=\"\u6ca1\u6709\u4efb\u4f55\">\u6ca1\u6709\u4efb\u4f55<\/option><option value=\"\u865a\u5f31\u7684\">\u865a\u5f31\u7684<\/option><option value=\"\u5e73\u5747\u7684\">\u5e73\u5747\u7684<\/option><option value=\"\u5f3a\u7684\">\u5f3a\u7684<\/option><option value=\"\u975e\u5e38\u5f3a\u58ee\">\u975e\u5e38\u5f3a\u58ee<\/option><\/select><\/span><br \/>\n<label>\u6270\u4e71<\/label><br \/>\n<span class=\"wpcf7-form-control-wrap\" data-name=\"perturbari\"><select class=\"wpcf7-form-control wpcf7-select wpcf7-validates-as-required\" aria-required=\"true\" aria-invalid=\"false\" name=\"perturbari\"><option value=\"\">&#8212;\u8bf7\u9009\u62e9&#8212;<\/option><option value=\"\u6ca1\u6709\u4efb\u4f55\">\u6ca1\u6709\u4efb\u4f55<\/option><option value=\"\u865a\u5f31\u7684\">\u865a\u5f31\u7684<\/option><option value=\"\u5e73\u5747\u7684\">\u5e73\u5747\u7684<\/option><option value=\"\u5f3a\u7684\">\u5f3a\u7684<\/option><option value=\"\u975e\u5e38\u5f3a\u58ee\">\u975e\u5e38\u5f3a\u58ee<\/option><\/select><\/span><br \/>\n<label>\u666e\u904d\u8bc4\u7ea7<\/label><br \/>\n<span class=\"wpcf7-form-control-wrap\" data-name=\"nota-generala\"><select class=\"wpcf7-form-control wpcf7-select wpcf7-validates-as-required\" aria-required=\"true\" aria-invalid=\"false\" name=\"nota-generala\"><option value=\"\">&#8212;\u8bf7\u9009\u62e9&#8212;<\/option><option value=\"1\">1<\/option><option value=\"2\">2<\/option><option value=\"3\">3<\/option><option value=\"4\">4<\/option><option value=\"5\">5<\/option><\/select><\/span>\n<\/p>\n<p class=\"user-zone__message\">\u5176\u4ed6\u4fe1\u606f\n<\/p>\n<p><label>\u5176\u4ed6\u8bc4\u8bba<\/label><br \/>\n<span class=\"wpcf7-form-control-wrap\" data-name=\"comentarii\"><textarea cols=\"40\" rows=\"10\" maxlength=\"2000\" class=\"wpcf7-form-control wpcf7-textarea wpcf7-validates-as-required\" aria-required=\"true\" aria-invalid=\"false\" name=\"comentarii\"><\/textarea><\/span>\n<\/p>\n<p><span class=\"wpcf7-form-control-wrap\" data-name=\"acceptare-gdpr\"><span class=\"wpcf7-form-control wpcf7-acceptance\"><span class=\"wpcf7-list-item\"><label><input type=\"checkbox\" name=\"acceptare-gdpr\" value=\"1\" aria-invalid=\"false\" \/><span class=\"wpcf7-list-item-label\">\u901a\u8fc7\u586b\u5199\u6b64\u8868\u60a8\u540c\u610f\u6240\u8981\u6c42\u7684\u4e2a\u4eba\u6570\u636e\u88ab\u5b58\u5165\u7f57\u9a6c\u5c3c\u4e9a\u56fd\u9645\u5e7f\u64ad\u7535\u53f0\u7684\u6570\u636e\u5e93\uff0c\u5176\u5904\u7406\u6d89\u53ca\u5230\u4fe1\u606f\u3001\u8425\u9500\u4ee5\u53ca\u5ba3\u4f20\u76ee\u7684\u3002\u7f57\u5e7f\u627f\u62c5\u8bb8\u8bfa\u8981\u9075\u5b88\u6b27\u76df\u6709\u5173\u4fdd\u62a4\u4e2a\u4eba\u6570\u636e\u7684\u6cd5\u5f8b\u89c4\u5b9a\uff08679\u53f7\/2016\u5e74\uff09\u3002<\/span><\/label><\/span><\/span><\/span>\n<\/p>\n<p><input class=\"wpcf7-form-control wpcf7-submit has-spinner\" type=\"submit\" value=\"\u9012\u4ea4\" \/>\n<\/p><p style=\"display: none !important;\" class=\"akismet-fields-container\" data-prefix=\"_wpcf7_ak_\"><label>&#916;<textarea name=\"_wpcf7_ak_hp_textarea\" cols=\"45\" rows=\"8\" maxlength=\"100\"><\/textarea><\/label><input type=\"hidden\" id=\"ak_js_1\" name=\"_wpcf7_ak_js\" value=\"142\"\/><script type=\"text\/javascript\">\n\/* <![CDATA[ *\/\ndocument.getElementById( \"ak_js_1\" ).setAttribute( \"value\", ( new Date() ).getTime() );\n\/* ]]> *\/\n<\/script>\n<\/p><div class=\"wpcf7-response-output\" aria-hidden=\"true\"><\/div>\n<\/form>\n<\/div>\n\n","protected":false},"excerpt":{"rendered":"","protected":false},"author":1,"featured_media":0,"parent":0,"menu_order":0,"comment_status":"closed","ping_status":"closed","template":"template-formular.php","meta":{"_acf_changed":false,"footnotes":""},"coauthors":[113312],"class_list":["post-655101","page","type-page","status-publish","hentry"],"acf":[],"yoast_head":"<!-- This site is optimized with the Yoast SEO plugin v27.5 - https:\/\/yoast.com\/product\/yoast-seo-wordpress\/ -->\n<title>\u63a5\u5f85\u8868\u683c - \u7f57\u9a6c\u5c3c\u4e9a\u56fd\u9645\u5e7f\u64ad\u7535\u53f0<\/title>\n<meta name=\"robots\" content=\"index, follow, max-snippet:-1, max-image-preview:large, max-video-preview:-1\" \/>\n<link rel=\"canonical\" href=\"https:\/\/www.rri.ro\/zh-hans\/\u63a5\u5f85\u8868\u683c\" \/>\n<meta property=\"og:locale\" content=\"zh_CN\" \/>\n<meta property=\"og:type\" content=\"article\" \/>\n<meta property=\"og:title\" content=\"\u63a5\u5f85\u8868\u683c - \u7f57\u9a6c\u5c3c\u4e9a\u56fd\u9645\u5e7f\u64ad\u7535\u53f0\" \/>\n<meta property=\"og:url\" content=\"https:\/\/www.rri.ro\/zh-hans\/\u63a5\u5f85\u8868\u683c\" \/>\n<meta property=\"og:site_name\" content=\"\u7f57\u9a6c\u5c3c\u4e9a\u56fd\u9645\u5e7f\u64ad\u7535\u53f0\" \/>\n<meta property=\"article:modified_time\" content=\"2024-03-15T11:35:36+00:00\" \/>\n<meta name=\"twitter:card\" content=\"summary_large_image\" \/>\n<meta name=\"twitter:label1\" content=\"Written by\" \/>\n\t<meta name=\"twitter:data1\" content=\"admin\" \/>\n<script type=\"application\/ld+json\" class=\"yoast-schema-graph\">{\"@context\":\"https:\\\/\\\/schema.org\",\"@graph\":[{\"@type\":\"WebPage\",\"@id\":\"https:\\\/\\\/www.rri.ro\\\/zh-hans\\\/%e6%8e%a5%e5%be%85%e8%a1%a8%e6%a0%bc\",\"url\":\"https:\\\/\\\/www.rri.ro\\\/zh-hans\\\/%e6%8e%a5%e5%be%85%e8%a1%a8%e6%a0%bc\",\"name\":\"\u63a5\u5f85\u8868\u683c - \u7f57\u9a6c\u5c3c\u4e9a\u56fd\u9645\u5e7f\u64ad\u7535\u53f0\",\"isPartOf\":{\"@id\":\"https:\\\/\\\/www.rri.ro\\\/#website\"},\"datePublished\":\"2024-02-21T19:20:21+00:00\",\"dateModified\":\"2024-03-15T11:35:36+00:00\",\"breadcrumb\":{\"@id\":\"https:\\\/\\\/www.rri.ro\\\/zh-hans\\\/%e6%8e%a5%e5%be%85%e8%a1%a8%e6%a0%bc#breadcrumb\"},\"inLanguage\":\"zh-Hans\",\"potentialAction\":[{\"@type\":\"ReadAction\",\"target\":[\"https:\\\/\\\/www.rri.ro\\\/zh-hans\\\/%e6%8e%a5%e5%be%85%e8%a1%a8%e6%a0%bc\"]}]},{\"@type\":\"BreadcrumbList\",\"@id\":\"https:\\\/\\\/www.rri.ro\\\/zh-hans\\\/%e6%8e%a5%e5%be%85%e8%a1%a8%e6%a0%bc#breadcrumb\",\"itemListElement\":[{\"@type\":\"ListItem\",\"position\":1,\"name\":\"\u9996\u9801\",\"item\":\"https:\\\/\\\/www.rri.ro\\\/zh-hans\"},{\"@type\":\"ListItem\",\"position\":2,\"name\":\"\u63a5\u5f85\u8868\u683c\"}]},{\"@type\":\"WebSite\",\"@id\":\"https:\\\/\\\/www.rri.ro\\\/#website\",\"url\":\"https:\\\/\\\/www.rri.ro\\\/\",\"name\":\"\u7f57\u9a6c\u5c3c\u4e9a\u56fd\u9645\u5e7f\u64ad\u7535\u53f0\",\"description\":\"Totul despre Rom\u00e2nia \u015fi rom\u00e2ni, \u00een 13 limbi\\\/dialecte!\",\"inLanguage\":\"zh-Hans\"}]}<\/script>\n<!-- \/ Yoast SEO plugin. -->","yoast_head_json":{"title":"\u63a5\u5f85\u8868\u683c - \u7f57\u9a6c\u5c3c\u4e9a\u56fd\u9645\u5e7f\u64ad\u7535\u53f0","robots":{"index":"index","follow":"follow","max-snippet":"max-snippet:-1","max-image-preview":"max-image-preview:large","max-video-preview":"max-video-preview:-1"},"canonical":"https:\/\/www.rri.ro\/zh-hans\/\u63a5\u5f85\u8868\u683c","og_locale":"zh_CN","og_type":"article","og_title":"\u63a5\u5f85\u8868\u683c - \u7f57\u9a6c\u5c3c\u4e9a\u56fd\u9645\u5e7f\u64ad\u7535\u53f0","og_url":"https:\/\/www.rri.ro\/zh-hans\/\u63a5\u5f85\u8868\u683c","og_site_name":"\u7f57\u9a6c\u5c3c\u4e9a\u56fd\u9645\u5e7f\u64ad\u7535\u53f0","article_modified_time":"2024-03-15T11:35:36+00:00","twitter_card":"summary_large_image","twitter_misc":{"Written by":"admin"},"schema":{"@context":"https:\/\/schema.org","@graph":[{"@type":"WebPage","@id":"https:\/\/www.rri.ro\/zh-hans\/%e6%8e%a5%e5%be%85%e8%a1%a8%e6%a0%bc","url":"https:\/\/www.rri.ro\/zh-hans\/%e6%8e%a5%e5%be%85%e8%a1%a8%e6%a0%bc","name":"\u63a5\u5f85\u8868\u683c - \u7f57\u9a6c\u5c3c\u4e9a\u56fd\u9645\u5e7f\u64ad\u7535\u53f0","isPartOf":{"@id":"https:\/\/www.rri.ro\/#website"},"datePublished":"2024-02-21T19:20:21+00:00","dateModified":"2024-03-15T11:35:36+00:00","breadcrumb":{"@id":"https:\/\/www.rri.ro\/zh-hans\/%e6%8e%a5%e5%be%85%e8%a1%a8%e6%a0%bc#breadcrumb"},"inLanguage":"zh-Hans","potentialAction":[{"@type":"ReadAction","target":["https:\/\/www.rri.ro\/zh-hans\/%e6%8e%a5%e5%be%85%e8%a1%a8%e6%a0%bc"]}]},{"@type":"BreadcrumbList","@id":"https:\/\/www.rri.ro\/zh-hans\/%e6%8e%a5%e5%be%85%e8%a1%a8%e6%a0%bc#breadcrumb","itemListElement":[{"@type":"ListItem","position":1,"name":"\u9996\u9801","item":"https:\/\/www.rri.ro\/zh-hans"},{"@type":"ListItem","position":2,"name":"\u63a5\u5f85\u8868\u683c"}]},{"@type":"WebSite","@id":"https:\/\/www.rri.ro\/#website","url":"https:\/\/www.rri.ro\/","name":"\u7f57\u9a6c\u5c3c\u4e9a\u56fd\u9645\u5e7f\u64ad\u7535\u53f0","description":"Totul despre Rom\u00e2nia \u015fi rom\u00e2ni, \u00een 13 limbi\/dialecte!","inLanguage":"zh-Hans"}]}},"_links":{"self":[{"href":"https:\/\/www.rri.ro\/zh-hans\/wp-json\/wp\/v2\/pages\/655101","targetHints":{"allow":["GET"]}}],"collection":[{"href":"https:\/\/www.rri.ro\/zh-hans\/wp-json\/wp\/v2\/pages"}],"about":[{"href":"https:\/\/www.rri.ro\/zh-hans\/wp-json\/wp\/v2\/types\/page"}],"author":[{"embeddable":true,"href":"https:\/\/www.rri.ro\/zh-hans\/wp-json\/wp\/v2\/users\/1"}],"replies":[{"embeddable":true,"href":"https:\/\/www.rri.ro\/zh-hans\/wp-json\/wp\/v2\/comments?post=655101"}],"version-history":[{"count":0,"href":"https:\/\/www.rri.ro\/zh-hans\/wp-json\/wp\/v2\/pages\/655101\/revisions"}],"wp:attachment":[{"href":"https:\/\/www.rri.ro\/zh-hans\/wp-json\/wp\/v2\/media?parent=655101"}],"wp:term":[{"taxonomy":"author","embeddable":true,"href":"https:\/\/www.rri.ro\/zh-hans\/wp-json\/wp\/v2\/coauthors?post=655101"}],"curies":[{"name":"wp","href":"https:\/\/api.w.org\/{rel}","templated":true}]}}